{"id":9173,"date":"2023-04-24T21:01:00","date_gmt":"2023-04-24T21:01:00","guid":{"rendered":"https:\/\/primesurf.com\/?page_id=9173"},"modified":"2025-03-31T08:50:49","modified_gmt":"2025-03-31T08:50:49","slug":"quick-facts","status":"publish","type":"page","link":"https:\/\/primesurf.com\/de\/locations\/quick-facts\/","title":{"rendered":"Quick Facts"},"content":{"rendered":"<div class=\"wpb-content-wrapper\"><p>[vc_row row_height_percent=&#8220;100&#8243; override_padding=&#8220;yes&#8220; h_padding=&#8220;2&#8243; top_padding=&#8220;0&#8243; bottom_padding=&#8220;0&#8243; back_image=&#8220;2406&#8243; overlay_color=&#8220;color-343736&#8243; overlay_alpha=&#8220;100&#8243; gutter_size=&#8220;3&#8243; column_width_percent=&#8220;100&#8243; shift_y=&#8220;0&#8243; z_index=&#8220;0&#8243; medium_visibility=&#8220;yes&#8220; mobile_visibility=&#8220;yes&#8220; uncode_shortcode_id=&#8220;242455&#8243; overlay_color_type=&#8220;uncode-palette&#8220;][vc_column column_width_percent=&#8220;100&#8243; position_vertical=&#8220;bottom&#8220; align_horizontal=&#8220;align_center&#8220; gutter_size=&#8220;3&#8243; overlay_alpha=&#8220;50&#8243; shift_x=&#8220;0&#8243; shift_y=&#8220;0&#8243; shift_y_down=&#8220;0&#8243; z_index=&#8220;0&#8243; medium_width=&#8220;0&#8243; mobile_width=&#8220;0&#8243; width=&#8220;1\/1&#8243; uncode_shortcode_id=&#8220;189613&#8243;][vc_row_inner limit_content=&#8220;&#8220;][vc_column_inner column_width_percent=&#8220;100&#8243; position_vertical=&#8220;bottom&#8220; align_horizontal=&#8220;align_center&#8220; gutter_size=&#8220;3&#8243; overlay_alpha=&#8220;50&#8243; shift_x=&#8220;0&#8243; shift_y=&#8220;0&#8243; shift_y_down=&#8220;0&#8243; z_index=&#8220;0&#8243; medium_width=&#8220;0&#8243; align_mobile=&#8220;align_left_mobile&#8220; mobile_width=&#8220;0&#8243; width=&#8220;1\/1&#8243; uncode_shortcode_id=&#8220;183911&#8243;][vc_custom_heading heading_semantic=&#8220;h1&#8243; text_size=&#8220;fontsize-508984&#8243; text_weight=&#8220;800&#8243; uncode_shortcode_id=&#8220;198788&#8243;]Fehmarn[\/vc_custom_heading][\/vc_column_inner][\/vc_row_inner][vc_row_inner limit_content=&#8220;&#8220;][vc_column_inner width=&#8220;1\/1&#8243;][vc_wp_custommenu nav_menu=&#8220;51&#8243; nav_menu_horizontal=&#8220;1&#8243; use_widget_style=&#8220;yes&#8220; widget_collapse=&#8220;yes&#8220; widget_style_no_arrows=&#8220;yes&#8220;][\/vc_column_inner][\/vc_row_inner][vc_row_inner limit_content=&#8220;&#8220;][vc_column_inner column_width_percent=&#8220;100&#8243; position_vertical=&#8220;bottom&#8220; align_horizontal=&#8220;align_center&#8220; gutter_size=&#8220;3&#8243; overlay_alpha=&#8220;50&#8243; shift_x=&#8220;0&#8243; shift_y=&#8220;0&#8243; shift_y_down=&#8220;0&#8243; z_index=&#8220;0&#8243; medium_width=&#8220;0&#8243; mobile_width=&#8220;0&#8243; width=&#8220;1\/1&#8243; uncode_shortcode_id=&#8220;231739&#8243;][vc_icon position=&#8220;bottom&#8220; icon_image=&#8220;2748&#8243; media_size=&#8220;80&#8243; heading_semantic=&#8220;h4&#8243; uncode_shortcode_id=&#8220;100780&#8243; link=&#8220;url:%23info&#8220;][\/vc_icon][\/vc_column_inner][\/vc_row_inner][\/vc_column][\/vc_row][vc_row row_height_percent=&#8220;100&#8243; override_padding=&#8220;yes&#8220; h_padding=&#8220;2&#8243; top_padding=&#8220;0&#8243; bottom_padding=&#8220;0&#8243; back_image=&#8220;7392&#8243; overlay_color=&#8220;color-343736&#8243; overlay_alpha=&#8220;100&#8243; gutter_size=&#8220;3&#8243; column_width_percent=&#8220;100&#8243; shift_y=&#8220;0&#8243; z_index=&#8220;0&#8243; desktop_visibility=&#8220;yes&#8220; medium_visibility=&#8220;yes&#8220; uncode_shortcode_id=&#8220;159015&#8243; overlay_color_type=&#8220;uncode-palette&#8220; row_height_pixel=&#8220;667px&#8220;][vc_column column_width_percent=&#8220;100&#8243; position_vertical=&#8220;bottom&#8220; align_horizontal=&#8220;align_center&#8220; gutter_size=&#8220;3&#8243; overlay_alpha=&#8220;50&#8243; shift_x=&#8220;0&#8243; shift_y=&#8220;0&#8243; shift_y_down=&#8220;0&#8243; z_index=&#8220;0&#8243; medium_width=&#8220;0&#8243; mobile_width=&#8220;0&#8243; width=&#8220;1\/1&#8243; uncode_shortcode_id=&#8220;189613&#8243;][vc_row_inner limit_content=&#8220;&#8220;][vc_column_inner column_width_percent=&#8220;100&#8243; position_vertical=&#8220;bottom&#8220; align_horizontal=&#8220;align_center&#8220; gutter_size=&#8220;3&#8243; overlay_alpha=&#8220;50&#8243; shift_x=&#8220;0&#8243; shift_y=&#8220;0&#8243; shift_y_down=&#8220;0&#8243; z_index=&#8220;0&#8243; medium_width=&#8220;0&#8243; align_mobile=&#8220;align_left_mobile&#8220; mobile_width=&#8220;0&#8243; width=&#8220;1\/1&#8243; uncode_shortcode_id=&#8220;183911&#8243;][vc_custom_heading heading_semantic=&#8220;h1&#8243; text_size=&#8220;fontsize-508984&#8243; text_weight=&#8220;800&#8243; uncode_shortcode_id=&#8220;198788&#8243;]Fehmarn[\/vc_custom_heading][\/vc_column_inner][\/vc_row_inner][vc_row_inner limit_content=&#8220;&#8220;][vc_column_inner width=&#8220;1\/1&#8243;][vc_wp_custommenu nav_menu=&#8220;51&#8243; nav_menu_horizontal=&#8220;1&#8243; use_widget_style=&#8220;yes&#8220; widget_collapse=&#8220;yes&#8220; widget_style_no_arrows=&#8220;yes&#8220;][\/vc_column_inner][\/vc_row_inner][vc_row_inner limit_content=&#8220;&#8220;][vc_column_inner column_width_percent=&#8220;100&#8243; position_vertical=&#8220;bottom&#8220; align_horizontal=&#8220;align_center&#8220; gutter_size=&#8220;3&#8243; overlay_alpha=&#8220;50&#8243; shift_x=&#8220;0&#8243; shift_y=&#8220;0&#8243; shift_y_down=&#8220;0&#8243; z_index=&#8220;0&#8243; medium_width=&#8220;0&#8243; mobile_width=&#8220;0&#8243; width=&#8220;1\/1&#8243; uncode_shortcode_id=&#8220;231739&#8243;][vc_icon position=&#8220;bottom&#8220; icon_image=&#8220;2748&#8243; media_size=&#8220;80&#8243; heading_semantic=&#8220;h4&#8243; uncode_shortcode_id=&#8220;100780&#8243; link=&#8220;url:%23info&#8220;][\/vc_icon][\/vc_column_inner][\/vc_row_inner][\/vc_column][\/vc_row][vc_row row_height_percent=&#8220;100&#8243; override_padding=&#8220;yes&#8220; h_padding=&#8220;2&#8243; top_padding=&#8220;0&#8243; bottom_padding=&#8220;0&#8243; back_image=&#8220;7392&#8243; overlay_color=&#8220;color-343736&#8243; overlay_alpha=&#8220;100&#8243; gutter_size=&#8220;3&#8243; column_width_percent=&#8220;100&#8243; shift_y=&#8220;0&#8243; z_index=&#8220;0&#8243; desktop_visibility=&#8220;yes&#8220; mobile_visibility=&#8220;yes&#8220; uncode_shortcode_id=&#8220;686902&#8243; overlay_color_type=&#8220;uncode-palette&#8220; row_height_pixel=&#8220;1170&#8243;][vc_column column_width_percent=&#8220;100&#8243; position_vertical=&#8220;bottom&#8220; align_horizontal=&#8220;align_center&#8220; gutter_size=&#8220;3&#8243; overlay_alpha=&#8220;50&#8243; shift_x=&#8220;0&#8243; shift_y=&#8220;0&#8243; shift_y_down=&#8220;0&#8243; z_index=&#8220;0&#8243; medium_width=&#8220;0&#8243; mobile_width=&#8220;0&#8243; width=&#8220;1\/1&#8243; uncode_shortcode_id=&#8220;189613&#8243;][vc_row_inner limit_content=&#8220;&#8220;][vc_column_inner column_width_percent=&#8220;100&#8243; position_vertical=&#8220;bottom&#8220; align_horizontal=&#8220;align_center&#8220; gutter_size=&#8220;3&#8243; overlay_alpha=&#8220;50&#8243; shift_x=&#8220;0&#8243; shift_y=&#8220;0&#8243; shift_y_down=&#8220;0&#8243; z_index=&#8220;0&#8243; medium_width=&#8220;0&#8243; align_mobile=&#8220;align_left_mobile&#8220; mobile_width=&#8220;0&#8243; width=&#8220;1\/1&#8243; uncode_shortcode_id=&#8220;183911&#8243;][vc_custom_heading heading_semantic=&#8220;h1&#8243; text_size=&#8220;fontsize-508984&#8243; text_weight=&#8220;800&#8243; uncode_shortcode_id=&#8220;198788&#8243;]Fehmarn[\/vc_custom_heading][\/vc_column_inner][\/vc_row_inner][vc_row_inner limit_content=&#8220;&#8220;][vc_column_inner width=&#8220;1\/1&#8243;][vc_wp_custommenu nav_menu=&#8220;51&#8243; nav_menu_horizontal=&#8220;1&#8243; use_widget_style=&#8220;yes&#8220; widget_collapse=&#8220;yes&#8220; widget_style_no_arrows=&#8220;yes&#8220;][\/vc_column_inner][\/vc_row_inner][vc_row_inner limit_content=&#8220;&#8220;][vc_column_inner column_width_percent=&#8220;100&#8243; position_vertical=&#8220;bottom&#8220; align_horizontal=&#8220;align_center&#8220; gutter_size=&#8220;3&#8243; overlay_alpha=&#8220;50&#8243; shift_x=&#8220;0&#8243; shift_y=&#8220;0&#8243; shift_y_down=&#8220;0&#8243; z_index=&#8220;0&#8243; medium_width=&#8220;0&#8243; mobile_width=&#8220;0&#8243; width=&#8220;1\/1&#8243; uncode_shortcode_id=&#8220;231739&#8243;][vc_icon position=&#8220;bottom&#8220; icon_image=&#8220;2748&#8243; media_size=&#8220;80&#8243; heading_semantic=&#8220;h4&#8243; uncode_shortcode_id=&#8220;100780&#8243; link=&#8220;url:%23info&#8220;][\/vc_icon][\/vc_column_inner][\/vc_row_inner][\/vc_column][\/vc_row][vc_row row_height_percent=&#8220;0&#8243; override_padding=&#8220;yes&#8220; h_padding=&#8220;2&#8243; top_padding=&#8220;2&#8243; bottom_padding=&#8220;3&#8243; overlay_alpha=&#8220;50&#8243; gutter_size=&#8220;3&#8243; column_width_percent=&#8220;100&#8243; shift_y=&#8220;0&#8243; z_index=&#8220;0&#8243; bottom_divider=&#8220;hills-opacity&#8220; uncode_shortcode_id=&#8220;407834&#8243; row_name=&#8220;info&#8220;][vc_column width=&#8220;1\/1&#8243;][vc_custom_heading uncode_shortcode_id=&#8220;205547&#8243;]Herzlich Willkommen im Primesurf Kitehouse auf Fehmarn![\/vc_custom_heading][vc_column_text text_lead=&#8220;yes&#8220; css_animation=&#8220;bottom-t-top&#8220; uncode_shortcode_id=&#8220;385297&#8243;]Wir hoffen, du hattest eine gute Anreise, hast das Haus bereits jetzt in\u2018s Herz geschlossen und f\u00fchlst dich wie Zuhause.<br \/>\nDamit du nicht nur eine unvergessliche Zeit beim Kiten sondern auch davor und danach hast, haben wir hier einen kleinen Leitfaden mit Informationen und Tipps zusammengefasst.<\/p>\n<p>Wenn dir noch etwas auf dem Herzen liegt, du etwas brauchst oder der Schuh irgendwo dr\u00fcckt, dann komm gerne direkt auf uns zu![\/vc_column_text][vc_separator sep_color=&#8220;&#8220; uncode_shortcode_id=&#8220;125453&#8243;][vc_column_text text_lead=&#8220;yes&#8220; css_animation=&#8220;bottom-t-top&#8220; uncode_shortcode_id=&#8220;156323&#8243;]<strong>WLAN: Primesurf Fehmarn<br \/>\n<\/strong><span style=\"font-family: -apple-system, BlinkMacSystemFont, 'Segoe UI', Roboto, Oxygen-Sans, Ubuntu, Cantarell, 'Helvetica Neue', sans-serif;\">Passwort: endlesssummer21<\/span>[\/vc_column_text][vc_separator sep_color=&#8220;&#8220; uncode_shortcode_id=&#8220;125453&#8243;][vc_column_text uncode_shortcode_id=&#8220;169821&#8243;]<\/p>\n<h2><strong>Unsere Hausordnung<\/strong><\/h2>\n<p>\u2713 Bitte ziehe deinen Neoprenanzug aus, bevor du ins Haus kommst<\/p>\n<p>\u2713 Im Haus ist das Rauchen untersagt. Drau\u00dfen im Garten steht ein kleines D\u00f6schen in dem du Asche und Kippe entsorgen kannst<\/p>\n<p>\u2713 Bitte halte die Gemeinschaftsr\u00e4ume sauber, um allen eine sch\u00f6ne Zeit zu erm\u00f6glichen<\/p>\n<p>\u2713 Bitte schlie\u00dfe T\u00fcren und Fenster wenn du das Haus verl\u00e4sst<\/p>\n<p>\u2713 F\u00fchl dich wie Zuhause und genie\u00dfe deine Zeit hier in vollen Z\u00fcgen[\/vc_column_text][vc_separator sep_color=&#8220;&#8220; uncode_shortcode_id=&#8220;125453&#8243;][vc_column_text uncode_shortcode_id=&#8220;166839&#8243;]<\/p>\n<h2><strong>Einkaufen<\/strong><strong>\u00a0<\/strong><\/h2>\n<p><strong>Petersdorf<\/strong>: 5 Minuten mit dem Auto entfernt. Hier findest du Aldi, Edeka und einen Bankautomaten.<\/p>\n<p><strong>Burg<\/strong>: Wenn du mehr Auswahl brauchst oder eine kleine Shopping Runde drehen willst. Lidl, Rewe, Apotheke, Windsport, etc.[\/vc_column_text][vc_separator sep_color=&#8220;&#8220; uncode_shortcode_id=&#8220;125453&#8243;][vc_column_text uncode_shortcode_id=&#8220;162948&#8243;]<\/p>\n<h2><strong>Unser Materialverleih<\/strong><\/h2>\n<p>Rentalpreise findest du auf unserer Website:[\/vc_column_text][vc_button border_width=&#8220;0&#8243; link=&#8220;url:https%3A%2F%2Fprimesurf.com%2Fde%2Flocations%2Ffehmarn%2Fverleih%2F|title:Verleih|target:_blank&#8220; uncode_shortcode_id=&#8220;945520&#8243;]Verleih[\/vc_button][vc_column_text uncode_shortcode_id=&#8220;711968&#8243;]Die Preise f\u00fcr das Leihen des Materials beziehen sich auf einen Tag.<br \/>\nEine VDWS Lizenz mit Level 5 sowie das\u00a0<a href=\"http:\/\/www.vdws.de\/16029\" target=\"_blank\" rel=\"noopener\">VDWS Safety Tool<\/a>\u00a0sind Pflicht.<\/p>\n<p>Bitte gehe sorgsam mit dem Material um![\/vc_column_text][vc_separator sep_color=&#8220;&#8220; uncode_shortcode_id=&#8220;125453&#8243;][vc_column_text uncode_shortcode_id=&#8220;119744&#8243;]<\/p>\n<h2><strong>Unsere Lieblingsspots<\/strong><\/h2>\n<h3><strong>Lemkenhafen:<\/strong><\/h3>\n<p>\u2713 Weitl\u00e4ufiges Stehrevier<br \/>\n<span style=\"font-family: -apple-system, BlinkMacSystemFont, 'Segoe UI', Roboto, Oxygen-Sans, Ubuntu, Cantarell, 'Helvetica Neue', sans-serif;\">\u2713 Perfekt zum Erlernen und \u00dcben f\u00fcr jedes Level<br \/>\n<\/span><span style=\"font-family: -apple-system, BlinkMacSystemFont, 'Segoe UI', Roboto, Oxygen-Sans, Ubuntu, Cantarell, 'Helvetica Neue', sans-serif;\">\u2713 Kitebar bei Windrichtungen zwischen O bis WNW (im Uhrzeigersinn)<\/span><\/p>\n<h3><strong>Gollendorf:<\/strong><\/h3>\n<p>\u2713 Unser Nachbardorf<br \/>\n\u2713 Stehtiefe Bucht und Primesurf Cafe\/Bistro &amp; Kitecenter direkt am Spot<br \/>\n\u2713 <span style=\"font-family: -apple-system, BlinkMacSystemFont, 'Segoe UI', Roboto, Oxygen-Sans, Ubuntu, Cantarell, 'Helvetica Neue', sans-serif;\">Kitebar bei Windrichtungen zwischen O bis WNW (im Uhrzeigersinn)<\/span><\/p>\n<h3><strong>Orth:<\/strong><\/h3>\n<p>\u2713 Zwei Stehtiefe Buchten im Westen und Osten des Hafendorfs<br \/>\n\u2713 <span style=\"font-family: -apple-system, BlinkMacSystemFont, 'Segoe UI', Roboto, Oxygen-Sans, Ubuntu, Cantarell, 'Helvetica Neue', sans-serif;\">Nur f\u00fcr sehr erfahrene Kiter!<br \/>\n\u2713 <\/span><span style=\"font-family: -apple-system, BlinkMacSystemFont, 'Segoe UI', Roboto, Oxygen-Sans, Ubuntu, Cantarell, 'Helvetica Neue', sans-serif;\">Kitebar bei Windrichtungen O \/ OSO und W \/ WNW<\/span><\/p>\n<h3><strong>Westermarkelsdorf:<\/strong><\/h3>\n<p>\u2713 Welle, tiefes Wasser<br \/>\n\u2713 <span style=\"font-family: -apple-system, BlinkMacSystemFont, 'Segoe UI', Roboto, Oxygen-Sans, Ubuntu, Cantarell, 'Helvetica Neue', sans-serif;\">Der sch\u00f6nste Sonnenuntergang auf der Insel<br \/>\n\u2713 <\/span><span style=\"font-family: -apple-system, BlinkMacSystemFont, 'Segoe UI', Roboto, Oxygen-Sans, Ubuntu, Cantarell, 'Helvetica Neue', sans-serif;\">Kitebar bei Windrichtungen zwischen SW bis N (im Uhrzeigersinn)<\/span><\/p>\n<h3><strong>Altenteil:<\/strong><\/h3>\n<p>\u2713 Tiefes Wasser<br \/>\n\u2713 Bei der richtigen Windrichtung die beste Welle Fehmarns<br \/>\n\u2713 <span style=\"font-family: -apple-system, BlinkMacSystemFont, 'Segoe UI', Roboto, Oxygen-Sans, Ubuntu, Cantarell, 'Helvetica Neue', sans-serif;\">Kitebar bei Windrichtungen WNW \/ NW<\/span><\/p>\n<h3><strong>Gr\u00fcner Brink:<\/strong><\/h3>\n<p>\u2713 Stehbereich, Welle und spiegelglattes Wasser \u2013 f\u00fcr jeden was dabei!<br \/>\n\u2713 <span style=\"font-family: -apple-system, BlinkMacSystemFont, 'Segoe UI', Roboto, Oxygen-Sans, Ubuntu, Cantarell, 'Helvetica Neue', sans-serif;\">Kitebar bei Windrichtungen zwischen NW bis O (im Uhrzeigersinn)<\/span><\/p>\n<h3><strong>Strukkamp:<\/strong><\/h3>\n<p>\u2713 Der Spot am Campingplatz Strukkamp Huk<br \/>\n\u2713 <span style=\"font-family: -apple-system, BlinkMacSystemFont, 'Segoe UI', Roboto, Oxygen-Sans, Ubuntu, Cantarell, 'Helvetica Neue', sans-serif;\">Sch\u00f6ne Strandbar!<br \/>\n<\/span><span style=\"font-family: -apple-system, BlinkMacSystemFont, 'Segoe UI', Roboto, Oxygen-Sans, Ubuntu, Cantarell, 'Helvetica Neue', sans-serif;\">\u2713 <\/span><span style=\"font-family: -apple-system, BlinkMacSystemFont, 'Segoe UI', Roboto, Oxygen-Sans, Ubuntu, Cantarell, 'Helvetica Neue', sans-serif;\">Kitebar bei Windrichtungen OSO \/ SO und SW \/ W<\/span><\/p>\n<h3><strong>Gold:<\/strong><\/h3>\n<p>\u2713 Gro\u00dfer Stehbereich, sehr beliebt bei Anf\u00e4ngern und Aufsteigern<br \/>\n\u2713 <span style=\"font-family: -apple-system, BlinkMacSystemFont, 'Segoe UI', Roboto, Oxygen-Sans, Ubuntu, Cantarell, 'Helvetica Neue', sans-serif;\">Kitebar bei Windrichtungen zwischen SSW bis N \/ WNW (im Uhrzeigersinn)<\/span>[\/vc_column_text][vc_separator sep_color=&#8220;&#8220; uncode_shortcode_id=&#8220;125453&#8243;][vc_column_text uncode_shortcode_id=&#8220;196706&#8243;]<\/p>\n<h2><strong>Und wenn mal kein Wind ist?<\/strong><\/h2>\n<p>Dann gibt es so einiges auf der Insel zu entdecken! Hier ein paar Ideen:<\/p>\n<h4><strong>Wakepark Fehmarn<\/strong><\/h4>\n<p>Wakeboarden, Wasserski oder einfach nur Zuschauen und leckere Pommes genie\u00dfen. Der Wakepark auf Fehmarn eignet sich perfekt, um neue Tricks zu \u00fcben oder Sicherheit auf dem Board zu bekommen.<\/p>\n<p>&nbsp;<\/p>\n<h4><strong>SUP Tour \/ Stand Up Paddle!<\/strong><\/h4>\n<p>Auf Fehmarn gibt es viele sch\u00f6ne Ecken, die man vom Wasser aus erreichen und erkunden kann. Eine Runde auf dem SUP st\u00e4rkt zudem das Gleichgewicht und macht dich fit f\u00fcr die n\u00e4chste Session am Kite. Sprich uns gerne an, falls du eine SUP Tour planst.<\/p>\n<p>&nbsp;<\/p>\n<h4><strong>Fahrradtouren<\/strong><\/h4>\n<p>Fahrr\u00e4der kannst du direkt bei uns mieten.<br \/>\nEinfach mal die Landschaft genie\u00dfen, durch die gelben Rapsfelder oder entlang des Deiches radeln. Braune Schultern bekommen und einen leckeren Kaffee in einem der zahlreichen kleinen Caf\u00e9s wie z.B dem Ellis in Gollendorf trinken. Fehmarn bietet viele sch\u00f6ne Wege, die mit dem Rad erreichbar sind!<br \/>\nMiete: 15\u20ac\/Tag<\/p>\n<p>&nbsp;<\/p>\n<h4><strong>Weitere sportliche Aktivit\u00e4ten<\/strong><\/h4>\n<p>Auf Fehmarn gibt es einen ausgezeichneten Golfplatz f\u00fcr alle Golfliebhaber.<br \/>\nAm Yachthafen in Burgstaaken kannst du deine K\u00fcnste an einer riesigen Kletterwand mitten an den gro\u00dfen Getreidesilos unter Beweis stellen.<\/p>\n<p>&nbsp;<\/p>\n<h4><strong>Fehmarn entdecken<\/strong><\/h4>\n<p>Fehmarn bietet tolle Fleckchen zum Entspannen und um sich die Meeresluft um den Kopf wehen zu lassen! Viele sch\u00f6ne Str\u00e4nde, Steilk\u00fcsten und Natur Pur findest du auf jeden Fall.<\/p>\n<p>&nbsp;<\/p>\n<h4><strong>Und wenn\u2019s regnet?<\/strong><\/h4>\n<p>Dann gibt es auch eine Vielzahl an Indoor-Aktivit\u00e4ten.<br \/>\nVon Minigolf \u00fcber Wissenswelten und eine Bustour oder einen Besuch im U-Boot!<\/p>\n<p>Wir haben immer einen Tipp f\u00fcr dich parat![\/vc_column_text][vc_separator sep_color=&#8220;&#8220; uncode_shortcode_id=&#8220;125453&#8243;][vc_column_text uncode_shortcode_id=&#8220;143185&#8243;]<\/p>\n<h2><strong>Check Out<\/strong><\/h2>\n<p>Alles Sch\u00f6ne hat ein Ende. So auch dein Aufenthalt in unserem Kitehouse.<\/p>\n<p>Damit wir auch f\u00fcr die n\u00e4chsten G\u00e4ste alles vorbereiten k\u00f6nnen, verlasse an deinem Abreisetag bitte <strong>bis 10 Uhr<\/strong> dein Zimmer.<\/p>\n<p>Wir freuen uns, dich bald wieder im Primesurf Kitehouse begr\u00fc\u00dfen zu d\u00fcrfen!<\/p>\n<p><strong>\u00a0<\/strong><strong>\u00a0<\/strong><\/p>\n<h3><strong>Dein Primesurf Kitehouse Fehmarn Team! <\/strong><strong>\u00a0<\/strong><\/h3>\n<p>[\/vc_column_text][vc_separator sep_color=&#8220;&#8220; uncode_shortcode_id=&#8220;125453&#8243;][vc_column_text uncode_shortcode_id=&#8220;168929&#8243;]<strong>N<\/strong><strong>och weitere Fragen? Ruf uns an oder schreib eine E-Mail!<\/strong><\/p>\n<p>+49 152 31382705<\/p>\n<p>Fehmarn@primesurf.com[\/vc_column_text][\/vc_column][\/vc_row][vc_row][vc_column width=&#8220;1\/1&#8243;][vc_tabs vertical=&#8220;yes&#8220;][vc_tab gutter_size=&#8220;2&#8243; column_padding=&#8220;2&#8243; title=&#8220;Forecast&#8220; tab_id=&#8220;1675674682-2-22167665118325716823680905571682369815489&#8243;][vc_column_text uncode_shortcode_id=&#8220;452278&#8243;] <div class=\"brlbs-cmpnt-container brlbs-cmpnt-content-blocker brlbs-cmpnt-with-individual-styles\" data-borlabs-cookie-content-blocker-id=\"windy\" data-borlabs-cookie-content=\"PC9wPgo8ZGl2IGRhdGEtd2luZHl3aWRnZXQ9ImZvcmVjYXN0IiBkYXRhLXNwb3RpZD0iMjkzMDg3IiBkYXRhLWFwcGlkPSIxZWU5M2M2ZDU1NDJjNzY5NjlkOWM2ODhjZjc4NWNmNiI+PC9kaXY+CjxwPjxzY3JpcHQgYXN5bmM9InRydWUiIGRhdGEtY2Zhc3luYz0iZmFsc2UiIHR5cGU9InRleHQvamF2YXNjcmlwdCIgc3JjPSJodHRwczovL3dpbmR5LmFwcC93aWRnZXQvd2luZHlfZm9yZWNhc3RfYXN5bmMuanMiPjwvc2NyaXB0PjxiciAvPgo=\"><div class=\"brlbs-cmpnt-cb-preset-a\"> <p class=\"brlbs-cmpnt-cb-description\">You are currently viewing a placeholder content from Windy. To access the actual content, click the button below. Please note that doing so will share data with third-party providers.<\/p> <div class=\"brlbs-cmpnt-cb-buttons\"> <a class=\"brlbs-cmpnt-cb-btn\" href=\"#\" data-borlabs-cookie-unblock role=\"button\">Unblock content<\/a> <a class=\"brlbs-cmpnt-cb-btn\" href=\"#\" data-borlabs-cookie-accept-service role=\"button\" style=\"display: inherit\">Accept required service and unblock content<\/a> <\/div> <a class=\"brlbs-cmpnt-cb-provider-toggle\" href=\"#\" data-borlabs-cookie-show-provider-information role=\"button\">More Information<\/a> <\/div><\/div>[\/vc_column_text][\/vc_tab][vc_tab gutter_size=&#8220;2&#8243; column_padding=&#8220;2&#8243; title=&#8220;Wind Statistics&#8220; tab_id=&#8220;1675674875605-2-6167665118325716823680905571682369815489&#8243;][vc_column_text uncode_shortcode_id=&#8220;450307&#8243;] <div class=\"brlbs-cmpnt-container brlbs-cmpnt-content-blocker brlbs-cmpnt-with-individual-styles\" data-borlabs-cookie-content-blocker-id=\"windy\" data-borlabs-cookie-content=\"PC9wPgo8ZGl2IGRhdGEtd2luZHl3aWRnZXQ9InN0YXRzIiBkYXRhLXJlc3BvbnNpdmU9InRydWUiIGRhdGEtaG9yaXpvbnRhbD0idHJ1ZSIgZGF0YS1zcG90aWQ9IjI5MzA4NyIgZGF0YS1hcHBpZD0iMGRlOThmYzcyYmJiZWE0OTA0NjczZTI0YzFhNjYxODAiPjwvZGl2Pgo8cD48c2NyaXB0IGFzeW5jPSJ0cnVlIiBkYXRhLWNmYXN5bmM9ImZhbHNlIiB0eXBlPSJ0ZXh0L2phdmFzY3JpcHQiIHNyYz0iaHR0cHM6Ly93aW5keS5hcHAvd2lkZ2V0Mi93aW5keV9zdGF0c19hc3luYy5qcyI+PC9zY3JpcHQ+PGJyIC8+Cg==\"><div class=\"brlbs-cmpnt-cb-preset-a\"> <p class=\"brlbs-cmpnt-cb-description\">You are currently viewing a placeholder content from Windy. To access the actual content, click the button below. Please note that doing so will share data with third-party providers.<\/p> <div class=\"brlbs-cmpnt-cb-buttons\"> <a class=\"brlbs-cmpnt-cb-btn\" href=\"#\" data-borlabs-cookie-unblock role=\"button\">Unblock content<\/a> <a class=\"brlbs-cmpnt-cb-btn\" href=\"#\" data-borlabs-cookie-accept-service role=\"button\" style=\"display: inherit\">Accept required service and unblock content<\/a> <\/div> <a class=\"brlbs-cmpnt-cb-provider-toggle\" href=\"#\" data-borlabs-cookie-show-provider-information role=\"button\">More Information<\/a> <\/div><\/div>[\/vc_column_text][\/vc_tab][\/vc_tabs][\/vc_column][\/vc_row][vc_row][vc_column width=&#8220;1\/1&#8243;][uncode_block id=&#8220;5304&#8243;][\/vc_column][\/vc_row]<\/p>\n<\/div>","protected":false},"excerpt":{"rendered":"<p>[vc_row row_height_percent=&#8220;100&#8243; override_padding=&#8220;yes&#8220; h_padding=&#8220;2&#8243; top_padding=&#8220;0&#8243; bottom_padding=&#8220;0&#8243; back_image=&#8220;2406&#8243; overlay_color=&#8220;color-343736&#8243; overlay_alpha=&#8220;100&#8243; gutter_size=&#8220;3&#8243; column_width_percent=&#8220;100&#8243; shift_y=&#8220;0&#8243; z_index=&#8220;0&#8243; medium_visibility=&#8220;yes&#8220; mobile_visibility=&#8220;yes&#8220; uncode_shortcode_id=&#8220;242455&#8243; overlay_color_type=&#8220;uncode-palette&#8220;][vc_column column_width_percent=&#8220;100&#8243; position_vertical=&#8220;bottom&#8220; align_horizontal=&#8220;align_center&#8220; [&hellip;]<\/p>\n","protected":false},"author":5,"featured_media":6036,"parent":6476,"menu_order":0,"comment_status":"closed","ping_status":"closed","template":"","meta":{"footnotes":""},"class_list":["post-9173","page","type-page","status-publish","has-post-thumbnail","hentry"],"_links":{"self":[{"href":"https:\/\/primesurf.com\/de\/wp-json\/wp\/v2\/pages\/9173","targetHints":{"allow":["GET"]}}],"collection":[{"href":"https:\/\/primesurf.com\/de\/wp-json\/wp\/v2\/pages"}],"about":[{"href":"https:\/\/primesurf.com\/de\/wp-json\/wp\/v2\/types\/page"}],"author":[{"embeddable":true,"href":"https:\/\/primesurf.com\/de\/wp-json\/wp\/v2\/users\/5"}],"replies":[{"embeddable":true,"href":"https:\/\/primesurf.com\/de\/wp-json\/wp\/v2\/comments?post=9173"}],"version-history":[{"count":7,"href":"https:\/\/primesurf.com\/de\/wp-json\/wp\/v2\/pages\/9173\/revisions"}],"predecessor-version":[{"id":13951,"href":"https:\/\/primesurf.com\/de\/wp-json\/wp\/v2\/pages\/9173\/revisions\/13951"}],"up":[{"embeddable":true,"href":"https:\/\/primesurf.com\/de\/wp-json\/wp\/v2\/pages\/6476"}],"wp:featuredmedia":[{"embeddable":true,"href":"https:\/\/primesurf.com\/de\/wp-json\/wp\/v2\/media\/6036"}],"wp:attachment":[{"href":"https:\/\/primesurf.com\/de\/wp-json\/wp\/v2\/media?parent=9173"}],"curies":[{"name":"wp","href":"https:\/\/api.w.org\/{rel}","templated":true}]}}