{"id":7727,"date":"2022-11-22T17:10:14","date_gmt":"2022-11-22T17:10:14","guid":{"rendered":"https:\/\/primesurf.com\/datenschutz\/"},"modified":"2026-03-05T17:05:45","modified_gmt":"2026-03-05T17:05:45","slug":"datenschutz","status":"publish","type":"page","link":"https:\/\/primesurf.com\/de\/datenschutz\/","title":{"rendered":"Datenschutz"},"content":{"rendered":"<div class=\"wpb-content-wrapper\"><p>[vc_row][vc_column width=&#8220;1\/1&#8243;][vc_custom_heading heading_semantic=&#8220;h1&#8243; text_size=&#8220;fontsize-822782&#8243; uncode_shortcode_id=&#8220;132708&#8243;]Datenschutz[\/vc_custom_heading][\/vc_column][\/vc_row][vc_row][vc_column width=&#8220;3\/4&#8243;][vc_column_text uncode_shortcode_id=&#8220;935099&#8243;]Inhalt<\/p>\n<p><a href=\"#_Toc129273994\">Einleitung<\/a><\/p>\n<p><a href=\"#_Toc129273995\">Datenerfassung auf dieser Webseite<\/a><\/p>\n<p><a href=\"#_Toc129273996\">Technisch notwendige Datenverarbeitung<\/a><\/p>\n<p><a href=\"#_Toc129273997\">Datenverarbeitung nach Einwilligung<\/a><\/p>\n<p><a href=\"#_Toc129273998\">Google Analytics <\/a><\/p>\n<p><a href=\"#_Toc129273999\">Meta Pixel <\/a><\/p>\n<p><a href=\"#_Toc129274000\">Externe Aufrufe<\/a><\/p>\n<p><a href=\"#_Toc129274001\">Berechtigtes Interesse<\/a><\/p>\n<p><a href=\"#_Toc129274002\">Kommunikation<\/a><\/p>\n<p><a href=\"#_Toc129274003\">Buchungsanfragen<\/a><\/p>\n<p><a href=\"#_Toc129274004\">Vertragliche Datenverarbeitung oder vorvertragliche Datenverarbeitung<\/a><\/p>\n<p><a href=\"#_Toc129274005\">Eure Rechte \u2013 diesmal ausf\u00fchrlich<\/a><\/p>\n<p><a href=\"#_Toc129274006\">Auskunft, L\u00f6schung und Berichtigung<\/a><\/p>\n<p><a href=\"#_Toc129274007\">Widerruf Eurer Einwilligung zur Datenverarbeitung<\/a><\/p>\n<p><a href=\"#_Toc129274008\">Widerspruchsrecht gegen die Datenverarbeitung<\/a><\/p>\n<p><a href=\"#_Toc129274009\">Recht auf Einschr\u00e4nkung der Verarbeitung<\/a><\/p>\n<p><a href=\"#_Toc129274010\">Beschwerderecht bei der zust\u00e4ndigen Aufsichtsbeh\u00f6rde<\/a><\/p>\n<p><a href=\"#_Toc129274011\">\u00c4nderung unserer Datenschutzbestimmungen<\/a><\/p>\n<p>&nbsp;<\/p>\n<p>&nbsp;<\/p>\n<h3><a name=\"_Toc129273994\"><\/a>Einleitung<\/h3>\n<p>Ja, auch wir haben den Fokus auf Sonne, Strand und Surfen. Dar\u00fcber hinaus sorgen wir aber auch f\u00fcr den Schutz und die Sicherheit eurer Daten. An dieser Stelle wollen wir euch \u00fcber all dies informieren. Nicht nur, damit ihr wisst, was mit euren Daten passiert, sondern auch, damit ihr wisst welche Rechte ihr habt. Und um an den Stellen wo das rechtlich vorgeschrieben ist, umfassend informiert eure Einwilligung zu geben.<\/p>\n<p>Fangen wir mit den Grundlagen an. Personenbezogene Daten sind alle Daten, die mit eurer Person zu tun haben, z.B. euer Name, euer Alter, eure E-Mail-Adresse. Aber unter anderem auch eure IP-Adresse, denn diese l\u00e4sst auf eure Person zur\u00fcckschlie\u00dfen. Neben diesen so genannten \u201ePersonenstammdaten\u201c erfassen wir beispielsweise Daten zu euren Buchungen oder Bestellungen in unserem Shop, die f\u00fcr die korrekte Leistungserbringung notwendig sind, Daten zur Erf\u00fcllung unserer rechtlichen Verpflichtungen wie eure Einwilligung in den Erhalt unseres Primesurf Newsletters oder sonstige Werbedaten und Informationen \u00fcber die Nutzung unserer angebotenen Telemedien wie den Aufruf unserer Webseite oder die Nutzung von Kommunikationsmedien zu Abstimmungszwecken.<\/p>\n<p>Wir speichern und verarbeiten ausschlie\u00dflich Daten, die wir im Rahmen unserer Gesch\u00e4ftsbeziehung von euch erhalten haben oder die uns von Dritten zul\u00e4ssigerweise \u00fcbermittelt wurden.<\/p>\n<p>Die Verarbeitung dieser Daten bedarf immer einer gesetzlichen Grundlage und eines definierten Zwecks. Ohne diese d\u00fcrfen wir die Daten nicht verarbeiten. Dies hei\u00dft auch: wenn der Zweck, weshalb wir die Daten verarbeitet haben, nicht mehr existiert, m\u00fcssen wir die Daten l\u00f6schen.<\/p>\n<p>Kurz und knapp: wir sind verantwortlich f\u00fcr eure Daten. Bevor wir sie verarbeiten, haben wir uns Gedanken um den Zweck, die Rechtsgrundlage und die Sicherheit gemacht. \u201eWir\u201c hei\u00dft konkret:<\/p>\n<p>Primesurf GmbH<\/p>\n<p>Kanonenberg 20<\/p>\n<p>21423 Winsen (Luhe)<\/p>\n<p>Wenn ihr Fragen dazu habt, schickt uns gerne eine E-Mail an <a href=\"mailto:info@primesurf.com\">info[at]primesurf.com<\/a>. Oder sprecht uns einfach an.<\/p>\n<p>Als betroffene Person habt ihr dar\u00fcber hinaus verschiedene Rechte, die ihr uns gegen\u00fcber geltend machen k\u00f6nnt. Dazu geh\u00f6rt insbesondere das Recht auf Auskunft. Wenn ihr wissen wollt, welche Daten wir \u00fcber euch speichern und zu welchem Zweck wir diese verarbeiten, meldet euch bei uns, und wir werden, wie vorgeschrieben darauf Auskunft geben. Wenn ihr feststellt, dass wir falsche Daten speichern, sei es, dass wir etwas versehentlich falsch erfasst haben oder sich eure Adresse in der Zwischenzeit ge\u00e4ndert hat oder \u00e4hnliches, dann sind wir verpflichtet, dies zu korrigieren. \u00c4hnliches gilt f\u00fcr die L\u00f6schung von Daten: wenn ihr feststellt, dass wir noch Daten verarbeiten, die wir gar nicht mehr verarbeiten d\u00fcrften, weil z.B. der Zweck nicht mehr existiert, sagt uns Bescheid. Wir werden die Verarbeitung dann umgehend einstellen, bzw. diese Daten l\u00f6schen. Alles weiter erkl\u00e4ren wir euch weiter unten noch einmal im Detail.<\/p>\n<h3><a name=\"_Toc129273995\"><\/a>Datenerfassung auf dieser Webseite<\/h3>\n<p>Wir erfassen verschiedene Daten auf unserer Webseite. Im Folgenden m\u00f6chten wir euch dar\u00fcber aufkl\u00e4ren.<\/p>\n<h3><a name=\"_Toc129273996\"><\/a>Technisch notwendige Datenverarbeitung<\/h3>\n<p>Alleine mit dem Aufruf dieser Webseite erfassen wir bereits Daten. Dies sind z.B. welchen Browser ihr verwendet, welches Betriebssystem und von welcher IP-Adresse ihr zugreift. Dies ist eine technische Notwendigkeit. Ohne IP-Adressen w\u00fcrde das Internet nicht funktionieren. Das ist die erste Kategorie von Daten: alles, was mit der Technik des Website-Aufrufs zusammenh\u00e4ngt und daf\u00fcr erforderlich ist. Dazu geh\u00f6ren auch diejenigen Cookies, die f\u00fcr den Betrieb unserer Webseite notwendig sind. Cookies sind kleine Textdateien, die auf eurem Ger\u00e4t gespeichert werden, und Informationen enthalten. Wir werden Ihnen noch h\u00e4ufiger begegnen.<\/p>\n<p>Unsere Webseite wird von <em>WPSpace.de<\/em>\u00a0betrieben. Das hei\u00dft unsere Webseite liegt auf einem Server in deren Hoheit. Jeder Aufruf der Seite durch euch wird in einem Protokoll dort gespeichert. Dies dient der Sicherheit und liegt als solches nat\u00fcrlich in unserem Interesse. Schlie\u00dflich wollen wir euch eine m\u00f6glichst sichere, stabile und performante Webseite bieten. Host Europe speichert dabei die folgenden Informationen:<\/p>\n<ul>\n<li>eure IP-Adresse<\/li>\n<li>Datum und Uhrzeit des Zugriffs<\/li>\n<li>Name und URL der abgerufenen Datei<\/li>\n<li>die Tatsache, dass ihr von unserer Webseite kommt<\/li>\n<li>den verwendeten Browser und ggf. das Betriebssystem eures Rechners, sowie der Name eures Access-Providers<\/li>\n<\/ul>\n<p>Aus dem gleichen Zweck und Rechtsgrundlage setzen wir auch <em>Cloudflare Stream und CDN<\/em> ein. Cloudflare bietet die M\u00f6glichkeit Videos zu speichern und zu streamen. Und auch andere Dateien abzulegen. Da die Daten aber nicht direkt bei uns (also bei Host Europe) auf dem Server liegen, kommt es dabei zu einem Aufruf des Servers von Cloudflare. Also bekommt auch dieser eure IP-Adresse und die anderen o.g. Informationen, die auch bei einem Aufruf auf unserem Server anfallen.<\/p>\n<p>Hier werden also Daten an andere Unternehmen \u00fcbertragen. Zus\u00e4tzlich m\u00fcssen wir Daten (in Form von Cookies) auf eurem Endger\u00e4t speichern, damit unsere Webseite korrekt funktioniert. Diese sind im Consent-Banner unter \u201eEssenziell\u201c aufgef\u00fchrt. Darunter f\u00e4llt z.B. die Sprache, die ihr ausgew\u00e4hlt habt, oder welche Auswahl ihr im Consent-Banner vorgenommen habt.<\/p>\n<h3><a name=\"_Toc129273997\"><\/a>Datenverarbeitung nach Einwilligung<\/h3>\n<p>Und das bringt uns zum Consent-Banner. Denn neben den technisch notwendigen Cookies und externen Aufrufen, gibt es auch noch Dienste, f\u00fcr deren Verwendung wir eure Einwilligung ben\u00f6tigen.<\/p>\n<p>Warum wir die Einwilligung ben\u00f6tigen? Das kann zwei Gr\u00fcnde haben. Zum einen d\u00fcrfen wir sonst nicht auf Daten auf eurem Ger\u00e4t zugreifen, wenn es um Funktionalit\u00e4ten geht, die f\u00fcr euch (als Besucher der Seite) nicht notwendig sind. Darunter f\u00e4llt z.B. das Speichern von Cookies zu Marketing-Zwecken. Zum anderen d\u00fcrfen wir ohne eure Einwilligung keine externen Dienste aufrufen, die von der EU im Sinne des Datenschutzes als nicht sicher eingestuft werden. Z.B. bei der Einbettung von Google Maps oder dem Abruf von Google Web Fonts, da die USA derzeit als unsicheres Drittland f\u00fcr Datensicherheit gelten.<\/p>\n<p>Wie ihr unserem Consent-Banner entnehmen k\u00f6nnt, geht es dabei haupts\u00e4chlich um drei Themengebiete:<\/p>\n<ul>\n<li>Website-Analyse (aka Google Analytics)<\/li>\n<li>Marketing (aka Meta Pixel)<\/li>\n<li>Externe Aufrufe<\/li>\n<\/ul>\n<h3><a name=\"_Toc129273998\"><\/a>Google Analytics<\/h3>\n<p>Wir benutzen Google Analytics 4, einen Webanalysedienst der Google Ireland Limited, Gordon House, 4 Barrow St, Dublin, D04 E5W5, Irland (\u201eGoogle\u201c). Dieser Dienst erm\u00f6glicht uns, herauszufinden, wie ihr unsere Webseite verwendet. Dar\u00fcber hinaus reichert Google diese Daten mit \u201edemografischen Merkmalen\u201c an. Dies erlaubt die gezieltere Ausrichtung von Marketing-Aktionen. F\u00fcr uns sichtbar sind dabei allerdings nur statistische, anonymisierte Informationen. Google Ireland \u00fcbertr\u00e4gt dabei eventuell Daten an seinen amerikanischen Mutterkonzern.<\/p>\n<p>Daher ben\u00f6tigen wir eure explizite Einwilligung, die ihr \u00fcber das Consent-Banner geben (und nat\u00fcrlich auch widerrufen) k\u00f6nnt. Au\u00dferdem blocken einige Browser (je nach Einstellung) die Aufrufe.<\/p>\n<h3><a name=\"_Toc129273999\"><\/a>Meta Pixel<\/h3>\n<p>Das gleiche, nur eben nicht von Google, sondern von Meta Platforms Ireland Limited, 4 Grand Canal Quare, Dublin 2, Irland (ehemals Facebook), stellt Meta Pixel dar. Auch hier geht es um die Analyse von Websitebesuchen und darauf aufbauendes Remarketing. Wir setzen dies nur ein, wenn ihr uns dazu eure Einwilligung im Consent-Banner gegeben habt. Beachtet bitte, dass Meta all diese Informationen wahrscheinlich miteinander verkn\u00fcpft (inkl. euren eventuell vorhandenen Facebook-Profil) und dies auch zu eigenen Zwecken verwendet (<a href=\"https:\/\/www.facebook.com\/about\/privacy\/\" target=\"_blank\" rel=\"noopener\">https:\/\/www.facebook.com\/about\/privacy\/<\/a>).<\/p>\n<h3><a name=\"_Toc129274000\"><\/a>Externe Aufrufe<\/h3>\n<p>An einigen Orten haben wir auf unserer Webseite Inhalte von Externen eingebettet. Zum Beispiel, damit ihr zu unseren Surflocations direkt sehen k\u00f6nnt, ob sich das Wetter in den n\u00e4chsten Tagen zum Surfen eignet. Diese Informationen bereiten wir nicht selbst auf, sondern haben auf der Seite quasi ein Fenster, das euch direkt die Webseite des Anbieters zeigt. Unser Ziel ist es ja, dass ihr alle Informationen bei uns leicht findet, um bestens informiert eure Events planen zu k\u00f6nnen. Leider gibt es auch hier gesetzliche Vorgaben, weil wir euch an andere weiterleiten, und ihr dabei Informationen an diese weitergebt.<\/p>\n<p>Daher k\u00f6nnt ihr entweder im Consent-Banner ganz global die einzelnen Anbieter erlauben, oder werdet an den einzelnen Stellen, wo wir die Inhalte einbetten w\u00fcrden, explizit gefragt, ob ihr dies zulassen wollt.<\/p>\n<p><a href=\"https:\/\/windy.app\/\" target=\"_blank\" rel=\"noopener\">Windy.App<\/a> ist eine Wetter-App, die extra f\u00fcr Wind- und Wassersport entwickelt wurde. Sie wird betrieben von Windy Weather World Inc.. Wir verwenden sie auf den Destinations-Seiten, um Windstatistiken und -vorhersagen anzuzeigen.<\/p>\n<p><a href=\"https:\/\/www.windguru.cz\/\" target=\"_blank\" rel=\"noopener\">Windguru<\/a> bietet aktuelle Windverh\u00e4ltnisse. Sie wird betrieben von Ing. V\u00e1clav Horn\u00edk, Taussigova 1152, Praha 8, 18200, Czech Republic.<\/p>\n<p><a href=\"https:\/\/www.ipcamlive.com\/\" target=\"_blank\" rel=\"noopener\">IP Live Cam<\/a> verwenden wir, um Live-Videos auf einigen unserer Destinations-Seiten anzuzeigen. Die Webseite wird betrieben von IPCamLive.com Ltd, Hungary, Infopark, 1117 Budapest Neumann J\u00e1nos utca 1\/B.<\/p>\n<h3><a name=\"_Toc129274001\"><\/a>Berechtigtes Interesse<\/h3>\n<p>Wie schon einmal erw\u00e4hnt: wenn alle oben genannten Rechtsgrundlagen nicht greifen, wir aber trotzdem eure Daten verarbeiten, dann tun wir das, weil wir ein sogenanntes \u201eberechtigtes\u201c Interesse daran haben.<\/p>\n<h3><a name=\"_Toc129274002\"><\/a>Kommunikation<\/h3>\n<p>\u00dcber unsere Webseite k\u00f6nnt ihr mit uns Kontakt aufnehmen. Dazu gibt es das Kontaktformular und wir freuen uns \u00fcber jede Nachricht von euch. Die Nachricht(en) sowie eure E-Mailadresse speichern wir, solange wir sie f\u00fcr die Bearbeitung eurer Anfrage ben\u00f6tigen. Nat\u00fcrlich d\u00fcrft ihr auch von euch aus die L\u00f6schung anfordern. Gebt uns dann einfach gerne Bescheid.<\/p>\n<p>Gleichzeitig k\u00f6nnt ihr euch \u00fcber die Webseite f\u00fcr den Versand des Primesurf Newsletters registrieren, um exklusiv und kostenlos \u00fcber unsere Destinationen und Veranstaltungen, aktuelle Aktionen und Angebote und Highlights aus der Kitewelt informiert zu werden. Zum Versand unseres Newsletters verwenden wir Zoho Campaigns, ein Angebot der Zoho Corporation GmbH, Trinkausstr. 7, 40213 D\u00fcsseldorf, Deutschland.<\/p>\n<p>Zoho Campaigns stellt neben der M\u00f6glichkeit Newsletter zu erstellen Analyseinstrumente zur Verf\u00fcgung, die es erm\u00f6glichen Aussagen \u00fcber den Erfolg des Newsletterversands zu machen.<\/p>\n<p>Wir verarbeiten in diesem Zusammenhang teilweise eure Daten automatisiert mit dem Ziel, bestimmte pers\u00f6nliche Aspekte zu bewerten (Profiling), z.B. Auswertung zur zielgerichteten Kundenansprache, sowie bedarfsgerechten Werbung einschlie\u00dflich Markt- und Meinungsforschung.<\/p>\n<h3><a name=\"_Toc129274003\"><\/a>Buchungsanfragen<\/h3>\n<p>Wie ihr wisst, sind wir ein Netzwerk an Unternehmen, die zum Beispiel die unterschiedlichen Lokationen betreiben.<\/p>\n<p>Wenn ihr daher \u00fcber unsere Seite Buchungen vornehmen wollt, dann werdet ihr auf eine andere Webseite weitergeleitet, bzw. erreicht diese Seite \u00fcber eingebetteten Inhalt. Dies erkennt ihr daran, dass die URL der Seite mit \u201etideforce\u201c enth\u00e4lt. Dabei werdet ihr bei Bedarf auf die Seiten unserer Partner-Unternehmen weitergeleitet. Dabei werden keine Daten an sich weitergegeben, wir leiten euch nur auf die richtigen Buchungsseiten weiter. Alles weitere l\u00e4uft dann \u00fcber die Webseite unserer Partner, bzw. wird im Folgenden beschrieben.<\/p>\n<h3><a name=\"_Toc129274004\"><\/a>Vertragliche Datenverarbeitung oder vorvertragliche Datenverarbeitung<\/h3>\n<p>Wir (und unsere Partner) verwenden als Buchungsplattform <a href=\"https:\/\/tideforce.de\/\" target=\"_blank\" rel=\"noopener\">Tideforce<\/a>. Diese wurde von einem deutschen Unternehmen namens Timtim BV extra f\u00fcr Urlaubsevents entwickelt. Die Anschrift lautet: TIDEFORCE UG Haftungsbeschr\u00e4nkt, Sterzingerstra\u00dfe 34, 83024 Rosenheim, Deutschland.<\/p>\n<p>Dies dient zur Verwaltung der gesamten Buchungsabwicklung. Diese Daten verarbeiten wir, um den Vertrag mit euch (eure Buchung) erf\u00fcllen zu k\u00f6nnen.<\/p>\n<p>Bei der Veranstaltung von Gewinnspielen verwenden wir personenbezogene Daten, die f\u00fcr die Durchf\u00fchrung des Gewinnspiels erforderlich sind, zum Beispiel f\u00fcr die Zusendung von Gewinnen.<\/p>\n<p>Daten, die ihr im Rahmen eurer Bestellung in unserem Onlineshop angebt, speichern wir f\u00fcr die Vertragsabwicklung, Zusendung der Bestellung und Gew\u00e4hrleistung. Unser Onlineshop l\u00e4uft ebenfalls \u00fcber Tideforce, wie oben beschrieben.<\/p>\n<h3>Kategorien von Empf\u00e4ngern<\/h3>\n<p>Zur Erf\u00fcllung der vorgesehenen Zwecke kann auf die jeweils erforderlichen Daten ein abteilungs\u00fcbergreifender Zugriff innerhalb unseres Unternehmens (auch \u00fcber L\u00e4ndergrenzen hinweg) stattfinden. Auch von uns eingesetzte Auftragsverarbeiter k\u00f6nnen f\u00fcr bestimmte Zwecke Daten erhalten, z.B. f\u00fcr IT-Dienstleistungen, Aktenvernichtung und Marketing.<\/p>\n<h3><a name=\"_Toc129274005\"><\/a>Eure Rechte \u2013 diesmal ausf\u00fchrlich<\/h3>\n<p>Wir haben das oben zwar schon einmal kurz erw\u00e4hnt, aber der Gesetzgeber verpflichtet uns, euch ausf\u00fchrlich \u00fcber eure Rechte bez\u00fcglich des Datenschutzes aufzukl\u00e4ren. Dem kommen wir an dieser Stelle gerne nach. Vorab sei auch gesagt, dass das alles sehr technisch klingt \u2013 und wir haben uns schon bem\u00fcht, kein Juristendeutsch zu verwenden. Hier gilt ebenso wie auf dem Wasser: Kommunikation ist das A und O. Daher sprecht uns einfach an, wenn ihr Fragen zum Datenschutz habt, Anmerkungen habt, oder ihr ein Anliegen habt, bei dem wir euch unterst\u00fctzen k\u00f6nnen.<\/p>\n<h3><a name=\"_Toc129274006\"><\/a>Auskunft, L\u00f6schung und Berichtigung<\/h3>\n<p>Ihr habt im Rahmen der geltenden gesetzlichen Bestimmungen jederzeit das Recht auf unentgeltliche Auskunft \u00fcber eure gespeicherten personenbezogenen Daten, deren Herkunft und Empf\u00e4nger und den Zweck der Datenverarbeitung und ggf. ein Recht auf Berichtigung oder L\u00f6schung dieser Daten.<\/p>\n<h3><a name=\"_Toc129274007\"><\/a>Widerruf Eurer Einwilligung zur Datenverarbeitung<\/h3>\n<p>Viele Datenverarbeitungsvorg\u00e4nge sind nur mit eurer ausdr\u00fccklichen Einwilligung m\u00f6glich. Eine bereits erteilte Einwilligung k\u00f6nnt ihr jederzeit widerrufen. Ab dem Zeitpunkt des Widerrufs d\u00fcrfen und werden wir eure Daten dann nicht mehr verarbeiten.<\/p>\n<h3><a name=\"_Toc129274008\"><\/a>Widerspruchsrecht gegen die Datenverarbeitung<\/h3>\n<p>Das klingt ein bisschen technisch: Widerruf, Widerspruch. Am Ende geht es in beiden F\u00e4llen darum, dass ihr von uns fordern k\u00f6nnt, Daten nicht mehr zu verarbeiten. Wie oben beschrieben, habt ihr in erstem Fall zuvor eure Einwilligung gegeben, im zweiten Fall haben wir eure Daten von uns aus \u2013 basierend auf berechtigtem Interesse \u2013 verarbeitet, und ihr legt nun Widerspruch dagegen ein. Grunds\u00e4tzlich d\u00fcrft ihr euch immer bei uns melden, wenn ihr meint, dass wir Daten von euch nicht mehr verarbeiten sollen \u2013 Wording hin oder her.<\/p>\n<p>Das gilt insbesondere auch dann, wenn wir euch Werbung schicken und ihr dies nicht mehr wollt.<\/p>\n<h3><a name=\"_Toc129274009\"><\/a>Recht auf Einschr\u00e4nkung der Verarbeitung<\/h3>\n<p>Es gibt Gr\u00fcnde, da m\u00f6chtet ihr eventuell nicht, dass wir eure Daten weiterhin verarbeiten. Dies schlie\u00dft insbesondere die L\u00f6schung dieser Daten mit ein. Das h\u00e4ngt zum Beispiel mit den oben genannten Rechten zusammen. Sollten wir falsche Daten haben, dann k\u00f6nnt ihr verlangen, dass wir diese Daten nicht mehr verwenden, bis sie korrigiert sind. Oder ihr Widerspruch gegen die Verarbeitung erhebt, und wir pr\u00fcfen m\u00fcssen, ob es doch Interessen gibt, die so wichtig sind, dass wir die Daten dennoch weiterverarbeiten. Uns w\u00fcrde da jetzt aber auch kein passendes Beispiel einfallen.<\/p>\n<p>Der Klassiker hier ist aber auch: ihr ben\u00f6tigt die Daten zur Aus\u00fcbung von Rechtsanspr\u00fcchen. Ob gegen\u00fcber uns oder gegen\u00fcber Dritten sei dahingestellt, aber dann k\u00f6nntet ihr von uns verlangen, diese Daten \u00fcber ihre eigentliche Speicherdauer hinweg aufzubewahren.<\/p>\n<h3><a name=\"_Toc129274010\"><\/a>Beschwerderecht bei der zust\u00e4ndigen Aufsichtsbeh\u00f6rde<\/h3>\n<p>Im Falle von Verst\u00f6\u00dfen gegen die geltenden Datenschutzgesetze steht euch das Recht zu, euch bei der Aufsichtsbeh\u00f6rde zu beschweren. F\u00fcr uns (die Primesurf GmbH) ist das die <a href=\"https:\/\/lfd.niedersachsen.de\/\" target=\"_blank\" rel=\"noopener\">Landesbeauftragte f\u00fcr den Datenschutz Niedersachsen.<\/a><\/p>\n<h3>Pflicht zur Bereitstellung von Daten<\/h3>\n<p>Ihr m\u00fcssen nur diejenigen personenbezogenen Daten bereitstellen, die f\u00fcr die Begr\u00fcndung, Durchf\u00fchrung und Beendigung eines Vertrags erforderlich sind oder zu deren Erhebung wir gesetzlich verpflichtet sind. Sollten ihr uns die notwendigen Informationen und Unterlagen nicht zur Verf\u00fcgung stellen wollen, d\u00fcrfen wir die von euch gew\u00fcnschte Gesch\u00e4ftsbeziehung nicht aufnehmen oder fortsetzen.<\/p>\n<h3><a name=\"_Toc129274011\"><\/a>\u00c4nderung unserer Datenschutzbestimmungen<\/h3>\n<p>Wir behalten uns vor, diese Datenschutzerkl\u00e4rung gelegentlich anzupassen, damit sie stets den aktuellen rechtlichen Anforderungen entspricht oder um \u00c4nderungen unserer Leistungen in der Datenschutzerkl\u00e4rung umzusetzen, z. B. bei der Einf\u00fchrung neuer Services. F\u00fcr euren erneuten Besuch gilt dann die neue Datenschutzerkl\u00e4rung.[\/vc_column_text][\/vc_column][vc_column width=&#8220;1\/4&#8243;][\/vc_column][\/vc_row]<\/p>\n<\/div>","protected":false},"excerpt":{"rendered":"<p>[vc_row][vc_column width=&#8220;1\/1&#8243;][vc_custom_heading heading_semantic=&#8220;h1&#8243; text_size=&#8220;fontsize-822782&#8243; uncode_shortcode_id=&#8220;132708&#8243;]Datenschutz[\/vc_custom_heading][\/vc_column][\/vc_row][vc_row][vc_column width=&#8220;3\/4&#8243;][vc_column_text uncode_shortcode_id=&#8220;935099&#8243;]Inhalt Einleitung Datenerfassung auf dieser Webseite Technisch notwendige Datenverarbeitung Datenverarbeitung nach Einwilligung Google Analytics [&hellip;]<\/p>\n","protected":false},"author":1,"featured_media":0,"parent":0,"menu_order":0,"comment_status":"closed","ping_status":"closed","template":"","meta":{"footnotes":""},"class_list":["post-7727","page","type-page","status-publish","hentry"],"_links":{"self":[{"href":"https:\/\/primesurf.com\/de\/wp-json\/wp\/v2\/pages\/7727","targetHints":{"allow":["GET"]}}],"collection":[{"href":"https:\/\/primesurf.com\/de\/wp-json\/wp\/v2\/pages"}],"about":[{"href":"https:\/\/primesurf.com\/de\/wp-json\/wp\/v2\/types\/page"}],"author":[{"embeddable":true,"href":"https:\/\/primesurf.com\/de\/wp-json\/wp\/v2\/users\/1"}],"replies":[{"embeddable":true,"href":"https:\/\/primesurf.com\/de\/wp-json\/wp\/v2\/comments?post=7727"}],"version-history":[{"count":5,"href":"https:\/\/primesurf.com\/de\/wp-json\/wp\/v2\/pages\/7727\/revisions"}],"predecessor-version":[{"id":15627,"href":"https:\/\/primesurf.com\/de\/wp-json\/wp\/v2\/pages\/7727\/revisions\/15627"}],"wp:attachment":[{"href":"https:\/\/primesurf.com\/de\/wp-json\/wp\/v2\/media?parent=7727"}],"curies":[{"name":"wp","href":"https:\/\/api.w.org\/{rel}","templated":true}]}}