{"id":7706,"date":"2023-02-09T17:54:47","date_gmt":"2023-02-09T17:54:47","guid":{"rendered":"https:\/\/primesurf.com\/locations\/el-gouna\/faq\/"},"modified":"2024-09-18T13:08:37","modified_gmt":"2024-09-18T13:08:37","slug":"faq","status":"publish","type":"page","link":"https:\/\/primesurf.com\/de\/locations\/el-gouna\/faq\/","title":{"rendered":"FAQ"},"content":{"rendered":"<div class=\"wpb-content-wrapper\"><p>[vc_row row_height_percent=&#8220;100&#8243; override_padding=&#8220;yes&#8220; h_padding=&#8220;2&#8243; top_padding=&#8220;0&#8243; bottom_padding=&#8220;0&#8243; back_image=&#8220;12397&#8243; overlay_color=&#8220;color-478145&#8243; overlay_alpha=&#8220;100&#8243; gutter_size=&#8220;3&#8243; column_width_percent=&#8220;100&#8243; shift_y=&#8220;0&#8243; z_index=&#8220;0&#8243; uncode_shortcode_id=&#8220;204779&#8243; overlay_color_type=&#8220;uncode-palette&#8220; shape_dividers=&#8220;&#8220;][vc_column column_width_percent=&#8220;100&#8243; position_vertical=&#8220;bottom&#8220; align_horizontal=&#8220;align_center&#8220; gutter_size=&#8220;3&#8243; overlay_alpha=&#8220;50&#8243; shift_x=&#8220;0&#8243; shift_y=&#8220;0&#8243; shift_y_down=&#8220;0&#8243; z_index=&#8220;0&#8243; medium_width=&#8220;0&#8243; mobile_width=&#8220;0&#8243; width=&#8220;1\/1&#8243; uncode_shortcode_id=&#8220;189613&#8243;][vc_row_inner limit_content=&#8220;&#8220;][vc_column_inner column_width_percent=&#8220;100&#8243; position_vertical=&#8220;bottom&#8220; align_horizontal=&#8220;align_center&#8220; gutter_size=&#8220;3&#8243; overlay_alpha=&#8220;50&#8243; shift_x=&#8220;0&#8243; shift_y=&#8220;0&#8243; shift_y_down=&#8220;0&#8243; z_index=&#8220;0&#8243; medium_width=&#8220;0&#8243; mobile_width=&#8220;0&#8243; width=&#8220;1\/1&#8243; uncode_shortcode_id=&#8220;150807&#8243;][vc_custom_heading heading_semantic=&#8220;h1&#8243; text_size=&#8220;fontsize-508984&#8243; text_weight=&#8220;800&#8243; uncode_shortcode_id=&#8220;412229&#8243;]El Gouna[\/vc_custom_heading][\/vc_column_inner][\/vc_row_inner][vc_row_inner row_inner_height_percent=&#8220;0&#8243; overlay_alpha=&#8220;50&#8243; gutter_size=&#8220;3&#8243; shift_y=&#8220;0&#8243; z_index=&#8220;0&#8243; mobile_visibility=&#8220;yes&#8220; uncode_shortcode_id=&#8220;145472&#8243; limit_content=&#8220;&#8220;][vc_column_inner width=&#8220;1\/1&#8243;][vc_wp_custommenu nav_menu=&#8220;146&#8243; nav_menu_horizontal=&#8220;1&#8243; use_widget_style=&#8220;yes&#8220; widget_collapse=&#8220;yes&#8220; widget_style_no_arrows=&#8220;yes&#8220;][\/vc_column_inner][\/vc_row_inner][vc_row_inner row_inner_height_percent=&#8220;0&#8243; overlay_alpha=&#8220;50&#8243; gutter_size=&#8220;3&#8243; shift_y=&#8220;0&#8243; z_index=&#8220;0&#8243; desktop_visibility=&#8220;yes&#8220; medium_visibility=&#8220;yes&#8220; uncode_shortcode_id=&#8220;160906&#8243; limit_content=&#8220;&#8220;][vc_column_inner width=&#8220;1\/1&#8243;][vc_wp_custommenu nav_menu=&#8220;146&#8243; nav_menu_horizontal=&#8220;1&#8243; use_widget_style=&#8220;yes&#8220; widget_collapse=&#8220;yes&#8220; widget_style_no_arrows=&#8220;yes&#8220;][\/vc_column_inner][\/vc_row_inner][vc_row_inner limit_content=&#8220;&#8220;][vc_column_inner column_width_percent=&#8220;100&#8243; position_vertical=&#8220;bottom&#8220; align_horizontal=&#8220;align_center&#8220; gutter_size=&#8220;3&#8243; overlay_alpha=&#8220;50&#8243; shift_x=&#8220;0&#8243; shift_y=&#8220;0&#8243; shift_y_down=&#8220;0&#8243; z_index=&#8220;0&#8243; medium_width=&#8220;0&#8243; mobile_width=&#8220;0&#8243; width=&#8220;1\/1&#8243; uncode_shortcode_id=&#8220;231739&#8243;][vc_icon position=&#8220;bottom&#8220; icon_image=&#8220;2748&#8243; media_size=&#8220;80&#8243; heading_semantic=&#8220;h4&#8243; uncode_shortcode_id=&#8220;100780&#8243; link=&#8220;url:%23info|&#8220;][\/vc_icon][\/vc_column_inner][\/vc_row_inner][\/vc_column][\/vc_row][vc_row][vc_column width=&#8220;1\/1&#8243;][vc_custom_heading heading_semantic=&#8220;h3&#8243; text_size=&#8220;h3&#8243; uncode_shortcode_id=&#8220;632136&#8243;]<strong>H\u00e4ufig gestellte Fragen<\/strong>[\/vc_custom_heading][vc_column_text uncode_shortcode_id=&#8220;168537&#8243;]Schaut Euch hier die h\u00e4ufig gestellten Fragen an. Falls Ihr noch weitere Fragen haben solltet, k\u00f6nnt Ihr uns gern eine E-Mail schicken und wir werden Euch so schnell wie m\u00f6glich antworten.[\/vc_column_text][vc_custom_heading heading_semantic=&#8220;h3&#8243; text_size=&#8220;h4&#8243; uncode_shortcode_id=&#8220;117545&#8243;]Kite Camps und Kurse[\/vc_custom_heading][vc_accordion history=&#8220;yes&#8220; typography=&#8220;yes&#8220; active_tab=&#8220;0&#8243;][vc_accordion_tab gutter_size=&#8220;2&#8243; column_padding=&#8220;2&#8243; title=&#8220;Ihr wart noch nie Kitesurfen. Welchen Kurs solltet Ihr buchen? &#8220; tab_id=&#8220;1672883620-2-431675965182230&#8243; slug=&#8220;1&#8243;][vc_column_text uncode_shortcode_id=&#8220;199248&#8243;]Wir empfehlen die <strong>Gruppenkurse<\/strong>, wenn du mit anderen Leuten zusammen sein m\u00f6chtest, oder den <strong>Privatunterricht<\/strong>, wenn du den Lehrer f\u00fcr dich allein haben m\u00f6chtest.<br \/>\nDu wirst lernen, den Kite und seine Power auf eine sichere Art und Weise zu kontrollieren. Sobald du die Kontrolle \u00fcber den Kite beherrschst, wirst du lernen, wie du auf das Board kommst.<\/p>\n<p>Au\u00dferdem w\u00fcrden wir Euch die <strong>Kitecamps<\/strong> von Makani empfehlen. Das Camp geht insgesamt 6 Tage und Ihr verbringt durchschnittlich jeweils 4-5 Stunden auf dem Wasser.[\/vc_column_text][\/vc_accordion_tab][vc_accordion_tab gutter_size=&#8220;2&#8243; column_padding=&#8220;2&#8243; title=&#8220;Warum solltet Ihr das Kite Camp w\u00e4hlen?&#8220; tab_id=&#8220;1672883620-1-991675965182230&#8243; slug=&#8220;2&#8243;][vc_column_text uncode_shortcode_id=&#8220;872533&#8243;]Wenn Ihr gerne eine gute Zeit in einer Gruppe verbringt und mit Gleichgesinnten das Kitesurfen lernen m\u00f6chtet, dann ist das Camp genau richtig f\u00fcr Euch.<br \/>\nW\u00e4hrend der Kitecamps werdet ihr so viel Zeit wie m\u00f6glich auf dem Wasser verbringen und jeden Tag \u00fcben.<br \/>\nZudem werdet Ihr gemeinsame Unternehmungen machen und das Rote Meer und El Gouna zusammen mit Makanis Camp-Trainern erkunden.[\/vc_column_text][\/vc_accordion_tab][vc_accordion_tab gutter_size=&#8220;2&#8243; column_padding=&#8220;2&#8243; title=&#8220;Was ist der Unterschied zwischen Kitecamp und Kurs?&#8220; tab_id=&#8220;1673044812952-3-31675965182230&#8243; slug=&#8220;3&#8243;][vc_column_text uncode_shortcode_id=&#8220;101763&#8243;]Bei den stundenbasierten Kursen bucht Ihr ein Paket mit einer bestimmten Anzahl von Stunden. Sobald die Stunden vor\u00fcber sind, k\u00f6nnt Ihr weitere Stunden buchen oder Material mieten, falls Ihr sicher genug seid.<\/p>\n<p>Das Kitecamp ist ein 6-t\u00e4giger Wochenkurs. Makanis Trainer unterrichten Euch etwa 4-5 Stunden pro Tag und Ihr erreicht individuelle Lernerfolge.  <span style=\"font-family: -apple-system, BlinkMacSystemFont, 'Segoe UI', Roboto, Oxygen-Sans, Ubuntu, Cantarell, 'Helvetica Neue', sans-serif;\">Das Camp geht jeweils von Sonntag bis Freitag zu bestimmten Terminen. Den Terminplan daf\u00fcr findet Ihr <a href=\"https:\/\/primesurf-aws-preview.parasol.digital\/destinations\/el-gouna\/kite-camps\/\" target=\"_blank\" rel=\"noopener\">hier<\/a>.<br \/>\nZudem macht Ihr Theorieeinheiten an windstillen Tagen und unternehmt Ausfl\u00fcge zusammen mit der Kitecamp-Gruppe.<\/span>[\/vc_column_text][\/vc_accordion_tab][vc_accordion_tab gutter_size=&#8220;2&#8243; column_padding=&#8220;2&#8243; title=&#8220;Kann man eine Kitelizenz erwerben?&#8220; tab_id=&#8220;1672883895295-2-21675965182230&#8243; slug=&#8220;4&#8243;][vc_column_text uncode_shortcode_id=&#8220;178097&#8243;]Da Makani eine zertifizierte VDWS-Schule ist, wird Euch nach jedem Kurs angeboten, eine Lizenz zu machen.<br \/>\nDie Lizenz, welche das VDWS Lernbuch beinhaltet, kostet 50\u20ac.<br \/>\nDie Lizenz alleine kostet 35\u20ac.[\/vc_column_text][\/vc_accordion_tab][vc_accordion_tab gutter_size=&#8220;2&#8243; column_padding=&#8220;2&#8243; title=&#8220;Gibt es eine Erstattung, falls kein Wind ist?&#8220; tab_id=&#8220;1673045135666-4-101675965182230&#8243; slug=&#8220;5&#8243;][vc_column_text uncode_shortcode_id=&#8220;102689&#8243;]Wenn Ihr einen <strong>Kurs<\/strong> gebucht habt und die Zeit auf dem Wasser nicht nutzen k\u00f6nnt, bietet Makani Euch einen Gutschein an, den Ihr beim n\u00e4chsten Besuch einl\u00f6sen k\u00f6nnt.<\/p>\n<p>Es werden keine R\u00fcckerstattung oder Gutscheine f\u00fcr die <strong>Camps<\/strong> angeboten. Es werden keine R\u00fcckerstattung oder Gutscheine f\u00fcr die Camps angeboten. Falls es Tage ohne Wind gibt, werdet Ihr interessante Theoriestunden machen und verschiedene Dinge \u00fcber Equipment, Wind, Techniken und mehr lernen. Au\u00dferdem werdet Ihr gemeinsame Ausfl\u00fcge mit der Gruppe unternehmen.<\/p>\n<p><span style=\"font-family: -apple-system, BlinkMacSystemFont, 'Segoe UI', Roboto, Oxygen-Sans, Ubuntu, Cantarell, 'Helvetica Neue', sans-serif;\">Im Falle einer Verletzung wird ein Gutschein angeboten. Hierf\u00fcr m\u00fcsst Ihr ein \u00e4rztliches Attest vorlegen.<\/span><\/p>\n<p>Die Gutscheine sind ein Jahr lang g\u00fcltig.[\/vc_column_text][\/vc_accordion_tab][\/vc_accordion][\/vc_column][\/vc_row][vc_row][vc_column width=&#8220;1\/1&#8243;][vc_custom_heading text_size=&#8220;h4&#8243; uncode_shortcode_id=&#8220;112702&#8243;]Unabh\u00e4ngige Kiter und Verleih[\/vc_custom_heading][vc_accordion history=&#8220;yes&#8220; typography=&#8220;yes&#8220; active_tab=&#8220;0&#8243;][vc_accordion_tab gutter_size=&#8220;2&#8243; column_padding=&#8220;2&#8243; title=&#8220;Sollte ein Neoprenanzug mitgebracht werden?&#8220; tab_id=&#8220;1672883620-1-991675965182627&#8243; slug=&#8220;6&#8243;][vc_column_text uncode_shortcode_id=&#8220;152214&#8243;]Wir empfehlen Euch, einen eigenen Neoprenanzug mitzubringen. Makani hat jedoch auch Neoprenanz\u00fcge vor Ort, die Ihr Euch ausleihen k\u00f6nnt. Die Gr\u00f6\u00dfen reichen von XS bis XXXL.<\/p>\n<p>Wir empfehlen Euch au\u00dferdem ein Wetshirt oder etwas \u00c4hnliches mitzubringen, um Euch vor der Sonne zu sch\u00fctzen, falls Ihr ohne Neoprenanzug aufs Wasser gehen m\u00f6chtet.[\/vc_column_text][\/vc_accordion_tab][vc_accordion_tab gutter_size=&#8220;2&#8243; column_padding=&#8220;2&#8243; title=&#8220;Was f\u00fcr einen Neoprenanzug braucht man?&#8220; tab_id=&#8220;1672883620-2-431675965182627&#8243; slug=&#8220;7&#8243;][vc_column_text uncode_shortcode_id=&#8220;372105&#8243;]Von Dezember bis M\u00e4rz empfehlen wir Euch einen 5\/4 oder 4\/3 Neoprenanzug.<br \/>\nVon April\/Mai und Oktober\/November ist ein 3\/2er Neoprenanzug eine gute Wahl.<br \/>\nIn den Sommermonaten Juni bis September sind die Temperaturen so warm, dass Ihr keinen Neoprenanzug ben\u00f6tigt. Denkt an ein Lycra und eine Shorts sowie ausreichend Sonnencreme, um Euch vor der Sonne zu sch\u00fctzen.[\/vc_column_text][\/vc_accordion_tab][vc_accordion_tab gutter_size=&#8220;2&#8243; column_padding=&#8220;2&#8243; title=&#8220;Sind Neoprenschuh n\u00f6tig?&#8220; tab_id=&#8220;1672883895295-2-21675965182627&#8243; slug=&#8220;8&#8243;][vc_column_text uncode_shortcode_id=&#8220;170276&#8243;]Wir empfehlen Euch zum Schutz der F\u00fc\u00dfe Neoprenschuhe mitzubringen, da sich im Wasser Muscheln befinden k\u00f6nnen. Falls Ihr keine Schuhe im Wasser tragen m\u00f6chten, k\u00f6nnt Ihr Euch auch Latschen mitbringen, die Ihr w\u00e4hrend des Aufbaus Eures Materials tragt.<br \/>\nBitte beachtet, wenn ihr ohne Schuhe ins Wasser geht, auf eine Muschel treten k\u00f6nntet. Wir empfehlen, langsam zu laufen, ohne dabei hart aufzutreten.[\/vc_column_text][\/vc_accordion_tab][\/vc_accordion][\/vc_column][\/vc_row][vc_row][vc_column width=&#8220;1\/1&#8243;][vc_custom_heading text_size=&#8220;h4&#8243; uncode_shortcode_id=&#8220;118116&#8243;]Die Reise und Weiteres[\/vc_custom_heading][vc_accordion history=&#8220;yes&#8220; typography=&#8220;yes&#8220; active_tab=&#8220;0&#8243;][vc_accordion_tab gutter_size=&#8220;2&#8243; column_padding=&#8220;2&#8243; title=&#8220;Wo kann man am besten Fl\u00fcge buchen und welcher Flughafen ist der beste?&#8220; tab_id=&#8220;1672883620-2-431675965182977&#8243; slug=&#8220;11&#8243;][vc_column_text uncode_shortcode_id=&#8220;155618&#8243;]Am besten guckt Ihr bei <a href=\"http:\/\/Kayak.com\" target=\"_blank\" rel=\"noopener\">Kayak.com,<\/a> <a href=\"http:\/\/Kiwi.com\" target=\"_blank\" rel=\"noopener\">Kiwi.com<\/a> oder <a href=\"http:\/\/skyscanner.com\" target=\"_blank\" rel=\"noopener\">skyscanner.com.<\/a><\/p>\n<p>Versucht, den Flughafen von Hurghada anzufliegen. Er ist etwa 40 Minuten vom Makani Beach Club, dem Zentrum El Gounas und den Unterk\u00fcnften entfernt. Falls Ihr einen Flughafentransfer ben\u00f6tigt, k\u00f6nnt Ihr uns gerne kontaktieren.[\/vc_column_text][\/vc_accordion_tab][vc_accordion_tab gutter_size=&#8220;2&#8243; column_padding=&#8220;2&#8243; title=&#8220;Wie findet man eine passende Unterkunft?&#8220; tab_id=&#8220;1672883620-1-991675965182977&#8243; slug=&#8220;12&#8243;][vc_column_text uncode_shortcode_id=&#8220;116622&#8243;]In El Gouna gibt es viele Hotels. Makani arbeitet mit den Three Corner Hotels zusammen:<\/p>\n<p><b>Das Three Corners Rihana Resort<\/b><\/p>\n<p>Das Rihana Hotel ist ein gro\u00dfartiges Hotel, das sich in der N\u00e4he des Stadtzentrums befindet. Hier findet Ihr viele Pools mit Rutschen, was sich ideal f\u00fcr Familien und Kinder anbietet.<br \/>\nIhr k\u00f6nnt das Hotel <a href=\"https:\/\/be.synxis.com\/?chain=27938&amp;promo=MAKANI5\" target=\"_blank\" rel=\"noopener\">hier<\/a> zu Sonderpreisen buchen.<\/p>\n<p><b>The Three Corners Ocean View<\/b><br \/>\nDas Ocean View befindet sich in der Abu Tig Marina und bietet direkten Blick auf das Rote Meer. Es ist ein Hotel nur f\u00fcr Erwachsene. Kinder m\u00fcssen mindestens 16 Jahre alt sein.<br \/>\nIhr k\u00f6nnt das Hotel <a href=\"https:\/\/be.synxis.com\/?chain=27938&amp;promo=MAKANI5\" target=\"_blank\" rel=\"noopener\">hier<\/a> zu Sonderpreisen buchen.<\/p>\n<p>Makani bietet einen kostenlosen Shuttleservice vom Ocean View und Rihana zum Beach Club. Bitte informiert Euch \u00fcber den Fahrplan des Shuttles-Services.<\/p>\n<p><strong>Andere Hotels in Gouna<\/strong><\/p>\n<p>Es gibt zudem viele andere M\u00f6glichkeiten f\u00fcr Eure Unterkunft.<\/p>\n<p>Captains In, Ali Pasha, und das Turtles In befinden sich in der Abu Tig Marina, einem sch\u00f6nen Ort mit vielen Restaurants.<\/p>\n<p>Das Casa Cook, Cooks Club, M\u00f6venpick, Sheraton, Steigenberger, Paradiso Hotel sind weitere sch\u00f6ne Hotels, die Ihr besuchen k\u00f6nnt.[\/vc_column_text][\/vc_accordion_tab][vc_accordion_tab gutter_size=&#8220;2&#8243; column_padding=&#8220;2&#8243; title=&#8220;Wie bewegt man sich innerhalb El Gounas? Wie gelangt man zu Makani?&#8220; tab_id=&#8220;1672883895295-2-21675965182977&#8243; slug=&#8220;13&#8243;][vc_column_text uncode_shortcode_id=&#8220;152154&#8243;]Makani bietet einen kostenlosen Shuttle-Service vom Rihana und Ocean View Hotel zum Beach Club an.<br \/>\nWenn Ihr zu einem anderen Zeitpunkt fahren m\u00f6chten, k\u00f6nnt Ihr die TokToks benutzen. Die dreir\u00e4drigen Taxis im indischen Stil bringen Euch gegen eine geringe Geb\u00fchr \u00fcberall innerhalb El Gounas hin.<\/p>\n<p>Den Fahrplan findet Ihr <a href=\"https:\/\/primesurf.com\/de\/locations\/el-gouna\/faq\/\">hier<\/a>.[\/vc_column_text][\/vc_accordion_tab][\/vc_accordion][\/vc_column][\/vc_row][vc_row][vc_column width=&#8220;1\/1&#8243;][uncode_block id=&#8220;5814&#8243; inside_column=&#8220;yes&#8220;][\/vc_column][\/vc_row]<\/p>\n<\/div>","protected":false},"excerpt":{"rendered":"<p>[vc_row row_height_percent=&#8220;100&#8243; override_padding=&#8220;yes&#8220; h_padding=&#8220;2&#8243; top_padding=&#8220;0&#8243; bottom_padding=&#8220;0&#8243; back_image=&#8220;12397&#8243; overlay_color=&#8220;color-478145&#8243; overlay_alpha=&#8220;100&#8243; gutter_size=&#8220;3&#8243; column_width_percent=&#8220;100&#8243; shift_y=&#8220;0&#8243; z_index=&#8220;0&#8243; uncode_shortcode_id=&#8220;204779&#8243; overlay_color_type=&#8220;uncode-palette&#8220; shape_dividers=&#8220;&#8220;][vc_column column_width_percent=&#8220;100&#8243; position_vertical=&#8220;bottom&#8220; align_horizontal=&#8220;align_center&#8220; gutter_size=&#8220;3&#8243; [&hellip;]<\/p>\n","protected":false},"author":5,"featured_media":12394,"parent":7647,"menu_order":0,"comment_status":"closed","ping_status":"closed","template":"","meta":{"footnotes":""},"class_list":["post-7706","page","type-page","status-publish","has-post-thumbnail","hentry","page_category-el-gouna-teaser-de"],"_links":{"self":[{"href":"https:\/\/primesurf.com\/de\/wp-json\/wp\/v2\/pages\/7706","targetHints":{"allow":["GET"]}}],"collection":[{"href":"https:\/\/primesurf.com\/de\/wp-json\/wp\/v2\/pages"}],"about":[{"href":"https:\/\/primesurf.com\/de\/wp-json\/wp\/v2\/types\/page"}],"author":[{"embeddable":true,"href":"https:\/\/primesurf.com\/de\/wp-json\/wp\/v2\/users\/5"}],"replies":[{"embeddable":true,"href":"https:\/\/primesurf.com\/de\/wp-json\/wp\/v2\/comments?post=7706"}],"version-history":[{"count":23,"href":"https:\/\/primesurf.com\/de\/wp-json\/wp\/v2\/pages\/7706\/revisions"}],"predecessor-version":[{"id":12617,"href":"https:\/\/primesurf.com\/de\/wp-json\/wp\/v2\/pages\/7706\/revisions\/12617"}],"up":[{"embeddable":true,"href":"https:\/\/primesurf.com\/de\/wp-json\/wp\/v2\/pages\/7647"}],"wp:featuredmedia":[{"embeddable":true,"href":"https:\/\/primesurf.com\/de\/wp-json\/wp\/v2\/media\/12394"}],"wp:attachment":[{"href":"https:\/\/primesurf.com\/de\/wp-json\/wp\/v2\/media?parent=7706"}],"curies":[{"name":"wp","href":"https:\/\/api.w.org\/{rel}","templated":true}]}}