{"id":7677,"date":"2022-12-05T14:27:17","date_gmt":"2022-12-05T14:27:17","guid":{"rendered":"https:\/\/primesurf.com\/locations\/el-gouna\/beach-club\/"},"modified":"2024-09-20T09:12:42","modified_gmt":"2024-09-20T09:12:42","slug":"beach-club","status":"publish","type":"page","link":"https:\/\/primesurf.com\/de\/locations\/el-gouna\/beach-club\/","title":{"rendered":"Beach Club"},"content":{"rendered":"<div class=\"wpb-content-wrapper\"><p>[vc_row row_height_percent=&#8220;100&#8243; override_padding=&#8220;yes&#8220; h_padding=&#8220;2&#8243; top_padding=&#8220;0&#8243; bottom_padding=&#8220;0&#8243; back_image=&#8220;12317&#8243; overlay_color=&#8220;color-478145&#8243; overlay_alpha=&#8220;100&#8243; gutter_size=&#8220;3&#8243; column_width_percent=&#8220;100&#8243; shift_y=&#8220;0&#8243; z_index=&#8220;0&#8243; uncode_shortcode_id=&#8220;712653&#8243; overlay_color_type=&#8220;uncode-palette&#8220;][vc_column column_width_percent=&#8220;100&#8243; position_vertical=&#8220;bottom&#8220; align_horizontal=&#8220;align_center&#8220; gutter_size=&#8220;3&#8243; overlay_alpha=&#8220;50&#8243; shift_x=&#8220;0&#8243; shift_y=&#8220;0&#8243; shift_y_down=&#8220;0&#8243; z_index=&#8220;0&#8243; medium_width=&#8220;0&#8243; mobile_width=&#8220;0&#8243; width=&#8220;1\/1&#8243; uncode_shortcode_id=&#8220;189613&#8243;][vc_row_inner limit_content=&#8220;&#8220;][vc_column_inner column_width_percent=&#8220;100&#8243; position_vertical=&#8220;bottom&#8220; align_horizontal=&#8220;align_center&#8220; gutter_size=&#8220;3&#8243; overlay_alpha=&#8220;50&#8243; shift_x=&#8220;0&#8243; shift_y=&#8220;0&#8243; shift_y_down=&#8220;0&#8243; z_index=&#8220;0&#8243; medium_width=&#8220;0&#8243; mobile_width=&#8220;0&#8243; width=&#8220;1\/1&#8243; uncode_shortcode_id=&#8220;150807&#8243;][vc_custom_heading heading_semantic=&#8220;h1&#8243; text_size=&#8220;fontsize-508984&#8243; text_weight=&#8220;800&#8243; uncode_shortcode_id=&#8220;394919&#8243;]El Gouna[\/vc_custom_heading][\/vc_column_inner][\/vc_row_inner][vc_row_inner row_inner_height_percent=&#8220;0&#8243; overlay_alpha=&#8220;50&#8243; gutter_size=&#8220;3&#8243; shift_y=&#8220;0&#8243; z_index=&#8220;0&#8243; mobile_visibility=&#8220;yes&#8220; uncode_shortcode_id=&#8220;145472&#8243; limit_content=&#8220;&#8220;][vc_column_inner width=&#8220;1\/1&#8243;][vc_wp_custommenu nav_menu=&#8220;146&#8243; nav_menu_horizontal=&#8220;1&#8243; use_widget_style=&#8220;yes&#8220; widget_collapse=&#8220;yes&#8220; widget_style_no_arrows=&#8220;yes&#8220;][\/vc_column_inner][\/vc_row_inner][vc_row_inner row_inner_height_percent=&#8220;0&#8243; overlay_alpha=&#8220;50&#8243; gutter_size=&#8220;3&#8243; shift_y=&#8220;0&#8243; z_index=&#8220;0&#8243; desktop_visibility=&#8220;yes&#8220; medium_visibility=&#8220;yes&#8220; uncode_shortcode_id=&#8220;160906&#8243; limit_content=&#8220;&#8220;][vc_column_inner width=&#8220;1\/1&#8243;][vc_wp_custommenu nav_menu=&#8220;146&#8243; nav_menu_horizontal=&#8220;1&#8243; use_widget_style=&#8220;yes&#8220; widget_collapse=&#8220;yes&#8220; widget_style_no_arrows=&#8220;yes&#8220; title=&#8220;Beach Club&#8220;][\/vc_column_inner][\/vc_row_inner][\/vc_column][\/vc_row][vc_row][vc_column width=&#8220;1\/3&#8243;][vc_single_image media=&#8220;12327&#8243; media_width_percent=&#8220;100&#8243; uncode_shortcode_id=&#8220;946307&#8243;][\/vc_column][vc_column width=&#8220;2\/3&#8243;][vc_custom_heading text_size=&#8220;h4&#8243; uncode_shortcode_id=&#8220;163520&#8243;]Bar &amp; Restaurant[\/vc_custom_heading][vc_column_text uncode_shortcode_id=&#8220;161756&#8243;]Makani legt gro\u00dfen Wert auf gesundes, nachhaltiges und wirklich leckeres Essen! F\u00fcr alle G\u00e4ste wurde ein vielf\u00e4ltiges Men\u00fc entwickelt, bei dem f\u00fcr jeden etwas dabei ist.<\/p>\n<p>Fr\u00fchst\u00fcck von 9:00 bis 13:00 Uhr<br \/>\nMittagessen von 12:00 bis 17:00 Uhr<br \/>\nMakanis Grillabende &#8211; siehe Zeitplan vor Ort[\/vc_column_text][vc_button border_animation=&#8220;btn-ripple-out&#8220; border_width=&#8220;0&#8243; link=&#8220;url:https%3A%2F%2Fmakanibeachclub.com%2Fen%2Fmakani-beach-club-menu%2F%3Fiframe%3Dtrue|target:_blank|&#8220; uncode_shortcode_id=&#8220;151935&#8243;]Hier geht\u2019s zur Speisekarte[\/vc_button][\/vc_column][\/vc_row][vc_row][vc_column width=&#8220;1\/1&#8243;][vc_custom_heading text_size=&#8220;h4&#8243; uncode_shortcode_id=&#8220;171604&#8243;]Und vieles mehr\u2026[\/vc_custom_heading][vc_gallery el_id=&#8220;gallery-186583&#8243; medias=&#8220;5908,12520,12305,12375,12335,12337,12401,12319,12353,12478,12504,12502&#8243; gutter_size=&#8220;3&#8243; media_items=&#8220;media|lightbox|original,title,spacer|half,description&#8220; screen_lg=&#8220;1000&#8243; screen_md=&#8220;600&#8243; screen_sm=&#8220;480&#8243; single_text=&#8220;under&#8220; single_width=&#8220;3&#8243; single_style=&#8220;dark&#8220; single_back_color=&#8220;color-647046&#8243; single_shape=&#8220;round&#8220; radius=&#8220;lg&#8220; single_overlay_opacity=&#8220;1&#8243; single_overlay_anim=&#8220;no&#8220; single_text_anim=&#8220;no&#8220; single_image_anim=&#8220;no&#8220; single_v_position=&#8220;bottom&#8220; single_padding=&#8220;1&#8243; single_title_family=&#8220;font-555555&#8243; single_meta_custom_typo=&#8220;yes&#8220; single_meta_weight=&#8220;100&#8243; single_border=&#8220;yes&#8220; uncode_shortcode_id=&#8220;194919&#8243;][\/vc_column][\/vc_row][vc_row][vc_column width=&#8220;1\/1&#8243;][vc_separator sep_color=&#8220;&#8220; uncode_shortcode_id=&#8220;205697&#8243; el_width=&#8220;100%&#8220;][vc_custom_heading uncode_shortcode_id=&#8220;154054&#8243; el_id=&#8220;transfer-and-shuttle&#8220;]Transfer Services[\/vc_custom_heading][\/vc_column][\/vc_row][vc_row][vc_column width=&#8220;1\/2&#8243;][vc_custom_heading heading_semantic=&#8220;h3&#8243; text_size=&#8220;h4&#8243; uncode_shortcode_id=&#8220;884747&#8243;]Flughafen Transfer[\/vc_custom_heading][vc_column_text uncode_shortcode_id=&#8220;930117&#8243;]<strong>Transfer vom Flughafen<\/strong><\/p>\n<table style=\"height: 74px;\" width=\"301\" cellspacing=\"0\" cellpadding=\"0\">\n<tbody>\n<tr>\n<td valign=\"middle\"><\/td>\n<td valign=\"middle\">Hinfahrt<\/td>\n<td valign=\"middle\">Hin- und R\u00fcckfahrt<\/td>\n<\/tr>\n<tr>\n<td valign=\"middle\">Auto<\/td>\n<td valign=\"middle\">23\u20ac<\/td>\n<td valign=\"middle\">46\u20ac<\/td>\n<\/tr>\n<tr>\n<td valign=\"middle\">Bus<\/td>\n<td valign=\"middle\">30\u20ac<\/td>\n<td valign=\"middle\">60\u20ac<\/td>\n<\/tr>\n<\/tbody>\n<\/table>\n<p>[\/vc_column_text][\/vc_column][vc_column width=&#8220;1\/2&#8243;][vc_custom_heading heading_semantic=&#8220;h3&#8243; text_size=&#8220;h4&#8243; uncode_shortcode_id=&#8220;570844&#8243;]T\u00e4glicher Hotel Shuttle[\/vc_custom_heading][vc_column_text uncode_shortcode_id=&#8220;163843&#8243;]<b>Von den Hotels zu Makani<\/b><\/p>\n<table cellspacing=\"0\" cellpadding=\"0\">\n<tbody>\n<tr>\n<td valign=\"middle\">The Three Corners Rihana<\/td>\n<td valign=\"middle\">08:30<\/td>\n<td valign=\"middle\">09:30<\/td>\n<\/tr>\n<tr>\n<td valign=\"middle\">The Three Corners Ocean View<\/td>\n<td valign=\"middle\">08:35<\/td>\n<td valign=\"middle\">09:35<\/td>\n<\/tr>\n<tr>\n<td valign=\"middle\">Makani Beach Club<\/td>\n<td valign=\"middle\">08:45<\/td>\n<td valign=\"middle\">09:45<\/td>\n<\/tr>\n<\/tbody>\n<\/table>\n<p><b><\/b><b>Von Makani zu den Hotels<\/b><\/p>\n<table cellspacing=\"0\" cellpadding=\"0\">\n<tbody>\n<tr>\n<td valign=\"middle\">Makani Beach Club<\/td>\n<td valign=\"middle\">16:30<\/td>\n<td valign=\"middle\">17:30<\/td>\n<td valign=\"middle\">18:30<\/td>\n<\/tr>\n<tr>\n<td valign=\"middle\">The Three Corners Ocean View<\/td>\n<td valign=\"middle\">16:40<\/td>\n<td valign=\"middle\">17:40<\/td>\n<td valign=\"middle\">18:40<\/td>\n<\/tr>\n<tr>\n<td valign=\"middle\">The Three Corners Rihana<\/td>\n<td valign=\"middle\">16:45<\/td>\n<td valign=\"middle\">17:45<\/td>\n<td valign=\"middle\">18:45<\/td>\n<\/tr>\n<\/tbody>\n<\/table>\n<p>[\/vc_column_text][\/vc_column][\/vc_row][vc_row row_height_percent=&#8220;0&#8243; overlay_alpha=&#8220;50&#8243; gutter_size=&#8220;3&#8243; column_width_percent=&#8220;100&#8243; shift_y=&#8220;0&#8243; z_index=&#8220;0&#8243; uncode_shortcode_id=&#8220;946057&#8243;][vc_column column_width_percent=&#8220;100&#8243; gutter_size=&#8220;3&#8243; overlay_alpha=&#8220;50&#8243; shift_x=&#8220;0&#8243; shift_y=&#8220;0&#8243; shift_y_down=&#8220;0&#8243; z_index=&#8220;0&#8243; medium_width=&#8220;0&#8243; mobile_width=&#8220;0&#8243; css_animation=&#8220;bottom-t-top&#8220; width=&#8220;3\/4&#8243; uncode_shortcode_id=&#8220;153875&#8243;][vc_custom_heading uncode_shortcode_id=&#8220;175374&#8243;]El Gouna, das Venedig des Orients[\/vc_custom_heading][vc_column_text text_lead=&#8220;yes&#8220; uncode_shortcode_id=&#8220;290647&#8243;]Neben einem sch\u00f6nes Reiseziel f\u00fcr alle Wassersportler hat El Gouna noch viel mehr zu bieten. Am Beach Club k\u00f6nnt Ihr Euch w\u00e4hrend einer Massage entspannen oder die Sauna sowie die leckeren Speisen und Getr\u00e4nke genie\u00dfen.<br \/>\nF\u00fcr diejenigen, die gerne auf Entdeckungsreise gehen, gibt es tolle Ausfl\u00fcge und Aktivit\u00e4ten in der Umgebung.[\/vc_column_text][\/vc_column][vc_column column_width_percent=&#8220;100&#8243; position_vertical=&#8220;middle&#8220; align_horizontal=&#8220;align_center&#8220; gutter_size=&#8220;3&#8243; overlay_alpha=&#8220;50&#8243; shift_x=&#8220;0&#8243; shift_y=&#8220;0&#8243; shift_y_down=&#8220;0&#8243; z_index=&#8220;0&#8243; medium_width=&#8220;0&#8243; mobile_width=&#8220;0&#8243; width=&#8220;1\/4&#8243; uncode_shortcode_id=&#8220;179550&#8243;][\/vc_column][\/vc_row][vc_row row_height_percent=&#8220;0&#8243; overlay_alpha=&#8220;50&#8243; gutter_size=&#8220;3&#8243; column_width_percent=&#8220;100&#8243; shift_y=&#8220;0&#8243; z_index=&#8220;0&#8243; uncode_shortcode_id=&#8220;171611&#8243;][vc_column column_width_percent=&#8220;100&#8243; gutter_size=&#8220;3&#8243; overlay_alpha=&#8220;50&#8243; shift_x=&#8220;0&#8243; shift_y=&#8220;0&#8243; shift_y_down=&#8220;0&#8243; z_index=&#8220;0&#8243; medium_width=&#8220;0&#8243; mobile_width=&#8220;0&#8243; css_animation=&#8220;bottom-t-top&#8220; width=&#8220;1\/3&#8243; uncode_shortcode_id=&#8220;248997&#8243;][vc_gallery el_id=&#8220;gallery-1787954&#8243; type=&#8220;carousel&#8220; random=&#8220;yes&#8220; medias=&#8220;12514,12516,12518,12494&#8243; carousel_lg=&#8220;1&#8243; carousel_md=&#8220;1&#8243; carousel_sm=&#8220;1&#8243; thumb_size=&#8220;three-four&#8220; gutter_size=&#8220;3&#8243; carousel_interval=&#8220;3000&#8243; carousel_navspeed=&#8220;200&#8243; carousel_loop=&#8220;yes&#8220; stage_padding=&#8220;0&#8243; single_overlay_opacity=&#8220;50&#8243; single_overlay_anim=&#8220;no&#8220; single_padding=&#8220;2&#8243; single_border=&#8220;yes&#8220; uncode_shortcode_id=&#8220;114143&#8243;][vc_icon icon_image=&#8220;4603&#8243; media_size=&#8220;50&#8243; text_size=&#8220;h4&#8243; linked_title=&#8220;yes&#8220; text_lead=&#8220;yes&#8220; align=&#8220;left&#8220; title=&#8220;Schnorcheln&#8220; uncode_shortcode_id=&#8220;802220&#8243;]Taucht ein in die \u00e4gyptische Unterwasserwelt! Entdeckt kristallblaues Wasser, eine bunte Vielfalt an Fischen und bestaunt die sch\u00f6nen farbenfrohen Korallenriffe. Neben dem Schnorcheln k\u00f6nnt Ihr auch tauchen gehen und die Tiefen des Meeres erkunden.[\/vc_icon][\/vc_column][vc_column width=&#8220;1\/3&#8243;][vc_gallery el_id=&#8220;gallery-1787957&#8243; type=&#8220;carousel&#8220; random=&#8220;yes&#8220; medias=&#8220;12490,12488,12486,12484,12482,12480&#8243; carousel_lg=&#8220;1&#8243; carousel_md=&#8220;1&#8243; carousel_sm=&#8220;1&#8243; thumb_size=&#8220;three-four&#8220; gutter_size=&#8220;3&#8243; carousel_interval=&#8220;3000&#8243; carousel_navspeed=&#8220;200&#8243; carousel_loop=&#8220;yes&#8220; stage_padding=&#8220;0&#8243; single_overlay_opacity=&#8220;50&#8243; single_overlay_anim=&#8220;no&#8220; single_padding=&#8220;2&#8243; single_border=&#8220;yes&#8220; uncode_shortcode_id=&#8220;993704&#8243;][vc_icon icon_image=&#8220;7609&#8243; media_size=&#8220;50&#8243; text_size=&#8220;h4&#8243; linked_title=&#8220;yes&#8220; text_lead=&#8220;yes&#8220; align=&#8220;left&#8220; title=&#8220;Ausfl\u00fcge in die W\u00fcste&#8220; uncode_shortcode_id=&#8220;120837&#8243; link=&#8220;url:https%3A%2F%2Fwww.instagram.com%2Felgounamountaingoats%2F|&#8220;]Auf ins Abenteuer und in die W\u00fcste! Direkt hinter dem Makani Beach Club gibt es eine gro\u00dfe W\u00fcste zu entdecken. Erfahrt alles \u00fcber die Landschaft und bestaunt den Sternenhimmel am Abend. Am Lagerfeuer lasst Ihr Eure erfolgreiche W\u00fcstenwanderung gemeinsam ausklingen. Wir empfehlen <span style=\"color: #ff6600;\"><strong><a href=\"https:\/\/www.instagram.com\/elgounamountaingoats\/\" target=\"_blank\" rel=\"noopener\">Sitze und sein Team Mountain Goats<\/a><\/strong><\/span>. Wir finden es gro\u00dfartig, wie sie das tun und die Vibes, die sie verbreiten. Das ist ein Muss.[\/vc_icon][\/vc_column][vc_column width=&#8220;1\/3&#8243;][vc_gallery el_id=&#8220;gallery-178795&#8243; type=&#8220;carousel&#8220; random=&#8220;yes&#8220; medias=&#8220;12536,12532,12526,12524,12534,12528&#8243; carousel_lg=&#8220;1&#8243; carousel_md=&#8220;1&#8243; carousel_sm=&#8220;1&#8243; thumb_size=&#8220;three-four&#8220; gutter_size=&#8220;3&#8243; carousel_interval=&#8220;3000&#8243; carousel_navspeed=&#8220;200&#8243; carousel_loop=&#8220;yes&#8220; stage_padding=&#8220;0&#8243; single_overlay_opacity=&#8220;50&#8243; single_overlay_anim=&#8220;no&#8220; single_padding=&#8220;2&#8243; single_border=&#8220;yes&#8220; uncode_shortcode_id=&#8220;193880&#8243;][vc_icon icon_image=&#8220;7613&#8243; media_size=&#8220;50&#8243; text_size=&#8220;h4&#8243; linked_title=&#8220;yes&#8220; text_lead=&#8220;yes&#8220; align=&#8220;left&#8220; title=&#8220;Stand Up Paddlen&#8220; uncode_shortcode_id=&#8220;743122&#8243;]Stand Up Paddling ist die perfekte Alternative, um windstille Tage auf dem Wasser zu verbringen und das Gleichgewicht auf dem Board zu trainieren! Mietet Euch SUPs im Makani Beach Club und erkundet das Rote Meer und die vielen sch\u00f6nen Buchten von El Gouna.[\/vc_icon][\/vc_column][\/vc_row][vc_row][vc_column width=&#8220;1\/1&#8243;][uncode_block id=&#8220;9345&#8243;][\/vc_column][\/vc_row][vc_row][vc_column width=&#8220;1\/1&#8243;][uncode_block id=&#8220;5814&#8243;][\/vc_column][\/vc_row]<\/p>\n<\/div>","protected":false},"excerpt":{"rendered":"<p>[vc_row row_height_percent=&#8220;100&#8243; override_padding=&#8220;yes&#8220; h_padding=&#8220;2&#8243; top_padding=&#8220;0&#8243; bottom_padding=&#8220;0&#8243; back_image=&#8220;12317&#8243; overlay_color=&#8220;color-478145&#8243; overlay_alpha=&#8220;100&#8243; gutter_size=&#8220;3&#8243; column_width_percent=&#8220;100&#8243; shift_y=&#8220;0&#8243; z_index=&#8220;0&#8243; uncode_shortcode_id=&#8220;712653&#8243; overlay_color_type=&#8220;uncode-palette&#8220;][vc_column column_width_percent=&#8220;100&#8243; position_vertical=&#8220;bottom&#8220; align_horizontal=&#8220;align_center&#8220; gutter_size=&#8220;3&#8243; overlay_alpha=&#8220;50&#8243; [&hellip;]<\/p>\n","protected":false},"author":5,"featured_media":12372,"parent":7647,"menu_order":0,"comment_status":"closed","ping_status":"closed","template":"","meta":{"footnotes":""},"class_list":["post-7677","page","type-page","status-publish","has-post-thumbnail","hentry","page_category-el-gouna-teaser-de"],"_links":{"self":[{"href":"https:\/\/primesurf.com\/de\/wp-json\/wp\/v2\/pages\/7677","targetHints":{"allow":["GET"]}}],"collection":[{"href":"https:\/\/primesurf.com\/de\/wp-json\/wp\/v2\/pages"}],"about":[{"href":"https:\/\/primesurf.com\/de\/wp-json\/wp\/v2\/types\/page"}],"author":[{"embeddable":true,"href":"https:\/\/primesurf.com\/de\/wp-json\/wp\/v2\/users\/5"}],"replies":[{"embeddable":true,"href":"https:\/\/primesurf.com\/de\/wp-json\/wp\/v2\/comments?post=7677"}],"version-history":[{"count":41,"href":"https:\/\/primesurf.com\/de\/wp-json\/wp\/v2\/pages\/7677\/revisions"}],"predecessor-version":[{"id":12762,"href":"https:\/\/primesurf.com\/de\/wp-json\/wp\/v2\/pages\/7677\/revisions\/12762"}],"up":[{"embeddable":true,"href":"https:\/\/primesurf.com\/de\/wp-json\/wp\/v2\/pages\/7647"}],"wp:featuredmedia":[{"embeddable":true,"href":"https:\/\/primesurf.com\/de\/wp-json\/wp\/v2\/media\/12372"}],"wp:attachment":[{"href":"https:\/\/primesurf.com\/de\/wp-json\/wp\/v2\/media?parent=7677"}],"curies":[{"name":"wp","href":"https:\/\/api.w.org\/{rel}","templated":true}]}}