{"id":7671,"date":"2022-12-05T14:26:59","date_gmt":"2022-12-05T14:26:59","guid":{"rendered":"https:\/\/primesurf.com\/locations\/el-gouna\/storage-und-verleih\/"},"modified":"2024-09-18T13:14:54","modified_gmt":"2024-09-18T13:14:54","slug":"storage-und-verleih","status":"publish","type":"page","link":"https:\/\/primesurf.com\/de\/locations\/el-gouna\/storage-und-verleih\/","title":{"rendered":"Storage und Verleih"},"content":{"rendered":"<div class=\"wpb-content-wrapper\"><p>[vc_row row_height_percent=&#8220;100&#8243; override_padding=&#8220;yes&#8220; h_padding=&#8220;2&#8243; top_padding=&#8220;0&#8243; bottom_padding=&#8220;0&#8243; back_image=&#8220;12379&#8243; overlay_color=&#8220;color-478145&#8243; overlay_alpha=&#8220;100&#8243; gutter_size=&#8220;3&#8243; column_width_percent=&#8220;100&#8243; shift_y=&#8220;0&#8243; z_index=&#8220;0&#8243; uncode_shortcode_id=&#8220;615818&#8243; overlay_color_type=&#8220;uncode-palette&#8220;][vc_column column_width_percent=&#8220;100&#8243; position_vertical=&#8220;bottom&#8220; align_horizontal=&#8220;align_center&#8220; gutter_size=&#8220;3&#8243; overlay_alpha=&#8220;50&#8243; shift_x=&#8220;0&#8243; shift_y=&#8220;0&#8243; shift_y_down=&#8220;0&#8243; z_index=&#8220;0&#8243; medium_width=&#8220;0&#8243; mobile_width=&#8220;0&#8243; width=&#8220;1\/1&#8243; uncode_shortcode_id=&#8220;189613&#8243;][vc_row_inner limit_content=&#8220;&#8220;][vc_column_inner column_width_percent=&#8220;100&#8243; position_vertical=&#8220;bottom&#8220; align_horizontal=&#8220;align_center&#8220; gutter_size=&#8220;3&#8243; overlay_alpha=&#8220;50&#8243; shift_x=&#8220;0&#8243; shift_y=&#8220;0&#8243; shift_y_down=&#8220;0&#8243; z_index=&#8220;0&#8243; medium_width=&#8220;0&#8243; mobile_width=&#8220;0&#8243; width=&#8220;1\/1&#8243; uncode_shortcode_id=&#8220;150807&#8243;][vc_custom_heading heading_semantic=&#8220;h1&#8243; text_size=&#8220;fontsize-508984&#8243; text_weight=&#8220;800&#8243; uncode_shortcode_id=&#8220;394919&#8243;]El Gouna[\/vc_custom_heading][\/vc_column_inner][\/vc_row_inner][vc_row_inner row_inner_height_percent=&#8220;0&#8243; overlay_alpha=&#8220;50&#8243; gutter_size=&#8220;3&#8243; shift_y=&#8220;0&#8243; z_index=&#8220;0&#8243; mobile_visibility=&#8220;yes&#8220; uncode_shortcode_id=&#8220;145472&#8243; limit_content=&#8220;&#8220;][vc_column_inner width=&#8220;1\/1&#8243;][vc_wp_custommenu nav_menu=&#8220;146&#8243; nav_menu_horizontal=&#8220;1&#8243; use_widget_style=&#8220;yes&#8220; widget_collapse=&#8220;yes&#8220; widget_style_no_arrows=&#8220;yes&#8220;][\/vc_column_inner][\/vc_row_inner][vc_row_inner row_inner_height_percent=&#8220;0&#8243; overlay_alpha=&#8220;50&#8243; gutter_size=&#8220;3&#8243; shift_y=&#8220;0&#8243; z_index=&#8220;0&#8243; desktop_visibility=&#8220;yes&#8220; medium_visibility=&#8220;yes&#8220; uncode_shortcode_id=&#8220;160906&#8243; limit_content=&#8220;&#8220;][vc_column_inner width=&#8220;1\/1&#8243;][vc_wp_custommenu nav_menu=&#8220;146&#8243; nav_menu_horizontal=&#8220;1&#8243; use_widget_style=&#8220;yes&#8220; widget_collapse=&#8220;yes&#8220; widget_style_no_arrows=&#8220;yes&#8220; title=&#8220;Verleih&#8220;][\/vc_column_inner][\/vc_row_inner][\/vc_column][\/vc_row][vc_row row_height_percent=&#8220;0&#8243; override_padding=&#8220;yes&#8220; h_padding=&#8220;3&#8243; top_padding=&#8220;3&#8243; bottom_padding=&#8220;3&#8243; overlay_alpha=&#8220;50&#8243; gutter_size=&#8220;4&#8243; column_width_percent=&#8220;100&#8243; shift_y=&#8220;0&#8243; z_index=&#8220;0&#8243; uncode_shortcode_id=&#8220;196103&#8243;][vc_column column_width_percent=&#8220;100&#8243; gutter_size=&#8220;3&#8243; overlay_alpha=&#8220;50&#8243; shift_x=&#8220;0&#8243; shift_y=&#8220;0&#8243; shift_y_down=&#8220;0&#8243; z_index=&#8220;0&#8243; medium_width=&#8220;0&#8243; mobile_width=&#8220;0&#8243; css_animation=&#8220;bottom-t-top&#8220; width=&#8220;1\/2&#8243; uncode_shortcode_id=&#8220;174221&#8243; css=&#8220;.vc_custom_1673473362381{padding-top: 18px !important;}&#8220;][vc_custom_heading uncode_shortcode_id=&#8220;129341&#8243;]Verleih[\/vc_custom_heading][vc_column_text text_lead=&#8220;yes&#8220; uncode_shortcode_id=&#8220;784937&#8243;]Am Makani Beach Club habt Ihr die M\u00f6glichkeit Eurer gesamtes Equipment auszuleihen. Von Neoprenanz\u00fcgen und Trapezen bis hin zu Kites, Boards und Wingfoil-Material steht alles vor Ort f\u00fcr Euch zur Verf\u00fcgung.<br \/>\nDas Material mietet Ihr jeweils f\u00fcr den ganzen Tag und k\u00f6nnt Eure Kite- und Boardgr\u00f6\u00dfen je nach Wind zwischen den Sessions wechseln. In der Kite-Schule findet Ihr immer jemanden, der Euch Tipps und Empfehlungen f\u00fcr die richtige Auswahl des Equipments gibt, das am besten zu Euch passt.<br \/>\nDas Gleiche gilt f\u00fcr das gesamte Wingfoiling-Material.[\/vc_column_text][\/vc_column][vc_column column_width_percent=&#8220;100&#8243; gutter_size=&#8220;3&#8243; overlay_color=&#8220;color-xsdn&#8220; overlay_alpha=&#8220;10&#8243; shift_x=&#8220;0&#8243; shift_y=&#8220;0&#8243; shift_y_down=&#8220;0&#8243; z_index=&#8220;0&#8243; medium_width=&#8220;0&#8243; mobile_width=&#8220;0&#8243; css_animation=&#8220;bottom-t-top&#8220; radius=&#8220;xl&#8220; width=&#8220;1\/2&#8243; uncode_shortcode_id=&#8220;160261&#8243; css=&#8220;.vc_custom_1673473370965{padding-top: 20px !important;padding-right: 40px !important;padding-bottom: 40px !important;padding-left: 40px !important;}&#8220; overlay_color_type=&#8220;uncode-palette&#8220;][vc_custom_heading uncode_shortcode_id=&#8220;408934&#8243;]Details[\/vc_custom_heading][vc_column_text text_lead=&#8220;yes&#8220; uncode_shortcode_id=&#8220;576189&#8243;]<strong>Kitesurfen<\/strong><br \/>\n\u2713 Kites &amp; Bars von Duotone<br \/>\n\u2713 Verf\u00fcgbare Kitegr\u00f6\u00dfen: 6 bis 14m<br \/>\n\u2713 Twintips von Duotone<br \/>\n\u2713 Verf\u00fcgbare Gr\u00f6\u00dfen von 135 to 154<br \/>\n\u2713 Waveboards von Duotone &amp; Cube Boards<br \/>\n\u2713 Trapeze, Neoprenanz\u00fcge und Sicherheitsausr\u00fcstung von ION<\/p>\n<p><strong>Wingfoilen<\/strong><br \/>\n\u2713 Wings von Duotone<br \/>\n\u2713 Boards &amp; Foils von Fanatic[\/vc_column_text][\/vc_column][\/vc_row][vc_row row_height_percent=&#8220;0&#8243; override_padding=&#8220;yes&#8220; h_padding=&#8220;3&#8243; top_padding=&#8220;3&#8243; bottom_padding=&#8220;3&#8243; overlay_alpha=&#8220;50&#8243; gutter_size=&#8220;4&#8243; column_width_percent=&#8220;100&#8243; shift_y=&#8220;0&#8243; z_index=&#8220;0&#8243; uncode_shortcode_id=&#8220;130115&#8243;][vc_column column_width_percent=&#8220;100&#8243; gutter_size=&#8220;3&#8243; overlay_alpha=&#8220;50&#8243; shift_x=&#8220;0&#8243; shift_y=&#8220;0&#8243; shift_y_down=&#8220;0&#8243; z_index=&#8220;0&#8243; medium_width=&#8220;0&#8243; mobile_width=&#8220;0&#8243; css_animation=&#8220;bottom-t-top&#8220; width=&#8220;1\/2&#8243; uncode_shortcode_id=&#8220;174221&#8243; css=&#8220;.vc_custom_1673473362381{padding-top: 18px !important;}&#8220;][vc_custom_heading uncode_shortcode_id=&#8220;130644&#8243;]Storages &amp; Strandnutzung[\/vc_custom_heading][vc_column_text text_lead=&#8220;yes&#8220; uncode_shortcode_id=&#8220;151300&#8243;]Wenn Ihr Euer eigenes Material mit zu Makani bringen m\u00f6chtet, habt Ihr die M\u00f6glichkeit dieses in einer der verf\u00fcgbaren Boxen sicher lagern. Es gibt Storages f\u00fcr Einzelpersonen oder ganze Gruppen. Wenn Ihr einen Storage bei Makani bucht, ist die Strandgeb\u00fchr bereits inbegriffen und Ihr k\u00f6nnt jeden weiteren Service des Beach Clubs kostenlos nutzen.<\/p>\n<p>Nat\u00fcrlich k\u00f6nnt Ihr Euer Material nach den Sessions auch mit nach Hause nehmen. F\u00fcr die Nutzung aller Einrichtungen des Centers wird dann eine Geb\u00fchr erhoben. Der Dienst des Rettungsbootes im Wasser ist in dieser Geb\u00fchr immer enthalten.[\/vc_column_text][\/vc_column][vc_column column_width_percent=&#8220;100&#8243; gutter_size=&#8220;3&#8243; overlay_color=&#8220;color-xsdn&#8220; overlay_alpha=&#8220;10&#8243; shift_x=&#8220;0&#8243; shift_y=&#8220;0&#8243; shift_y_down=&#8220;0&#8243; z_index=&#8220;0&#8243; medium_width=&#8220;0&#8243; mobile_width=&#8220;0&#8243; css_animation=&#8220;bottom-t-top&#8220; radius=&#8220;xl&#8220; width=&#8220;1\/2&#8243; uncode_shortcode_id=&#8220;160261&#8243; css=&#8220;.vc_custom_1673473370965{padding-top: 20px !important;padding-right: 40px !important;padding-bottom: 40px !important;padding-left: 40px !important;}&#8220; overlay_color_type=&#8220;uncode-palette&#8220;][vc_custom_heading uncode_shortcode_id=&#8220;408934&#8243;]Details[\/vc_custom_heading][vc_column_text text_lead=&#8220;yes&#8220; uncode_shortcode_id=&#8220;193802&#8243;]In der Geb\u00fchr f\u00fcr den Storage ist die Strandgeb\u00fchr bereits enthalten, wodurch Ihr alle Einrichtungen von Makani mitbenutzen k\u00f6nnt. <\/p>\n<p>\u2713 Storage und Kite-Services<br \/>\n\u2713 Kompressor<br \/>\n\u2713 Rettungsboot<br \/>\n\u2713 Anlagennutzung des Beach Clubs<br \/>\n\u2713 Duschen mit warmem Wasser<br \/>\n\u2713 Bereich zum Absp\u00fclen von Boards und Bars<br \/>\n\u2713 Bereich zum Reinigen und Trocknen von Kites<br \/>\n\u2713 Saunanutzung (w\u00e4hrend der Winterzeit)[\/vc_column_text][\/vc_column][\/vc_row][vc_row row_height_percent=&#8220;0&#8243; override_padding=&#8220;yes&#8220; h_padding=&#8220;0&#8243; top_padding=&#8220;0&#8243; bottom_padding=&#8220;0&#8243; overlay_alpha=&#8220;50&#8243; gutter_size=&#8220;3&#8243; column_width_percent=&#8220;100&#8243; shift_y=&#8220;0&#8243; z_index=&#8220;0&#8243; uncode_shortcode_id=&#8220;142978&#8243;][vc_column width=&#8220;1\/3&#8243;][vc_single_image media=&#8220;4916&#8243; media_width_percent=&#8220;100&#8243; uncode_shortcode_id=&#8220;546348&#8243;][\/vc_column][vc_column column_width_percent=&#8220;100&#8243; align_horizontal=&#8220;align_center&#8220; gutter_size=&#8220;3&#8243; overlay_alpha=&#8220;50&#8243; shift_x=&#8220;0&#8243; shift_y=&#8220;0&#8243; shift_y_down=&#8220;0&#8243; z_index=&#8220;0&#8243; medium_width=&#8220;0&#8243; mobile_width=&#8220;0&#8243; width=&#8220;1\/3&#8243; uncode_shortcode_id=&#8220;127181&#8243;][vc_single_image media=&#8220;4918&#8243; media_width_percent=&#8220;100&#8243; uncode_shortcode_id=&#8220;205360&#8243;][\/vc_column][vc_column width=&#8220;1\/3&#8243;][\/vc_column][\/vc_row][vc_row][vc_column width=&#8220;1\/1&#8243;][uncode_block id=&#8220;9345&#8243;][\/vc_column][\/vc_row][vc_row row_height_percent=&#8220;0&#8243; override_padding=&#8220;yes&#8220; h_padding=&#8220;2&#8243; top_padding=&#8220;3&#8243; bottom_padding=&#8220;2&#8243; overlay_alpha=&#8220;50&#8243; gutter_size=&#8220;3&#8243; column_width_percent=&#8220;100&#8243; shift_y=&#8220;0&#8243; z_index=&#8220;0&#8243; uncode_shortcode_id=&#8220;141375&#8243;][vc_column width=&#8220;1\/6&#8243;][\/vc_column][vc_column width=&#8220;2\/3&#8243;][vc_gallery el_id=&#8220;gallery-593218&#8243; type=&#8220;carousel&#8220; medias=&#8220;12357,12411,12291,12365,12393,12371,12297&#8243; carousel_lg=&#8220;1&#8243; carousel_md=&#8220;1&#8243; carousel_sm=&#8220;1&#8243; thumb_size=&#8220;three-two&#8220; gutter_size=&#8220;3&#8243; media_items=&#8220;media|lightbox|original&#8220; carousel_interval=&#8220;3000&#8243; carousel_navspeed=&#8220;400&#8243; carousel_loop=&#8220;yes&#8220; carousel_nav_skin=&#8220;dark&#8220; carousel_dots=&#8220;yes&#8220; stage_padding=&#8220;0&#8243; single_style=&#8220;dark&#8220; single_shape=&#8220;round&#8220; radius=&#8220;lg&#8220; single_overlay_opacity=&#8220;50&#8243; single_overlay_anim=&#8220;no&#8220; single_text_anim=&#8220;no&#8220; single_image_anim=&#8220;no&#8220; single_padding=&#8220;2&#8243; uncode_shortcode_id=&#8220;156974&#8243;][\/vc_column][vc_column width=&#8220;1\/6&#8243;][\/vc_column][\/vc_row][vc_row row_height_percent=&#8220;0&#8243; override_padding=&#8220;yes&#8220; h_padding=&#8220;2&#8243; top_padding=&#8220;3&#8243; bottom_padding=&#8220;2&#8243; overlay_alpha=&#8220;50&#8243; gutter_size=&#8220;3&#8243; column_width_percent=&#8220;100&#8243; shift_y=&#8220;0&#8243; z_index=&#8220;0&#8243; uncode_shortcode_id=&#8220;867718&#8243;][vc_column width=&#8220;1\/1&#8243;][uncode_block id=&#8220;5814&#8243; inside_column=&#8220;yes&#8220;][\/vc_column][\/vc_row]<\/p>\n<\/div>","protected":false},"excerpt":{"rendered":"<p>[vc_row row_height_percent=&#8220;100&#8243; override_padding=&#8220;yes&#8220; h_padding=&#8220;2&#8243; top_padding=&#8220;0&#8243; bottom_padding=&#8220;0&#8243; back_image=&#8220;12379&#8243; overlay_color=&#8220;color-478145&#8243; overlay_alpha=&#8220;100&#8243; gutter_size=&#8220;3&#8243; column_width_percent=&#8220;100&#8243; shift_y=&#8220;0&#8243; z_index=&#8220;0&#8243; uncode_shortcode_id=&#8220;615818&#8243; overlay_color_type=&#8220;uncode-palette&#8220;][vc_column column_width_percent=&#8220;100&#8243; position_vertical=&#8220;bottom&#8220; align_horizontal=&#8220;align_center&#8220; gutter_size=&#8220;3&#8243; overlay_alpha=&#8220;50&#8243; [&hellip;]<\/p>\n","protected":false},"author":5,"featured_media":12380,"parent":7647,"menu_order":0,"comment_status":"closed","ping_status":"closed","template":"","meta":{"footnotes":""},"class_list":["post-7671","page","type-page","status-publish","has-post-thumbnail","hentry","page_category-el-gouna-teaser-de"],"_links":{"self":[{"href":"https:\/\/primesurf.com\/de\/wp-json\/wp\/v2\/pages\/7671","targetHints":{"allow":["GET"]}}],"collection":[{"href":"https:\/\/primesurf.com\/de\/wp-json\/wp\/v2\/pages"}],"about":[{"href":"https:\/\/primesurf.com\/de\/wp-json\/wp\/v2\/types\/page"}],"author":[{"embeddable":true,"href":"https:\/\/primesurf.com\/de\/wp-json\/wp\/v2\/users\/5"}],"replies":[{"embeddable":true,"href":"https:\/\/primesurf.com\/de\/wp-json\/wp\/v2\/comments?post=7671"}],"version-history":[{"count":37,"href":"https:\/\/primesurf.com\/de\/wp-json\/wp\/v2\/pages\/7671\/revisions"}],"predecessor-version":[{"id":12626,"href":"https:\/\/primesurf.com\/de\/wp-json\/wp\/v2\/pages\/7671\/revisions\/12626"}],"up":[{"embeddable":true,"href":"https:\/\/primesurf.com\/de\/wp-json\/wp\/v2\/pages\/7647"}],"wp:featuredmedia":[{"embeddable":true,"href":"https:\/\/primesurf.com\/de\/wp-json\/wp\/v2\/media\/12380"}],"wp:attachment":[{"href":"https:\/\/primesurf.com\/de\/wp-json\/wp\/v2\/media?parent=7671"}],"curies":[{"name":"wp","href":"https:\/\/api.w.org\/{rel}","templated":true}]}}