{"id":7663,"date":"2022-12-05T14:26:42","date_gmt":"2022-12-05T14:26:42","guid":{"rendered":"https:\/\/primesurf.com\/locations\/el-gouna\/kite-camps\/"},"modified":"2026-03-16T20:51:32","modified_gmt":"2026-03-16T20:51:32","slug":"kite-camps","status":"publish","type":"page","link":"https:\/\/primesurf.com\/de\/locations\/el-gouna\/kite-camps\/","title":{"rendered":"Kite- &amp; Wingfoilcamps"},"content":{"rendered":"<div class=\"wpb-content-wrapper\"><p>[vc_row row_height_percent=&#8220;100&#8243; override_padding=&#8220;yes&#8220; h_padding=&#8220;2&#8243; top_padding=&#8220;0&#8243; bottom_padding=&#8220;0&#8243; back_image=&#8220;12399&#8243; overlay_color=&#8220;color-478145&#8243; overlay_alpha=&#8220;100&#8243; gutter_size=&#8220;3&#8243; column_width_percent=&#8220;100&#8243; shift_y=&#8220;0&#8243; z_index=&#8220;0&#8243; uncode_shortcode_id=&#8220;189951&#8243; overlay_color_type=&#8220;uncode-palette&#8220;][vc_column column_width_percent=&#8220;100&#8243; position_vertical=&#8220;bottom&#8220; align_horizontal=&#8220;align_center&#8220; gutter_size=&#8220;3&#8243; overlay_alpha=&#8220;50&#8243; shift_x=&#8220;0&#8243; shift_y=&#8220;0&#8243; shift_y_down=&#8220;0&#8243; z_index=&#8220;0&#8243; medium_width=&#8220;0&#8243; mobile_width=&#8220;0&#8243; width=&#8220;1\/1&#8243; uncode_shortcode_id=&#8220;189613&#8243;][vc_row_inner limit_content=&#8220;&#8220;][vc_column_inner column_width_percent=&#8220;100&#8243; position_vertical=&#8220;bottom&#8220; align_horizontal=&#8220;align_center&#8220; gutter_size=&#8220;3&#8243; overlay_alpha=&#8220;50&#8243; shift_x=&#8220;0&#8243; shift_y=&#8220;0&#8243; shift_y_down=&#8220;0&#8243; z_index=&#8220;0&#8243; medium_width=&#8220;0&#8243; mobile_width=&#8220;0&#8243; width=&#8220;1\/1&#8243; uncode_shortcode_id=&#8220;150807&#8243;][vc_custom_heading heading_semantic=&#8220;h1&#8243; text_size=&#8220;fontsize-508984&#8243; text_weight=&#8220;800&#8243; uncode_shortcode_id=&#8220;394919&#8243;]El Gouna[\/vc_custom_heading][\/vc_column_inner][\/vc_row_inner][vc_row_inner row_inner_height_percent=&#8220;0&#8243; overlay_alpha=&#8220;50&#8243; gutter_size=&#8220;3&#8243; shift_y=&#8220;0&#8243; z_index=&#8220;0&#8243; mobile_visibility=&#8220;yes&#8220; uncode_shortcode_id=&#8220;145472&#8243; limit_content=&#8220;&#8220;][vc_column_inner width=&#8220;1\/1&#8243;][vc_wp_custommenu nav_menu=&#8220;146&#8243; nav_menu_horizontal=&#8220;1&#8243; use_widget_style=&#8220;yes&#8220; widget_collapse=&#8220;yes&#8220; widget_style_no_arrows=&#8220;yes&#8220;][\/vc_column_inner][\/vc_row_inner][vc_row_inner row_inner_height_percent=&#8220;0&#8243; overlay_alpha=&#8220;50&#8243; gutter_size=&#8220;3&#8243; shift_y=&#8220;0&#8243; z_index=&#8220;0&#8243; desktop_visibility=&#8220;yes&#8220; medium_visibility=&#8220;yes&#8220; uncode_shortcode_id=&#8220;160906&#8243; limit_content=&#8220;&#8220;][vc_column_inner width=&#8220;1\/1&#8243;][vc_wp_custommenu nav_menu=&#8220;146&#8243; nav_menu_horizontal=&#8220;1&#8243; use_widget_style=&#8220;yes&#8220; widget_collapse=&#8220;yes&#8220; widget_style_no_arrows=&#8220;yes&#8220; title=&#8220;Kite Camps&#8220;][\/vc_column_inner][\/vc_row_inner][\/vc_column][\/vc_row][vc_row][vc_column width=&#8220;1\/1&#8243;][vc_tabs tab_hover=&#8220;yes&#8220; tab_switch=&#8220;yes&#8220; animation_active=&#8220;yes&#8220; uncode_shortcode_id=&#8220;203222&#8243;][vc_tab gutter_size=&#8220;2&#8243; column_padding=&#8220;2&#8243; title=&#8220;Kitecamps&#8220; tab_id=&#8220;1726651092-1-91&#8243;][vc_row_inner][vc_column_inner column_width_percent=&#8220;100&#8243; gutter_size=&#8220;3&#8243; overlay_alpha=&#8220;50&#8243; shift_x=&#8220;0&#8243; shift_y=&#8220;0&#8243; shift_y_down=&#8220;0&#8243; z_index=&#8220;0&#8243; medium_width=&#8220;0&#8243; mobile_width=&#8220;0&#8243; width=&#8220;1\/2&#8243; uncode_shortcode_id=&#8220;969785&#8243; css=&#8220;.vc_custom_1726653413232{padding-top: 20px !important;}&#8220;][vc_custom_heading uncode_shortcode_id=&#8220;207642&#8243;]Kite Camps[\/vc_custom_heading][vc_column_text text_lead=&#8220;yes&#8220; uncode_shortcode_id=&#8220;725738&#8243;]Du m\u00f6chtest Kitesurfen lernen, gemeinsam mit anderen Wassersport-Liebhabern, und eine gro\u00dfartige Zeit mit Gleichgesinnten verbringen?<br \/>\nDann ist das Kitecamp perfekt f\u00fcr dich!<\/p>\n<p>Hier kommen verschiedene Kite-Level zusammen. Du startest den Tag gemeinsam im Makani Beach Club, besprichst die t\u00e4glichen Windbedingungen, verbesserst deine Kite-Skills auf dem Wasser und trainierst den ganzen Tag. Am Abend l\u00e4sst du den langen Kitetag mit einem k\u00fchlen Drink an der Strandbar ausklingen. Du entdeckst die Lieblingsrestaurants der Stadt oder genie\u00dft die ber\u00fchmten Barbecue- und Tischfu\u00dfball-Abende bei Makani. Falls es den einen oder anderen Tag ohne Wind gibt, unternehmt ihr gemeinsam Ausfl\u00fcge, genie\u00dft eine Bootstour durch das Rote Meer, um Delfine zu sehen, bestaunt beim Schnorcheln die Korallenriffe oder erkundet die W\u00fcste von \u00c4gypten. Gemeinsam werdet ihr eine gro\u00dfartige Zeit haben und jede Minute auf dem Wasser genie\u00dfen!<br \/>\nGerne helfen wir dir dabei, die passende Unterkunft zu finden.[\/vc_column_text][\/vc_column_inner][vc_column_inner column_width_percent=&#8220;100&#8243; gutter_size=&#8220;3&#8243; overlay_color=&#8220;color-xsdn&#8220; overlay_alpha=&#8220;10&#8243; radius=&#8220;xl&#8220; shift_x=&#8220;0&#8243; shift_y=&#8220;0&#8243; shift_y_down=&#8220;0&#8243; z_index=&#8220;0&#8243; medium_width=&#8220;0&#8243; mobile_width=&#8220;0&#8243; width=&#8220;1\/2&#8243; uncode_shortcode_id=&#8220;792292&#8243; overlay_color_type=&#8220;uncode-palette&#8220; css=&#8220;.vc_custom_1726652867848{padding-top: 20px !important;padding-right: 40px !important;padding-bottom: 40px !important;padding-left: 40px !important;}&#8220;][vc_custom_heading uncode_shortcode_id=&#8220;408934&#8243;]Details[\/vc_custom_heading][vc_column_text text_lead=&#8220;yes&#8220; uncode_shortcode_id=&#8220;206455&#8243;]\u2713 6 Tage intensiver Gruppenkurs, 4-5 Std. Training am Tag<br \/>\n\u2713 max. 5 Sch\u00fcler pro Trainer<br \/>\n\u2713 Geeignet f\u00fcr alle Level: Beginner, Aufsteiger und Fortgeschrittene \/ VDWS Level 0-7<br \/>\n\u2713 Professionelle Betreuung VDWS-lizensierter Trainer<br \/>\n\u2713 Premium-Equipment von Core Kiteboarding und Duotone<br \/>\n\u2713 Interessante Theoriestunden<br \/>\n\u2713 Aktivit\u00e4ten mit Gleichgesinnten<\/p>\n<p>Preis: 740\u20ac[\/vc_column_text][vc_button border_animation=&#8220;btn-ripple-out&#8220; outline=&#8220;yes&#8220; border_width=&#8220;0&#8243; link=&#8220;url:https%3A%2F%2Fprimesurf.tideforce.app%2Fbook%3Flocation%3Degypt|title:Jetzt%20buchen|target:_blank|&#8220; uncode_shortcode_id=&#8220;162665&#8243;]Jetzt buchen[\/vc_button][\/vc_column_inner][\/vc_row_inner][vc_row_inner row_inner_height_percent=&#8220;0&#8243; force_width_grid=&#8220;yes&#8220; overlay_alpha=&#8220;50&#8243; gutter_size=&#8220;3&#8243; shift_y=&#8220;0&#8243; z_index=&#8220;0&#8243; uncode_shortcode_id=&#8220;714656&#8243;][vc_column_inner width=&#8220;1\/1&#8243;][\/vc_column_inner][\/vc_row_inner][vc_row_inner][vc_column_inner width=&#8220;1\/4&#8243;][\/vc_column_inner][vc_column_inner width=&#8220;1\/2&#8243;][vc_gallery el_id=&#8220;gallery-478160&#8243; type=&#8220;carousel&#8220; random=&#8220;yes&#8220; medias=&#8220;11943,12288,12290,12292,12294,12296,12298,12300,12318,12326,12328,12332,12334,12338,12346,12350,12352,12354,12356,12358,12360,12362,12364,12374,12376,12378,12380,12382,12384,12386,12388,12390,12394,12396,12398,12400,12402,12412,11940&#8243; carousel_lg=&#8220;1&#8243; carousel_md=&#8220;1&#8243; carousel_sm=&#8220;1&#8243; thumb_size=&#8220;three-two&#8220; gutter_size=&#8220;3&#8243; media_items=&#8220;media|lightbox|original&#8220; carousel_interval=&#8220;5000&#8243; carousel_navspeed=&#8220;200&#8243; carousel_loop=&#8220;yes&#8220; carousel_dots=&#8220;yes&#8220; carousel_dots_mobile=&#8220;yes&#8220; stage_padding=&#8220;0&#8243; single_shape=&#8220;round&#8220; radius=&#8220;lg&#8220; single_overlay_opacity=&#8220;1&#8243; single_overlay_anim=&#8220;no&#8220; single_text_anim=&#8220;no&#8220; single_image_anim=&#8220;no&#8220; single_padding=&#8220;2&#8243; single_shadow=&#8220;yes&#8220; shadow_weight=&#8220;sm&#8220; single_border=&#8220;yes&#8220; uncode_shortcode_id=&#8220;246095&#8243;][\/vc_column_inner][vc_column_inner width=&#8220;1\/4&#8243;][\/vc_column_inner][\/vc_row_inner][\/vc_tab][vc_tab gutter_size=&#8220;2&#8243; column_padding=&#8220;2&#8243; title=&#8220;Wingfoilcamps&#8220; tab_id=&#8220;1726651092-2-62&#8243;][vc_row_inner limit_content=&#8220;&#8220;][vc_column_inner column_width_percent=&#8220;100&#8243; gutter_size=&#8220;3&#8243; overlay_alpha=&#8220;50&#8243; shift_x=&#8220;0&#8243; shift_y=&#8220;0&#8243; shift_y_down=&#8220;0&#8243; z_index=&#8220;0&#8243; medium_width=&#8220;0&#8243; mobile_width=&#8220;0&#8243; width=&#8220;1\/2&#8243; uncode_shortcode_id=&#8220;188504&#8243; css=&#8220;.vc_custom_1726653423547{padding-top: 20px !important;}&#8220;][vc_custom_heading uncode_shortcode_id=&#8220;324442&#8243;]Wing camps[\/vc_custom_heading][vc_column_text text_lead=&#8220;yes&#8220; uncode_shortcode_id=&#8220;202897&#8243;]Ihr habt Lust Wingfoilen zu lernen oder Eure F\u00e4higkeiten zu verbessern?<br \/>\nDann kommt in unser Wingfoilcamp f\u00fcr Einsteiger und Fortgeschrittene!<br \/>\nDank unseres Flachwasserreviers in El Gouna k\u00f6nnen alle K\u00f6nnerstufen intensiv trainiert werden. Egal, ob Ihr Wingfoilen von Grund auf lernen m\u00f6chtet, mit Halsen k\u00e4mpft oder die ersten Spr\u00fcnge meistern m\u00f6chtet &#8211; unsere Wing-Trainer helfen Euch, das n\u00e4chste Level zu erreichen.<br \/>\nAnf\u00e4nger beginnen zun\u00e4chst auf SUP-Boards mit Wing, w\u00e4hrend erfahrene Wingfoiler nach kurzer Vorbereitung direkt auf die Wingfoil-Boards gehen. Aufbau, Abbau, Starten, Kurse fahren und erste Startversuche auf dem Foil stehen in der Camp-Woche auf dem Programm. Mit hochwertigem Equipment von Duotone ist unser Wingcamp der perfekte Zeitpunkt, um mit dem Wingfoilen zu beginnen oder seine F\u00e4higkeiten zu optimieren![\/vc_column_text][\/vc_column_inner][vc_column_inner column_width_percent=&#8220;100&#8243; gutter_size=&#8220;3&#8243; overlay_color=&#8220;color-xsdn&#8220; overlay_alpha=&#8220;10&#8243; radius=&#8220;xl&#8220; shift_x=&#8220;0&#8243; shift_y=&#8220;0&#8243; shift_y_down=&#8220;0&#8243; z_index=&#8220;0&#8243; medium_width=&#8220;0&#8243; mobile_width=&#8220;0&#8243; width=&#8220;1\/2&#8243; uncode_shortcode_id=&#8220;184569&#8243; overlay_color_type=&#8220;uncode-palette&#8220; css=&#8220;.vc_custom_1708427744569{padding-top: 20px !important;padding-right: 40px !important;padding-bottom: 40px !important;padding-left: 40px !important;}&#8220;][vc_custom_heading uncode_shortcode_id=&#8220;408934&#8243;]Details[\/vc_custom_heading][vc_column_text text_lead=&#8220;yes&#8220; uncode_shortcode_id=&#8220;536106&#8243;]\u2713 6 Tage intensiver Gruppenkurs, 4-5 Std. Training am Tag<br \/>\n\u2713 mind. 2 Teilnehmer. bis maximal 4 participants.<br \/>\n\u2713 Geeignet f\u00fcr alle Levels: Anf\u00e4nger bis Fortgeschrittene<br \/>\n\u2713 Professionelle Betreuung VDWS-lizensierter Trainer<br \/>\n\u2713 Premium Equipment von Duotone<br \/>\n\u2713 Gemeinsame Abendessen (kostenpflichtig)<br \/>\n\u2713 Interessante Theorieeinheiten. Von Sicherheitsregeln, Fahrtechniken bis hin zu Windkonditionen.<br \/>\n\u2713 Organisation von Aktivit\u00e4ten mit der Gruppe an windlosen Tagen<\/p>\n<p>Preis: 740\u20ac<\/p>\n<p>Falls nur ein Teilnehmer angemeldet ist, wechseln wir zu 8 Stunden Privatunterricht plus Materialmiete bis zum Ende der 6 Tage.[\/vc_column_text][vc_button border_animation=&#8220;btn-ripple-out&#8220; outline=&#8220;yes&#8220; border_width=&#8220;0&#8243; link=&#8220;url:https%3A%2F%2Fmakani.kitehub.eu%2Fbooking%2Fpos%2F1%3Fevent%3D39|title:Jetzt%20buchen|target:_blank|&#8220; uncode_shortcode_id=&#8220;115077&#8243;]Jetzt buchen[\/vc_button][\/vc_column_inner][\/vc_row_inner][vc_row_inner][vc_column_inner width=&#8220;1\/1&#8243;][\/vc_column_inner][\/vc_row_inner][\/vc_tab][\/vc_tabs][\/vc_column][\/vc_row][vc_row][vc_column width=&#8220;1\/1&#8243;][uncode_block id=&#8220;9345&#8243;][\/vc_column][\/vc_row][vc_row][vc_column width=&#8220;1\/1&#8243;][uncode_block id=&#8220;5814&#8243;][\/vc_column][\/vc_row]<\/p>\n<\/div>","protected":false},"excerpt":{"rendered":"<p>[vc_row row_height_percent=&#8220;100&#8243; override_padding=&#8220;yes&#8220; h_padding=&#8220;2&#8243; top_padding=&#8220;0&#8243; bottom_padding=&#8220;0&#8243; back_image=&#8220;12399&#8243; overlay_color=&#8220;color-478145&#8243; overlay_alpha=&#8220;100&#8243; gutter_size=&#8220;3&#8243; column_width_percent=&#8220;100&#8243; shift_y=&#8220;0&#8243; z_index=&#8220;0&#8243; uncode_shortcode_id=&#8220;189951&#8243; overlay_color_type=&#8220;uncode-palette&#8220;][vc_column column_width_percent=&#8220;100&#8243; position_vertical=&#8220;bottom&#8220; align_horizontal=&#8220;align_center&#8220; gutter_size=&#8220;3&#8243; overlay_alpha=&#8220;50&#8243; [&hellip;]<\/p>\n","protected":false},"author":5,"featured_media":12400,"parent":7647,"menu_order":0,"comment_status":"closed","ping_status":"closed","template":"","meta":{"footnotes":""},"class_list":["post-7663","page","type-page","status-publish","has-post-thumbnail","hentry","page_category-el-gouna-teaser-de"],"_links":{"self":[{"href":"https:\/\/primesurf.com\/de\/wp-json\/wp\/v2\/pages\/7663","targetHints":{"allow":["GET"]}}],"collection":[{"href":"https:\/\/primesurf.com\/de\/wp-json\/wp\/v2\/pages"}],"about":[{"href":"https:\/\/primesurf.com\/de\/wp-json\/wp\/v2\/types\/page"}],"author":[{"embeddable":true,"href":"https:\/\/primesurf.com\/de\/wp-json\/wp\/v2\/users\/5"}],"replies":[{"embeddable":true,"href":"https:\/\/primesurf.com\/de\/wp-json\/wp\/v2\/comments?post=7663"}],"version-history":[{"count":57,"href":"https:\/\/primesurf.com\/de\/wp-json\/wp\/v2\/pages\/7663\/revisions"}],"predecessor-version":[{"id":15813,"href":"https:\/\/primesurf.com\/de\/wp-json\/wp\/v2\/pages\/7663\/revisions\/15813"}],"up":[{"embeddable":true,"href":"https:\/\/primesurf.com\/de\/wp-json\/wp\/v2\/pages\/7647"}],"wp:featuredmedia":[{"embeddable":true,"href":"https:\/\/primesurf.com\/de\/wp-json\/wp\/v2\/media\/12400"}],"wp:attachment":[{"href":"https:\/\/primesurf.com\/de\/wp-json\/wp\/v2\/media?parent=7663"}],"curies":[{"name":"wp","href":"https:\/\/api.w.org\/{rel}","templated":true}]}}