{"id":7658,"date":"2022-12-05T14:26:14","date_gmt":"2022-12-05T14:26:14","guid":{"rendered":"https:\/\/primesurf.com\/locations\/el-gouna\/kurse\/"},"modified":"2024-09-18T13:09:47","modified_gmt":"2024-09-18T13:09:47","slug":"kurse","status":"publish","type":"page","link":"https:\/\/primesurf.com\/de\/locations\/el-gouna\/kurse\/","title":{"rendered":"Kite  Wingfoil Courses"},"content":{"rendered":"<div class=\"wpb-content-wrapper\"><p>[vc_row row_height_percent=&#8220;100&#8243; override_padding=&#8220;yes&#8220; h_padding=&#8220;2&#8243; top_padding=&#8220;0&#8243; bottom_padding=&#8220;0&#8243; back_image=&#8220;11950&#8243; overlay_color=&#8220;color-478145&#8243; overlay_alpha=&#8220;100&#8243; gutter_size=&#8220;3&#8243; column_width_percent=&#8220;100&#8243; shift_y=&#8220;0&#8243; z_index=&#8220;0&#8243; uncode_shortcode_id=&#8220;688462&#8243; overlay_color_type=&#8220;uncode-palette&#8220;][vc_column column_width_percent=&#8220;100&#8243; position_vertical=&#8220;bottom&#8220; align_horizontal=&#8220;align_center&#8220; gutter_size=&#8220;3&#8243; overlay_alpha=&#8220;50&#8243; shift_x=&#8220;0&#8243; shift_y=&#8220;0&#8243; shift_y_down=&#8220;0&#8243; z_index=&#8220;0&#8243; medium_width=&#8220;0&#8243; mobile_width=&#8220;0&#8243; width=&#8220;1\/1&#8243; uncode_shortcode_id=&#8220;189613&#8243;][vc_row_inner limit_content=&#8220;&#8220;][vc_column_inner column_width_percent=&#8220;100&#8243; position_vertical=&#8220;bottom&#8220; align_horizontal=&#8220;align_center&#8220; gutter_size=&#8220;3&#8243; overlay_alpha=&#8220;50&#8243; shift_x=&#8220;0&#8243; shift_y=&#8220;0&#8243; shift_y_down=&#8220;0&#8243; z_index=&#8220;0&#8243; medium_width=&#8220;0&#8243; mobile_width=&#8220;0&#8243; width=&#8220;1\/1&#8243; uncode_shortcode_id=&#8220;150807&#8243;][vc_custom_heading heading_semantic=&#8220;h1&#8243; text_size=&#8220;fontsize-508984&#8243; text_weight=&#8220;800&#8243; uncode_shortcode_id=&#8220;620358&#8243;]El Gouna[\/vc_custom_heading][\/vc_column_inner][\/vc_row_inner][vc_row_inner limit_content=&#8220;&#8220;][vc_column_inner column_width_percent=&#8220;100&#8243; gutter_size=&#8220;3&#8243; overlay_alpha=&#8220;50&#8243; shift_x=&#8220;0&#8243; shift_y=&#8220;0&#8243; shift_y_down=&#8220;0&#8243; z_index=&#8220;0&#8243; medium_width=&#8220;0&#8243; mobile_visibility=&#8220;yes&#8220; mobile_width=&#8220;0&#8243; width=&#8220;1\/1&#8243; uncode_shortcode_id=&#8220;162579&#8243;][vc_wp_custommenu nav_menu=&#8220;146&#8243; nav_menu_horizontal=&#8220;1&#8243; use_widget_style=&#8220;yes&#8220; widget_collapse=&#8220;yes&#8220; widget_style_no_arrows=&#8220;yes&#8220;][\/vc_column_inner][\/vc_row_inner][vc_row_inner limit_content=&#8220;&#8220;][vc_column_inner column_width_percent=&#8220;100&#8243; gutter_size=&#8220;3&#8243; overlay_alpha=&#8220;50&#8243; shift_x=&#8220;0&#8243; shift_y=&#8220;0&#8243; shift_y_down=&#8220;0&#8243; z_index=&#8220;0&#8243; desktop_visibility=&#8220;yes&#8220; medium_visibility=&#8220;yes&#8220; medium_width=&#8220;0&#8243; mobile_width=&#8220;0&#8243; width=&#8220;1\/1&#8243; uncode_shortcode_id=&#8220;898507&#8243;][vc_wp_custommenu nav_menu=&#8220;146&#8243; nav_menu_horizontal=&#8220;1&#8243; use_widget_style=&#8220;yes&#8220; widget_collapse=&#8220;yes&#8220; widget_style_no_arrows=&#8220;yes&#8220; title=&#8220;Kurse&#8220;][\/vc_column_inner][\/vc_row_inner][\/vc_column][\/vc_row][vc_row][vc_column width=&#8220;1\/1&#8243;][vc_tabs tab_hover=&#8220;yes&#8220; tab_switch=&#8220;yes&#8220; animation_active=&#8220;yes&#8220; typography=&#8220;advanced&#8220; titles_font=&#8220;font-555555&#8243; titles_size=&#8220;h5&#8243; titles_weight=&#8220;800&#8243; uncode_shortcode_id=&#8220;598371&#8243;][vc_tab gutter_size=&#8220;2&#8243; column_padding=&#8220;2&#8243; title=&#8220;Kitesurfen&#8220; tab_id=&#8220;1726649065-1-96&#8243; slug=&#8220;kitesurfing&#8220;][vc_custom_heading uncode_shortcode_id=&#8220;989839&#8243;]Kitesurf Kurse[\/vc_custom_heading][vc_column_text text_lead=&#8220;yes&#8220; uncode_shortcode_id=&#8220;837114&#8243;]Makani bietet Kitesurf Kurse f\u00fcr Anf\u00e4nger, Aufsteiger und Fortgeschrittene an. Unterrichtet werdet Ihr dabei mit dem neuesten Material von Duotone. Zudem stellt Euch die Kiteschule alles Notwendige wie Neoprenanzug, Prallschutzweste, Helm und Schuhe zur Verf\u00fcgung. Die Kitesurf-Trainer am Makani Beach Club bieten Euch Kitekurse auf Deutsch, Englisch, Franz\u00f6sisch und Arabisch an. Falls Ihr Fragen zum Kitesurfen lernen, Eurer pers\u00f6nlichen Kursbuchung oder Eurem Kite-Level habt, k\u00f6nnt Ihr uns gerne kontaktieren.[\/vc_column_text][uncode_block id=&#8220;5829&#8243; inside_column=&#8220;yes&#8220;][\/vc_tab][vc_tab gutter_size=&#8220;2&#8243; column_padding=&#8220;2&#8243; title=&#8220;Wingfoilen&#8220; tab_id=&#8220;1726649065-2-11&#8243; slug=&#8220;wingfoiling&#8220;][vc_custom_heading uncode_shortcode_id=&#8220;180070&#8243;]Wingfoil Kurse[\/vc_custom_heading][vc_column_text text_lead=&#8220;yes&#8220; uncode_shortcode_id=&#8220;106870&#8243;]Makani bietet auch Wingfoil Kurse f\u00fcr Anf\u00e4nger, Aufsteiger und Fortgeschrittene an. Unterrichtet werdet Ihr dabei mit dem neuesten Material von Duotone. Die Kite-Schule stellt Euch alles Notwendige zur Verf\u00fcgung wie Neoprenanzug, Prallschutzweste, Helm und Schuhe. Am Makani Beach Club gibt es eine Vielzahl von Lehrern, die Euch Kite Kurse auf Deutsch, Englisch, Franz\u00f6sisch und Arabisch anbieten k\u00f6nnen. Wenn Ihr Fragen zum Erlernen des Wingfoilen oder zu Eurem pers\u00f6nlichen Level habt, k\u00f6nnt Ihr uns gerne kontaktieren.[\/vc_column_text][uncode_block id=&#8220;5857&#8243; inside_column=&#8220;yes&#8220;][\/vc_tab][\/vc_tabs][\/vc_column][\/vc_row][vc_row][vc_column width=&#8220;1\/1&#8243;][\/vc_column][\/vc_row][vc_row unlock_row_content=&#8220;yes&#8220; row_height_percent=&#8220;0&#8243; override_padding=&#8220;yes&#8220; h_padding=&#8220;0&#8243; top_padding=&#8220;0&#8243; bottom_padding=&#8220;0&#8243; overlay_alpha=&#8220;100&#8243; gutter_size=&#8220;0&#8243; style=&#8220;inherited&#8220;][\/vc_row][vc_row unlock_row_content=&#8220;yes&#8220; row_height_percent=&#8220;0&#8243; override_padding=&#8220;yes&#8220; h_padding=&#8220;0&#8243; top_padding=&#8220;0&#8243; bottom_padding=&#8220;0&#8243; overlay_alpha=&#8220;50&#8243; equal_height=&#8220;yes&#8220; gutter_size=&#8220;0&#8243; shift_y=&#8220;0&#8243;][\/vc_row][vc_row][vc_column width=&#8220;1\/1&#8243;][uncode_block id=&#8220;9345&#8243;][\/vc_column][\/vc_row][vc_row][vc_column width=&#8220;1\/1&#8243;][uncode_block id=&#8220;5814&#8243; inside_column=&#8220;yes&#8220;][\/vc_column][\/vc_row]<\/p>\n<\/div>","protected":false},"excerpt":{"rendered":"<p>[vc_row row_height_percent=&#8220;100&#8243; override_padding=&#8220;yes&#8220; h_padding=&#8220;2&#8243; top_padding=&#8220;0&#8243; bottom_padding=&#8220;0&#8243; back_image=&#8220;11950&#8243; overlay_color=&#8220;color-478145&#8243; overlay_alpha=&#8220;100&#8243; gutter_size=&#8220;3&#8243; column_width_percent=&#8220;100&#8243; shift_y=&#8220;0&#8243; z_index=&#8220;0&#8243; uncode_shortcode_id=&#8220;688462&#8243; overlay_color_type=&#8220;uncode-palette&#8220;][vc_column column_width_percent=&#8220;100&#8243; position_vertical=&#8220;bottom&#8220; align_horizontal=&#8220;align_center&#8220; gutter_size=&#8220;3&#8243; overlay_alpha=&#8220;50&#8243; [&hellip;]<\/p>\n","protected":false},"author":5,"featured_media":12231,"parent":7647,"menu_order":0,"comment_status":"closed","ping_status":"closed","template":"","meta":{"footnotes":""},"class_list":["post-7658","page","type-page","status-publish","has-post-thumbnail","hentry","page_category-el-gouna-teaser-de"],"_links":{"self":[{"href":"https:\/\/primesurf.com\/de\/wp-json\/wp\/v2\/pages\/7658","targetHints":{"allow":["GET"]}}],"collection":[{"href":"https:\/\/primesurf.com\/de\/wp-json\/wp\/v2\/pages"}],"about":[{"href":"https:\/\/primesurf.com\/de\/wp-json\/wp\/v2\/types\/page"}],"author":[{"embeddable":true,"href":"https:\/\/primesurf.com\/de\/wp-json\/wp\/v2\/users\/5"}],"replies":[{"embeddable":true,"href":"https:\/\/primesurf.com\/de\/wp-json\/wp\/v2\/comments?post=7658"}],"version-history":[{"count":23,"href":"https:\/\/primesurf.com\/de\/wp-json\/wp\/v2\/pages\/7658\/revisions"}],"predecessor-version":[{"id":12620,"href":"https:\/\/primesurf.com\/de\/wp-json\/wp\/v2\/pages\/7658\/revisions\/12620"}],"up":[{"embeddable":true,"href":"https:\/\/primesurf.com\/de\/wp-json\/wp\/v2\/pages\/7647"}],"wp:featuredmedia":[{"embeddable":true,"href":"https:\/\/primesurf.com\/de\/wp-json\/wp\/v2\/media\/12231"}],"wp:attachment":[{"href":"https:\/\/primesurf.com\/de\/wp-json\/wp\/v2\/media?parent=7658"}],"curies":[{"name":"wp","href":"https:\/\/api.w.org\/{rel}","templated":true}]}}