{"id":7192,"date":"2023-01-09T23:35:49","date_gmt":"2023-01-09T23:35:49","guid":{"rendered":"https:\/\/primesurf-aws-preview.parasol.digital\/locations\/fehmarn\/faq\/"},"modified":"2024-08-08T08:53:55","modified_gmt":"2024-08-08T08:53:55","slug":"faq","status":"publish","type":"page","link":"https:\/\/primesurf.com\/de\/locations\/fehmarn\/faq\/","title":{"rendered":"FAQ"},"content":{"rendered":"<div class=\"wpb-content-wrapper\"><p>[vc_row row_height_percent=&#8220;100&#8243; override_padding=&#8220;yes&#8220; h_padding=&#8220;2&#8243; top_padding=&#8220;0&#8243; bottom_padding=&#8220;0&#8243; back_image=&#8220;10440&#8243; back_position=&#8220;center center&#8220; overlay_color=&#8220;color-343736&#8243; overlay_alpha=&#8220;100&#8243; gutter_size=&#8220;3&#8243; column_width_percent=&#8220;100&#8243; shift_y=&#8220;0&#8243; z_index=&#8220;0&#8243; uncode_shortcode_id=&#8220;554807&#8243; overlay_color_type=&#8220;uncode-palette&#8220;][vc_column column_width_percent=&#8220;100&#8243; position_vertical=&#8220;bottom&#8220; align_horizontal=&#8220;align_center&#8220; gutter_size=&#8220;3&#8243; overlay_alpha=&#8220;50&#8243; shift_x=&#8220;0&#8243; shift_y=&#8220;0&#8243; shift_y_down=&#8220;0&#8243; z_index=&#8220;0&#8243; medium_width=&#8220;0&#8243; mobile_width=&#8220;0&#8243; width=&#8220;1\/1&#8243; uncode_shortcode_id=&#8220;189613&#8243;][vc_row_inner limit_content=&#8220;&#8220;][vc_column_inner column_width_percent=&#8220;100&#8243; position_vertical=&#8220;bottom&#8220; align_horizontal=&#8220;align_center&#8220; gutter_size=&#8220;3&#8243; overlay_alpha=&#8220;50&#8243; shift_x=&#8220;0&#8243; shift_y=&#8220;0&#8243; shift_y_down=&#8220;0&#8243; z_index=&#8220;0&#8243; medium_width=&#8220;0&#8243; mobile_width=&#8220;0&#8243; width=&#8220;1\/1&#8243; uncode_shortcode_id=&#8220;150807&#8243;][vc_custom_heading heading_semantic=&#8220;h1&#8243; text_size=&#8220;fontsize-508984&#8243; text_weight=&#8220;800&#8243; uncode_shortcode_id=&#8220;116486&#8243;]Fehmarn[\/vc_custom_heading][\/vc_column_inner][\/vc_row_inner][vc_row_inner row_inner_height_percent=&#8220;0&#8243; overlay_alpha=&#8220;50&#8243; gutter_size=&#8220;3&#8243; shift_y=&#8220;0&#8243; z_index=&#8220;0&#8243; mobile_visibility=&#8220;yes&#8220; uncode_shortcode_id=&#8220;145472&#8243; limit_content=&#8220;&#8220;][vc_column_inner width=&#8220;1\/1&#8243;][vc_wp_custommenu nav_menu=&#8220;51&#8243; nav_menu_horizontal=&#8220;1&#8243; use_widget_style=&#8220;yes&#8220; widget_collapse=&#8220;yes&#8220; widget_style_no_arrows=&#8220;yes&#8220;][\/vc_column_inner][\/vc_row_inner][vc_row_inner row_inner_height_percent=&#8220;0&#8243; overlay_alpha=&#8220;50&#8243; gutter_size=&#8220;3&#8243; shift_y=&#8220;0&#8243; z_index=&#8220;0&#8243; desktop_visibility=&#8220;yes&#8220; medium_visibility=&#8220;yes&#8220; uncode_shortcode_id=&#8220;160906&#8243; limit_content=&#8220;&#8220;][vc_column_inner width=&#8220;1\/1&#8243;][vc_wp_custommenu nav_menu=&#8220;51&#8243; nav_menu_horizontal=&#8220;1&#8243; use_widget_style=&#8220;yes&#8220; widget_collapse=&#8220;yes&#8220; widget_style_no_arrows=&#8220;yes&#8220; title=&#8220;Kite Camps&#8220;][\/vc_column_inner][\/vc_row_inner][vc_row_inner limit_content=&#8220;&#8220;][vc_column_inner column_width_percent=&#8220;100&#8243; position_vertical=&#8220;bottom&#8220; align_horizontal=&#8220;align_center&#8220; gutter_size=&#8220;3&#8243; overlay_alpha=&#8220;50&#8243; shift_x=&#8220;0&#8243; shift_y=&#8220;0&#8243; shift_y_down=&#8220;0&#8243; z_index=&#8220;0&#8243; medium_width=&#8220;0&#8243; mobile_width=&#8220;0&#8243; width=&#8220;1\/1&#8243; uncode_shortcode_id=&#8220;231739&#8243;][vc_icon position=&#8220;bottom&#8220; icon_image=&#8220;2748&#8243; media_size=&#8220;80&#8243; heading_semantic=&#8220;h4&#8243; uncode_shortcode_id=&#8220;100780&#8243; link=&#8220;url:%23info|&#8220;][\/vc_icon][\/vc_column_inner][\/vc_row_inner][\/vc_column][\/vc_row][vc_row][vc_column width=&#8220;1\/1&#8243;][vc_custom_heading heading_semantic=&#8220;h3&#8243; text_size=&#8220;h3&#8243; uncode_shortcode_id=&#8220;632136&#8243;]<strong>H\u00e4ufig gestellte Fragen<\/strong>[\/vc_custom_heading][vc_column_text uncode_shortcode_id=&#8220;123245&#8243;]Schaut Euch hier die h\u00e4ufig gestellten Fragen an. Falls Ihr noch weitere Fragen haben solltet, k\u00f6nnt Ihr uns gern eine E-Mail schicken und wir werden Euch so schnell wie m\u00f6glich antworten.[\/vc_column_text][vc_custom_heading heading_semantic=&#8220;h3&#8243; text_size=&#8220;h4&#8243; uncode_shortcode_id=&#8220;117545&#8243;]Kite Camps und Kurse[\/vc_custom_heading][vc_accordion history=&#8220;yes&#8220; typography=&#8220;yes&#8220; active_tab=&#8220;0&#8243;][vc_accordion_tab gutter_size=&#8220;2&#8243; column_padding=&#8220;2&#8243; title=&#8220;Ihr wart noch nie Kitesurfen. Welchen Kurs solltet Ihr buchen? &#8220; tab_id=&#8220;1672883620-2-43&#8243; slug=&#8220;1&#8243;][vc_column_text uncode_shortcode_id=&#8220;129356&#8243;]Wir empfehlen Euch den <strong>Anf\u00e4ngerkurs.<\/strong><\/p>\n<p>Hier lernt Ihr den Kite sicher zu fliegen und zu kontrollieren. Sobald Ihr den Schirm sicher fliegt, bringen wir Euch bei, wie Ihr auf das Board kommt.<\/p>\n<p>Au\u00dferdem w\u00fcrden wir Euch die <strong>Kitecamps<\/strong> empfehlen. Das Camp geht insgesamt 6 Tage und Ihr verbringt durchschnittlich 4-5 Stunden auf dem Wasser.[\/vc_column_text][\/vc_accordion_tab][vc_accordion_tab gutter_size=&#8220;2&#8243; column_padding=&#8220;2&#8243; title=&#8220;Warum solltet Ihr das Kitecamp w\u00e4hlen?&#8220; tab_id=&#8220;1672883620-1-99&#8243; slug=&#8220;2&#8243;][vc_column_text uncode_shortcode_id=&#8220;839407&#8243;]Wenn Ihr gerne eine gute Zeit in einer Gruppe verbringt und mit Gleichgesinnten das Kitesurfen lernen m\u00f6chtet, dann ist das Camp genau richtig f\u00fcr Euch. W\u00e4hrend der Kitecamps werdet ihr so viel Zeit wie m\u00f6glich auf dem Wasser verbringen und jeden Tag \u00fcben.<br \/>\nDar\u00fcber hinaus organisieren wir auch Ausfl\u00fcge mit der gesamten Kitecamp-Gruppe.[\/vc_column_text][\/vc_accordion_tab][vc_accordion_tab gutter_size=&#8220;2&#8243; column_padding=&#8220;2&#8243; title=&#8220;Was ist der Unterschied zwischen Kitecamp und Kurs?&#8220; tab_id=&#8220;1673044812952-3-3&#8243; slug=&#8220;3&#8243;][vc_column_text uncode_shortcode_id=&#8220;185466&#8243;]Bei den stundenbasierten Kursen bucht Ihr ein Paket mit einer bestimmten Anzahl von Stunden. Sobald alle Stunden aufgebraucht sind, k\u00f6nnt Ihr mehr Stunden buchen oder Ausr\u00fcstung mieten, wenn Euer Niveau sicher genug ist.<\/p>\n<p>Das Kitecamp ist ein 6-t\u00e4giger Wochenkurs. Wir machen etwa 4-5 Stunden Unterricht pro Tag.<br \/>\n<span style=\"font-family: -apple-system, BlinkMacSystemFont, 'Segoe UI', Roboto, Oxygen-Sans, Ubuntu, Cantarell, 'Helvetica Neue', sans-serif;\">Das Camp beginnt montags und endet samstags. Hier findest du die <a href=\"https:\/\/primesurf.com\/de\/locations\/fehmarn\/kite-camps\/\">Termine<\/a>. Die Ankunft im G\u00e4stehaus ist am Sonntag.<br \/>\nWindstille Tage nutzen wir f\u00fcr gemeinsame Theorieeinheiten. Dar\u00fcber hinaus organisieren wir auch Ausfl\u00fcge mit der gesamten Kitecamp-Gruppe.<\/span>[\/vc_column_text][\/vc_accordion_tab][vc_accordion_tab gutter_size=&#8220;2&#8243; column_padding=&#8220;2&#8243; title=&#8220;Kann man eine Kitelizenz erwerben?&#8220; tab_id=&#8220;1672883895295-2-2&#8243; slug=&#8220;4&#8243;][vc_column_text uncode_shortcode_id=&#8220;466167&#8243;]Ja, Ihr k\u00f6nnt eine Lizenz bei uns machen.<br \/>\nDa wir eine zertifizierte VDWS-Schule sind, bieten wir Euch an, nach jedem Kurs eine Lizenz zu machen.<br \/>\nDie Lizenz beinhaltet das VDWS Lernbuch und kostet 55\u20ac.<br \/>\nDie Lizenz alleine kostet nur 35\u20ac.[\/vc_column_text][\/vc_accordion_tab][vc_accordion_tab gutter_size=&#8220;2&#8243; column_padding=&#8220;2&#8243; title=&#8220;Gibt es eine Erstattung, falls kein Wind ist?&#8220; tab_id=&#8220;1673045135666-4-10&#8243; slug=&#8220;5&#8243;][vc_column_text uncode_shortcode_id=&#8220;105211&#8243;]Wenn Ihr einen <strong>Kurs<\/strong> gebucht habt und die Zeit auf dem Wasser nicht nutzen k\u00f6nnt, bieten wir Euch einen Gutschein an, den Ihr bei Eurem n\u00e4chsten Besuch oder bei einem anderen Primesurf-Spot einl\u00f6sen k\u00f6nnt.<\/p>\n<p>Wir bieten keine R\u00fcckerstattung oder Gutscheine f\u00fcr die <strong>Camps<\/strong> an. Falls es Tage ohne Wind gibt, werden wir zusammen interessante Theoriestunden machen und verschiedene Dinge \u00fcber Ausr\u00fcstung, Wind, Techniken und mehr erkl\u00e4ren. Au\u00dferdem werden wir gemeinsame Ausfl\u00fcge mit der Gruppe unternehmen.<\/p>\n<p><span style=\"font-family: -apple-system, BlinkMacSystemFont, 'Segoe UI', Roboto, Oxygen-Sans, Ubuntu, Cantarell, 'Helvetica Neue', sans-serif;\">Wir bieten nur im Falle einer Verletzung einen Gutschein an. Ihr m\u00fcsst uns hierf\u00fcr ein \u00e4rztliches Attest vorlegen.<\/span><\/p>\n<p>Die Gutscheine sind ein Jahr lang g\u00fcltig.[\/vc_column_text][\/vc_accordion_tab][\/vc_accordion][\/vc_column][\/vc_row][vc_row][vc_column width=&#8220;1\/1&#8243;][vc_custom_heading text_size=&#8220;h4&#8243; uncode_shortcode_id=&#8220;112702&#8243;]Unabh\u00e4ngige Kiter und Verleih[\/vc_custom_heading][vc_accordion history=&#8220;yes&#8220; typography=&#8220;yes&#8220; active_tab=&#8220;0&#8243;][vc_accordion_tab gutter_size=&#8220;2&#8243; column_padding=&#8220;2&#8243; title=&#8220;Sollte ein Neoprenanzug mitgebracht werden?&#8220; tab_id=&#8220;1672883620-1-99&#8243; slug=&#8220;6&#8243;][vc_column_text uncode_shortcode_id=&#8220;756162&#8243;]Wir empfehlen Euch, einen eigenen Neoprenanzug mitzubringen, aber wir haben auch Leih-Neoprenanz\u00fcge in der Schule von Gr\u00f6\u00dfe XS bis Gr\u00f6\u00dfe XL.[\/vc_column_text][\/vc_accordion_tab][vc_accordion_tab gutter_size=&#8220;2&#8243; column_padding=&#8220;2&#8243; title=&#8220;Was f\u00fcr einen Neoprenanzug braucht man?&#8220; tab_id=&#8220;1672883620-2-43&#8243; slug=&#8220;7&#8243;][vc_column_text uncode_shortcode_id=&#8220;115208&#8243;]April bis Ende Mai: 5\/4 oder 5\/3<br \/>\nJuni bis August: 4\/3<br \/>\nSeptember: 5\/3<br \/>\nAb Oktober: 5\/4[\/vc_column_text][\/vc_accordion_tab][vc_accordion_tab gutter_size=&#8220;2&#8243; column_padding=&#8220;2&#8243; title=&#8220;Sind Neoprenschuhe n\u00f6tig?&#8220; tab_id=&#8220;1672883895295-2-2&#8243; slug=&#8220;8&#8243;][vc_column_text uncode_shortcode_id=&#8220;103887&#8243;]In den kalten Monaten, wie April, Mai und Oktober, empfehlen wir Euch aufgrund der Temperaturen Schuhe. Au\u00dferdem ist der Boden oft schlammig, so dass es bequemer sein kann, Schuhe zu tragen. An unserer Schule k\u00f6nnt Ihr euch auch Schuhe g\u00fcnstig kaufen, aus hygienischen Gr\u00fcnden d\u00fcrfen wir diese leider nicht ausleihen.[\/vc_column_text][\/vc_accordion_tab][vc_accordion_tab gutter_size=&#8220;2&#8243; column_padding=&#8220;2&#8243; title=&#8220;Welche Kitegr\u00f6\u00dfen werden am meisten genutzt?&#8220; tab_id=&#8220;1673042784812-3-5&#8243; slug=&#8220;9&#8243;][vc_column_text uncode_shortcode_id=&#8220;472261&#8243;]Normalerweise werden Kites von 8m bis 12m am meisten auf der Insel benutzt. Falls Ihr vor Eurer Ankunft noch weitere Fragen habt, schreibt uns gerne eine Nachricht.[\/vc_column_text][\/vc_accordion_tab][vc_accordion_tab gutter_size=&#8220;2&#8243; column_padding=&#8220;2&#8243; title=&#8220;Welche Kitegr\u00f6\u00dfen gibt es in der Kiteschule?&#8220; tab_id=&#8220;1673781022410-5-9&#8243;][vc_column_text uncode_shortcode_id=&#8220;447014&#8243;]In unserer Kiteschule werdet Ihr folgende Kitegr\u00f6\u00dfen finden: 5-15m.[\/vc_column_text][\/vc_accordion_tab][vc_accordion_tab gutter_size=&#8220;2&#8243; column_padding=&#8220;2&#8243; title=&#8220;Kann eigenes Kite-Equipment im Prime Surfhaus gelagert werden?&#8220; tab_id=&#8220;1673781023480-6-5&#8243;][vc_column_text uncode_shortcode_id=&#8220;179763&#8243;]Ihr k\u00f6nnt gerne Eure eigenes Equipment mitbringen und im Prime Surfhaus lagern.[\/vc_column_text][\/vc_accordion_tab][\/vc_accordion][\/vc_column][\/vc_row][vc_row][vc_column width=&#8220;1\/1&#8243;][vc_custom_heading text_size=&#8220;h4&#8243; uncode_shortcode_id=&#8220;118116&#8243;]Die Reise und Weiteres[\/vc_custom_heading][vc_accordion history=&#8220;yes&#8220; typography=&#8220;yes&#8220; active_tab=&#8220;0&#8243;][vc_accordion_tab gutter_size=&#8220;2&#8243; column_padding=&#8220;2&#8243; title=&#8220;Wie kommt man am besten nach Lemkenhafen?&#8220; tab_id=&#8220;1672883620-2-43&#8243; slug=&#8220;11&#8243;][vc_column_text uncode_shortcode_id=&#8220;206859&#8243;]Kontaktiert uns gerne vor Eurer Reise, wenn Ihr Fragen zu An- und Abreise habt. Entweder kommt Ihr mit eurem eigenen Auto oder Ihr nehmt den Zug. Ansonsten befinden sich der n\u00e4chstgelegene Flughafen in Hamburg. Falls Ihr mit dem Flugzeug anreist, empfehlen wir Euch einen Mietwagen direkt am Flughafen zu buchen. Von dort braucht man circa 2 Stunden bis nach Fehmarn.[\/vc_column_text][\/vc_accordion_tab][vc_accordion_tab gutter_size=&#8220;2&#8243; column_padding=&#8220;2&#8243; title=&#8220;Sind Bettw\u00e4sche und Handt\u00fccher im Haus vorhanden?&#8220; tab_id=&#8220;1672883620-1-99&#8243; slug=&#8220;12&#8243;][vc_column_text uncode_shortcode_id=&#8220;166062&#8243;]Bettw\u00e4sche und Handt\u00fccher k\u00f6nnt Ihr entweder selbst mitbringen oder bei uns vor Ort f\u00fcr 20\u20ac Euch leihen.[\/vc_column_text][\/vc_accordion_tab][vc_accordion_tab gutter_size=&#8220;2&#8243; column_padding=&#8220;2&#8243; title=&#8220;Ben\u00f6tigt man vor Ort ein Auto?&#8220; tab_id=&#8220;1672883895295-2-2&#8243; slug=&#8220;13&#8243;][vc_column_text uncode_shortcode_id=&#8220;192937&#8243;]Wir empfehlen Euch auf jeden Fall einen Mietwagen, damit Ihr auch an windstillen Tagen die Insel erkunden k\u00f6nnt und selbstst\u00e4ndig zum n\u00e4chsten Supermarkt oder Restaurant fahren k\u00f6nnt.[\/vc_column_text][\/vc_accordion_tab][vc_accordion_tab gutter_size=&#8220;2&#8243; column_padding=&#8220;2&#8243; title=&#8220;Kann man Fahrr\u00e4der ausleihen?&#8220; tab_id=&#8220;1673779229899-3-10&#8243;][vc_column_text uncode_shortcode_id=&#8220;166152&#8243;]Ihr k\u00f6nnt direkt im Prime Surfhouse Euch ein Fahrrad mieten: 15 \u20ac \/Tag. Bei unseren Kitecamps ist die Fahrradnutzung inklusive.[\/vc_column_text][\/vc_accordion_tab][vc_accordion_tab gutter_size=&#8220;2&#8243; column_padding=&#8220;2&#8243; title=&#8220;Kann man SUP&apos;s ausleihen?&#8220; tab_id=&#8220;1673779233978-4-9&#8243;][vc_column_text uncode_shortcode_id=&#8220;133697&#8243;]Unsere SUP&#8217;s sind in der Unterkunft f\u00fcr Euch inklusive.[\/vc_column_text][\/vc_accordion_tab][vc_accordion_tab gutter_size=&#8220;2&#8243; column_padding=&#8220;2&#8243; title=&#8220;Wo k\u00f6nnen Lebensmittel untergebracht werden?&#8220; tab_id=&#8220;1673779327554-5-8&#8243;][vc_column_text uncode_shortcode_id=&#8220;195897&#8243;]Jeder Gast bekommt seinen eigenen Platz im K\u00fchlschrank und in unserem Lebensmittelschrank.[\/vc_column_text][\/vc_accordion_tab][vc_accordion_tab gutter_size=&#8220;2&#8243; column_padding=&#8220;2&#8243; title=&#8220;Gibt es WIFI im Prime Surfhaus?&#8220; tab_id=&#8220;1673779335664-6-9&#8243;][vc_column_text uncode_shortcode_id=&#8220;115356&#8243;]Im Haus gibt es kostenloses WIFI f\u00fcr Euch.[\/vc_column_text][\/vc_accordion_tab][\/vc_accordion][\/vc_column][\/vc_row][vc_row][vc_column width=&#8220;1\/1&#8243;][uncode_block id=&#8220;5304&#8243; inside_column=&#8220;yes&#8220;][\/vc_column][\/vc_row]<\/p>\n<\/div>","protected":false},"excerpt":{"rendered":"<p>[vc_row row_height_percent=&#8220;100&#8243; override_padding=&#8220;yes&#8220; h_padding=&#8220;2&#8243; top_padding=&#8220;0&#8243; bottom_padding=&#8220;0&#8243; back_image=&#8220;10440&#8243; back_position=&#8220;center center&#8220; overlay_color=&#8220;color-343736&#8243; overlay_alpha=&#8220;100&#8243; gutter_size=&#8220;3&#8243; column_width_percent=&#8220;100&#8243; shift_y=&#8220;0&#8243; z_index=&#8220;0&#8243; uncode_shortcode_id=&#8220;554807&#8243; overlay_color_type=&#8220;uncode-palette&#8220;][vc_column column_width_percent=&#8220;100&#8243; position_vertical=&#8220;bottom&#8220; align_horizontal=&#8220;align_center&#8220; [&hellip;]<\/p>\n","protected":false},"author":5,"featured_media":10441,"parent":6495,"menu_order":0,"comment_status":"closed","ping_status":"closed","template":"","meta":{"footnotes":""},"class_list":["post-7192","page","type-page","status-publish","has-post-thumbnail","hentry","page_category-fehmarn-teaser-de","page_category-faq-de"],"_links":{"self":[{"href":"https:\/\/primesurf.com\/de\/wp-json\/wp\/v2\/pages\/7192","targetHints":{"allow":["GET"]}}],"collection":[{"href":"https:\/\/primesurf.com\/de\/wp-json\/wp\/v2\/pages"}],"about":[{"href":"https:\/\/primesurf.com\/de\/wp-json\/wp\/v2\/types\/page"}],"author":[{"embeddable":true,"href":"https:\/\/primesurf.com\/de\/wp-json\/wp\/v2\/users\/5"}],"replies":[{"embeddable":true,"href":"https:\/\/primesurf.com\/de\/wp-json\/wp\/v2\/comments?post=7192"}],"version-history":[{"count":19,"href":"https:\/\/primesurf.com\/de\/wp-json\/wp\/v2\/pages\/7192\/revisions"}],"predecessor-version":[{"id":11801,"href":"https:\/\/primesurf.com\/de\/wp-json\/wp\/v2\/pages\/7192\/revisions\/11801"}],"up":[{"embeddable":true,"href":"https:\/\/primesurf.com\/de\/wp-json\/wp\/v2\/pages\/6495"}],"wp:featuredmedia":[{"embeddable":true,"href":"https:\/\/primesurf.com\/de\/wp-json\/wp\/v2\/media\/10441"}],"wp:attachment":[{"href":"https:\/\/primesurf.com\/de\/wp-json\/wp\/v2\/media?parent=7192"}],"curies":[{"name":"wp","href":"https:\/\/api.w.org\/{rel}","templated":true}]}}