{"id":6942,"date":"2023-01-09T19:21:17","date_gmt":"2023-01-09T19:21:17","guid":{"rendered":"https:\/\/primesurf-aws-preview.parasol.digital\/locations\/sizilien\/faq\/"},"modified":"2023-02-19T10:19:20","modified_gmt":"2023-02-19T10:19:20","slug":"faq","status":"publish","type":"page","link":"https:\/\/primesurf.com\/de\/locations\/sizilien\/faq\/","title":{"rendered":"FAQ"},"content":{"rendered":"<div class=\"wpb-content-wrapper\"><p>[vc_row row_height_percent=&#8220;100&#8243; override_padding=&#8220;yes&#8220; h_padding=&#8220;2&#8243; top_padding=&#8220;0&#8243; bottom_padding=&#8220;0&#8243; back_image=&#8220;4881&#8243; overlay_color=&#8220;color-849464&#8243; overlay_alpha=&#8220;100&#8243; gutter_size=&#8220;3&#8243; column_width_percent=&#8220;100&#8243; shift_y=&#8220;0&#8243; z_index=&#8220;0&#8243; uncode_shortcode_id=&#8220;105219&#8243; overlay_color_type=&#8220;uncode-palette&#8220;][vc_column column_width_percent=&#8220;100&#8243; position_vertical=&#8220;bottom&#8220; align_horizontal=&#8220;align_center&#8220; gutter_size=&#8220;3&#8243; overlay_alpha=&#8220;50&#8243; shift_x=&#8220;0&#8243; shift_y=&#8220;0&#8243; shift_y_down=&#8220;0&#8243; z_index=&#8220;0&#8243; medium_width=&#8220;0&#8243; mobile_width=&#8220;0&#8243; width=&#8220;1\/1&#8243; uncode_shortcode_id=&#8220;189613&#8243;][vc_row_inner limit_content=&#8220;&#8220;][vc_column_inner column_width_percent=&#8220;100&#8243; position_vertical=&#8220;bottom&#8220; align_horizontal=&#8220;align_center&#8220; gutter_size=&#8220;3&#8243; overlay_alpha=&#8220;50&#8243; shift_x=&#8220;0&#8243; shift_y=&#8220;0&#8243; shift_y_down=&#8220;0&#8243; z_index=&#8220;0&#8243; medium_width=&#8220;0&#8243; mobile_width=&#8220;0&#8243; width=&#8220;1\/1&#8243; uncode_shortcode_id=&#8220;150807&#8243;][vc_custom_heading heading_semantic=&#8220;h1&#8243; text_size=&#8220;fontsize-508984&#8243; text_weight=&#8220;800&#8243; uncode_shortcode_id=&#8220;100525&#8243;]Sizilien[\/vc_custom_heading][\/vc_column_inner][\/vc_row_inner][vc_row_inner row_inner_height_percent=&#8220;0&#8243; overlay_alpha=&#8220;50&#8243; gutter_size=&#8220;3&#8243; shift_y=&#8220;0&#8243; z_index=&#8220;0&#8243; mobile_visibility=&#8220;yes&#8220; uncode_shortcode_id=&#8220;145472&#8243; limit_content=&#8220;&#8220;][vc_column_inner width=&#8220;1\/1&#8243;][vc_wp_custommenu nav_menu=&#8220;54&#8243; nav_menu_horizontal=&#8220;1&#8243; use_widget_style=&#8220;yes&#8220; widget_collapse=&#8220;yes&#8220; widget_style_no_arrows=&#8220;yes&#8220;][\/vc_column_inner][\/vc_row_inner][vc_row_inner row_inner_height_percent=&#8220;0&#8243; overlay_alpha=&#8220;50&#8243; gutter_size=&#8220;3&#8243; shift_y=&#8220;0&#8243; z_index=&#8220;0&#8243; desktop_visibility=&#8220;yes&#8220; medium_visibility=&#8220;yes&#8220; uncode_shortcode_id=&#8220;160906&#8243; limit_content=&#8220;&#8220;][vc_column_inner width=&#8220;1\/1&#8243;][vc_wp_custommenu nav_menu=&#8220;54&#8243; nav_menu_horizontal=&#8220;1&#8243; use_widget_style=&#8220;yes&#8220; widget_collapse=&#8220;yes&#8220; widget_style_no_arrows=&#8220;yes&#8220; title=&#8220;Kite Camps&#8220;][\/vc_column_inner][\/vc_row_inner][vc_row_inner limit_content=&#8220;&#8220;][vc_column_inner column_width_percent=&#8220;100&#8243; position_vertical=&#8220;bottom&#8220; align_horizontal=&#8220;align_center&#8220; gutter_size=&#8220;3&#8243; overlay_alpha=&#8220;50&#8243; shift_x=&#8220;0&#8243; shift_y=&#8220;0&#8243; shift_y_down=&#8220;0&#8243; z_index=&#8220;0&#8243; medium_width=&#8220;0&#8243; mobile_width=&#8220;0&#8243; width=&#8220;1\/1&#8243; uncode_shortcode_id=&#8220;231739&#8243;][vc_icon position=&#8220;bottom&#8220; icon_image=&#8220;2748&#8243; media_size=&#8220;80&#8243; heading_semantic=&#8220;h4&#8243; uncode_shortcode_id=&#8220;100780&#8243; link=&#8220;url:%23info&#8220;][\/vc_icon][\/vc_column_inner][\/vc_row_inner][\/vc_column][\/vc_row][vc_row][vc_column width=&#8220;1\/1&#8243;][vc_custom_heading heading_semantic=&#8220;h3&#8243; text_size=&#8220;h3&#8243; uncode_shortcode_id=&#8220;632136&#8243;]<strong>H\u00e4ufig gestellte Fragen<\/strong>[\/vc_custom_heading][vc_column_text uncode_shortcode_id=&#8220;123245&#8243;]Schaut Euch hier die h\u00e4ufig gestellten Fragen an. Falls Ihr noch weitere Fragen haben solltet, k\u00f6nnt Ihr uns gern eine E-Mail schicken und wir werden Euch so schnell wie m\u00f6glich antworten.[\/vc_column_text][vc_custom_heading heading_semantic=&#8220;h3&#8243; text_size=&#8220;h4&#8243; uncode_shortcode_id=&#8220;117545&#8243;]Kite Camps und Kurse[\/vc_custom_heading][vc_accordion history=&#8220;yes&#8220; typography=&#8220;yes&#8220; active_tab=&#8220;0&#8243;][vc_accordion_tab gutter_size=&#8220;2&#8243; column_padding=&#8220;2&#8243; title=&#8220;Ihr wart noch nie Kitesurfen. Welchen Kurs solltet Ihr buchen? &#8220; tab_id=&#8220;1672883620-2-43&#8243; slug=&#8220;1&#8243;][vc_column_text uncode_shortcode_id=&#8220;181054&#8243;]Wir empfehlen Euch den <strong>Basic Beginner Kurs<\/strong>, welcher insgesamt 9 Stunden dauert.<\/p>\n<p>In unseren Kursen lernt Ihr den Kite sicher zu fliegen und zu kontrollieren. Sobald Ihr den Schirm sicher fliegt, bringen wir Euch bei, wie Ihr auf das Board kommt.<\/p>\n<p>Au\u00dferdem w\u00fcrden wir Euch die <strong>Kitecamps<\/strong> empfehlen. Das Camp geht insgesamt 6 Tage und Ihr verbringt durchschnittlich 4-5 Stunden auf dem Wasser.[\/vc_column_text][\/vc_accordion_tab][vc_accordion_tab gutter_size=&#8220;2&#8243; column_padding=&#8220;2&#8243; title=&#8220;Warum solltet Ihr das Kite Camp w\u00e4hlen?&#8220; tab_id=&#8220;1672883620-1-99&#8243; slug=&#8220;2&#8243;][vc_column_text uncode_shortcode_id=&#8220;114104&#8243;]Wenn Ihr gerne eine gute Zeit in einer Gruppe verbringt und mit Gleichgesinnten das Kitesurfen lernen m\u00f6chtet, dann ist das Camp genau richtig f\u00fcr Euch. W\u00e4hrend der Kitecamps werdet ihr so viel Zeit wie m\u00f6glich auf dem Wasser verbringen und jeden Tag \u00fcben. Ihr werdet auch gemeinsame Ausfl\u00fcge machen und die Insel mit unserem Team erkunden.[\/vc_column_text][\/vc_accordion_tab][vc_accordion_tab gutter_size=&#8220;2&#8243; column_padding=&#8220;2&#8243; title=&#8220;Was ist der Unterschied zwischen Kitecamp und Kurs?&#8220; tab_id=&#8220;1673044812952-3-3&#8243; slug=&#8220;3&#8243;][vc_column_text uncode_shortcode_id=&#8220;207882&#8243;]Bei den stundenbasierten Kursen bucht Ihr ein Paket mit einer bestimmten Anzahl von Stunden. Sobald alle Stunden aufgebraucht sind, k\u00f6nnt Ihr mehr Stunden buchen oder Ausr\u00fcstung mieten, wenn Euer Niveau sicher genug ist.<\/p>\n<p>Das Kitecamp ist ein 6-t\u00e4giger Wochenkurs. Wir machen etwa 4-5 Stunden Unterricht pro Tag.<br \/>\n<span style=\"font-family: -apple-system, BlinkMacSystemFont, 'Segoe UI', Roboto, Oxygen-Sans, Ubuntu, Cantarell, 'Helvetica Neue', sans-serif;\">Es geht von Sonntag bis Freitag zu bestimmten Terminen, den Zeitplan findet Ihr <a href=\"https:\/\/primesurf.com\/locations\/sicily\/kite-camps\/#eventdates\">hier<\/a>.<br \/>\nWindstille Tage nutzen wir f\u00fcr gemeinsame Theorieeinheiten. Dar\u00fcber hinaus organisieren wir auch Ausfl\u00fcge mit der Kitecamp-Gruppe.<\/span>[\/vc_column_text][\/vc_accordion_tab][vc_accordion_tab gutter_size=&#8220;2&#8243; column_padding=&#8220;2&#8243; title=&#8220;Kann man eine Kitelizenz erwerben?&#8220; tab_id=&#8220;1672883895295-2-2&#8243; slug=&#8220;4&#8243;][vc_column_text uncode_shortcode_id=&#8220;165123&#8243;]Ja, Ihr k\u00f6nnt eine Lizenz bei uns machen.<br \/>\nDa wir eine zertifizierte VDWS-Schule sind, bieten wir Euch an, nach jedem Kurs eine Lizenz zu machen.<br \/>\nDie Lizenz beinhaltet das VDWS Lernbuch und kostet 50\u20ac.<br \/>\nDie Lizenz alleine kostet nur 35\u20ac.[\/vc_column_text][\/vc_accordion_tab][vc_accordion_tab gutter_size=&#8220;2&#8243; column_padding=&#8220;2&#8243; title=&#8220;Gibt es eine Erstattung, falls kein Wind ist?&#8220; tab_id=&#8220;1673045135666-4-10&#8243; slug=&#8220;5&#8243;][vc_column_text uncode_shortcode_id=&#8220;159869&#8243;]Wenn Ihr einen <strong>Kurs<\/strong> gebucht habt und die Zeit auf dem Wasser nicht nutzen k\u00f6nnt, bieten wir Euch einen Gutschein an, den Ihr beim n\u00e4chsten Besuch einl\u00f6sen k\u00f6nnt.<\/p>\n<p>Wir bieten keine R\u00fcckerstattung oder Gutscheine f\u00fcr die <strong>Camps<\/strong> an. Falls es Tage ohne Wind gibt, werden wir zusammen interessante Theoriestunden machen und verschiedene Dinge \u00fcber Ausr\u00fcstung, Wind, Techniken und mehr erkl\u00e4ren. Au\u00dferdem werden wir gemeinsame Ausfl\u00fcge mit der Gruppe unternehmen.<\/p>\n<p><span style=\"font-family: -apple-system, BlinkMacSystemFont, 'Segoe UI', Roboto, Oxygen-Sans, Ubuntu, Cantarell, 'Helvetica Neue', sans-serif;\">Wir bieten nur im Falle einer Verletzung einen Gutschein an. Ihr m\u00fcsst uns hierf\u00fcr ein \u00e4rztliches Attest vorlegen.<\/span><\/p>\n<p>Die Gutscheine sind ein Jahr lang g\u00fcltig.[\/vc_column_text][\/vc_accordion_tab][\/vc_accordion][\/vc_column][\/vc_row][vc_row][vc_column width=&#8220;1\/1&#8243;][vc_custom_heading text_size=&#8220;h4&#8243; uncode_shortcode_id=&#8220;112702&#8243;]Unabh\u00e4ngige Kiter und Verleih[\/vc_custom_heading][vc_accordion history=&#8220;yes&#8220; typography=&#8220;yes&#8220; active_tab=&#8220;0&#8243;][vc_accordion_tab gutter_size=&#8220;2&#8243; column_padding=&#8220;2&#8243; title=&#8220;Sollte ein Neoprenanzug mitgebracht werden?&#8220; tab_id=&#8220;1672883620-1-99&#8243; slug=&#8220;6&#8243;][vc_column_text uncode_shortcode_id=&#8220;685255&#8243;]Wir empfehlen Euch, einen eigenen Neoprenanzug mitzubringen, aber wir haben auch Leih-Neoprenanz\u00fcge in der Schule von Gr\u00f6\u00dfe XS bis Gr\u00f6\u00dfe XL.<\/p>\n<p>Wir empfehlen au\u00dferdem, lange Leggings oder etwas \u00c4hnliches mitzubringen, auch im Sommer, da es in der Lagune gelegentlich Seeanemonen gibt. Das sind Wassertiere, die im Seegras leben. Wenn die Anemonen mit der menschlichen Haut in Ber\u00fchrung kommen, k\u00f6nnen sie bei sehr empfindlichen Menschen lokale Hautreizungen mit R\u00f6tungen und Schwellungen der Haut verursachen. Die Nesseln kribbeln leicht, in einigen F\u00e4llen brennt es ein wenig. Aloe Vera hilft.[\/vc_column_text][\/vc_accordion_tab][vc_accordion_tab gutter_size=&#8220;2&#8243; column_padding=&#8220;2&#8243; title=&#8220;Was f\u00fcr einen Neoprenanzug braucht man?&#8220; tab_id=&#8220;1672883620-2-43&#8243; slug=&#8220;7&#8243;][vc_column_text uncode_shortcode_id=&#8220;123431&#8243;]M\u00e4rz bis Ende April: 5\/4<br \/>\nMai-Ende Mai: 4\/3<br \/>\nJuni-Juli: 3\/2 oder ohne Neo<br \/>\nJuli-Ende August: Kein Neopren, aber eventuell lange Leggings<br \/>\nSeptember: 3\/2 oder 4\/3<br \/>\nOktober: 4\/3 oder 5\/4[\/vc_column_text][\/vc_accordion_tab][vc_accordion_tab gutter_size=&#8220;2&#8243; column_padding=&#8220;2&#8243; title=&#8220;Sind Neoprenschuh n\u00f6tig?&#8220; tab_id=&#8220;1672883895295-2-2&#8243; slug=&#8220;8&#8243;][vc_column_text uncode_shortcode_id=&#8220;571982&#8243;]Der Boden in der Lagune ist sandig\/schlammig. In der Lagune gibt es keine gef\u00e4hrlichen Tiere, auf die Ihr treten k\u00f6nntet. Wenn es kalt ist, zum Beispiel in den Monaten M\u00e4rz, April und Oktober, empfehlen wir aufgrund der Temperaturen Schuhe.[\/vc_column_text][\/vc_accordion_tab][vc_accordion_tab gutter_size=&#8220;2&#8243; column_padding=&#8220;2&#8243; title=&#8220;Welche Kitegr\u00f6\u00dfen werden am meisten genutzt?&#8220; tab_id=&#8220;1673042784812-3-5&#8243; slug=&#8220;9&#8243;][vc_column_text uncode_shortcode_id=&#8220;188933&#8243;]In der Regel werden die folgenden Gr\u00f6\u00dfen am h\u00e4ufigsten verwendet:<\/p>\n<p>M\u00e4rz, April und Mai: 7-13m\u00b2<br \/>\nJuni und Juli: 9-14m\u00b2<br \/>\nAugust und September: 9-17m\u00b2<br \/>\nOktober: 7-15m\u00b2[\/vc_column_text][\/vc_accordion_tab][vc_accordion_tab gutter_size=&#8220;2&#8243; column_padding=&#8220;2&#8243; title=&#8220;Was sind die Vor-und Nachteile vorab online oder vor Ort zu buchen?&#8220; tab_id=&#8220;1673045456629-4-3&#8243; slug=&#8220;10&#8243;][vc_column_text uncode_shortcode_id=&#8220;150858&#8243;]Wir haben 2 Arten von Tarifen:<\/p>\n<p><strong>Online-Tarife:<\/strong> Wenn Ihr online bucht, erhaltet Ihr einen Preisnachlass. Diesen Tarif k\u00f6nnt Ihr nur an aufeinanderfolgenden Tagen buchen.<br \/>\nZum Beispiel: 7 Tage vom 1 Mai bis zum 7 Mai = 315\u20ac.<\/p>\n<p>Vorteile: g\u00fcnstigere Preise, sichere Ausr\u00fcstung.<br \/>\nNachteile: keine Erstattung an windstillen Tagen.<\/p>\n<p><strong>Preise vor Ort:<\/strong> Bei diesem Tarif k\u00f6nnt Ihr ganz flexibel die Tage buchen, die Ihr m\u00f6chtet. Ihr zahlt einen Festpreis von 70\u20ac pro Tag.<\/p>\n<p>Vorteile: Ihr zahlt nur an den Tagen, an denen Ihr das Material benutzt.<br \/>\nNachteile: Ihr k\u00f6nnt kein Material reservieren.[\/vc_column_text][\/vc_accordion_tab][\/vc_accordion][\/vc_column][\/vc_row][vc_row][vc_column width=&#8220;1\/1&#8243;][vc_custom_heading text_size=&#8220;h4&#8243; uncode_shortcode_id=&#8220;118116&#8243;]Die Reise und Weiteres[\/vc_custom_heading][vc_accordion history=&#8220;yes&#8220; typography=&#8220;yes&#8220; active_tab=&#8220;0&#8243;][vc_accordion_tab gutter_size=&#8220;2&#8243; column_padding=&#8220;2&#8243; title=&#8220;Wo kann man am besten Fl\u00fcge buchen und welcher Flughafen ist der beste?&#8220; tab_id=&#8220;1672883620-2-43&#8243; slug=&#8220;11&#8243;][vc_column_text uncode_shortcode_id=&#8220;142515&#8243;]Am besten guckt Ihr bei <a href=\"http:\/\/Kayak.com\" target=\"_blank\" rel=\"noopener\">Kayak.com,<\/a> <a href=\"http:\/\/Kiwi.com\" target=\"_blank\" rel=\"noopener\">Kiwi.com<\/a> oder <a href=\"http:\/\/skyscanner.com\" target=\"_blank\" rel=\"noopener\">skyscanner.com.<\/a><\/p>\n<p>Versucht zum Flughafen Trapani zu fliegen, dieser ist nur zehn Minuten vom Spot und den Unterk\u00fcnften entfernt. Mietwagen sind am Flughafen erh\u00e4ltlich.<\/p>\n<p>Wenn Ihr \u00fcber Palermo fliegt, was am h\u00e4ufigsten der Fall ist, bucht Ihr euren Mietwagen direkt dort und fahrt dann zu uns. Auf diese Weise seid Ihr vor Ort v\u00f6llig unabh\u00e4ngig.[\/vc_column_text][\/vc_accordion_tab][vc_accordion_tab gutter_size=&#8220;2&#8243; column_padding=&#8220;2&#8243; title=&#8220;Wie findet man eine passende Unterkunft?&#8220; tab_id=&#8220;1672883620-1-99&#8243; slug=&#8220;12&#8243;][vc_column_text uncode_shortcode_id=&#8220;121523&#8243;]Es gibt verschiedene Unterk\u00fcnfte rund um den Kitespot, hier findet Ihr eine Auswahl. Die Unterkunft m\u00fcsst Ihr selbst buchen.<\/p>\n<p><strong><a href=\"https:\/\/resortsantamaria.com\/\" target=\"_blank\" rel=\"noopener\">Hotel Santa Maria<\/a><\/strong><br \/>\nDas Hotel befindet sich direkt am Spot. Hier k\u00f6nnt Ihr zwischen einem Hotelzimmer oder einem Appartement w\u00e4hlen. Dem Hotel ist ein Pool und ein Restaurant angeschlossen.<\/p>\n<p><strong><a href=\"https:\/\/www.kitehostelstagnone.com\/\" target=\"_blank\" rel=\"noopener\">Kite Hostel Stagnone <\/a><\/strong><br \/>\nDas Kite Hostel befindet sich in einem Weinfeld und ist 10 Minuten mit dem Auto vom Spot entfernt. Hier trefft Ihr garantiert andere Kitesurfer aus der Community. Es gibt einen gro\u00dfen Garten, eine gemeinsame Terrasse und verschiedene Zimmeroptionen.<\/p>\n<p><strong><a href=\"https:\/\/www.oasiguzzetta.it\/\" target=\"_blank\" rel=\"noopener\">Oasi Guzzetta <\/a><\/strong><br \/>\nAuch in diesem Hotel k\u00f6nnt Ihr zwischen einem Zimmer oder einem Appartement w\u00e4hlen. Auch hier gibt es einen Gemeinschaftspool. Die Unterkunft ist ebenfalls etwa 10 Autominuten vom Spot entfernt.[\/vc_column_text][\/vc_accordion_tab][vc_accordion_tab gutter_size=&#8220;2&#8243; column_padding=&#8220;2&#8243; title=&#8220;Ben\u00f6tigt man vor Ort ein Auto?&#8220; tab_id=&#8220;1672883895295-2-2&#8243; slug=&#8220;13&#8243;][vc_column_text uncode_shortcode_id=&#8220;128024&#8243;]Wir empfehlen Euch unbedingt einen Mietwagen, damit Ihr die Insel auch bei windstillen Tagen erkunden k\u00f6nnt. In Lo Stagnone gibt es keine \u00f6ffentlichen Verkehrsmittel oder Taxis. Am besten sucht Ihr direkt am Flughafen nach Autovermietungen.[\/vc_column_text][\/vc_accordion_tab][\/vc_accordion][\/vc_column][\/vc_row][vc_row][vc_column width=&#8220;1\/1&#8243;][uncode_block id=&#8220;5137&#8243; inside_column=&#8220;yes&#8220;][\/vc_column][\/vc_row][vc_row][vc_column column_width_percent=&#8220;100&#8243; position_vertical=&#8220;middle&#8220; align_horizontal=&#8220;align_center&#8220; gutter_size=&#8220;3&#8243; overlay_alpha=&#8220;50&#8243; shift_x=&#8220;0&#8243; shift_y=&#8220;0&#8243; shift_y_down=&#8220;0&#8243; z_index=&#8220;0&#8243; medium_width=&#8220;0&#8243; mobile_width=&#8220;0&#8243; width=&#8220;1\/1&#8243; uncode_shortcode_id=&#8220;213868&#8243;][\/vc_column][\/vc_row]<\/p>\n<\/div>","protected":false},"excerpt":{"rendered":"<p>[vc_row row_height_percent=&#8220;100&#8243; override_padding=&#8220;yes&#8220; h_padding=&#8220;2&#8243; top_padding=&#8220;0&#8243; bottom_padding=&#8220;0&#8243; back_image=&#8220;4881&#8243; overlay_color=&#8220;color-849464&#8243; overlay_alpha=&#8220;100&#8243; gutter_size=&#8220;3&#8243; column_width_percent=&#8220;100&#8243; shift_y=&#8220;0&#8243; z_index=&#8220;0&#8243; uncode_shortcode_id=&#8220;105219&#8243; overlay_color_type=&#8220;uncode-palette&#8220;][vc_column column_width_percent=&#8220;100&#8243; position_vertical=&#8220;bottom&#8220; align_horizontal=&#8220;align_center&#8220; gutter_size=&#8220;3&#8243; overlay_alpha=&#8220;50&#8243; [&hellip;]<\/p>\n","protected":false},"author":5,"featured_media":4882,"parent":6911,"menu_order":0,"comment_status":"closed","ping_status":"closed","template":"","meta":{"footnotes":""},"class_list":["post-6942","page","type-page","status-publish","has-post-thumbnail","hentry","page_category-sizilien-teaser","page_category-faq-de"],"_links":{"self":[{"href":"https:\/\/primesurf.com\/de\/wp-json\/wp\/v2\/pages\/6942","targetHints":{"allow":["GET"]}}],"collection":[{"href":"https:\/\/primesurf.com\/de\/wp-json\/wp\/v2\/pages"}],"about":[{"href":"https:\/\/primesurf.com\/de\/wp-json\/wp\/v2\/types\/page"}],"author":[{"embeddable":true,"href":"https:\/\/primesurf.com\/de\/wp-json\/wp\/v2\/users\/5"}],"replies":[{"embeddable":true,"href":"https:\/\/primesurf.com\/de\/wp-json\/wp\/v2\/comments?post=6942"}],"version-history":[{"count":17,"href":"https:\/\/primesurf.com\/de\/wp-json\/wp\/v2\/pages\/6942\/revisions"}],"predecessor-version":[{"id":8212,"href":"https:\/\/primesurf.com\/de\/wp-json\/wp\/v2\/pages\/6942\/revisions\/8212"}],"up":[{"embeddable":true,"href":"https:\/\/primesurf.com\/de\/wp-json\/wp\/v2\/pages\/6911"}],"wp:featuredmedia":[{"embeddable":true,"href":"https:\/\/primesurf.com\/de\/wp-json\/wp\/v2\/media\/4882"}],"wp:attachment":[{"href":"https:\/\/primesurf.com\/de\/wp-json\/wp\/v2\/media?parent=6942"}],"curies":[{"name":"wp","href":"https:\/\/api.w.org\/{rel}","templated":true}]}}