{"id":6924,"date":"2022-12-01T15:59:47","date_gmt":"2022-12-01T15:59:47","guid":{"rendered":"https:\/\/primesurf-aws-preview.parasol.digital\/locations\/sizilien\/kite-camps\/"},"modified":"2026-03-16T20:46:18","modified_gmt":"2026-03-16T20:46:18","slug":"kite-camps","status":"publish","type":"page","link":"https:\/\/primesurf.com\/de\/locations\/sizilien\/kite-camps\/","title":{"rendered":"Kite- &amp; Wingfoilcamps"},"content":{"rendered":"<div class=\"wpb-content-wrapper\"><p>[vc_row row_height_percent=&#8220;100&#8243; override_padding=&#8220;yes&#8220; h_padding=&#8220;2&#8243; top_padding=&#8220;0&#8243; bottom_padding=&#8220;0&#8243; back_image=&#8220;10137&#8243; overlay_color=&#8220;color-849464&#8243; overlay_alpha=&#8220;100&#8243; gutter_size=&#8220;3&#8243; column_width_percent=&#8220;100&#8243; shift_y=&#8220;0&#8243; z_index=&#8220;0&#8243; uncode_shortcode_id=&#8220;458812&#8243; overlay_color_type=&#8220;uncode-palette&#8220;][vc_column column_width_percent=&#8220;100&#8243; position_vertical=&#8220;bottom&#8220; align_horizontal=&#8220;align_center&#8220; gutter_size=&#8220;3&#8243; overlay_alpha=&#8220;50&#8243; shift_x=&#8220;0&#8243; shift_y=&#8220;0&#8243; shift_y_down=&#8220;0&#8243; z_index=&#8220;0&#8243; medium_width=&#8220;0&#8243; mobile_width=&#8220;0&#8243; width=&#8220;1\/1&#8243; uncode_shortcode_id=&#8220;189613&#8243;][vc_row_inner limit_content=&#8220;&#8220;][vc_column_inner column_width_percent=&#8220;100&#8243; position_vertical=&#8220;bottom&#8220; align_horizontal=&#8220;align_center&#8220; gutter_size=&#8220;3&#8243; overlay_alpha=&#8220;50&#8243; shift_x=&#8220;0&#8243; shift_y=&#8220;0&#8243; shift_y_down=&#8220;0&#8243; z_index=&#8220;0&#8243; medium_width=&#8220;0&#8243; mobile_width=&#8220;0&#8243; width=&#8220;1\/1&#8243; uncode_shortcode_id=&#8220;150807&#8243;][vc_custom_heading heading_semantic=&#8220;h1&#8243; text_size=&#8220;fontsize-508984&#8243; text_weight=&#8220;800&#8243; uncode_shortcode_id=&#8220;100525&#8243;]Sizilien[\/vc_custom_heading][\/vc_column_inner][\/vc_row_inner][vc_row_inner row_inner_height_percent=&#8220;0&#8243; overlay_alpha=&#8220;50&#8243; gutter_size=&#8220;3&#8243; shift_y=&#8220;0&#8243; z_index=&#8220;0&#8243; mobile_visibility=&#8220;yes&#8220; uncode_shortcode_id=&#8220;145472&#8243; limit_content=&#8220;&#8220;][vc_column_inner width=&#8220;1\/1&#8243;][vc_wp_custommenu nav_menu=&#8220;54&#8243; nav_menu_horizontal=&#8220;1&#8243; use_widget_style=&#8220;yes&#8220; widget_collapse=&#8220;yes&#8220; widget_style_no_arrows=&#8220;yes&#8220;][\/vc_column_inner][\/vc_row_inner][vc_row_inner row_inner_height_percent=&#8220;0&#8243; overlay_alpha=&#8220;50&#8243; gutter_size=&#8220;3&#8243; shift_y=&#8220;0&#8243; z_index=&#8220;0&#8243; desktop_visibility=&#8220;yes&#8220; medium_visibility=&#8220;yes&#8220; uncode_shortcode_id=&#8220;163529&#8243; limit_content=&#8220;&#8220;][vc_column_inner width=&#8220;1\/1&#8243;][vc_wp_custommenu nav_menu=&#8220;54&#8243; nav_menu_horizontal=&#8220;1&#8243; use_widget_style=&#8220;yes&#8220; widget_collapse=&#8220;yes&#8220; widget_style_no_arrows=&#8220;yes&#8220; title=&#8220;Kitecamps&#8220;][\/vc_column_inner][\/vc_row_inner][vc_row_inner limit_content=&#8220;&#8220;][vc_column_inner column_width_percent=&#8220;100&#8243; position_vertical=&#8220;bottom&#8220; align_horizontal=&#8220;align_center&#8220; gutter_size=&#8220;3&#8243; overlay_alpha=&#8220;50&#8243; shift_x=&#8220;0&#8243; shift_y=&#8220;0&#8243; shift_y_down=&#8220;0&#8243; z_index=&#8220;0&#8243; medium_width=&#8220;0&#8243; mobile_width=&#8220;0&#8243; width=&#8220;1\/1&#8243; uncode_shortcode_id=&#8220;231739&#8243;][vc_icon position=&#8220;bottom&#8220; icon_image=&#8220;2748&#8243; media_size=&#8220;80&#8243; heading_semantic=&#8220;h4&#8243; uncode_shortcode_id=&#8220;100780&#8243; link=&#8220;url:%23info|&#8220;][\/vc_icon][\/vc_column_inner][\/vc_row_inner][\/vc_column][\/vc_row][vc_row][vc_column width=&#8220;1\/1&#8243;][vc_tabs history=&#8220;yes&#8220; tab_switch=&#8220;yes&#8220; uncode_shortcode_id=&#8220;380620&#8243;][vc_tab gutter_size=&#8220;2&#8243; column_padding=&#8220;2&#8243; title=&#8220;Kitecamps&#8220; tab_id=&#8220;1708423871-1-13&#8243; slug=&#8220;kitecamps&#8220;][vc_row_inner limit_content=&#8220;&#8220;][vc_column_inner column_width_percent=&#8220;100&#8243; gutter_size=&#8220;3&#8243; overlay_alpha=&#8220;50&#8243; shift_x=&#8220;0&#8243; shift_y=&#8220;0&#8243; shift_y_down=&#8220;0&#8243; z_index=&#8220;0&#8243; medium_width=&#8220;0&#8243; mobile_width=&#8220;0&#8243; width=&#8220;1\/2&#8243; uncode_shortcode_id=&#8220;916964&#8243; css=&#8220;.vc_custom_1708427701859{padding-top: 20px !important;}&#8220;][vc_custom_heading uncode_shortcode_id=&#8220;167243&#8243;]Kitecamp[\/vc_custom_heading][vc_column_text text_lead=&#8220;yes&#8220; uncode_shortcode_id=&#8220;173035&#8243;]Ihr habt Lust Kitesurfen mit anderen Wassersport-Fans zu lernen und eine tolle gemeinsame Zeit zu verbringen?<\/p>\n<p>Dann ist unser <strong>Kitecamp<\/strong> perfekt f\u00fcr Euch!<br \/>\nHier kommen unterschiedliche Kite-Level zusammen. Ihr startet gemeinsam den Tag an unserer Kiteschule, besprecht die Windverh\u00e4ltnisse, geht zusammen aufs Wasser und beendet den Tag mit einem k\u00fchlen Getr\u00e4nk an der Bar. Au\u00dferdem entf\u00fchren wir Euch zu unseren Lieblingsrestaurants und bringen Euch die sizilianische K\u00fcche n\u00e4her. Wenn Ihr mal Pause vom Kitesurfen braucht, dann leihen wir uns gemeinsam ein Boot und besuchen die \u00c4gadischen Inseln oder die Bergstadt Erice. Ganz viel Kitesurfen und La Dolce Vita Feeling garantiert!<\/p>\n<p>Derzeit verf\u00fcgen wir \u00fcber keine eigene Unterkunft, wir helfen Euch aber gerne bei der Suche nach einem geeigneten Hotel oder Apartment! Schaut dazu gerne auch in unsere <a href=\"https:\/\/primesurf.com\/de\/locations\/sizilien\/faq\/\">FAQs<\/a> oder in unseren Artikel <a href=\"https:\/\/primesurf.com\/de\/top-5-unterkuenfte-auf-sizilien\/\">\u201cTOP 5 Unterk\u00fcnfte auf Sizilien\u201d<\/a>![\/vc_column_text][\/vc_column_inner][vc_column_inner column_width_percent=&#8220;100&#8243; gutter_size=&#8220;3&#8243; overlay_color=&#8220;color-xsdn&#8220; overlay_alpha=&#8220;10&#8243; radius=&#8220;xl&#8220; shift_x=&#8220;0&#8243; shift_y=&#8220;0&#8243; shift_y_down=&#8220;0&#8243; z_index=&#8220;0&#8243; medium_width=&#8220;0&#8243; mobile_width=&#8220;0&#8243; width=&#8220;1\/2&#8243; uncode_shortcode_id=&#8220;121632&#8243; overlay_color_type=&#8220;uncode-palette&#8220; css=&#8220;.vc_custom_1708425419827{padding-top: 20px !important;padding-right: 40px !important;padding-bottom: 40px !important;padding-left: 40px !important;}&#8220;][vc_custom_heading uncode_shortcode_id=&#8220;408934&#8243;]Details[\/vc_custom_heading][vc_column_text text_lead=&#8220;yes&#8220; uncode_shortcode_id=&#8220;193841&#8243;]\u2713 6 Tage intensiver Gruppenkurs, 4-5 Std. Training am Tag<br \/>\n\u2713 max. 5 Sch\u00fcler pro Trainer<br \/>\n\u2713 Geeignet f\u00fcr alle Level: Beginner, Aufsteiger und Fortgeschrittene \/ VDWS Level 0-7<br \/>\n\u2713 Professionelle Betreuung VDWS-lizensierter Trainer<br \/>\n\u2713 Das neuste Equipment von Core Kiteboarding und Duotone<br \/>\n\u2713 Gemeinsame Abendessen (kostenpflichtig)<br \/>\n\u2713 Interessante Theorieeinheiten. Von Sicherheitsregeln, Fahrtechniken bis hin zu Windkonditionen.<br \/>\n\u2713 Organisation von Nebenaktivit\u00e4ten: Bootstouren zu den \u00c4gadischen Inseln (kostenpflichtig), Besichtigung der Stadt Erice und mehr<\/p>\n<p>Preis: 790\u20ac<\/p>\n<p><strong>Nicht enthalten:<\/strong><\/p>\n<p>X Unterkunft (bei der Suche nach einer geeigneten Unterkunft helfen wir Euch gerne!)[\/vc_column_text][vc_button border_animation=&#8220;btn-ripple-out&#8220; outline=&#8220;yes&#8220; border_width=&#8220;0&#8243; link=&#8220;url:https%3A%2F%2Fprimesurf.tideforce.app%2Fbook%3Flocation%3Dsicily|title:Jetzt%20buchen|target:_blank|&#8220; uncode_shortcode_id=&#8220;300895&#8243;]Jetzt buchen[\/vc_button][\/vc_column_inner][\/vc_row_inner][vc_row_inner limit_content=&#8220;&#8220;][vc_column_inner width=&#8220;1\/6&#8243;][\/vc_column_inner][vc_column_inner width=&#8220;2\/3&#8243;][vc_gallery el_id=&#8220;gallery-478160&#8243; type=&#8220;carousel&#8220; medias=&#8220;10138,10134,10130,10132,10128,10126,10122,10120,10087,10183,10177,10179,10175,10169,10171,10173,10165&#8243; carousel_lg=&#8220;1&#8243; carousel_md=&#8220;1&#8243; carousel_sm=&#8220;1&#8243; thumb_size=&#8220;three-two&#8220; gutter_size=&#8220;3&#8243; media_items=&#8220;media|lightbox|original&#8220; carousel_interval=&#8220;5000&#8243; carousel_navspeed=&#8220;400&#8243; carousel_loop=&#8220;yes&#8220; carousel_dots=&#8220;yes&#8220; carousel_dots_mobile=&#8220;yes&#8220; stage_padding=&#8220;0&#8243; single_shape=&#8220;round&#8220; radius=&#8220;lg&#8220; single_overlay_opacity=&#8220;1&#8243; single_overlay_anim=&#8220;no&#8220; single_text_anim=&#8220;no&#8220; single_image_anim=&#8220;no&#8220; single_padding=&#8220;2&#8243; single_shadow=&#8220;yes&#8220; shadow_weight=&#8220;sm&#8220; single_border=&#8220;yes&#8220; uncode_shortcode_id=&#8220;170785&#8243;][\/vc_column_inner][vc_column_inner width=&#8220;1\/6&#8243;][\/vc_column_inner][\/vc_row_inner][\/vc_tab][vc_tab gutter_size=&#8220;2&#8243; column_padding=&#8220;2&#8243; title=&#8220;Kite- &amp; Yogacamps&#8220; tab_id=&#8220;1708423871-2-14&#8243; slug=&#8220;kiteyogacamps&#8220;][vc_row_inner limit_content=&#8220;&#8220;][vc_column_inner column_width_percent=&#8220;100&#8243; gutter_size=&#8220;3&#8243; overlay_alpha=&#8220;50&#8243; shift_x=&#8220;0&#8243; shift_y=&#8220;0&#8243; shift_y_down=&#8220;0&#8243; z_index=&#8220;0&#8243; medium_width=&#8220;0&#8243; mobile_width=&#8220;0&#8243; width=&#8220;1\/2&#8243; uncode_shortcode_id=&#8220;381397&#8243; css=&#8220;.vc_custom_1708427685755{padding-top: 20px !important;}&#8220;][vc_custom_heading uncode_shortcode_id=&#8220;120321&#8243;]Kite- &amp; Yogacamps[\/vc_custom_heading][vc_column_text text_lead=&#8220;yes&#8220; uncode_shortcode_id=&#8220;200007&#8243;]Entdeckt unser <strong>Kite- &amp; Yogacamps<\/strong> \u2013 der perfekte Mix aus Action und Entspannung! Startet den Tag mit einer gemeinsamen Yoga-Session mit unserer Yoga-Lehrerin Madlin (200-st\u00fcndiges Vinyasa Yoga Teacher Training), um Euch optimal vorzubereiten, bevor es gemeinsam aufs Wasser geht. Nach dem Kiten genie\u00dft Ihr gemeinsame Stretching-Einheiten an unserer Lagune. Besondere Highlights sind unsere Yoga-Einheiten als Special Sunrise oder Sunset Sessions am Strand. Wenn der Wind mal pausiert, vertiefen wir uns in die Yoga-Philosophie und machen tolle Ausfl\u00fcge, um die Insel zu erkunden. Hier erlebst du das Beste aus beiden Welten und tankst neue Energie auf der wundersch\u00f6nen Insel Sizilien!<\/p>\n<p>Derzeit verf\u00fcgen wir \u00fcber keine eigene Unterkunft, wir helfen Euch aber gerne bei der Suche nach einem geeigneten Hotel oder Apartment! Schaut dazu gerne auch in unsere <a href=\"https:\/\/primesurf.com\/de\/locations\/sizilien\/faq\/\">FAQs<\/a> oder in unseren Artikel <a href=\"https:\/\/primesurf.com\/de\/top-5-unterkuenfte-auf-sizilien\/\">\u201cTOP 5 Unterk\u00fcnfte auf Sizilien\u201d<\/a>![\/vc_column_text][\/vc_column_inner][vc_column_inner column_width_percent=&#8220;100&#8243; gutter_size=&#8220;3&#8243; overlay_color=&#8220;color-xsdn&#8220; overlay_alpha=&#8220;10&#8243; radius=&#8220;xl&#8220; shift_x=&#8220;0&#8243; shift_y=&#8220;0&#8243; shift_y_down=&#8220;0&#8243; z_index=&#8220;0&#8243; medium_width=&#8220;0&#8243; mobile_width=&#8220;0&#8243; width=&#8220;1\/2&#8243; uncode_shortcode_id=&#8220;208052&#8243; overlay_color_type=&#8220;uncode-palette&#8220; css=&#8220;.vc_custom_1708425183254{padding-top: 20px !important;padding-right: 40px !important;padding-bottom: 40px !important;padding-left: 40px !important;}&#8220;][vc_custom_heading uncode_shortcode_id=&#8220;408934&#8243;]Details[\/vc_custom_heading][vc_column_text text_lead=&#8220;yes&#8220; uncode_shortcode_id=&#8220;425348&#8243;]\u2713 6 Tage intensiver Gruppenkurs, 4-5 Std. Training am Tag<br \/>\n\u2713 5 Tage Yoga-Einheiten am Morgen und nach dem Kiten<br \/>\n\u2713 Eine der Yoga Einheiten als Special Sunrise oder Sunset Session am Strand (flexibler Tag je nach Wind und Wetter)<br \/>\n\u2713 Geeignet f\u00fcr alle Level: Beginner, Aufsteiger und Fortgeschrittene \/ VDWS Level 0-7<br \/>\n\u2713 Professionelle Betreuung VDWS-lizensierter Trainer und Yoga-Lehrerin (200-st\u00fcndiges Vinyasa Yoga Teacher Training)<br \/>\n\u2713 Das neuste Equipment von Core Kiteboarding und Duotone<br \/>\n\u2713 Gemeinsame Abendessen (kostenpflichtig)<br \/>\n\u2713 Interessante Theorieeinheiten (Kite&amp;Yoga). Von Sicherheitsregeln, Selbstrettung, Fahrtechniken bis hinzu Windkonditionen und Kitekunde<br \/>\n\u2713 Organisation von Nebenaktivit\u00e4ten: Bootstouren zu den \u00c4gadischen Inseln (kostenpflichtig), Besichtigung der Stadt Erice und mehr<\/p>\n<p>Preis: 850\u20ac<\/p>\n<p><strong>Nicht inklusive:<\/strong><br \/>\nX Unterkunft (bei der Suche nach einer geeigneten Unterkunft helfen wir Euch gerne!)[\/vc_column_text][vc_button border_animation=&#8220;btn-ripple-out&#8220; outline=&#8220;yes&#8220; border_width=&#8220;0&#8243; link=&#8220;url:https%3A%2F%2Fprimesurf.tideforce.app%2Fbook%3Flocation%3Dsicily|title:Jetzt%20buchen|target:_blank|&#8220; uncode_shortcode_id=&#8220;638670&#8243;]Jetzt buchen[\/vc_button][\/vc_column_inner][\/vc_row_inner][vc_row_inner limit_content=&#8220;&#8220;][vc_column_inner width=&#8220;1\/6&#8243;][\/vc_column_inner][vc_column_inner width=&#8220;2\/3&#8243;][vc_gallery el_id=&#8220;gallery-49092&#8243; type=&#8220;carousel&#8220; random=&#8220;yes&#8220; medias=&#8220;11130,11128,11126,11124,11122,11120,11089&#8243; explode_albums=&#8220;yes&#8220; carousel_lg=&#8220;1&#8243; carousel_md=&#8220;1&#8243; carousel_sm=&#8220;1&#8243; thumb_size=&#8220;three-two&#8220; gutter_size=&#8220;3&#8243; media_items=&#8220;media|lightbox|original&#8220; carousel_interval=&#8220;3000&#8243; carousel_navspeed=&#8220;400&#8243; stage_padding=&#8220;0&#8243; single_shape=&#8220;round&#8220; radius=&#8220;lg&#8220; single_overlay_opacity=&#8220;50&#8243; single_padding=&#8220;2&#8243; single_border=&#8220;yes&#8220; uncode_shortcode_id=&#8220;213335&#8243;][\/vc_column_inner][vc_column_inner width=&#8220;1\/6&#8243;][\/vc_column_inner][\/vc_row_inner][\/vc_tab][vc_tab gutter_size=&#8220;2&#8243; column_padding=&#8220;2&#8243; title=&#8220;Wingfoilcamps&#8220; tab_id=&#8220;1708424354880-2-8&#8243; slug=&#8220;wingfoilcamps&#8220;][vc_row_inner limit_content=&#8220;&#8220;][vc_column_inner column_width_percent=&#8220;100&#8243; gutter_size=&#8220;3&#8243; overlay_alpha=&#8220;50&#8243; shift_x=&#8220;0&#8243; shift_y=&#8220;0&#8243; shift_y_down=&#8220;0&#8243; z_index=&#8220;0&#8243; medium_width=&#8220;0&#8243; mobile_width=&#8220;0&#8243; width=&#8220;1\/2&#8243; uncode_shortcode_id=&#8220;850917&#8243; css=&#8220;.vc_custom_1708427737088{padding-top: 20px !important;}&#8220;][vc_custom_heading uncode_shortcode_id=&#8220;991551&#8243;]Wingfoilcamp[\/vc_custom_heading][vc_column_text text_lead=&#8220;yes&#8220; uncode_shortcode_id=&#8220;481474&#8243;]Ihr habt Lust Wingfoilen zu lernen oder Eure F\u00e4higkeiten zu verbessern?<br \/>\nDann kommt in unser Wingfoilcamp f\u00fcr Einsteiger und Fortgeschrittene!<br \/>\nDank unseres Flachwasserspots in Lo Stagnone k\u00f6nnen alle K\u00f6nnensstufen intensiv trainiert werden. Egal, ob Ihr Wingfoilen von Grund auf lernen m\u00f6chtet, mit Halsen k\u00e4mpft oder die ersten Spr\u00fcnge meistern m\u00f6chtet &#8211; unsere Wing-Trainer helfen Euch, das n\u00e4chste Level zu erreichen.<br \/>\nAnf\u00e4nger beginnen zun\u00e4chst auf SUP-Boards mit Wing, w\u00e4hrend erfahrene Wingfoiler nach kurzer Vorbereitung direkt auf die Wingfoil-Boards gehen. Aufbau, Abbau, Starten, Kurse fahren und erste Startversuche auf dem Foil stehen in der Camp-Woche auf dem Programm. Mit hochwertigem Material von Duotone und Fanatic ist unser Wingfoilcamp der perfekte Moment, um mit dem Wingfoilen zu starten oder Eure F\u00e4higkeiten zu optimieren!<\/p>\n<p>Derzeit verf\u00fcgen wir \u00fcber keine eigene Unterkunft, wir helfen Euch aber gerne bei der Suche nach einem geeigneten Hotel oder Apartment! Schaut dazu gerne auch in unsere <a href=\"https:\/\/primesurf.com\/de\/locations\/sizilien\/faq\/\">FAQs<\/a> oder in unseren Artikel <a href=\"https:\/\/primesurf.com\/de\/top-5-unterkuenfte-auf-sizilien\/\">\u201cTOP 5 Unterk\u00fcnfte auf Sizilien\u201d<\/a>![\/vc_column_text][\/vc_column_inner][vc_column_inner column_width_percent=&#8220;100&#8243; gutter_size=&#8220;3&#8243; overlay_color=&#8220;color-xsdn&#8220; overlay_alpha=&#8220;10&#8243; radius=&#8220;xl&#8220; shift_x=&#8220;0&#8243; shift_y=&#8220;0&#8243; shift_y_down=&#8220;0&#8243; z_index=&#8220;0&#8243; medium_width=&#8220;0&#8243; mobile_width=&#8220;0&#8243; width=&#8220;1\/2&#8243; uncode_shortcode_id=&#8220;184569&#8243; overlay_color_type=&#8220;uncode-palette&#8220; css=&#8220;.vc_custom_1708427744569{padding-top: 20px !important;padding-right: 40px !important;padding-bottom: 40px !important;padding-left: 40px !important;}&#8220;][vc_custom_heading uncode_shortcode_id=&#8220;408934&#8243;]Details[\/vc_custom_heading][vc_column_text text_lead=&#8220;yes&#8220; uncode_shortcode_id=&#8220;665307&#8243;]\u2713 6 Tage intensiver Gruppenkurs, 4-5 Std. Training am Tag<br \/>\n\u2713 max. 5 Teilnehmer.<br \/>\n\u2713 Geeignet f\u00fcr alle Levels: Anf\u00e4nger bis Fortgeschrittene<br \/>\n\u2713 Professionelle Betreuung VDWS-lizensierter Trainer<br \/>\n\u2713 Premium Equipment von Duotone<br \/>\n\u2713 Gemeinsame Abendessen (kostenpflichtig)<br \/>\n\u2713 Interessante Theorieeinheiten. Von Sicherheitsregeln, Fahrtechniken bis hin zu Windkonditionen.<br \/>\n\u2713 Organisation von Nebenaktivit\u00e4ten: Bootstouren zu den \u00c4gadischen Inseln (kostenpflichtig), Besichtigung der Stadt Erice und mehr<\/p>\n<p>Preis: 790\u20ac<\/p>\n<p><strong>Nicht inklusive:<\/strong><\/p>\n<p>X Unterkunft (bei der Suche nach einer geeigneten Unterkunft helfen wir Euch gerne!)[\/vc_column_text][vc_button border_animation=&#8220;btn-ripple-out&#8220; outline=&#8220;yes&#8220; border_width=&#8220;0&#8243; link=&#8220;url:https%3A%2F%2Fprimesurf.tideforce.app%2Fbook%3Flocation%3Dsicily|title:Jetzt%20buchen|target:_blank|&#8220; uncode_shortcode_id=&#8220;178991&#8243;]Jetzt buchen[\/vc_button][\/vc_column_inner][\/vc_row_inner][vc_row_inner limit_content=&#8220;&#8220;][vc_column_inner width=&#8220;1\/6&#8243;][\/vc_column_inner][vc_column_inner width=&#8220;2\/3&#8243;][vc_gallery el_id=&#8220;wingfoil&#8220; type=&#8220;carousel&#8220; random=&#8220;yes&#8220; medias=&#8220;11219,11217,11215,11213,11211,11209,11207,11205,11203,11201,11191,11189,11187,11185,11181&#8243; carousel_lg=&#8220;1&#8243; carousel_md=&#8220;1&#8243; carousel_sm=&#8220;1&#8243; thumb_size=&#8220;three-two&#8220; gutter_size=&#8220;3&#8243; media_items=&#8220;media|lightbox|original&#8220; carousel_interval=&#8220;3000&#8243; carousel_navspeed=&#8220;400&#8243; stage_padding=&#8220;0&#8243; single_shape=&#8220;round&#8220; radius=&#8220;lg&#8220; single_overlay_opacity=&#8220;50&#8243; single_padding=&#8220;2&#8243; single_border=&#8220;yes&#8220; uncode_shortcode_id=&#8220;984898&#8243;][\/vc_column_inner][vc_column_inner width=&#8220;1\/6&#8243;][\/vc_column_inner][\/vc_row_inner][\/vc_tab][\/vc_tabs][\/vc_column][\/vc_row][vc_row][vc_column width=&#8220;1\/1&#8243;][\/vc_column][\/vc_row][vc_row][vc_column width=&#8220;1\/1&#8243;][uncode_block id=&#8220;5137&#8243;][\/vc_column][\/vc_row]<\/p>\n<\/div>","protected":false},"excerpt":{"rendered":"<p>[vc_row row_height_percent=&#8220;100&#8243; override_padding=&#8220;yes&#8220; h_padding=&#8220;2&#8243; top_padding=&#8220;0&#8243; bottom_padding=&#8220;0&#8243; back_image=&#8220;10137&#8243; overlay_color=&#8220;color-849464&#8243; overlay_alpha=&#8220;100&#8243; gutter_size=&#8220;3&#8243; column_width_percent=&#8220;100&#8243; shift_y=&#8220;0&#8243; z_index=&#8220;0&#8243; uncode_shortcode_id=&#8220;458812&#8243; overlay_color_type=&#8220;uncode-palette&#8220;][vc_column column_width_percent=&#8220;100&#8243; position_vertical=&#8220;bottom&#8220; align_horizontal=&#8220;align_center&#8220; gutter_size=&#8220;3&#8243; overlay_alpha=&#8220;50&#8243; [&hellip;]<\/p>\n","protected":false},"author":5,"featured_media":10177,"parent":6911,"menu_order":0,"comment_status":"closed","ping_status":"closed","template":"","meta":{"footnotes":""},"class_list":["post-6924","page","type-page","status-publish","has-post-thumbnail","hentry","page_category-sizilien-teaser"],"_links":{"self":[{"href":"https:\/\/primesurf.com\/de\/wp-json\/wp\/v2\/pages\/6924","targetHints":{"allow":["GET"]}}],"collection":[{"href":"https:\/\/primesurf.com\/de\/wp-json\/wp\/v2\/pages"}],"about":[{"href":"https:\/\/primesurf.com\/de\/wp-json\/wp\/v2\/types\/page"}],"author":[{"embeddable":true,"href":"https:\/\/primesurf.com\/de\/wp-json\/wp\/v2\/users\/5"}],"replies":[{"embeddable":true,"href":"https:\/\/primesurf.com\/de\/wp-json\/wp\/v2\/comments?post=6924"}],"version-history":[{"count":106,"href":"https:\/\/primesurf.com\/de\/wp-json\/wp\/v2\/pages\/6924\/revisions"}],"predecessor-version":[{"id":15795,"href":"https:\/\/primesurf.com\/de\/wp-json\/wp\/v2\/pages\/6924\/revisions\/15795"}],"up":[{"embeddable":true,"href":"https:\/\/primesurf.com\/de\/wp-json\/wp\/v2\/pages\/6911"}],"wp:featuredmedia":[{"embeddable":true,"href":"https:\/\/primesurf.com\/de\/wp-json\/wp\/v2\/media\/10177"}],"wp:attachment":[{"href":"https:\/\/primesurf.com\/de\/wp-json\/wp\/v2\/media?parent=6924"}],"curies":[{"name":"wp","href":"https:\/\/api.w.org\/{rel}","templated":true}]}}