{"id":6907,"date":"2023-01-11T17:48:51","date_gmt":"2023-01-11T17:48:51","guid":{"rendered":"https:\/\/primesurf-aws-preview.parasol.digital\/locations\/brasilien\/faq\/"},"modified":"2023-01-21T09:16:53","modified_gmt":"2023-01-21T09:16:53","slug":"faq","status":"publish","type":"page","link":"https:\/\/primesurf.com\/de\/locations\/brasilien\/faq\/","title":{"rendered":"FAQ"},"content":{"rendered":"<div class=\"wpb-content-wrapper\"><p>[vc_row row_height_percent=&#8220;100&#8243; override_padding=&#8220;yes&#8220; h_padding=&#8220;2&#8243; top_padding=&#8220;0&#8243; bottom_padding=&#8220;0&#8243; back_image=&#8220;5730&#8243; back_position=&#8220;center bottom&#8220; overlay_color=&#8220;color-148729&#8243; overlay_alpha=&#8220;100&#8243; gutter_size=&#8220;3&#8243; column_width_percent=&#8220;100&#8243; shift_y=&#8220;0&#8243; z_index=&#8220;0&#8243; uncode_shortcode_id=&#8220;784509&#8243; overlay_color_type=&#8220;uncode-palette&#8220;][vc_column column_width_percent=&#8220;100&#8243; position_vertical=&#8220;bottom&#8220; align_horizontal=&#8220;align_center&#8220; gutter_size=&#8220;3&#8243; overlay_alpha=&#8220;50&#8243; shift_x=&#8220;0&#8243; shift_y=&#8220;0&#8243; shift_y_down=&#8220;0&#8243; z_index=&#8220;0&#8243; medium_width=&#8220;0&#8243; mobile_width=&#8220;0&#8243; width=&#8220;1\/1&#8243; uncode_shortcode_id=&#8220;189613&#8243;][vc_row_inner limit_content=&#8220;&#8220;][vc_column_inner column_width_percent=&#8220;100&#8243; position_vertical=&#8220;bottom&#8220; align_horizontal=&#8220;align_center&#8220; gutter_size=&#8220;3&#8243; overlay_alpha=&#8220;50&#8243; shift_x=&#8220;0&#8243; shift_y=&#8220;0&#8243; shift_y_down=&#8220;0&#8243; z_index=&#8220;0&#8243; medium_width=&#8220;0&#8243; mobile_width=&#8220;0&#8243; width=&#8220;1\/1&#8243; uncode_shortcode_id=&#8220;150807&#8243;][vc_custom_heading heading_semantic=&#8220;h1&#8243; text_size=&#8220;fontsize-508984&#8243; text_weight=&#8220;800&#8243; uncode_shortcode_id=&#8220;207336&#8243;]Brasilien[\/vc_custom_heading][\/vc_column_inner][\/vc_row_inner][vc_row_inner row_inner_height_percent=&#8220;0&#8243; overlay_alpha=&#8220;50&#8243; gutter_size=&#8220;3&#8243; shift_y=&#8220;0&#8243; z_index=&#8220;0&#8243; mobile_visibility=&#8220;yes&#8220; uncode_shortcode_id=&#8220;145472&#8243; limit_content=&#8220;&#8220;][vc_column_inner width=&#8220;1\/1&#8243;][vc_wp_custommenu nav_menu=&#8220;57&#8243; nav_menu_horizontal=&#8220;1&#8243; use_widget_style=&#8220;yes&#8220; widget_collapse=&#8220;yes&#8220; widget_style_no_arrows=&#8220;yes&#8220;][\/vc_column_inner][\/vc_row_inner][vc_row_inner row_inner_height_percent=&#8220;0&#8243; overlay_alpha=&#8220;50&#8243; gutter_size=&#8220;3&#8243; shift_y=&#8220;0&#8243; z_index=&#8220;0&#8243; desktop_visibility=&#8220;yes&#8220; medium_visibility=&#8220;yes&#8220; uncode_shortcode_id=&#8220;160906&#8243; limit_content=&#8220;&#8220;][vc_column_inner width=&#8220;1\/1&#8243;][vc_wp_custommenu nav_menu=&#8220;57&#8243; nav_menu_horizontal=&#8220;1&#8243; use_widget_style=&#8220;yes&#8220; widget_collapse=&#8220;yes&#8220; widget_style_no_arrows=&#8220;yes&#8220; title=&#8220;Kite Camps&#8220;][\/vc_column_inner][\/vc_row_inner][vc_row_inner limit_content=&#8220;&#8220;][vc_column_inner column_width_percent=&#8220;100&#8243; position_vertical=&#8220;bottom&#8220; align_horizontal=&#8220;align_center&#8220; gutter_size=&#8220;3&#8243; overlay_alpha=&#8220;50&#8243; shift_x=&#8220;0&#8243; shift_y=&#8220;0&#8243; shift_y_down=&#8220;0&#8243; z_index=&#8220;0&#8243; medium_width=&#8220;0&#8243; mobile_width=&#8220;0&#8243; width=&#8220;1\/1&#8243; uncode_shortcode_id=&#8220;231739&#8243;][vc_icon position=&#8220;bottom&#8220; icon_image=&#8220;2748&#8243; media_size=&#8220;80&#8243; heading_semantic=&#8220;h4&#8243; uncode_shortcode_id=&#8220;100780&#8243; link=&#8220;url:%23info&#8220;][\/vc_icon][\/vc_column_inner][\/vc_row_inner][\/vc_column][\/vc_row][vc_row row_height_percent=&#8220;0&#8243; overlay_alpha=&#8220;50&#8243; gutter_size=&#8220;3&#8243; column_width_percent=&#8220;100&#8243; shift_y=&#8220;0&#8243; z_index=&#8220;0&#8243; uncode_shortcode_id=&#8220;607955&#8243;][vc_column column_width_percent=&#8220;100&#8243; gutter_size=&#8220;3&#8243; overlay_alpha=&#8220;50&#8243; shift_x=&#8220;0&#8243; shift_y=&#8220;0&#8243; shift_y_down=&#8220;0&#8243; z_index=&#8220;0&#8243; medium_width=&#8220;0&#8243; mobile_width=&#8220;0&#8243; css_animation=&#8220;bottom-t-top&#8220; width=&#8220;1\/1&#8243; uncode_shortcode_id=&#8220;108791&#8243;][vc_custom_heading heading_semantic=&#8220;h3&#8243; text_size=&#8220;h3&#8243; uncode_shortcode_id=&#8220;632136&#8243;]<strong>H\u00e4ufig gestellte Fragen<\/strong>[\/vc_custom_heading][vc_column_text uncode_shortcode_id=&#8220;123245&#8243;]Schaut Euch hier die h\u00e4ufig gestellten Fragen an. Falls Ihr noch weitere Fragen haben solltet, k\u00f6nnt Ihr uns gern eine E-Mail schicken und wir werden Euch so schnell wie m\u00f6glich antworten.[\/vc_column_text][vc_custom_heading heading_semantic=&#8220;h3&#8243; text_size=&#8220;h4&#8243; uncode_shortcode_id=&#8220;111904&#8243;]Safari und Kitesurfen[\/vc_custom_heading][vc_accordion history=&#8220;yes&#8220; typography=&#8220;yes&#8220; active_tab=&#8220;0&#8243;][vc_accordion_tab gutter_size=&#8220;2&#8243; column_padding=&#8220;2&#8243; title=&#8220;Welches Kite-Level ben\u00f6tigt man, um an den Camps und Safaris teilnehmen zu k\u00f6nnen?&#8220; tab_id=&#8220;1672883620-2-431673459420740&#8243; slug=&#8220;1&#8243;][vc_column_text uncode_shortcode_id=&#8220;205031&#8243;]Die Safari empfehlen wir f\u00fcr fortgeschrittenen Kitesurfern \/ VDWS Level 5 oder h\u00f6her.<br \/>\nWir werden zusammen viele Downwinder unternehmen und an verschiedenen Wave-Spots kiten gehen. Die Downwinder sind mitunter bis zu 10km lang, weshalb es vorteilhaft ist, auch im Switch fahren zu k\u00f6nnen.[\/vc_column_text][\/vc_accordion_tab][vc_accordion_tab gutter_size=&#8220;2&#8243; column_padding=&#8220;2&#8243; title=&#8220;Welches Kitesurf-Material steht zur Verf\u00fcgung?&#8220; tab_id=&#8220;1673044812952-3-31673459420740&#8243; slug=&#8220;3&#8243;][vc_column_text uncode_shortcode_id=&#8220;197105&#8243;]Wir haben in Brasilien eine gro\u00dfe Menge an Boards und Kites von Duotone und Core f\u00fcr Euch bereitstehen.<br \/>\nAu\u00dferdem haben wir Waveboards unserer Eigenmarke Cube Boards dabei, die Ihr gern testen k\u00f6nnt.<br \/>\nUnsere Kite Gr\u00f6\u00dfen reichen von 5qm bis 13qm.[\/vc_column_text][\/vc_accordion_tab][vc_accordion_tab gutter_size=&#8220;2&#8243; column_padding=&#8220;2&#8243; title=&#8220;Kann man auch sein eigenes Kitesurf-Material mitbringen?&#8220; tab_id=&#8220;1672883895295-2-21673459420740&#8243; slug=&#8220;4&#8243;][vc_column_text uncode_shortcode_id=&#8220;907494&#8243;]Nat\u00fcrlich k\u00f6nnt Ihr auch Euer eigenes Equipment nutzen. Bitte gebt uns vorher Bescheid, damit wir ein weiteres Boardbag f\u00fcr die Transfers anmelden k\u00f6nnen.<br \/>\nF\u00fcr das Mitbringen des eigenen Materials gibt es keinen Preisnachlass.[\/vc_column_text][\/vc_accordion_tab][vc_accordion_tab gutter_size=&#8220;2&#8243; column_padding=&#8220;2&#8243; title=&#8220;Welche Dinge werden sonst noch ben\u00f6tigt?&#8220; tab_id=&#8220;1673045135666-4-101673459420740&#8243; slug=&#8220;5&#8243;][vc_column_text uncode_shortcode_id=&#8220;121346&#8243;]Wir stellen Euch alles an Kites, Boards und Bars zur Verf\u00fcgung. Bitte bringt Euer eigenes Trapez mit.<\/p>\n<p>Was sonst noch ben\u00f6tigt wird:<\/p>\n<ul>\n<li style=\"list-style-type: none;\">\n<ul>\n<li>Lycra oder Wetshirt zum Schutz vor der Sonne<\/li>\n<li>Sonnenbrille zum Kiten, falls erforderlich<\/li>\n<li>Eine Cap oder einen Hut<\/li>\n<li>SPF<\/li>\n<li>Trapez mit Leash<\/li>\n<li>Neoprenschuhe, falls erforderlich<\/li>\n<\/ul>\n<\/li>\n<\/ul>\n<p>[\/vc_column_text][\/vc_accordion_tab][\/vc_accordion][\/vc_column][\/vc_row][vc_row row_height_percent=&#8220;0&#8243; overlay_alpha=&#8220;50&#8243; gutter_size=&#8220;3&#8243; column_width_percent=&#8220;100&#8243; shift_y=&#8220;0&#8243; z_index=&#8220;0&#8243; uncode_shortcode_id=&#8220;667556&#8243;][vc_column column_width_percent=&#8220;100&#8243; gutter_size=&#8220;3&#8243; overlay_alpha=&#8220;50&#8243; shift_x=&#8220;0&#8243; shift_y=&#8220;0&#8243; shift_y_down=&#8220;0&#8243; z_index=&#8220;0&#8243; medium_width=&#8220;0&#8243; mobile_width=&#8220;0&#8243; css_animation=&#8220;bottom-t-top&#8220; width=&#8220;1\/1&#8243; uncode_shortcode_id=&#8220;175630&#8243;][vc_custom_heading text_size=&#8220;h4&#8243; uncode_shortcode_id=&#8220;118116&#8243;]Die Reise und Weiteres[\/vc_custom_heading][vc_accordion history=&#8220;yes&#8220; typography=&#8220;yes&#8220; active_tab=&#8220;0&#8243;][vc_accordion_tab gutter_size=&#8220;2&#8243; column_padding=&#8220;2&#8243; title=&#8220;Wo findet man die besten Fl\u00fcge?&#8220; tab_id=&#8220;1672883620-2-431673459421951&#8243; slug=&#8220;11&#8243;][vc_column_text uncode_shortcode_id=&#8220;697339&#8243;]Falls Ihr Eure Fl\u00fcge eigenst\u00e4ndig buchen m\u00f6chtet, schaut am besten bei kayak.com kiwi.com oder skyscanner.com. Please check <a href=\"http:\/\/Kayak.com\" target=\"_blank\" rel=\"noopener\">Kayak.com<\/a>, <a href=\"http:\/\/Kiwi.com\" target=\"_blank\" rel=\"noopener\">Kiwi.com<\/a> or <a href=\"http:\/\/skyscanner.com\" target=\"_blank\" rel=\"noopener\">skyscanner.com<\/a> <\/p>\n<p>Unser Team reist mit der TAP.<br \/>\nDa wir mit viel Gep\u00e4ck reisen werden und immer Unterst\u00fctzung gebrauchen k\u00f6nnen, w\u00e4re es toll, wenn wir als Gruppe mit den ersten Camp-Teilnehmern zusammen fliegen.[\/vc_column_text][\/vc_accordion_tab][vc_accordion_tab gutter_size=&#8220;2&#8243; column_padding=&#8220;2&#8243; title=&#8220;Ben\u00f6tigt man vor Ort ein Auto?&#8220; tab_id=&#8220;1672883895295-2-21673459421951&#8243; slug=&#8220;13&#8243;][vc_column_text uncode_shortcode_id=&#8220;475685&#8243;]In Brasilien ben\u00f6tigt Ihr kein eigenes Auto. Wir haben Pick Ups vor Ort, die uns von den Downwindern abholen und auch zu den verschiedenen Spots fahren werden.[\/vc_column_text][\/vc_accordion_tab][vc_accordion_tab gutter_size=&#8220;2&#8243; column_padding=&#8220;2&#8243; title=&#8220;Gibt es eine Erstattung, falls kein Wind ist?&#8220; tab_id=&#8220;1673879062751-3-6&#8243;][vc_column_text uncode_shortcode_id=&#8220;572239&#8243;]Wir bieten keine R\u00fcckerstattung oder Gutscheine f\u00fcr die Camps\/ Safaris an, da wir zur Windsaison nach Brasilien reisen und es kaum windlose Tage gibt.<br \/>\nFalls es doch mal einen Tag ohne Wind geben sollte, werden wir zusammen interessante Theoriestunden machen und verschiedene Dinge \u00fcber Material, Wind, Techniken und mehr erkl\u00e4ren.[\/vc_column_text][\/vc_accordion_tab][\/vc_accordion][\/vc_column][\/vc_row][vc_row row_height_percent=&#8220;0&#8243; overlay_alpha=&#8220;50&#8243; gutter_size=&#8220;3&#8243; column_width_percent=&#8220;100&#8243; shift_y=&#8220;0&#8243; z_index=&#8220;0&#8243; desktop_visibility=&#8220;yes&#8220; medium_visibility=&#8220;yes&#8220; mobile_visibility=&#8220;yes&#8220; uncode_shortcode_id=&#8220;140622&#8243; shape_dividers=&#8220;&#8220;][vc_column width=&#8220;1\/1&#8243;][vc_accordion history=&#8220;yes&#8220; typography=&#8220;yes&#8220; active_tab=&#8220;0&#8243;][vc_accordion_tab gutter_size=&#8220;2&#8243; column_padding=&#8220;2&#8243; title=&#8220;Wie kann man die Reise nach Brasilien buchen?&#8220; tab_id=&#8220;1672883620-1-991673459421951&#8243; slug=&#8220;12&#8243;][vc_column_text uncode_shortcode_id=&#8220;206897&#8243;]Bitte bucht Eure Reise nach Brasilien \u00fcber unseren Reiseveranstalter KiteWorldwide.<br \/>\nIhr bekommt hier Hilfe bei dem Buchungsablauf und weiteren Anliegen.<br \/>\nIhr k\u00f6nnt dort auch Eure Fl\u00fcge buchen.[\/vc_column_text][\/vc_accordion_tab][\/vc_accordion][\/vc_column][\/vc_row][vc_row][vc_column width=&#8220;1\/1&#8243;][uncode_block id=&#8220;5708&#8243; inside_column=&#8220;yes&#8220;][\/vc_column][\/vc_row]<\/p>\n<\/div>","protected":false},"excerpt":{"rendered":"<p>[vc_row row_height_percent=&#8220;100&#8243; override_padding=&#8220;yes&#8220; h_padding=&#8220;2&#8243; top_padding=&#8220;0&#8243; bottom_padding=&#8220;0&#8243; back_image=&#8220;5730&#8243; back_position=&#8220;center bottom&#8220; overlay_color=&#8220;color-148729&#8243; overlay_alpha=&#8220;100&#8243; gutter_size=&#8220;3&#8243; column_width_percent=&#8220;100&#8243; shift_y=&#8220;0&#8243; z_index=&#8220;0&#8243; uncode_shortcode_id=&#8220;784509&#8243; overlay_color_type=&#8220;uncode-palette&#8220;][vc_column column_width_percent=&#8220;100&#8243; position_vertical=&#8220;bottom&#8220; align_horizontal=&#8220;align_center&#8220; [&hellip;]<\/p>\n","protected":false},"author":5,"featured_media":10842,"parent":6777,"menu_order":0,"comment_status":"closed","ping_status":"closed","template":"","meta":{"footnotes":""},"class_list":["post-6907","page","type-page","status-publish","has-post-thumbnail","hentry","page_category-brasil-teaser-de","page_category-faq-de"],"_links":{"self":[{"href":"https:\/\/primesurf.com\/de\/wp-json\/wp\/v2\/pages\/6907","targetHints":{"allow":["GET"]}}],"collection":[{"href":"https:\/\/primesurf.com\/de\/wp-json\/wp\/v2\/pages"}],"about":[{"href":"https:\/\/primesurf.com\/de\/wp-json\/wp\/v2\/types\/page"}],"author":[{"embeddable":true,"href":"https:\/\/primesurf.com\/de\/wp-json\/wp\/v2\/users\/5"}],"replies":[{"embeddable":true,"href":"https:\/\/primesurf.com\/de\/wp-json\/wp\/v2\/comments?post=6907"}],"version-history":[{"count":2,"href":"https:\/\/primesurf.com\/de\/wp-json\/wp\/v2\/pages\/6907\/revisions"}],"predecessor-version":[{"id":6909,"href":"https:\/\/primesurf.com\/de\/wp-json\/wp\/v2\/pages\/6907\/revisions\/6909"}],"up":[{"embeddable":true,"href":"https:\/\/primesurf.com\/de\/wp-json\/wp\/v2\/pages\/6777"}],"wp:featuredmedia":[{"embeddable":true,"href":"https:\/\/primesurf.com\/de\/wp-json\/wp\/v2\/media\/10842"}],"wp:attachment":[{"href":"https:\/\/primesurf.com\/de\/wp-json\/wp\/v2\/media?parent=6907"}],"curies":[{"name":"wp","href":"https:\/\/api.w.org\/{rel}","templated":true}]}}