{"id":6785,"date":"2023-01-15T19:12:41","date_gmt":"2023-01-15T19:12:41","guid":{"rendered":"https:\/\/primesurf-aws-preview.parasol.digital\/locations\/brasilien\/kite-safari\/"},"modified":"2026-02-13T23:54:08","modified_gmt":"2026-02-13T23:54:08","slug":"kite-safari","status":"publish","type":"page","link":"https:\/\/primesurf.com\/de\/locations\/brasilien\/kite-safari\/","title":{"rendered":"Kite Safari"},"content":{"rendered":"<div class=\"wpb-content-wrapper\"><p>[vc_row row_height_percent=&#8220;100&#8243; override_padding=&#8220;yes&#8220; h_padding=&#8220;2&#8243; top_padding=&#8220;0&#8243; bottom_padding=&#8220;0&#8243; back_image=&#8220;13686&#8243; overlay_color=&#8220;color-148729&#8243; overlay_alpha=&#8220;100&#8243; gutter_size=&#8220;3&#8243; column_width_percent=&#8220;100&#8243; shift_y=&#8220;0&#8243; z_index=&#8220;0&#8243; content_parallax=&#8220;0&#8243; uncode_shortcode_id=&#8220;993802&#8243; overlay_color_type=&#8220;uncode-palette&#8220;][vc_column column_width_percent=&#8220;100&#8243; position_vertical=&#8220;bottom&#8220; align_horizontal=&#8220;align_center&#8220; gutter_size=&#8220;3&#8243; overlay_alpha=&#8220;50&#8243; shift_x=&#8220;0&#8243; shift_y=&#8220;0&#8243; shift_y_down=&#8220;0&#8243; z_index=&#8220;0&#8243; medium_width=&#8220;0&#8243; mobile_width=&#8220;0&#8243; width=&#8220;1\/1&#8243; uncode_shortcode_id=&#8220;189613&#8243;][vc_row_inner limit_content=&#8220;&#8220;][vc_column_inner column_width_percent=&#8220;100&#8243; position_vertical=&#8220;bottom&#8220; align_horizontal=&#8220;align_center&#8220; gutter_size=&#8220;3&#8243; overlay_alpha=&#8220;50&#8243; shift_x=&#8220;0&#8243; shift_y=&#8220;0&#8243; shift_y_down=&#8220;0&#8243; z_index=&#8220;0&#8243; medium_width=&#8220;0&#8243; mobile_width=&#8220;0&#8243; width=&#8220;1\/1&#8243; uncode_shortcode_id=&#8220;150807&#8243;][vc_custom_heading heading_semantic=&#8220;h1&#8243; text_size=&#8220;fontsize-508984&#8243; text_weight=&#8220;800&#8243; uncode_shortcode_id=&#8220;157125&#8243;]Brasilien[\/vc_custom_heading][\/vc_column_inner][\/vc_row_inner][vc_row_inner row_inner_height_percent=&#8220;0&#8243; overlay_alpha=&#8220;50&#8243; gutter_size=&#8220;3&#8243; shift_y=&#8220;0&#8243; z_index=&#8220;0&#8243; mobile_visibility=&#8220;yes&#8220; uncode_shortcode_id=&#8220;145472&#8243; limit_content=&#8220;&#8220;][vc_column_inner width=&#8220;1\/1&#8243;][vc_wp_custommenu nav_menu=&#8220;57&#8243; nav_menu_horizontal=&#8220;1&#8243; use_widget_style=&#8220;yes&#8220; widget_collapse=&#8220;yes&#8220; widget_style_no_arrows=&#8220;yes&#8220;][\/vc_column_inner][\/vc_row_inner][vc_row_inner row_inner_height_percent=&#8220;0&#8243; overlay_alpha=&#8220;50&#8243; gutter_size=&#8220;3&#8243; shift_y=&#8220;0&#8243; z_index=&#8220;0&#8243; desktop_visibility=&#8220;yes&#8220; medium_visibility=&#8220;yes&#8220; uncode_shortcode_id=&#8220;160906&#8243; limit_content=&#8220;&#8220;][vc_column_inner width=&#8220;1\/1&#8243;][vc_wp_custommenu nav_menu=&#8220;57&#8243; nav_menu_horizontal=&#8220;1&#8243; use_widget_style=&#8220;yes&#8220; widget_collapse=&#8220;yes&#8220; widget_style_no_arrows=&#8220;yes&#8220; title=&#8220;Kite Safari&#8220;][\/vc_column_inner][\/vc_row_inner][vc_row_inner limit_content=&#8220;&#8220;][vc_column_inner column_width_percent=&#8220;100&#8243; position_vertical=&#8220;bottom&#8220; align_horizontal=&#8220;align_center&#8220; gutter_size=&#8220;3&#8243; overlay_alpha=&#8220;50&#8243; shift_x=&#8220;0&#8243; shift_y=&#8220;0&#8243; shift_y_down=&#8220;0&#8243; z_index=&#8220;0&#8243; medium_width=&#8220;0&#8243; mobile_width=&#8220;0&#8243; width=&#8220;1\/1&#8243; uncode_shortcode_id=&#8220;231739&#8243;][vc_icon position=&#8220;bottom&#8220; icon_image=&#8220;2748&#8243; media_size=&#8220;80&#8243; heading_semantic=&#8220;h4&#8243; uncode_shortcode_id=&#8220;100780&#8243; link=&#8220;url:%23info|&#8220;][\/vc_icon][\/vc_column_inner][\/vc_row_inner][\/vc_column][\/vc_row][vc_row row_height_percent=&#8220;0&#8243; override_padding=&#8220;yes&#8220; h_padding=&#8220;3&#8243; top_padding=&#8220;3&#8243; bottom_padding=&#8220;3&#8243; overlay_alpha=&#8220;50&#8243; gutter_size=&#8220;4&#8243; column_width_percent=&#8220;100&#8243; shift_y=&#8220;0&#8243; z_index=&#8220;0&#8243; uncode_shortcode_id=&#8220;196103&#8243;][vc_column column_width_percent=&#8220;100&#8243; gutter_size=&#8220;3&#8243; overlay_alpha=&#8220;50&#8243; shift_x=&#8220;0&#8243; shift_y=&#8220;0&#8243; shift_y_down=&#8220;0&#8243; z_index=&#8220;0&#8243; medium_width=&#8220;0&#8243; mobile_width=&#8220;0&#8243; css_animation=&#8220;bottom-t-top&#8220; width=&#8220;1\/2&#8243; uncode_shortcode_id=&#8220;201894&#8243; css=&#8220;.vc_custom_1673858528385{padding-top: 18px !important;}&#8220;][vc_custom_heading uncode_shortcode_id=&#8220;202503&#8243;]Kite Safari:[\/vc_custom_heading][vc_column_text text_lead=&#8220;yes&#8220; uncode_shortcode_id=&#8220;495198&#8243;]Seid Ihr bereit, mit uns die Nordostk\u00fcste Brasiliens entlang zu reisen? Ihr liebt es in den Wellen kiten zu gehen und habt Spa\u00df an endlosen Downwindern?<br \/>\nUnsere <strong>Kite Safari<\/strong> hat genau das!<\/p>\n<p>Brasilien ist der perfekte Ort f\u00fcr eine <strong>Kite Safari<\/strong>, mit seinen stetigen und konstanten Winden, weiten Str\u00e4nden und langen Wellen. Wir gehen gemeinsam auf eine Kite-Reise und entdecken die besten Spots, die Brasilien zu bieten hat. W\u00e4hrend unserer Kite Safari werden wir drei verschiedene Orte besuchen, in unterschiedlichen <strong><a href=\"https:\/\/primesurf.com\/de\/locations\/brasilien\/unterkunft\/\">Hotels und Pousadas<\/a><\/strong> wohnen und an verschiedenen Spots gemeinsam kiten gehen. Jeder Ort hat seinen eigenen Charm und bietet tolle Bedingungen f\u00fcr Downwinder und fantastische Sessions im Atlantik. .<\/p>\n<ul>\n<li><strong>Emboaca:<\/strong> Ein sehr sch\u00f6ner Spot mit Winden zwischen 18 und 25 Knoten. Es ist der perfekte Ort f\u00fcr Coaching und um dein individuelles n\u00e4chstes Level zu erreichen.<\/li>\n<li><strong>Jeri: <\/strong>Weiter n\u00f6rdlich bietet Jeri starke Winde mit durchschnittlich 30 Knoten. Wir werden Downwinder nach Prea, Guriu und Tatajuba machen und verschiedene Spots erkunden.<\/li>\n<li><strong>Icaraizinho: <\/strong>Auf dem Weg zur\u00fcck in den S\u00fcden bietet Icaraizinho gro\u00dfartige Downwinder bei Winden mit durchschnittlich 20 Knoten. Hier erwarten dich spannende Downwinder nach Caetanos und Baleia sowie Kitesessions direkt vor unserer Unterkunft.\n<div class=\"mb-2 flex gap-3 empty:hidden -ml-2\">\n<div class=\"items-center justify-start rounded-xl p-1 flex\"><\/div>\n<\/div>\n<\/li>\n<\/ul>\n<p>Der Wind wird st\u00e4rker, je weiter n\u00f6rdlich wir fahren. W\u00e4hrend der <strong>Kite Safari,<\/strong> wird es Pick Ups geben, die uns jeden Tag vom Downwinder zur\u00fcck zu unserem Hauptspot bringen und uns zu den verschiedenen Spots shutteln. Du wirst jede freie Minute auf dem Wasser verbringen, von professionellen Lehrern betreut werden und mit uns die besten Kitespots Brasiliens entdecken!<\/p>\n<p>Buche jetzt deine<strong> Kite Safari <\/strong>und erlebe das ultimative Kitesurf-Abenteuer in Brasilien![\/vc_column_text][\/vc_column][vc_column column_width_percent=&#8220;100&#8243; gutter_size=&#8220;3&#8243; overlay_color=&#8220;color-xsdn&#8220; overlay_alpha=&#8220;10&#8243; radius=&#8220;xl&#8220; shift_x=&#8220;0&#8243; shift_y=&#8220;0&#8243; shift_y_down=&#8220;0&#8243; z_index=&#8220;0&#8243; medium_width=&#8220;0&#8243; mobile_width=&#8220;0&#8243; css_animation=&#8220;bottom-t-top&#8220; width=&#8220;1\/2&#8243; uncode_shortcode_id=&#8220;100273&#8243; css=&#8220;.vc_custom_1673858534127{padding-top: 20px !important;padding-right: 40px !important;padding-bottom: 40px !important;padding-left: 40px !important;}&#8220; overlay_color_type=&#8220;uncode-palette&#8220;][vc_custom_heading uncode_shortcode_id=&#8220;408934&#8243;]Details[\/vc_custom_heading][vc_button border_animation=&#8220;btn-ripple-out&#8220; wide=&#8220;yes&#8220; outline=&#8220;yes&#8220; border_width=&#8220;0&#8243; link=&#8220;url:https%3A%2F%2Fprimesurf.tideforce.app%2Fbook%3Flocation%3Dbrazil|title:30.10.%20-%2013.11.2026|rel:nofollow|&#8220; uncode_shortcode_id=&#8220;121559&#8243;]Safari 1: 30.10. &#8211; 13.11.2026 : Emboaca &#8211; Jeri &#8211; Icaraizinho[\/vc_button][vc_button border_animation=&#8220;btn-ripple-out&#8220; wide=&#8220;yes&#8220; outline=&#8220;yes&#8220; border_width=&#8220;0&#8243; link=&#8220;url:https%3A%2F%2Fprimesurf.tideforce.app%2Fbook%3Flocation%3Dbrazil|title:13.11.%20-%2027.11.2026|rel:nofollow|&#8220; uncode_shortcode_id=&#8220;553372&#8243;]Safari 2: 13.11. &#8211; 27.11.2026 : Emboaca &#8211; Jeri &#8211; Icaraizinho[\/vc_button][vc_column_text text_lead=&#8220;yes&#8220; uncode_shortcode_id=&#8220;173307&#8243;]<strong>Kite Safari<\/strong><br \/>\n<span style=\"font-family: -apple-system, BlinkMacSystemFont, 'Segoe UI', Roboto, Oxygen-Sans, Ubuntu, Cantarell, 'Helvetica Neue', sans-serif;\">\u2713 13 Tage betreutes Kiten Individuelles Coaching<br \/>\n<\/span>\u2713 Suitable for intermediate and advanced surfers \/ VDWS Level 4-7<br \/>\n\u2713 Professionelle Betreuung VDWS-lizensierter Trainer<br \/>\n\u2713 Premium equipment from Duotone, Core and Cube Boards<br \/>\n\u2713 Transfers zu den verschiedenen Spots<br \/>\n\u2713 Strandtransfers f\u00fcr die Downwinder<\/p>\n<p><strong>Pousadas<\/strong><br \/>\n\u2713 <a href=\"https:\/\/primesurf.com\/de\/locations\/brasilien\/unterkunft\/\">Unterk\u00fcnfte<\/a> in premium pousadas. Mehrere Kategorien Fr\u00fchst\u00fcck inklusive<\/p>\n<p><strong>Preise:<br \/>\n<\/strong>Safari-Preise ab:<\/p>\n<p>Safari Preis: ab 2879\u20ac<\/p>\n<p><strong>Nicht inklusive:<\/strong><br \/>\nFl\u00fcge sind nicht inbegriffen[\/vc_column_text][\/vc_column][\/vc_row][vc_row row_height_percent=&#8220;0&#8243; overlay_alpha=&#8220;50&#8243; gutter_size=&#8220;3&#8243; column_width_percent=&#8220;100&#8243; shift_y=&#8220;0&#8243; z_index=&#8220;0&#8243; content_parallax=&#8220;0&#8243; uncode_shortcode_id=&#8220;478975&#8243;][vc_column column_width_percent=&#8220;100&#8243; gutter_size=&#8220;3&#8243; overlay_alpha=&#8220;50&#8243; shift_x=&#8220;0&#8243; shift_y=&#8220;0&#8243; shift_y_down=&#8220;0&#8243; z_index=&#8220;0&#8243; medium_width=&#8220;0&#8243; mobile_width=&#8220;0&#8243; css_animation=&#8220;bottom-t-top&#8220; width=&#8220;1\/1&#8243; uncode_shortcode_id=&#8220;486197&#8243;][vc_column_text uncode_shortcode_id=&#8220;341622&#8243;]<iframe style=\"border: none; border-radius: 16px;\" title=\"Upcoming Events\" src=\"https:\/\/primesurf.tideforce.app\/widgets\/schedule?location=Brazil&amp;language=en&amp;theme=lined-light\" width=\"100%\" height=\"500\" frameborder=\"0\"><br \/>\n<\/iframe>[\/vc_column_text][\/vc_column][\/vc_row][vc_row row_height_percent=&#8220;0&#8243; override_padding=&#8220;yes&#8220; h_padding=&#8220;2&#8243; top_padding=&#8220;3&#8243; bottom_padding=&#8220;2&#8243; overlay_alpha=&#8220;50&#8243; gutter_size=&#8220;3&#8243; column_width_percent=&#8220;100&#8243; shift_y=&#8220;0&#8243; z_index=&#8220;0&#8243; top_divider=&#8220;flow-opacity&#8220; uncode_shortcode_id=&#8220;871496&#8243;][vc_column column_width_percent=&#8220;100&#8243; gutter_size=&#8220;3&#8243; overlay_alpha=&#8220;50&#8243; shift_x=&#8220;0&#8243; shift_y=&#8220;0&#8243; shift_y_down=&#8220;0&#8243; z_index=&#8220;0&#8243; medium_width=&#8220;0&#8243; mobile_visibility=&#8220;yes&#8220; mobile_width=&#8220;0&#8243; width=&#8220;1\/6&#8243; uncode_shortcode_id=&#8220;132098&#8243;][\/vc_column][vc_column column_width_percent=&#8220;100&#8243; gutter_size=&#8220;3&#8243; overlay_alpha=&#8220;50&#8243; shift_x=&#8220;0&#8243; shift_y=&#8220;0&#8243; shift_y_down=&#8220;0&#8243; z_index=&#8220;0&#8243; medium_width=&#8220;0&#8243; mobile_width=&#8220;0&#8243; css_animation=&#8220;bottom-t-top&#8220; width=&#8220;2\/3&#8243; uncode_shortcode_id=&#8220;181427&#8243;][vc_gallery el_id=&#8220;gallery-478160&#8243; type=&#8220;carousel&#8220; random=&#8220;yes&#8220; medias=&#8220;10901&#8243; explode_albums=&#8220;yes&#8220; carousel_lg=&#8220;1&#8243; carousel_md=&#8220;1&#8243; carousel_sm=&#8220;1&#8243; thumb_size=&#8220;three-two&#8220; gutter_size=&#8220;3&#8243; media_items=&#8220;media|lightbox|original&#8220; carousel_interval=&#8220;5000&#8243; carousel_navspeed=&#8220;400&#8243; carousel_loop=&#8220;yes&#8220; carousel_dots=&#8220;yes&#8220; carousel_dots_mobile=&#8220;yes&#8220; stage_padding=&#8220;0&#8243; single_shape=&#8220;round&#8220; radius=&#8220;lg&#8220; single_overlay_opacity=&#8220;1&#8243; single_overlay_anim=&#8220;no&#8220; single_text_anim=&#8220;no&#8220; single_image_anim=&#8220;no&#8220; single_padding=&#8220;2&#8243; single_shadow=&#8220;yes&#8220; shadow_weight=&#8220;sm&#8220; single_border=&#8220;yes&#8220; uncode_shortcode_id=&#8220;505942&#8243;][\/vc_column][vc_column column_width_percent=&#8220;100&#8243; gutter_size=&#8220;3&#8243; overlay_alpha=&#8220;50&#8243; shift_x=&#8220;0&#8243; shift_y=&#8220;0&#8243; shift_y_down=&#8220;0&#8243; z_index=&#8220;0&#8243; medium_width=&#8220;0&#8243; mobile_visibility=&#8220;yes&#8220; mobile_width=&#8220;0&#8243; width=&#8220;1\/6&#8243; uncode_shortcode_id=&#8220;861691&#8243;][\/vc_column][\/vc_row][vc_row][vc_column width=&#8220;1\/1&#8243;][uncode_block id=&#8220;5708&#8243;][\/vc_column][\/vc_row]<\/p>\n<\/div>","protected":false},"excerpt":{"rendered":"<p>[vc_row row_height_percent=&#8220;100&#8243; override_padding=&#8220;yes&#8220; h_padding=&#8220;2&#8243; top_padding=&#8220;0&#8243; bottom_padding=&#8220;0&#8243; back_image=&#8220;13686&#8243; overlay_color=&#8220;color-148729&#8243; overlay_alpha=&#8220;100&#8243; gutter_size=&#8220;3&#8243; column_width_percent=&#8220;100&#8243; shift_y=&#8220;0&#8243; z_index=&#8220;0&#8243; content_parallax=&#8220;0&#8243; uncode_shortcode_id=&#8220;993802&#8243; overlay_color_type=&#8220;uncode-palette&#8220;][vc_column column_width_percent=&#8220;100&#8243; position_vertical=&#8220;bottom&#8220; align_horizontal=&#8220;align_center&#8220; gutter_size=&#8220;3&#8243; [&hellip;]<\/p>\n","protected":false},"author":5,"featured_media":10850,"parent":6777,"menu_order":0,"comment_status":"closed","ping_status":"closed","template":"","meta":{"footnotes":""},"class_list":["post-6785","page","type-page","status-publish","has-post-thumbnail","hentry","page_category-brasil-teaser-de"],"_links":{"self":[{"href":"https:\/\/primesurf.com\/de\/wp-json\/wp\/v2\/pages\/6785","targetHints":{"allow":["GET"]}}],"collection":[{"href":"https:\/\/primesurf.com\/de\/wp-json\/wp\/v2\/pages"}],"about":[{"href":"https:\/\/primesurf.com\/de\/wp-json\/wp\/v2\/types\/page"}],"author":[{"embeddable":true,"href":"https:\/\/primesurf.com\/de\/wp-json\/wp\/v2\/users\/5"}],"replies":[{"embeddable":true,"href":"https:\/\/primesurf.com\/de\/wp-json\/wp\/v2\/comments?post=6785"}],"version-history":[{"count":65,"href":"https:\/\/primesurf.com\/de\/wp-json\/wp\/v2\/pages\/6785\/revisions"}],"predecessor-version":[{"id":15417,"href":"https:\/\/primesurf.com\/de\/wp-json\/wp\/v2\/pages\/6785\/revisions\/15417"}],"up":[{"embeddable":true,"href":"https:\/\/primesurf.com\/de\/wp-json\/wp\/v2\/pages\/6777"}],"wp:featuredmedia":[{"embeddable":true,"href":"https:\/\/primesurf.com\/de\/wp-json\/wp\/v2\/media\/10850"}],"wp:attachment":[{"href":"https:\/\/primesurf.com\/de\/wp-json\/wp\/v2\/media?parent=6785"}],"curies":[{"name":"wp","href":"https:\/\/api.w.org\/{rel}","templated":true}]}}