{"id":6680,"date":"2023-01-11T11:30:53","date_gmt":"2023-01-11T11:30:53","guid":{"rendered":"https:\/\/primesurf-aws-preview.parasol.digital\/locations\/mauritius\/faq\/"},"modified":"2023-01-21T06:46:47","modified_gmt":"2023-01-21T06:46:47","slug":"faq","status":"publish","type":"page","link":"https:\/\/primesurf.com\/de\/locations\/mauritius\/faq\/","title":{"rendered":"FAQ"},"content":{"rendered":"<div class=\"wpb-content-wrapper\"><p>[vc_row row_height_percent=&#8220;100&#8243; override_padding=&#8220;yes&#8220; h_padding=&#8220;2&#8243; top_padding=&#8220;0&#8243; bottom_padding=&#8220;0&#8243; back_image=&#8220;5608&#8243; overlay_color=&#8220;color-525273&#8243; overlay_alpha=&#8220;100&#8243; gutter_size=&#8220;3&#8243; column_width_percent=&#8220;100&#8243; shift_y=&#8220;0&#8243; z_index=&#8220;0&#8243; mobile_visibility=&#8220;yes&#8220; uncode_shortcode_id=&#8220;411015&#8243; overlay_color_type=&#8220;uncode-palette&#8220;][vc_column column_width_percent=&#8220;100&#8243; position_vertical=&#8220;bottom&#8220; align_horizontal=&#8220;align_center&#8220; gutter_size=&#8220;3&#8243; overlay_alpha=&#8220;50&#8243; shift_x=&#8220;0&#8243; shift_y=&#8220;0&#8243; shift_y_down=&#8220;0&#8243; z_index=&#8220;0&#8243; medium_width=&#8220;0&#8243; mobile_width=&#8220;0&#8243; width=&#8220;1\/1&#8243; uncode_shortcode_id=&#8220;189613&#8243;][vc_row_inner limit_content=&#8220;&#8220;][vc_column_inner column_width_percent=&#8220;100&#8243; position_vertical=&#8220;bottom&#8220; align_horizontal=&#8220;align_center&#8220; gutter_size=&#8220;3&#8243; overlay_alpha=&#8220;50&#8243; shift_x=&#8220;0&#8243; shift_y=&#8220;0&#8243; shift_y_down=&#8220;0&#8243; z_index=&#8220;0&#8243; medium_width=&#8220;0&#8243; mobile_width=&#8220;0&#8243; width=&#8220;1\/1&#8243; uncode_shortcode_id=&#8220;150807&#8243;][vc_custom_heading heading_semantic=&#8220;h1&#8243; text_size=&#8220;fontsize-508984&#8243; text_weight=&#8220;800&#8243; uncode_shortcode_id=&#8220;204367&#8243;]Mauritius[\/vc_custom_heading][\/vc_column_inner][\/vc_row_inner][vc_row_inner limit_content=&#8220;&#8220;][vc_column_inner width=&#8220;1\/1&#8243;][vc_wp_custommenu nav_menu=&#8220;56&#8243; nav_menu_horizontal=&#8220;1&#8243; use_widget_style=&#8220;yes&#8220; widget_collapse=&#8220;yes&#8220; widget_style_no_arrows=&#8220;yes&#8220;][\/vc_column_inner][\/vc_row_inner][vc_row_inner limit_content=&#8220;&#8220;][vc_column_inner column_width_percent=&#8220;100&#8243; position_vertical=&#8220;bottom&#8220; align_horizontal=&#8220;align_center&#8220; gutter_size=&#8220;3&#8243; overlay_alpha=&#8220;50&#8243; shift_x=&#8220;0&#8243; shift_y=&#8220;0&#8243; shift_y_down=&#8220;0&#8243; z_index=&#8220;0&#8243; medium_width=&#8220;0&#8243; mobile_width=&#8220;0&#8243; width=&#8220;1\/1&#8243; uncode_shortcode_id=&#8220;231739&#8243;][vc_icon position=&#8220;bottom&#8220; icon_image=&#8220;2748&#8243; media_size=&#8220;80&#8243; heading_semantic=&#8220;h4&#8243; uncode_shortcode_id=&#8220;100780&#8243; link=&#8220;url:%23info&#8220;][\/vc_icon][\/vc_column_inner][\/vc_row_inner][\/vc_column][\/vc_row][vc_row row_height_percent=&#8220;100&#8243; override_padding=&#8220;yes&#8220; h_padding=&#8220;2&#8243; top_padding=&#8220;0&#8243; bottom_padding=&#8220;0&#8243; back_image=&#8220;5608&#8243; overlay_color=&#8220;color-525273&#8243; overlay_alpha=&#8220;100&#8243; gutter_size=&#8220;3&#8243; column_width_percent=&#8220;100&#8243; shift_y=&#8220;0&#8243; z_index=&#8220;0&#8243; desktop_visibility=&#8220;yes&#8220; medium_visibility=&#8220;yes&#8220; uncode_shortcode_id=&#8220;138177&#8243; overlay_color_type=&#8220;uncode-palette&#8220; row_height_pixel=&#8220;667px&#8220;][vc_column column_width_percent=&#8220;100&#8243; position_vertical=&#8220;bottom&#8220; align_horizontal=&#8220;align_center&#8220; gutter_size=&#8220;3&#8243; overlay_alpha=&#8220;50&#8243; shift_x=&#8220;0&#8243; shift_y=&#8220;0&#8243; shift_y_down=&#8220;0&#8243; z_index=&#8220;0&#8243; medium_width=&#8220;0&#8243; mobile_width=&#8220;0&#8243; width=&#8220;1\/1&#8243; uncode_shortcode_id=&#8220;189613&#8243;][vc_row_inner limit_content=&#8220;&#8220;][vc_column_inner column_width_percent=&#8220;100&#8243; position_vertical=&#8220;bottom&#8220; align_horizontal=&#8220;align_center&#8220; gutter_size=&#8220;3&#8243; overlay_alpha=&#8220;50&#8243; shift_x=&#8220;0&#8243; shift_y=&#8220;0&#8243; shift_y_down=&#8220;0&#8243; z_index=&#8220;0&#8243; medium_width=&#8220;0&#8243; mobile_width=&#8220;0&#8243; width=&#8220;1\/1&#8243; uncode_shortcode_id=&#8220;150807&#8243;][vc_custom_heading heading_semantic=&#8220;h1&#8243; text_size=&#8220;fontsize-508984&#8243; text_weight=&#8220;800&#8243; uncode_shortcode_id=&#8220;204367&#8243;]Mauritius[\/vc_custom_heading][\/vc_column_inner][\/vc_row_inner][vc_row_inner limit_content=&#8220;&#8220;][vc_column_inner width=&#8220;1\/1&#8243;][vc_wp_custommenu nav_menu=&#8220;56&#8243; nav_menu_horizontal=&#8220;1&#8243; use_widget_style=&#8220;yes&#8220; widget_collapse=&#8220;yes&#8220; widget_style_no_arrows=&#8220;yes&#8220;][\/vc_column_inner][\/vc_row_inner][vc_row_inner limit_content=&#8220;&#8220;][vc_column_inner column_width_percent=&#8220;100&#8243; position_vertical=&#8220;bottom&#8220; align_horizontal=&#8220;align_center&#8220; gutter_size=&#8220;3&#8243; overlay_alpha=&#8220;50&#8243; shift_x=&#8220;0&#8243; shift_y=&#8220;0&#8243; shift_y_down=&#8220;0&#8243; z_index=&#8220;0&#8243; medium_width=&#8220;0&#8243; mobile_width=&#8220;0&#8243; width=&#8220;1\/1&#8243; uncode_shortcode_id=&#8220;231739&#8243;][vc_icon position=&#8220;bottom&#8220; icon_image=&#8220;2748&#8243; media_size=&#8220;80&#8243; heading_semantic=&#8220;h4&#8243; uncode_shortcode_id=&#8220;100780&#8243; link=&#8220;url:%23info&#8220;][\/vc_icon][\/vc_column_inner][\/vc_row_inner][\/vc_column][\/vc_row][vc_row][vc_column width=&#8220;1\/1&#8243;][vc_custom_heading heading_semantic=&#8220;h3&#8243; text_size=&#8220;h3&#8243; uncode_shortcode_id=&#8220;632136&#8243;]<strong>H\u00e4ufig gestellte Fragen<\/strong>[\/vc_custom_heading][vc_column_text uncode_shortcode_id=&#8220;123245&#8243;]Schaut Euch hier die h\u00e4ufig gestellten Fragen an. Falls Ihr noch weitere Fragen haben solltet, k\u00f6nnt Ihr uns gern eine E-Mail schicken und wir werden Euch so schnell wie m\u00f6glich antworten.[\/vc_column_text][vc_custom_heading heading_semantic=&#8220;h3&#8243; text_size=&#8220;h4&#8243; uncode_shortcode_id=&#8220;173218&#8243;]Kite- und Wingfoilcamps[\/vc_custom_heading][vc_accordion history=&#8220;yes&#8220; typography=&#8220;yes&#8220; active_tab=&#8220;0&#8243;][vc_accordion_tab gutter_size=&#8220;2&#8243; column_padding=&#8220;2&#8243; title=&#8220;F\u00fcr wen werden die Kite- und Wingfoilcamps empfohlen?&#8220; tab_id=&#8220;1672883620-2-43&#8243; slug=&#8220;1&#8243;][vc_column_text uncode_shortcode_id=&#8220;668375&#8243;]Unsere Kite- und Wingfoilcamps eignen sich f\u00fcr jeden, der bereits H\u00f6he fahren kann.<br \/>\nMauritius bietet perfekte Spots f\u00fcr alle, die gern mit dem Twintip, dem Waveboard oder dem Wingfoil aufs Wasser gehen.[\/vc_column_text][\/vc_accordion_tab][vc_accordion_tab gutter_size=&#8220;2&#8243; column_padding=&#8220;2&#8243; title=&#8220;Wie viel Zeit verbringen wir auf dem Wasser?&#8220; tab_id=&#8220;1672883620-1-99&#8243; slug=&#8220;2&#8243;][vc_column_text uncode_shortcode_id=&#8220;124713&#8243;]W\u00e4hrend der Camps nutzen wir so viel Zeit wie m\u00f6glich auf dem Wasser.<br \/>\nDie meisten Tage verbringen wir mit 2 Sessions je 2-3 Stunden, in denen wir Euer K\u00f6nnen zusammen verbessern.[\/vc_column_text][\/vc_accordion_tab][vc_accordion_tab gutter_size=&#8220;2&#8243; column_padding=&#8220;2&#8243; title=&#8220;Was ist das Besondere an den Kite- und Wingfoilcamps?&#8220; tab_id=&#8220;1673044812952-3-3&#8243; slug=&#8220;3&#8243;][vc_column_text uncode_shortcode_id=&#8220;127805&#8243;]Das Camp bietet Euch betreutes Kitesurfen und Wingfoilen mit Gleichgesinnten. Wir zeigen Euch die besten Spots und \u00fcben jeden Tag.<br \/>\nEs ist ein individuelles Lernen, abh\u00e4ngig von Euren F\u00e4higkeiten. Windstille Tage nutzen wir f\u00fcr gemeinsame Theorieeinheiten.<br \/>\nIhr werdet von lizensierten Trainern betreut und k\u00f6nnt maximale Lernerfolge erzielen.[\/vc_column_text][\/vc_accordion_tab][vc_accordion_tab gutter_size=&#8220;2&#8243; column_padding=&#8220;2&#8243; title=&#8220;Welches Material kann man w\u00e4hrend des Camps nutzen und testen?&#8220; tab_id=&#8220;1672883895295-2-2&#8243; slug=&#8220;4&#8243;][vc_column_text uncode_shortcode_id=&#8220;142462&#8243;]Wir haben immer die neueste Ausr\u00fcstung von Duotone, Core und Cube Boards f\u00fcr Euch bereit.<br \/>\nFalls Ihr etwas Bestimmtes an Material testen m\u00f6chtet, gebt uns gern im Voraus Bescheid. Wir werden unser Bestes tun, um Eure W\u00fcnsche zu erf\u00fcllen.[\/vc_column_text][\/vc_accordion_tab][\/vc_accordion][\/vc_column][\/vc_row][vc_row][vc_column width=&#8220;1\/1&#8243;][vc_custom_heading text_size=&#8220;h4&#8243; uncode_shortcode_id=&#8220;124512&#8243;]Mehr \u00fcbers Kitesurfen und Wingfoilen[\/vc_custom_heading][vc_accordion history=&#8220;yes&#8220; typography=&#8220;yes&#8220; active_tab=&#8220;0&#8243;][vc_accordion_tab gutter_size=&#8220;2&#8243; column_padding=&#8220;2&#8243; title=&#8220;Sollte ein Neoprenanzug mitgebracht werden?&#8220; tab_id=&#8220;1672883620-1-99&#8243; slug=&#8220;6&#8243;][vc_column_text uncode_shortcode_id=&#8220;668726&#8243;]<\/p>\n<div><span lang=\"EN-US\">Bitte bringt Euren eigenen Neoprenanzug sowie Euer eigenen Trapez mit.<br \/>\nWir empfehlen einen 3\/2 Neoprenanzug und gegebenenfalls einen 4\/3er f\u00fcr besonders windige Tage.<\/span><\/div>\n<p>[\/vc_column_text][\/vc_accordion_tab][vc_accordion_tab gutter_size=&#8220;2&#8243; column_padding=&#8220;2&#8243; title=&#8220;Sind Neoprenschuhe n\u00f6tig?&#8220; tab_id=&#8220;1672883895295-2-2&#8243; slug=&#8220;8&#8243;][vc_column_text uncode_shortcode_id=&#8220;610291&#8243;]Wir empfehlen, Eure Neoprenschuhe mitzubringen.<br \/>\nAuf Mauritius gibt es Korallenstr\u00e4nde. Um Eure F\u00fc\u00dfe zu sch\u00fctzen, ist es empfehlenswert Schuhe zu tragen.<br \/>\nFalls Ihr nicht gern mit Neoprenschuhen aufs Wasser geht, bringt Euch Schlappen f\u00fcr die Zeit, in der Ihr Euch f\u00fcr die Session vorbereitet, mit.[\/vc_column_text][\/vc_accordion_tab][vc_accordion_tab gutter_size=&#8220;2&#8243; column_padding=&#8220;2&#8243; title=&#8220;Welche Kite und Wing Gr\u00f6\u00dfen werden am meisten genutzt?&#8220; tab_id=&#8220;1673042784812-3-5&#8243; slug=&#8220;9&#8243;][vc_column_text uncode_shortcode_id=&#8220;107872&#8243;]Die Kite und Wing Gr\u00f6\u00dfen sind abh\u00e4ngig vom Wind, Eurem Gewicht und davon, ob Ihr ein Waveboard oder ein Twintip nutzt (f\u00fcr die Kiter).<br \/>\nNormalerweise werden Kites von 8m bis 12m am meisten f\u00fcr die Lagune benutzt. Wenn Ihr in der Welle kiten wollt, sind oft 6m bis 8m ausreichend.<br \/>\nEbenso verh\u00e4lt es sich mit den Wings \u2013 die Gr\u00f6\u00dfen 3m bis 5m werden h\u00e4ufig genutzt.[\/vc_column_text][\/vc_accordion_tab][\/vc_accordion][\/vc_column][\/vc_row][vc_row][vc_column width=&#8220;1\/1&#8243;][vc_custom_heading text_size=&#8220;h4&#8243; uncode_shortcode_id=&#8220;217302&#8243;]Die Reise und Weiteres[\/vc_custom_heading][vc_accordion history=&#8220;yes&#8220; typography=&#8220;yes&#8220; active_tab=&#8220;0&#8243;][vc_accordion_tab gutter_size=&#8220;2&#8243; column_padding=&#8220;2&#8243; title=&#8220;Gibt es einen Flughafentransfer?&#8220; tab_id=&#8220;1672883620-2-43&#8243; slug=&#8220;11&#8243;][vc_column_text uncode_shortcode_id=&#8220;971489&#8243;]Ja, es wird einen Flughafentransfer zu unserer Unterkunft geben. Wenn Ihr den Condor-Flug \u00fcber unsere Condor-Agenturnummer gebucht habt, ist der Transfer bereits inklusive.<br \/>\nWenn Ihr mit einem anderen Flug anreist oder den Condor-Flug extern gebucht habt, berechnen wir 30\u20ac pro Person f\u00fcr den Transfer.[\/vc_column_text][\/vc_accordion_tab][vc_accordion_tab gutter_size=&#8220;2&#8243; column_padding=&#8220;2&#8243; title=&#8220;Ben\u00f6tigt man auf Mauritius ein eigenes Auto?&#8220; tab_id=&#8220;1672883620-1-99&#8243; slug=&#8220;12&#8243;][vc_column_text uncode_shortcode_id=&#8220;100370&#8243;]Ihr braucht Euch auf Mauritius kein eigenes Auto mieten. Unsere Pick Ups bringen uns \u00fcberall hin:<br \/>\nzu dem kleinen Dorf, in dem wir fr\u00fchst\u00fccken, zum Spot und wieder zur\u00fcck sowie zu den local Restaurants am Abend und Ausfl\u00fcgen an windstillen Tagen.[\/vc_column_text][\/vc_accordion_tab][vc_accordion_tab gutter_size=&#8220;2&#8243; column_padding=&#8220;2&#8243; title=&#8220;Wie sieht es mit der Verpflegung aus?&#8220; tab_id=&#8220;1672883895295-2-2&#8243; slug=&#8220;13&#8243;][vc_column_text uncode_shortcode_id=&#8220;109730&#8243;]In unseren Unterk\u00fcnften gilt Selbstverpflegung.<br \/>\nGemeinsam mit unserer Gruppe fr\u00fchst\u00fccken wir in einem kleinen Restaurant auf dem Weg zum Spot.<br \/>\nEs gibt dort jeden Morgen ein leckeres Buffet, das f\u00fcr jeden etwas zu bieten hat. Der Preis hierf\u00fcr liegt bei 18-20 \u20ac pro Person.<br \/>\nZwischen den Sessions werden wir bei einem der Food Trucks direkt am Strand zu Mittag essen und am Abend grillen oder eines der \u00f6rtlichen Restaurants besuchen.[\/vc_column_text][\/vc_accordion_tab][vc_accordion_tab gutter_size=&#8220;2&#8243; column_padding=&#8220;2&#8243; title=&#8220;Gibt es eine Erstattung, falls kein Wind ist?&#8220; tab_id=&#8220;1674138376060-4-3&#8243;][vc_column_text uncode_shortcode_id=&#8220;340447&#8243;]Wir bieten keine R\u00fcckerstattung oder Gutscheine f\u00fcr die Camps an. Falls es Tage ohne Wind gibt, werden wir zusammen interessante Theoriestunden machen und verschiedene Dinge \u00fcber Ausr\u00fcstung, Wind, Techniken und mehr erkl\u00e4ren. Au\u00dferdem werden wir gemeinsame Ausfl\u00fcge mit der Gruppe unternehmen.[\/vc_column_text][\/vc_accordion_tab][\/vc_accordion][\/vc_column][\/vc_row][vc_row][vc_column width=&#8220;1\/1&#8243;][uncode_block id=&#8220;5634&#8243; inside_column=&#8220;yes&#8220;][\/vc_column][\/vc_row]<\/p>\n<\/div>","protected":false},"excerpt":{"rendered":"<p>[vc_row row_height_percent=&#8220;100&#8243; override_padding=&#8220;yes&#8220; h_padding=&#8220;2&#8243; top_padding=&#8220;0&#8243; bottom_padding=&#8220;0&#8243; back_image=&#8220;5608&#8243; overlay_color=&#8220;color-525273&#8243; overlay_alpha=&#8220;100&#8243; gutter_size=&#8220;3&#8243; column_width_percent=&#8220;100&#8243; shift_y=&#8220;0&#8243; z_index=&#8220;0&#8243; mobile_visibility=&#8220;yes&#8220; uncode_shortcode_id=&#8220;411015&#8243; overlay_color_type=&#8220;uncode-palette&#8220;][vc_column column_width_percent=&#8220;100&#8243; position_vertical=&#8220;bottom&#8220; align_horizontal=&#8220;align_center&#8220; gutter_size=&#8220;3&#8243; [&hellip;]<\/p>\n","protected":false},"author":5,"featured_media":9651,"parent":6660,"menu_order":0,"comment_status":"closed","ping_status":"closed","template":"","meta":{"footnotes":""},"class_list":["post-6680","page","type-page","status-publish","has-post-thumbnail","hentry","page_category-mauritius-teaser-de","page_category-faq-de"],"_links":{"self":[{"href":"https:\/\/primesurf.com\/de\/wp-json\/wp\/v2\/pages\/6680","targetHints":{"allow":["GET"]}}],"collection":[{"href":"https:\/\/primesurf.com\/de\/wp-json\/wp\/v2\/pages"}],"about":[{"href":"https:\/\/primesurf.com\/de\/wp-json\/wp\/v2\/types\/page"}],"author":[{"embeddable":true,"href":"https:\/\/primesurf.com\/de\/wp-json\/wp\/v2\/users\/5"}],"replies":[{"embeddable":true,"href":"https:\/\/primesurf.com\/de\/wp-json\/wp\/v2\/comments?post=6680"}],"version-history":[{"count":8,"href":"https:\/\/primesurf.com\/de\/wp-json\/wp\/v2\/pages\/6680\/revisions"}],"predecessor-version":[{"id":6902,"href":"https:\/\/primesurf.com\/de\/wp-json\/wp\/v2\/pages\/6680\/revisions\/6902"}],"up":[{"embeddable":true,"href":"https:\/\/primesurf.com\/de\/wp-json\/wp\/v2\/pages\/6660"}],"wp:featuredmedia":[{"embeddable":true,"href":"https:\/\/primesurf.com\/de\/wp-json\/wp\/v2\/media\/9651"}],"wp:attachment":[{"href":"https:\/\/primesurf.com\/de\/wp-json\/wp\/v2\/media?parent=6680"}],"curies":[{"name":"wp","href":"https:\/\/api.w.org\/{rel}","templated":true}]}}