{"id":6650,"date":"2023-01-06T22:21:44","date_gmt":"2023-01-06T22:21:44","guid":{"rendered":"https:\/\/primesurf-aws-preview.parasol.digital\/locations\/daenemark\/faq\/"},"modified":"2025-10-27T12:39:00","modified_gmt":"2025-10-27T12:39:00","slug":"faq","status":"publish","type":"page","link":"https:\/\/primesurf.com\/de\/locations\/daenemark\/faq\/","title":{"rendered":"FAQ"},"content":{"rendered":"<div class=\"wpb-content-wrapper\"><p>[vc_row row_height_percent=&#8220;100&#8243; override_padding=&#8220;yes&#8220; h_padding=&#8220;2&#8243; top_padding=&#8220;0&#8243; bottom_padding=&#8220;0&#8243; back_image=&#8220;5480&#8243; overlay_color=&#8220;color-736373&#8243; overlay_alpha=&#8220;100&#8243; gutter_size=&#8220;3&#8243; column_width_percent=&#8220;100&#8243; shift_y=&#8220;0&#8243; z_index=&#8220;0&#8243; uncode_shortcode_id=&#8220;926705&#8243; overlay_color_type=&#8220;uncode-palette&#8220;][vc_column column_width_percent=&#8220;100&#8243; position_vertical=&#8220;bottom&#8220; align_horizontal=&#8220;align_center&#8220; gutter_size=&#8220;3&#8243; overlay_alpha=&#8220;50&#8243; shift_x=&#8220;0&#8243; shift_y=&#8220;0&#8243; shift_y_down=&#8220;0&#8243; z_index=&#8220;0&#8243; medium_width=&#8220;0&#8243; mobile_width=&#8220;0&#8243; width=&#8220;1\/1&#8243; uncode_shortcode_id=&#8220;189613&#8243;][vc_row_inner limit_content=&#8220;&#8220;][vc_column_inner column_width_percent=&#8220;100&#8243; position_vertical=&#8220;bottom&#8220; align_horizontal=&#8220;align_center&#8220; gutter_size=&#8220;3&#8243; overlay_alpha=&#8220;50&#8243; shift_x=&#8220;0&#8243; shift_y=&#8220;0&#8243; shift_y_down=&#8220;0&#8243; z_index=&#8220;0&#8243; medium_width=&#8220;0&#8243; mobile_width=&#8220;0&#8243; width=&#8220;1\/1&#8243; uncode_shortcode_id=&#8220;150807&#8243;][vc_custom_heading heading_semantic=&#8220;h1&#8243; text_size=&#8220;fontsize-508984&#8243; text_weight=&#8220;800&#8243; uncode_shortcode_id=&#8220;669928&#8243;]D\u00e4nemark[\/vc_custom_heading][\/vc_column_inner][\/vc_row_inner][vc_row_inner row_inner_height_percent=&#8220;0&#8243; overlay_alpha=&#8220;50&#8243; gutter_size=&#8220;3&#8243; shift_y=&#8220;0&#8243; z_index=&#8220;0&#8243; mobile_visibility=&#8220;yes&#8220; uncode_shortcode_id=&#8220;145472&#8243; limit_content=&#8220;&#8220;][vc_column_inner width=&#8220;1\/1&#8243;][vc_wp_custommenu nav_menu=&#8220;53&#8243; nav_menu_horizontal=&#8220;1&#8243; use_widget_style=&#8220;yes&#8220; widget_collapse=&#8220;yes&#8220; widget_style_no_arrows=&#8220;yes&#8220;][\/vc_column_inner][\/vc_row_inner][vc_row_inner row_inner_height_percent=&#8220;0&#8243; overlay_alpha=&#8220;50&#8243; gutter_size=&#8220;3&#8243; shift_y=&#8220;0&#8243; z_index=&#8220;0&#8243; desktop_visibility=&#8220;yes&#8220; medium_visibility=&#8220;yes&#8220; uncode_shortcode_id=&#8220;160906&#8243; limit_content=&#8220;&#8220;][vc_column_inner width=&#8220;1\/1&#8243;][vc_wp_custommenu nav_menu=&#8220;53&#8243; nav_menu_horizontal=&#8220;1&#8243; use_widget_style=&#8220;yes&#8220; widget_collapse=&#8220;yes&#8220; widget_style_no_arrows=&#8220;yes&#8220; title=&#8220;Kite Camps&#8220;][\/vc_column_inner][\/vc_row_inner][vc_row_inner limit_content=&#8220;&#8220;][vc_column_inner column_width_percent=&#8220;100&#8243; position_vertical=&#8220;bottom&#8220; align_horizontal=&#8220;align_center&#8220; gutter_size=&#8220;3&#8243; overlay_alpha=&#8220;50&#8243; shift_x=&#8220;0&#8243; shift_y=&#8220;0&#8243; shift_y_down=&#8220;0&#8243; z_index=&#8220;0&#8243; medium_width=&#8220;0&#8243; mobile_width=&#8220;0&#8243; width=&#8220;1\/1&#8243; uncode_shortcode_id=&#8220;231739&#8243;][vc_icon position=&#8220;bottom&#8220; icon_image=&#8220;2748&#8243; media_size=&#8220;80&#8243; heading_semantic=&#8220;h4&#8243; uncode_shortcode_id=&#8220;100780&#8243; link=&#8220;url:%23info|&#8220;][\/vc_icon][\/vc_column_inner][\/vc_row_inner][\/vc_column][\/vc_row][vc_row][vc_column width=&#8220;1\/1&#8243;][vc_custom_heading heading_semantic=&#8220;h3&#8243; text_size=&#8220;h3&#8243; uncode_shortcode_id=&#8220;632136&#8243;]<strong>H\u00e4ufig gestellte Fragen<\/strong>[\/vc_custom_heading][vc_column_text uncode_shortcode_id=&#8220;123245&#8243;]Schaut Euch hier die h\u00e4ufig gestellten Fragen an. Falls Ihr noch weitere Fragen haben solltet, k\u00f6nnt Ihr uns gern eine E-Mail schicken und wir werden Euch so schnell wie m\u00f6glich antworten.[\/vc_column_text][vc_custom_heading heading_semantic=&#8220;h3&#8243; text_size=&#8220;h4&#8243; uncode_shortcode_id=&#8220;817671&#8243;]Kitecamps[\/vc_custom_heading][vc_accordion history=&#8220;yes&#8220; typography=&#8220;yes&#8220; active_tab=&#8220;0&#8243;][vc_accordion_tab gutter_size=&#8220;2&#8243; column_padding=&#8220;2&#8243; title=&#8220;F\u00fcr wen werden die Kitecamps empfohlen?&#8220; tab_id=&#8220;1672883620-2-43&#8243; slug=&#8220;1&#8243;][vc_column_text uncode_shortcode_id=&#8220;102948&#8243;]Unsere Kitecamps eignen sich perfekt f\u00fcr jedes Level.<br \/>\nIhr k\u00f6nnt als Beginner, Aufsteiger, Fortgeschrittener, Freestyler und Wellenliebhaber teilnehmen.[\/vc_column_text][\/vc_accordion_tab][vc_accordion_tab gutter_size=&#8220;2&#8243; column_padding=&#8220;2&#8243; title=&#8220;Wie viel Zeit verbringen wir auf dem Wasser?&#8220; tab_id=&#8220;1672883620-1-99&#8243; slug=&#8220;2&#8243;][vc_column_text uncode_shortcode_id=&#8220;118876&#8243;]W\u00e4hrend der Kite Camps nutzen wir so viel Zeit wie m\u00f6glich auf dem Wasser.<br \/>\nDie meisten Tage verbringen wir mit 2 Sessions je 2-3 Stunden, in denen wir Euer K\u00f6nnen zusammen verbessern.[\/vc_column_text][\/vc_accordion_tab][vc_accordion_tab gutter_size=&#8220;2&#8243; column_padding=&#8220;2&#8243; title=&#8220;Was ist das Besondere an den Kitecamps?&#8220; tab_id=&#8220;1673044812952-3-3&#8243; slug=&#8220;3&#8243;][vc_column_text uncode_shortcode_id=&#8220;186189&#8243;]Das Camp bietet Euch Schulung und betreutes Kitesurfen mit Gleichgesinnten. Wir zeigen Euch die besten Spots und \u00fcben jeden Tag.<br \/>\nEs ist ein individuelles Lernen, abh\u00e4ngig von deinen F\u00e4higkeiten. Windstille Tage nutzen wir f\u00fcr gemeinsame Theorieeinheiten. Ihr werdet von lizensierten Trainern betreut und k\u00f6nnt maximale Lernerfolge erzielen. W\u00e4hrend unserer Camps verbringen wir 6 Tage t\u00e4glich 4-5 Stunden auf dem Wasser.[\/vc_column_text][\/vc_accordion_tab][vc_accordion_tab gutter_size=&#8220;2&#8243; column_padding=&#8220;2&#8243; title=&#8220;Muss das eigene Kitesurf-Material mitgebracht werden?&#8220; tab_id=&#8220;1672883895295-2-2&#8243; slug=&#8220;4&#8243;][vc_column_text uncode_shortcode_id=&#8220;113081&#8243;]Nach D\u00e4nemark reist Ihr mit leichtem Gep\u00e4ck, denn wir haben die neueste Ausr\u00fcstung von Duotone, Core Kiteboarding und Cube Boards f\u00fcr Euch bereit.<br \/>\nFalls Ihr etwas Bestimmtes an Material testen m\u00f6chten, gebt uns gern im Voraus Bescheid. Wir werden unser Bestes tun, um Eure W\u00fcnsche zu erf\u00fcllen.[\/vc_column_text][\/vc_accordion_tab][vc_accordion_tab gutter_size=&#8220;2&#8243; column_padding=&#8220;2&#8243; title=&#8220;Gibt es eine Erstattung, falls kein Wind ist?&#8220; tab_id=&#8220;1673878481818-4-4&#8243;][vc_column_text uncode_shortcode_id=&#8220;114297&#8243;]Wir bieten keine R\u00fcckerstattung oder Gutscheine f\u00fcr <strong>Kite Camps<\/strong> an. Falls es Tage ohne Wind gibt, werden wir zusammen interessante Theoriestunden machen und verschiedene Dinge \u00fcber Ausr\u00fcstung, Wind, Techniken und mehr erkl\u00e4ren. Au\u00dferdem werden wir gemeinsame Ausfl\u00fcge mit der Gruppe unternehmen.<\/p>\n<p><span style=\"font-family: -apple-system, BlinkMacSystemFont, 'Segoe UI', Roboto, Oxygen-Sans, Ubuntu, Cantarell, 'Helvetica Neue', sans-serif;\">Wir bieten nur Gutscheine im Falle einer Verletzung f\u00fcr den Kite-Anteil an. Die Unterkunft ist nicht erstattungsf\u00e4hig Ihr m\u00fcsst uns hierf\u00fcr ein \u00e4rztliches Attest vorlegen.<\/span><\/p>\n<p>Die Gutscheine sind ein Jahr lang g\u00fcltig.[\/vc_column_text][\/vc_accordion_tab][\/vc_accordion][\/vc_column][\/vc_row][vc_row][vc_column width=&#8220;1\/1&#8243;][vc_custom_heading text_size=&#8220;h4&#8243; uncode_shortcode_id=&#8220;121505&#8243;]Mehr \u00fcbers Kitesurfen in D\u00e4nemark[\/vc_custom_heading][vc_accordion history=&#8220;yes&#8220; typography=&#8220;yes&#8220; active_tab=&#8220;0&#8243;][vc_accordion_tab gutter_size=&#8220;2&#8243; column_padding=&#8220;2&#8243; title=&#8220;Sollte ein Neoprenanzug mitgebracht werden?&#8220; tab_id=&#8220;1672883620-1-99&#8243; slug=&#8220;6&#8243;][vc_column_text uncode_shortcode_id=&#8220;459369&#8243;]<span lang=\"EN-US\">Falls Ihr einen eigenen Neoprenanzug besitzt, bringt diesen bitte mit. Ebenso Euer Trapez. Falls Ihr Euch diese ausleihen m\u00f6chtet, gebt und bitte vorab Bescheid, welche Gr\u00f6\u00dfe Ihr ben\u00f6tigt.<br \/>\nWir empfehlen einen 5\/4 Neoprenanzug.<\/span>[\/vc_column_text][\/vc_accordion_tab][vc_accordion_tab gutter_size=&#8220;2&#8243; column_padding=&#8220;2&#8243; title=&#8220;Sind Neoprenschuhe n\u00f6tig?&#8220; tab_id=&#8220;1672883895295-2-2&#8243; slug=&#8220;8&#8243;][vc_column_text uncode_shortcode_id=&#8220;161253&#8243;]Um w\u00e4hrend der gesamten Session warm zu bleiben und so viel Zeit wie m\u00f6glich im Wasser verbringen zu k\u00f6nnen, empfehlen wir Euch Neoprenschuhe.<br \/>\nFalls Ihr keine eigenen Neoprenschuhe besitzt, k\u00f6nnt Ihr diese bei uns vor Ort erwerben.[\/vc_column_text][\/vc_accordion_tab][vc_accordion_tab gutter_size=&#8220;2&#8243; column_padding=&#8220;2&#8243; title=&#8220;Welche Kite Gr\u00f6\u00dfen werden am meisten genutzt?&#8220; tab_id=&#8220;1673042784812-3-5&#8243; slug=&#8220;9&#8243;][vc_column_text uncode_shortcode_id=&#8220;146532&#8243;]Die Kite Gr\u00f6\u00dfen sind abh\u00e4ngig vom Wind, Eurem Gewicht und davon, ob Ihr ein Waveboard oder ein Twintip nutzt.<br \/>\nNormalerweise werden Kites von 8m bis 12m am meisten f\u00fcr den Fjord benutzt. Wenn Ihr in der Welle kiten wollt, sind oft 6m bis 10m ausreichend f\u00fcr die Nordsee.[\/vc_column_text][\/vc_accordion_tab][\/vc_accordion][\/vc_column][\/vc_row][vc_row][vc_column width=&#8220;1\/1&#8243;][vc_custom_heading text_size=&#8220;h4&#8243; uncode_shortcode_id=&#8220;167557&#8243;]Travel, Meal Plan and other questions[\/vc_custom_heading][vc_accordion history=&#8220;yes&#8220; typography=&#8220;yes&#8220; active_tab=&#8220;0&#8243;][vc_accordion_tab gutter_size=&#8220;2&#8243; column_padding=&#8220;2&#8243; title=&#8220;Wie gestaltet sich die Anreise nach D\u00e4nemark?&#8220; tab_id=&#8220;1672883620-2-43&#8243; slug=&#8220;11&#8243;][vc_column_text uncode_shortcode_id=&#8220;133638&#8243;]Die meisten von uns reisen mit dem Auto an. Hvide Sande befindet sich zudem in der N\u00e4he des Flughafens Billund und einigen Bahnh\u00f6fen.[\/vc_column_text][\/vc_accordion_tab][vc_accordion_tab gutter_size=&#8220;2&#8243; column_padding=&#8220;2&#8243; title=&#8220;Ist die Verpflegung im Preis enthalten?&#8220; tab_id=&#8220;1672883620-1-99&#8243; slug=&#8220;12&#8243;][vc_column_text uncode_shortcode_id=&#8220;953312&#8243;]<\/p>\n<p class=\"p1\">Nein, die Verpflegung ist optional und kostet 350 \u20ac.<\/p>\n<p>[\/vc_column_text][\/vc_accordion_tab][vc_accordion_tab gutter_size=&#8220;2&#8243; column_padding=&#8220;2&#8243; title=&#8220;Was beinhaltet das Verpflegungspaket?&#8220; tab_id=&#8220;1672883895295-2-2&#8243; slug=&#8220;13&#8243;][vc_column_text uncode_shortcode_id=&#8220;613054&#8243;]<\/p>\n<p class=\"p1\">7x Fr\u00fchst\u00fcck<br \/>\n4x Lunch-Snack<br \/>\n<span style=\"font-family: -apple-system, BlinkMacSystemFont, 'Segoe UI', Roboto, Oxygen-Sans, Ubuntu, Cantarell, 'Helvetica Neue', sans-serif;\">7x Abendessen<\/span><\/p>\n<p class=\"p1\"><b> <\/b><\/p>\n<p>[\/vc_column_text][\/vc_accordion_tab][vc_accordion_tab gutter_size=&#8220;2&#8243; column_padding=&#8220;2&#8243; title=&#8220;Kann ich das Verpflegungspaket auch teilweise buchen?&#8220; tab_id=&#8220;1761568194241-3-3&#8243;][vc_column_text uncode_shortcode_id=&#8220;834973&#8243;]<\/p>\n<p class=\"p1\">Das Paket wird nur komplett angeboten (350 \u20ac). Eine Teilbuchung ist nicht m\u00f6glich.<\/p>\n<p>[\/vc_column_text][\/vc_accordion_tab][vc_accordion_tab gutter_size=&#8220;2&#8243; column_padding=&#8220;2&#8243; title=&#8220;Kann ich die Verpflegung auch vor Ort buchen?&#8220; tab_id=&#8220;1761568246993-4-9&#8243;][vc_column_text uncode_shortcode_id=&#8220;921170&#8243;]<\/p>\n<p class=\"p1\">In der Regel bitten wir um Voranmeldung. Falls spontan Pl\u00e4tze frei sind, ist eine Buchung vor Ort m\u00f6glich.<\/p>\n<p>[\/vc_column_text][\/vc_accordion_tab][vc_accordion_tab gutter_size=&#8220;2&#8243; column_padding=&#8220;2&#8243; title=&#8220;Gibt es vegetarische oder vegane Optionen?&#8220; tab_id=&#8220;1761568302143-5-5&#8243;][vc_column_text uncode_shortcode_id=&#8220;562649&#8243;]<\/p>\n<p class=\"p1\">Ja, bitte bei der Anmeldung angeben.<\/p>\n<p>[\/vc_column_text][\/vc_accordion_tab][vc_accordion_tab gutter_size=&#8220;2&#8243; column_padding=&#8220;2&#8243; title=&#8220;What extras are available?&#8220; tab_id=&#8220;1761568342858-6-2&#8243;][vc_column_text uncode_shortcode_id=&#8220;148720&#8243;]- Massagen \u2013 als Add-on zubuchbar<br \/>\n&#8211; Yoga \/ Workouts \/ Entspannungssessions \u2013 individuell, vor Ort buchbar<br \/>\nKite Workout \/ Workshop \u2013 gelegentlich, spontan, aktuell ohne Zusatzkosten[\/vc_column_text][\/vc_accordion_tab][\/vc_accordion][\/vc_column][\/vc_row][vc_row][vc_column width=&#8220;1\/1&#8243;][uncode_block id=&#8220;5485&#8243; inside_column=&#8220;yes&#8220;][\/vc_column][\/vc_row]<\/p>\n<\/div>","protected":false},"excerpt":{"rendered":"<p>[vc_row row_height_percent=&#8220;100&#8243; override_padding=&#8220;yes&#8220; h_padding=&#8220;2&#8243; top_padding=&#8220;0&#8243; bottom_padding=&#8220;0&#8243; back_image=&#8220;5480&#8243; overlay_color=&#8220;color-736373&#8243; overlay_alpha=&#8220;100&#8243; gutter_size=&#8220;3&#8243; column_width_percent=&#8220;100&#8243; shift_y=&#8220;0&#8243; z_index=&#8220;0&#8243; uncode_shortcode_id=&#8220;926705&#8243; overlay_color_type=&#8220;uncode-palette&#8220;][vc_column column_width_percent=&#8220;100&#8243; position_vertical=&#8220;bottom&#8220; align_horizontal=&#8220;align_center&#8220; gutter_size=&#8220;3&#8243; overlay_alpha=&#8220;50&#8243; [&hellip;]<\/p>\n","protected":false},"author":5,"featured_media":5481,"parent":6634,"menu_order":0,"comment_status":"closed","ping_status":"closed","template":"","meta":{"footnotes":""},"class_list":["post-6650","page","type-page","status-publish","has-post-thumbnail","hentry","page_category-daenemark-teaser","page_category-faq-de"],"_links":{"self":[{"href":"https:\/\/primesurf.com\/de\/wp-json\/wp\/v2\/pages\/6650","targetHints":{"allow":["GET"]}}],"collection":[{"href":"https:\/\/primesurf.com\/de\/wp-json\/wp\/v2\/pages"}],"about":[{"href":"https:\/\/primesurf.com\/de\/wp-json\/wp\/v2\/types\/page"}],"author":[{"embeddable":true,"href":"https:\/\/primesurf.com\/de\/wp-json\/wp\/v2\/users\/5"}],"replies":[{"embeddable":true,"href":"https:\/\/primesurf.com\/de\/wp-json\/wp\/v2\/comments?post=6650"}],"version-history":[{"count":10,"href":"https:\/\/primesurf.com\/de\/wp-json\/wp\/v2\/pages\/6650\/revisions"}],"predecessor-version":[{"id":14537,"href":"https:\/\/primesurf.com\/de\/wp-json\/wp\/v2\/pages\/6650\/revisions\/14537"}],"up":[{"embeddable":true,"href":"https:\/\/primesurf.com\/de\/wp-json\/wp\/v2\/pages\/6634"}],"wp:featuredmedia":[{"embeddable":true,"href":"https:\/\/primesurf.com\/de\/wp-json\/wp\/v2\/media\/5481"}],"wp:attachment":[{"href":"https:\/\/primesurf.com\/de\/wp-json\/wp\/v2\/media?parent=6650"}],"curies":[{"name":"wp","href":"https:\/\/api.w.org\/{rel}","templated":true}]}}