{"id":6637,"date":"2022-12-01T16:06:54","date_gmt":"2022-12-01T16:06:54","guid":{"rendered":"https:\/\/primesurf-aws-preview.parasol.digital\/locations\/daenemark\/alle-zimmer-in-unserem-haus-sind-identisch-eingerichtet-dieses-zimmer-teilt-ihr-euch-mit-einem-anderen-kitecamp-teilnehmer-die-badezimmer-werden-gemeinschaftlich-genutzt\/"},"modified":"2026-01-30T21:52:16","modified_gmt":"2026-01-30T21:52:16","slug":"alle-zimmer-in-unserem-haus-sind-identisch-eingerichtet-dieses-zimmer-teilt-ihr-euch-mit-einem-anderen-kitecamp-teilnehmer-die-badezimmer-werden-gemeinschaftlich-genutzt","status":"publish","type":"page","link":"https:\/\/primesurf.com\/de\/locations\/daenemark\/alle-zimmer-in-unserem-haus-sind-identisch-eingerichtet-dieses-zimmer-teilt-ihr-euch-mit-einem-anderen-kitecamp-teilnehmer-die-badezimmer-werden-gemeinschaftlich-genutzt\/","title":{"rendered":"Unterkunft"},"content":{"rendered":"<div class=\"wpb-content-wrapper\"><p>[vc_row row_height_percent=&#8220;100&#8243; override_padding=&#8220;yes&#8220; h_padding=&#8220;2&#8243; top_padding=&#8220;0&#8243; bottom_padding=&#8220;0&#8243; back_image=&#8220;14511&#8243; overlay_color=&#8220;color-736373&#8243; overlay_alpha=&#8220;100&#8243; gutter_size=&#8220;3&#8243; column_width_percent=&#8220;100&#8243; shift_y=&#8220;0&#8243; z_index=&#8220;0&#8243; content_parallax=&#8220;0&#8243; uncode_shortcode_id=&#8220;156111&#8243; overlay_color_type=&#8220;uncode-palette&#8220;][vc_column column_width_percent=&#8220;100&#8243; position_vertical=&#8220;bottom&#8220; align_horizontal=&#8220;align_center&#8220; gutter_size=&#8220;3&#8243; overlay_alpha=&#8220;50&#8243; shift_x=&#8220;0&#8243; shift_y=&#8220;0&#8243; shift_y_down=&#8220;0&#8243; z_index=&#8220;0&#8243; medium_width=&#8220;0&#8243; mobile_width=&#8220;0&#8243; width=&#8220;1\/1&#8243; uncode_shortcode_id=&#8220;189613&#8243;][vc_row_inner limit_content=&#8220;&#8220;][vc_column_inner column_width_percent=&#8220;100&#8243; position_vertical=&#8220;bottom&#8220; align_horizontal=&#8220;align_center&#8220; gutter_size=&#8220;3&#8243; overlay_alpha=&#8220;50&#8243; shift_x=&#8220;0&#8243; shift_y=&#8220;0&#8243; shift_y_down=&#8220;0&#8243; z_index=&#8220;0&#8243; medium_width=&#8220;0&#8243; mobile_width=&#8220;0&#8243; width=&#8220;1\/1&#8243; uncode_shortcode_id=&#8220;150807&#8243;][vc_custom_heading heading_semantic=&#8220;h1&#8243; text_size=&#8220;fontsize-508984&#8243; text_weight=&#8220;800&#8243; uncode_shortcode_id=&#8220;157587&#8243;]D\u00e4nemark[\/vc_custom_heading][\/vc_column_inner][\/vc_row_inner][vc_row_inner row_inner_height_percent=&#8220;0&#8243; overlay_alpha=&#8220;50&#8243; gutter_size=&#8220;3&#8243; shift_y=&#8220;0&#8243; z_index=&#8220;0&#8243; mobile_visibility=&#8220;yes&#8220; uncode_shortcode_id=&#8220;145472&#8243; limit_content=&#8220;&#8220;][vc_column_inner width=&#8220;1\/1&#8243;][vc_wp_custommenu nav_menu=&#8220;53&#8243; nav_menu_horizontal=&#8220;1&#8243; use_widget_style=&#8220;yes&#8220; widget_collapse=&#8220;yes&#8220; widget_style_no_arrows=&#8220;yes&#8220;][\/vc_column_inner][\/vc_row_inner][vc_row_inner row_inner_height_percent=&#8220;0&#8243; overlay_alpha=&#8220;50&#8243; gutter_size=&#8220;3&#8243; shift_y=&#8220;0&#8243; z_index=&#8220;0&#8243; desktop_visibility=&#8220;yes&#8220; medium_visibility=&#8220;yes&#8220; uncode_shortcode_id=&#8220;160906&#8243; limit_content=&#8220;&#8220;][vc_column_inner width=&#8220;1\/1&#8243;][vc_wp_custommenu nav_menu=&#8220;53&#8243; nav_menu_horizontal=&#8220;1&#8243; use_widget_style=&#8220;yes&#8220; widget_collapse=&#8220;yes&#8220; widget_style_no_arrows=&#8220;yes&#8220; title=&#8220;Unterkunft&#8220;][\/vc_column_inner][\/vc_row_inner][vc_row_inner limit_content=&#8220;&#8220;][vc_column_inner column_width_percent=&#8220;100&#8243; position_vertical=&#8220;bottom&#8220; align_horizontal=&#8220;align_center&#8220; gutter_size=&#8220;3&#8243; overlay_alpha=&#8220;50&#8243; shift_x=&#8220;0&#8243; shift_y=&#8220;0&#8243; shift_y_down=&#8220;0&#8243; z_index=&#8220;0&#8243; medium_width=&#8220;0&#8243; mobile_width=&#8220;0&#8243; width=&#8220;1\/1&#8243; uncode_shortcode_id=&#8220;231739&#8243;][vc_icon position=&#8220;bottom&#8220; icon_image=&#8220;2748&#8243; media_size=&#8220;80&#8243; heading_semantic=&#8220;h4&#8243; uncode_shortcode_id=&#8220;100780&#8243; link=&#8220;url:%23info|&#8220;][\/vc_icon][\/vc_column_inner][\/vc_row_inner][\/vc_column][\/vc_row][vc_row row_height_percent=&#8220;0&#8243; override_padding=&#8220;yes&#8220; h_padding=&#8220;3&#8243; top_padding=&#8220;3&#8243; bottom_padding=&#8220;0&#8243; overlay_alpha=&#8220;50&#8243; gutter_size=&#8220;3&#8243; column_width_percent=&#8220;100&#8243; shift_y=&#8220;0&#8243; z_index=&#8220;0&#8243; uncode_shortcode_id=&#8220;142206&#8243; row_name=&#8220;info&#8220;][vc_column width=&#8220;3\/4&#8243;][vc_custom_heading uncode_shortcode_id=&#8220;340938&#8243;]Die Unterkunft[\/vc_custom_heading][\/vc_column][vc_column width=&#8220;1\/4&#8243;][\/vc_column][\/vc_row][vc_row row_height_percent=&#8220;0&#8243; override_padding=&#8220;yes&#8220; h_padding=&#8220;3&#8243; top_padding=&#8220;2&#8243; bottom_padding=&#8220;2&#8243; overlay_alpha=&#8220;50&#8243; gutter_size=&#8220;4&#8243; column_width_percent=&#8220;100&#8243; shift_y=&#8220;0&#8243; z_index=&#8220;0&#8243; uncode_shortcode_id=&#8220;190796&#8243; row_name=&#8220;Accommodation&#8220;][vc_column column_width_percent=&#8220;100&#8243; gutter_size=&#8220;2&#8243; style=&#8220;dark&#8220; overlay_alpha=&#8220;50&#8243; shift_x=&#8220;0&#8243; shift_y=&#8220;0&#8243; shift_y_down=&#8220;0&#8243; z_index=&#8220;0&#8243; medium_width=&#8220;0&#8243; mobile_width=&#8220;0&#8243; width=&#8220;1\/2&#8243;][vc_column_text uncode_shortcode_id=&#8220;211151&#8243;]<\/p>\n<p data-start=\"128\" data-end=\"442\">Ab 2026 freuen wir uns, eine neue Partnerschaft mit Drivethru zu starten und unsere G\u00e4ste in ihre einzigartige Unterkunft an der atemberaubenden Westk\u00fcste D\u00e4nemarks zu bringen. Versteckt zwischen der wilden Nordsee und dem ruhigen Ringk\u00f8bing Fjord liegt dieses private Refugium ganz f\u00fcr uns allein \u2013 die perfekte Basis f\u00fcr einen unvergesslichen Aufenthalt.<\/p>\n<p data-start=\"444\" data-end=\"851\">Hier findet ihr alles, was ihr braucht: gem\u00fctliche Zimmer mit Blick auf den Fjord, ein riesiger 35.000 m\u00b2 gro\u00dfer Garten zum Entspannen sowie Wellness-Highlights wie Sauna, Whirlpool und Massagen. Die D\u00fcnen und die Wellen sind nur einen kurzen Spaziergang entfernt, und unser privater Zugang zum Fjord macht den Spot ideal zum Kitesurfen. Und wenn ihr gerade nicht auf dem Wasser seid, k\u00f6nnt ihr an einem Workout teilnehmen, hausgemachtes Essen genie\u00dfen oder einfach in der Gemeinschaftsk\u00fcche mit Freunden entspannen.<\/p>\n<p data-start=\"853\" data-end=\"955\">Das hier ist mehr als nur ein Ort zum \u00dcbernachten \u2013 es ist ein Platz, um neue Energie zu tanken, Menschen zu verbinden und unvergessliche Erinnerungen am Meer zu schaffen.<\/p>\n<p>[\/vc_column_text][\/vc_column][vc_column width=&#8220;1\/2&#8243;][vc_row_inner limit_content=&#8220;&#8220;][vc_column_inner column_width_percent=&#8220;100&#8243; gutter_size=&#8220;3&#8243; overlay_alpha=&#8220;50&#8243; shift_x=&#8220;0&#8243; shift_y=&#8220;0&#8243; shift_y_down=&#8220;0&#8243; z_index=&#8220;0&#8243; medium_width=&#8220;0&#8243; mobile_visibility=&#8220;yes&#8220; mobile_width=&#8220;0&#8243; width=&#8220;1\/4&#8243; uncode_shortcode_id=&#8220;180860&#8243;][\/vc_column_inner][vc_column_inner width=&#8220;1\/2&#8243;][vc_column_text uncode_shortcode_id=&#8220;173504&#8243;]\u2713 Zimmer mit Fjordblick<br \/>\n\u2713 Hausgemachtes Essen<br \/>\n\u2713 Privater Kitespot<br \/>\n\u2713 Sauna &amp; Whirlpool<\/p>\n<p>\u2713 35,000 m\u00b2 Garten<br \/>\n\u2713 Anf\u00e4ngerfreundlich<br \/>\n\u2713 Leere Str\u00e4nde &amp; Lineups<br \/>\n\u2713 Massagen<br \/>\n\u2713 Fitnessraum<br \/>\n\u2713 Gemeinschaftsk\u00fcche<br \/>\n\u2713 Umwelt- &amp; haustierfreundlich[\/vc_column_text][vc_button outline=&#8220;yes&#8220; border_width=&#8220;0&#8243; link=&#8220;url:https%3A%2F%2Fprimesurf.tideforce.app%2Fbook%3Flocation%3Ddenmark|target:_blank|&#8220; uncode_shortcode_id=&#8220;193949&#8243;]Jetzt buchen[\/vc_button][\/vc_column_inner][vc_column_inner column_width_percent=&#8220;100&#8243; gutter_size=&#8220;3&#8243; overlay_alpha=&#8220;50&#8243; shift_x=&#8220;0&#8243; shift_y=&#8220;0&#8243; shift_y_down=&#8220;0&#8243; z_index=&#8220;0&#8243; medium_width=&#8220;0&#8243; mobile_visibility=&#8220;yes&#8220; mobile_width=&#8220;0&#8243; width=&#8220;1\/4&#8243; uncode_shortcode_id=&#8220;443822&#8243;][\/vc_column_inner][\/vc_row_inner][\/vc_column][\/vc_row][vc_row row_height_percent=&#8220;0&#8243; override_padding=&#8220;yes&#8220; h_padding=&#8220;3&#8243; top_padding=&#8220;1&#8243; bottom_padding=&#8220;2&#8243; overlay_alpha=&#8220;50&#8243; gutter_size=&#8220;3&#8243; column_width_percent=&#8220;100&#8243; shift_y=&#8220;0&#8243; z_index=&#8220;0&#8243; uncode_shortcode_id=&#8220;122693&#8243;][vc_column width=&#8220;1\/1&#8243;][vc_gallery el_id=&#8220;gallery-958453445&#8243; type=&#8220;css_grid&#8220; random=&#8220;yes&#8220; medias=&#8220;14499,14501,14503,14505,14509,14516,14518,14520&#8243; screen_lg_items=&#8220;3&#8243; screen_lg_breakpoint=&#8220;1000&#8243; screen_md_items=&#8220;2&#8243; screen_md_breakpoint=&#8220;600&#8243; screen_sm_items=&#8220;1&#8243; screen_sm_breakpoint=&#8220;480&#8243; gutter_size=&#8220;3&#8243; css_grid_images_size=&#8220;three-two&#8220; single_shape=&#8220;round&#8220; radius=&#8220;lg&#8220; single_overlay_color=&#8220;color-nhtu&#8220; single_overlay_opacity=&#8220;20&#8243; single_text_anim_type=&#8220;btt&#8220; single_h_align=&#8220;center&#8220; single_padding=&#8220;2&#8243; single_icon=&#8220;fa fa-search3&#8243; single_border=&#8220;yes&#8220; single_css_animation=&#8220;bottom-t-top&#8220; single_animation_delay=&#8220;200&#8243; lbox_caption=&#8220;yes&#8220; no_double_tap=&#8220;yes&#8220; carousel_rtl=&#8220;&#8220; single_title_uppercase=&#8220;&#8220; single_title_bold=&#8220;&#8220; single_title_serif=&#8220;&#8220; onclick=&#8220;link_image&#8220; custom_links_target=&#8220;_self&#8220; items=&#8220;eyI4ODY4X2kiOnsic2luZ2xlX3dpZHRoIjoiNCIsInNpbmdsZV9oZWlnaHQiOiI0In0sIjg4NjJfaSI6eyJzaW5nbGVfd2lkdGgiOiI0Iiwic2luZ2xlX2hlaWdodCI6IjQifSwiODg2MF9pIjp7InNpbmdsZV93aWR0aCI6IjQifX0=&#8220; single_half_padding=&#8220;&#8220; single_no_background=&#8220;&#8220; uncode_shortcode_id=&#8220;367065&#8243;][\/vc_column][\/vc_row][vc_row row_height_percent=&#8220;0&#8243; override_padding=&#8220;yes&#8220; h_padding=&#8220;3&#8243; top_padding=&#8220;2&#8243; bottom_padding=&#8220;3&#8243; overlay_alpha=&#8220;50&#8243; gutter_size=&#8220;3&#8243; column_width_percent=&#8220;100&#8243; shift_y=&#8220;0&#8243; z_index=&#8220;0&#8243; enable_top_divider=&#8220;default&#8220; top_divider=&#8220;hills&#8220; shape_top_h_use_pixel=&#8220;&#8220; shape_top_height=&#8220;150&#8243; shape_top_color=&#8220;color-492723&#8243; shape_top_opacity=&#8220;100&#8243; shape_top_index=&#8220;0&#8243; uncode_shortcode_id=&#8220;122333&#8243; shape_top_color_type=&#8220;uncode-palette&#8220;][vc_column column_width_percent=&#8220;100&#8243; gutter_size=&#8220;3&#8243; overlay_alpha=&#8220;50&#8243; shift_x=&#8220;0&#8243; shift_y=&#8220;0&#8243; shift_y_down=&#8220;0&#8243; z_index=&#8220;0&#8243; medium_width=&#8220;0&#8243; mobile_width=&#8220;0&#8243; width=&#8220;1\/1&#8243; uncode_shortcode_id=&#8220;182679&#8243;][vc_accordion active_tab=&#8220;0&#8243;][vc_accordion_tab gutter_size=&#8220;2&#8243; column_padding=&#8220;2&#8243; title=&#8220;Dorm 1 &#8211; Gemeinschaftszimmer&#8220; tab_id=&#8220;1673778706442-5-5&#8243;][vc_row_inner limit_content=&#8220;&#8220;][vc_column_inner width=&#8220;1\/1&#8243;][vc_column_text uncode_shortcode_id=&#8220;864221&#8243;]<\/p>\n<p data-start=\"166\" data-end=\"308\">Dorm 1 bietet Platz f\u00fcr bis zu 4 G\u00e4ste in 2 Etagenbetten. Er wird als <strong data-start=\"249\" data-end=\"264\">Gemeinschaftszimmer<\/strong> angeboten und verf\u00fcgt \u00fcber Zugang zu einem Gemeinschaftsbad. <\/p>\n<p>[\/vc_column_text][vc_gallery el_id=&#8220;gallery-49092&#8243; type=&#8220;css_grid&#8220; medias=&#8220;14475&#8243; explode_albums=&#8220;yes&#8220; screen_lg_items=&#8220;3&#8243; screen_lg_breakpoint=&#8220;1000&#8243; screen_md_items=&#8220;2&#8243; screen_md_breakpoint=&#8220;600&#8243; screen_sm_items=&#8220;1&#8243; screen_sm_breakpoint=&#8220;480&#8243; gutter_size=&#8220;3&#8243; css_grid_images_size=&#8220;three-two&#8220; single_shape=&#8220;round&#8220; radius=&#8220;lg&#8220; single_overlay_opacity=&#8220;50&#8243; single_padding=&#8220;2&#8243; single_border=&#8220;yes&#8220; sticky_scroll_v_align=&#8220;&#8220; uncode_shortcode_id=&#8220;183755&#8243;][\/vc_column_inner][\/vc_row_inner][\/vc_accordion_tab][vc_accordion_tab gutter_size=&#8220;2&#8243; column_padding=&#8220;2&#8243; title=&#8220;Dorm 2 &#8211; Shared Zimmer&#8220; tab_id=&#8220;1760823823280-7-4&#8243;][vc_row_inner][vc_column_inner width=&#8220;1\/1&#8243;][vc_column_text uncode_shortcode_id=&#8220;995258&#8243;]<\/p>\n<p data-start=\"310\" data-end=\"452\">Dorm 2 bietet Platz f\u00fcr bis zu 4 G\u00e4ste in 2 Etagenbetten. Es wird als Shared Zimmer angeboten und hat zugang zu einem geteiltem Bad.<\/p>\n<p>[\/vc_column_text][vc_gallery el_id=&#8220;gallery-49092&#8243; type=&#8220;css_grid&#8220; medias=&#8220;14458&#8243; dynamic=&#8220;yes&#8220; explode_albums=&#8220;yes&#8220; screen_lg_items=&#8220;3&#8243; screen_lg_breakpoint=&#8220;1000&#8243; screen_md_items=&#8220;2&#8243; screen_md_breakpoint=&#8220;600&#8243; screen_sm_items=&#8220;1&#8243; screen_sm_breakpoint=&#8220;480&#8243; gutter_size=&#8220;3&#8243; css_grid_images_size=&#8220;three-two&#8220; single_shape=&#8220;round&#8220; radius=&#8220;lg&#8220; single_overlay_opacity=&#8220;50&#8243; single_padding=&#8220;2&#8243; single_border=&#8220;yes&#8220; sticky_scroll_v_align=&#8220;&#8220; uncode_shortcode_id=&#8220;609444&#8243;][\/vc_column_inner][\/vc_row_inner][\/vc_accordion_tab][vc_accordion_tab gutter_size=&#8220;2&#8243; column_padding=&#8220;2&#8243; title=&#8220;Zimmer 3 \u2013 Dreibett-Gemeinschaftszimmer&#8220; tab_id=&#8220;1760823269201-6-4&#8243;][vc_row_inner][vc_column_inner width=&#8220;1\/1&#8243;][vc_column_text uncode_shortcode_id=&#8220;108466&#8243;]<\/p>\n<p data-start=\"454\" data-end=\"603\">Zimmer 3 bietet Platz f\u00fcr bis zu 3 G\u00e4ste mit 1 Doppelbett und 2 Einzelbetten. Es verf\u00fcgt \u00fcber ein eigenes Badezimmer und wird als <strong data-start=\"585\" data-end=\"600\">Gemeinschaftszimmer<\/strong> angeboten.<\/p>\n<p>[\/vc_column_text][vc_gallery el_id=&#8220;gallery-49092&#8243; type=&#8220;css_grid&#8220; medias=&#8220;14443&#8243; explode_albums=&#8220;yes&#8220; screen_lg_items=&#8220;3&#8243; screen_lg_breakpoint=&#8220;1000&#8243; screen_md_items=&#8220;2&#8243; screen_md_breakpoint=&#8220;600&#8243; screen_sm_items=&#8220;1&#8243; screen_sm_breakpoint=&#8220;480&#8243; gutter_size=&#8220;3&#8243; css_grid_images_size=&#8220;three-two&#8220; single_shape=&#8220;round&#8220; radius=&#8220;lg&#8220; single_overlay_opacity=&#8220;50&#8243; single_padding=&#8220;2&#8243; single_border=&#8220;yes&#8220; sticky_scroll_v_align=&#8220;&#8220; uncode_shortcode_id=&#8220;725322&#8243;][\/vc_column_inner][\/vc_row_inner][\/vc_accordion_tab][vc_accordion_tab gutter_size=&#8220;2&#8243; column_padding=&#8220;2&#8243; title=&#8220;Zimmer 4 \u2013 Dreibett-Gemeinschaftszimmer&#8220; tab_id=&#8220;1670930337864-7-1016734354492011673776099132&#8243;][vc_row_inner limit_content=&#8220;&#8220;][vc_column_inner width=&#8220;1\/1&#8243;][vc_column_text uncode_shortcode_id=&#8220;443809&#8243;]<\/p>\n<p data-start=\"605\" data-end=\"784\">Zimmer 4 bietet Platz f\u00fcr bis zu 4 G\u00e4ste. Die Betten k\u00f6nnen entweder als 1 Doppelbett mit 2 Einzelbetten oder als 4 Einzelbetten arrangiert werden. Es verf\u00fcgt \u00fcber ein eigenes Badezimmer und wird als <strong data-start=\"766\" data-end=\"781\">Gemeinschaftszimmer<\/strong> angeboten.<\/p>\n<p>[\/vc_column_text][vc_gallery el_id=&#8220;gallery-49092&#8243; type=&#8220;css_grid&#8220; medias=&#8220;14422&#8243; explode_albums=&#8220;yes&#8220; screen_lg_items=&#8220;3&#8243; screen_lg_breakpoint=&#8220;1000&#8243; screen_md_items=&#8220;2&#8243; screen_md_breakpoint=&#8220;600&#8243; screen_sm_items=&#8220;1&#8243; screen_sm_breakpoint=&#8220;480&#8243; gutter_size=&#8220;3&#8243; css_grid_images_size=&#8220;three-two&#8220; single_shape=&#8220;round&#8220; radius=&#8220;lg&#8220; single_overlay_opacity=&#8220;50&#8243; single_padding=&#8220;2&#8243; single_border=&#8220;yes&#8220; sticky_scroll_v_align=&#8220;&#8220; uncode_shortcode_id=&#8220;177849&#8243;][\/vc_column_inner][\/vc_row_inner][\/vc_accordion_tab][vc_accordion_tab gutter_size=&#8220;2&#8243; column_padding=&#8220;2&#8243; title=&#8220;Zimmer 5 \u2013 Privatzimmer&#8220; tab_id=&#8220;1670930334380-6-916734354492011673776099132&#8243;][vc_row_inner limit_content=&#8220;&#8220;][vc_column_inner width=&#8220;1\/1&#8243;][vc_column_text uncode_shortcode_id=&#8220;123171&#8243;]<\/p>\n<p data-start=\"786\" data-end=\"950\">Zimmer 5 ist f\u00fcr 2 G\u00e4ste ausgelegt und bietet wahlweise 2 Einzelbetten oder 1 Doppelbett. Es verf\u00fcgt \u00fcber ein eigenes Badezimmer und wird als <strong data-start=\"931\" data-end=\"947\">Privatzimmer<\/strong> angeboten. <\/p>\n<p>[\/vc_column_text][vc_gallery el_id=&#8220;gallery-49092&#8243; type=&#8220;css_grid&#8220; medias=&#8220;14395&#8243; explode_albums=&#8220;yes&#8220; screen_lg_items=&#8220;3&#8243; screen_lg_breakpoint=&#8220;1000&#8243; screen_md_items=&#8220;2&#8243; screen_md_breakpoint=&#8220;600&#8243; screen_sm_items=&#8220;1&#8243; screen_sm_breakpoint=&#8220;480&#8243; gutter_size=&#8220;3&#8243; css_grid_images_size=&#8220;three-two&#8220; single_shape=&#8220;round&#8220; radius=&#8220;lg&#8220; single_overlay_opacity=&#8220;50&#8243; single_padding=&#8220;2&#8243; single_border=&#8220;yes&#8220; sticky_scroll_v_align=&#8220;&#8220; uncode_shortcode_id=&#8220;126396&#8243;][\/vc_column_inner][\/vc_row_inner][\/vc_accordion_tab][vc_accordion_tab gutter_size=&#8220;2&#8243; column_padding=&#8220;2&#8243; title=&#8220;Zimmer 6 \u2013 Privatzimmer&#8220; tab_id=&#8220;1670930329845-5-116734354492011673776099132&#8243;][vc_row_inner limit_content=&#8220;&#8220;][vc_column_inner width=&#8220;1\/1&#8243;][vc_column_text uncode_shortcode_id=&#8220;771674&#8243;]<\/p>\n<p data-start=\"952\" data-end=\"1116\">Zimmer 6 bietet Platz f\u00fcr 2 G\u00e4ste und kann wahlweise mit 1 Doppelbett oder 2 Einzelbetten eingerichtet werden. Es verf\u00fcgt \u00fcber ein eigenes Badezimmer und wird als <strong data-start=\"1097\" data-end=\"1113\">Privatzimmer<\/strong> angeboten.<\/p>\n<p>[\/vc_column_text][vc_gallery el_id=&#8220;gallery-49092&#8243; type=&#8220;css_grid&#8220; random=&#8220;yes&#8220; medias=&#8220;14368&#8243; explode_albums=&#8220;yes&#8220; screen_lg_items=&#8220;3&#8243; screen_lg_breakpoint=&#8220;1000&#8243; screen_md_items=&#8220;2&#8243; screen_md_breakpoint=&#8220;600&#8243; screen_sm_items=&#8220;1&#8243; screen_sm_breakpoint=&#8220;480&#8243; gutter_size=&#8220;3&#8243; css_grid_images_size=&#8220;three-two&#8220; single_shape=&#8220;round&#8220; radius=&#8220;lg&#8220; single_overlay_opacity=&#8220;50&#8243; single_padding=&#8220;2&#8243; single_border=&#8220;yes&#8220; sticky_scroll_v_align=&#8220;&#8220; uncode_shortcode_id=&#8220;938498&#8243;][\/vc_column_inner][\/vc_row_inner][\/vc_accordion_tab][vc_accordion_tab gutter_size=&#8220;2&#8243; column_padding=&#8220;2&#8243; title=&#8220;Stellpl\u00e4tze f\u00fcr Bullis und Wohnmobile&#8220; tab_id=&#8220;1673778706442-5-5&#8243;][vc_row_inner][vc_column_inner width=&#8220;1\/1&#8243;][vc_column_text uncode_shortcode_id=&#8220;198376&#8243;]Ihr k\u00f6nnt auch mit eurem Campervan zu uns kommen! Wir haben 3 Stellpl\u00e4tze reserviert \u2013 eine bequeme Option f\u00fcr alle, die lieber im eigenen Fahrzeug \u00fcbernachten und dennoch alle unsere Einrichtungen nutzen m\u00f6chten.[\/vc_column_text][\/vc_column_inner][\/vc_row_inner][\/vc_accordion_tab][vc_accordion_tab gutter_size=&#8220;2&#8243; column_padding=&#8220;2&#8243; title=&#8220;Preisinfos&#8220; tab_id=&#8220;1669137485375-4-01669631924116166980478182016734354492011673776099132&#8243;][vc_column_text uncode_shortcode_id=&#8220;123575&#8243;]<\/p>\n<div data-ccp-timestamp=\"1760825954751\">\n<table style=\"height: 279px;\" width=\"899\">\n<colgroup>\n<col width=\"127\">\n<col width=\"129\">\n<col width=\"104\"><\/colgroup>\n<tbody>\n<tr>\n<td width=\"127\" height=\"21\">Geteilte Zimmer<\/td>\n<td width=\"129\"><\/td>\n<td width=\"104\"><\/td>\n<\/tr>\n<tr>\n<td height=\"21\">Dorm 1 + 2<\/td>\n<td>990 \u20ac \/ Person<\/td>\n<td><\/td>\n<\/tr>\n<tr>\n<td height=\"21\">Zimmer 3 + 4<\/td>\n<td>1090 \u20ac \/ Person<\/td>\n<td><\/td>\n<\/tr>\n<tr>\n<td height=\"21\"><\/td>\n<td><\/td>\n<td><\/td>\n<\/tr>\n<tr>\n<td height=\"21\">Private Rooms<\/td>\n<td><\/td>\n<td><\/td>\n<\/tr>\n<tr>\n<td height=\"21\">Zimmer 5 + 6<\/td>\n<td>Einzelzimmer<\/td>\n<td>Doppelzimmer<\/td>\n<\/tr>\n<tr>\n<td height=\"21\"><\/td>\n<td>1490 \u20ac \/ Person<\/td>\n<td>1190 \u20ac \/ Person<\/td>\n<\/tr>\n<tr>\n<td height=\"21\"><\/td>\n<td><\/td>\n<td><\/td>\n<\/tr>\n<tr>\n<td height=\"21\">Camper<\/td>\n<td>990 \u20ac \/ Person<\/td>\n<td><\/td>\n<\/tr>\n<\/tbody>\n<\/table>\n<\/div>\n<p>&nbsp;<\/p>\n<p>Die Preise gelten pro Person.<br \/>\nDas Kitecamp ist bereits im Preis inbegriffen.<\/p>\n<p>Die Verpflegungspauschale betr\u00e4gt 350 \u20ac pro Woche und ist vor Ort zu zahlen. Sie ist optional, wird aber von uns dringend empfohlen.<\/p>\n<div class=\"x_elementToProof\" role=\"presentation\">&#8211; 7x Fr\u00fchst\u00fcck<\/div>\n<div class=\"x_elementToProof\" role=\"presentation\">&#8211; 4x Mittags-snack<\/div>\n<div role=\"presentation\">\n<p>&#8211; 7x Abendessen<\/p>\n<\/div>\n<p>[\/vc_column_text][\/vc_accordion_tab][\/vc_accordion][\/vc_column][\/vc_row][vc_row row_height_percent=&#8220;0&#8243; override_padding=&#8220;yes&#8220; h_padding=&#8220;2&#8243; top_padding=&#8220;3&#8243; bottom_padding=&#8220;2&#8243; overlay_alpha=&#8220;50&#8243; gutter_size=&#8220;3&#8243; column_width_percent=&#8220;100&#8243; shift_y=&#8220;0&#8243; z_index=&#8220;0&#8243; uncode_shortcode_id=&#8220;867718&#8243;][vc_column width=&#8220;1\/1&#8243;][uncode_block id=&#8220;5485&#8243; inside_column=&#8220;yes&#8220;][\/vc_column][\/vc_row]<\/p>\n<\/div>","protected":false},"excerpt":{"rendered":"<p>[vc_row row_height_percent=&#8220;100&#8243; override_padding=&#8220;yes&#8220; h_padding=&#8220;2&#8243; top_padding=&#8220;0&#8243; bottom_padding=&#8220;0&#8243; back_image=&#8220;14511&#8243; overlay_color=&#8220;color-736373&#8243; overlay_alpha=&#8220;100&#8243; gutter_size=&#8220;3&#8243; column_width_percent=&#8220;100&#8243; shift_y=&#8220;0&#8243; z_index=&#8220;0&#8243; content_parallax=&#8220;0&#8243; uncode_shortcode_id=&#8220;156111&#8243; overlay_color_type=&#8220;uncode-palette&#8220;][vc_column column_width_percent=&#8220;100&#8243; position_vertical=&#8220;bottom&#8220; align_horizontal=&#8220;align_center&#8220; gutter_size=&#8220;3&#8243; [&hellip;]<\/p>\n","protected":false},"author":5,"featured_media":14512,"parent":6634,"menu_order":0,"comment_status":"closed","ping_status":"closed","template":"","meta":{"footnotes":""},"class_list":["post-6637","page","type-page","status-publish","has-post-thumbnail","hentry","page_category-daenemark-teaser"],"_links":{"self":[{"href":"https:\/\/primesurf.com\/de\/wp-json\/wp\/v2\/pages\/6637","targetHints":{"allow":["GET"]}}],"collection":[{"href":"https:\/\/primesurf.com\/de\/wp-json\/wp\/v2\/pages"}],"about":[{"href":"https:\/\/primesurf.com\/de\/wp-json\/wp\/v2\/types\/page"}],"author":[{"embeddable":true,"href":"https:\/\/primesurf.com\/de\/wp-json\/wp\/v2\/users\/5"}],"replies":[{"embeddable":true,"href":"https:\/\/primesurf.com\/de\/wp-json\/wp\/v2\/comments?post=6637"}],"version-history":[{"count":33,"href":"https:\/\/primesurf.com\/de\/wp-json\/wp\/v2\/pages\/6637\/revisions"}],"predecessor-version":[{"id":15004,"href":"https:\/\/primesurf.com\/de\/wp-json\/wp\/v2\/pages\/6637\/revisions\/15004"}],"up":[{"embeddable":true,"href":"https:\/\/primesurf.com\/de\/wp-json\/wp\/v2\/pages\/6634"}],"wp:featuredmedia":[{"embeddable":true,"href":"https:\/\/primesurf.com\/de\/wp-json\/wp\/v2\/media\/14512"}],"wp:attachment":[{"href":"https:\/\/primesurf.com\/de\/wp-json\/wp\/v2\/media?parent=6637"}],"curies":[{"name":"wp","href":"https:\/\/api.w.org\/{rel}","templated":true}]}}