{"id":6613,"date":"2022-11-30T09:56:51","date_gmt":"2022-11-30T09:56:51","guid":{"rendered":"https:\/\/primesurf-aws-preview.parasol.digital\/locations\/fehmarn\/verleih\/"},"modified":"2024-01-05T15:26:35","modified_gmt":"2024-01-05T15:26:35","slug":"verleih","status":"publish","type":"page","link":"https:\/\/primesurf.com\/de\/locations\/fehmarn\/verleih\/","title":{"rendered":"Verleih"},"content":{"rendered":"<div class=\"wpb-content-wrapper\"><p>[vc_row row_height_percent=&#8220;100&#8243; override_padding=&#8220;yes&#8220; h_padding=&#8220;2&#8243; top_padding=&#8220;0&#8243; bottom_padding=&#8220;0&#8243; back_image=&#8220;10442&#8243; overlay_color=&#8220;color-343736&#8243; overlay_alpha=&#8220;100&#8243; gutter_size=&#8220;3&#8243; column_width_percent=&#8220;100&#8243; shift_y=&#8220;0&#8243; z_index=&#8220;0&#8243; uncode_shortcode_id=&#8220;787382&#8243; overlay_color_type=&#8220;uncode-palette&#8220; row_height_pixel=&#8220;667px&#8220; shape_dividers=&#8220;&#8220;][vc_column column_width_percent=&#8220;100&#8243; position_vertical=&#8220;bottom&#8220; align_horizontal=&#8220;align_center&#8220; gutter_size=&#8220;3&#8243; overlay_alpha=&#8220;50&#8243; shift_x=&#8220;0&#8243; shift_y=&#8220;0&#8243; shift_y_down=&#8220;0&#8243; z_index=&#8220;0&#8243; medium_width=&#8220;0&#8243; mobile_width=&#8220;0&#8243; width=&#8220;1\/1&#8243; uncode_shortcode_id=&#8220;189613&#8243;][vc_row_inner limit_content=&#8220;&#8220;][vc_column_inner column_width_percent=&#8220;100&#8243; position_vertical=&#8220;bottom&#8220; align_horizontal=&#8220;align_center&#8220; gutter_size=&#8220;3&#8243; overlay_alpha=&#8220;50&#8243; shift_x=&#8220;0&#8243; shift_y=&#8220;0&#8243; shift_y_down=&#8220;0&#8243; z_index=&#8220;0&#8243; medium_width=&#8220;0&#8243; align_mobile=&#8220;align_left_mobile&#8220; mobile_width=&#8220;0&#8243; width=&#8220;1\/1&#8243; uncode_shortcode_id=&#8220;200737&#8243;][vc_custom_heading heading_semantic=&#8220;h1&#8243; text_size=&#8220;fontsize-508984&#8243; text_weight=&#8220;800&#8243; uncode_shortcode_id=&#8220;198788&#8243;]Fehmarn[\/vc_custom_heading][\/vc_column_inner][\/vc_row_inner][vc_row_inner row_inner_height_percent=&#8220;0&#8243; overlay_alpha=&#8220;50&#8243; gutter_size=&#8220;3&#8243; shift_y=&#8220;0&#8243; z_index=&#8220;0&#8243; mobile_visibility=&#8220;yes&#8220; uncode_shortcode_id=&#8220;413276&#8243; limit_content=&#8220;&#8220;][vc_column_inner width=&#8220;1\/1&#8243;][vc_wp_custommenu nav_menu=&#8220;51&#8243; nav_menu_horizontal=&#8220;1&#8243; use_widget_style=&#8220;yes&#8220; widget_collapse=&#8220;yes&#8220; widget_style_no_arrows=&#8220;yes&#8220;][\/vc_column_inner][\/vc_row_inner][vc_row_inner row_inner_height_percent=&#8220;0&#8243; overlay_alpha=&#8220;50&#8243; gutter_size=&#8220;3&#8243; shift_y=&#8220;0&#8243; z_index=&#8220;0&#8243; desktop_visibility=&#8220;yes&#8220; medium_visibility=&#8220;yes&#8220; uncode_shortcode_id=&#8220;429810&#8243; limit_content=&#8220;&#8220;][vc_column_inner column_width_percent=&#8220;100&#8243; gutter_size=&#8220;3&#8243; overlay_alpha=&#8220;50&#8243; shift_x=&#8220;0&#8243; shift_y=&#8220;0&#8243; shift_y_down=&#8220;0&#8243; z_index=&#8220;0&#8243; medium_width=&#8220;0&#8243; mobile_width=&#8220;0&#8243; width=&#8220;1\/1&#8243; uncode_shortcode_id=&#8220;869668&#8243;][vc_wp_custommenu nav_menu=&#8220;51&#8243; nav_menu_horizontal=&#8220;1&#8243; use_widget_style=&#8220;yes&#8220; widget_collapse=&#8220;yes&#8220; widget_style_no_arrows=&#8220;yes&#8220; title=&#8220;Verleih&#8220;][\/vc_column_inner][\/vc_row_inner][vc_row_inner limit_content=&#8220;&#8220;][vc_column_inner column_width_percent=&#8220;100&#8243; position_vertical=&#8220;bottom&#8220; align_horizontal=&#8220;align_center&#8220; gutter_size=&#8220;3&#8243; overlay_alpha=&#8220;50&#8243; shift_x=&#8220;0&#8243; shift_y=&#8220;0&#8243; shift_y_down=&#8220;0&#8243; z_index=&#8220;0&#8243; medium_width=&#8220;0&#8243; mobile_width=&#8220;0&#8243; width=&#8220;1\/1&#8243; uncode_shortcode_id=&#8220;231739&#8243;][vc_icon position=&#8220;bottom&#8220; icon_image=&#8220;2748&#8243; media_size=&#8220;80&#8243; heading_semantic=&#8220;h4&#8243; uncode_shortcode_id=&#8220;100780&#8243; link=&#8220;url:%23info|&#8220;][\/vc_icon][\/vc_column_inner][\/vc_row_inner][\/vc_column][\/vc_row][vc_row row_height_percent=&#8220;0&#8243; override_padding=&#8220;yes&#8220; h_padding=&#8220;3&#8243; top_padding=&#8220;3&#8243; bottom_padding=&#8220;3&#8243; overlay_alpha=&#8220;50&#8243; gutter_size=&#8220;4&#8243; column_width_percent=&#8220;100&#8243; shift_y=&#8220;0&#8243; z_index=&#8220;0&#8243; uncode_shortcode_id=&#8220;196103&#8243;][vc_column column_width_percent=&#8220;100&#8243; gutter_size=&#8220;3&#8243; overlay_alpha=&#8220;50&#8243; shift_x=&#8220;0&#8243; shift_y=&#8220;0&#8243; shift_y_down=&#8220;0&#8243; z_index=&#8220;0&#8243; medium_width=&#8220;0&#8243; mobile_width=&#8220;0&#8243; css_animation=&#8220;bottom-t-top&#8220; width=&#8220;1\/2&#8243; uncode_shortcode_id=&#8220;174221&#8243; css=&#8220;.vc_custom_1673473362381{padding-top: 18px !important;}&#8220;][vc_custom_heading uncode_shortcode_id=&#8220;346394&#8243;]Equipment[\/vc_custom_heading][vc_column_text text_lead=&#8220;yes&#8220; uncode_shortcode_id=&#8220;189747&#8243;]Ihr mietet das Equipment f\u00fcr den ganzen Tag und k\u00f6nnt Eure Kite- und Boardgr\u00f6\u00dfe im Laufe des Tages je nach Wind wechseln. In unserer Kiteschule findet Ihr immer jemanden, der Euch Tipps und Empfehlungen f\u00fcr den richtigen Kite gibt.<br \/>\nGleiches gilt f\u00fcr unser Wingfoil Equipment.<br \/>\nF\u00fcr den Verleih braucht Ihr eine Lizenz, die dem VDWS-Level 5 entspricht, sowie ein Pfandobjekt z.B. einen Personalausweis oder F\u00fchrerschein.[\/vc_column_text][\/vc_column][vc_column column_width_percent=&#8220;100&#8243; gutter_size=&#8220;3&#8243; overlay_color=&#8220;color-xsdn&#8220; overlay_alpha=&#8220;10&#8243; shift_x=&#8220;0&#8243; shift_y=&#8220;0&#8243; shift_y_down=&#8220;0&#8243; z_index=&#8220;0&#8243; medium_width=&#8220;0&#8243; mobile_width=&#8220;0&#8243; css_animation=&#8220;bottom-t-top&#8220; radius=&#8220;xl&#8220; width=&#8220;1\/2&#8243; uncode_shortcode_id=&#8220;160261&#8243; css=&#8220;.vc_custom_1673473370965{padding-top: 20px !important;padding-right: 40px !important;padding-bottom: 40px !important;padding-left: 40px !important;}&#8220; overlay_color_type=&#8220;uncode-palette&#8220;][vc_custom_heading uncode_shortcode_id=&#8220;408934&#8243;]Details[\/vc_custom_heading][vc_column_text text_lead=&#8220;yes&#8220; uncode_shortcode_id=&#8220;105134&#8243;]<\/p>\n<h4><strong>Kitesurfen<\/strong><\/h4>\n<p>\u2713 Eine gro\u00dfe Auswahl an Kites von Core Kiteboarding und Duotone<br \/>\n\u2713 Verf\u00fcgbare Gr\u00f6\u00dfen von 5m\u00b2 bis 15m\u00b2<br \/>\n\u2713 Boards von Core Kiteboarding, Carved, Duotone und Deluxe in verschiedenen Gr\u00f6\u00dfen<br \/>\n\u2713 Surfbretter von Core Kiteboarding, Duotone und Cube Boards (unsere eigene Surfbrettmarke)<br \/>\n\u2713 Foilboards<br \/>\n\u2713 H\u00fcft- und Sitztrapeze in allen Gr\u00f6\u00dfen von ION<br \/>\n\u2713 Neoprenanz\u00fcge in allen Gr\u00f6\u00dfen<\/p>\n<h4><strong>Wingfoilen<\/strong><\/h4>\n<p>\u2713 Wings von Core Kiteboarding und Duotone<br \/>\n\u2713 Foilboards und SUPs von Core und Fanatic[\/vc_column_text][\/vc_column][\/vc_row][vc_row row_height_percent=&#8220;0&#8243; override_padding=&#8220;yes&#8220; h_padding=&#8220;3&#8243; top_padding=&#8220;0&#8243; bottom_padding=&#8220;3&#8243; overlay_alpha=&#8220;50&#8243; gutter_size=&#8220;4&#8243; column_width_percent=&#8220;100&#8243; shift_y=&#8220;0&#8243; z_index=&#8220;0&#8243; uncode_shortcode_id=&#8220;119036&#8243;][vc_column column_width_percent=&#8220;100&#8243; gutter_size=&#8220;3&#8243; overlay_alpha=&#8220;50&#8243; shift_x=&#8220;0&#8243; shift_y=&#8220;0&#8243; shift_y_down=&#8220;0&#8243; z_index=&#8220;0&#8243; medium_width=&#8220;0&#8243; mobile_width=&#8220;0&#8243; css_animation=&#8220;bottom-t-top&#8220; width=&#8220;1\/2&#8243; uncode_shortcode_id=&#8220;174221&#8243; css=&#8220;.vc_custom_1673473362381{padding-top: 18px !important;}&#8220;][\/vc_column][vc_column column_width_percent=&#8220;100&#8243; gutter_size=&#8220;3&#8243; override_padding=&#8220;yes&#8220; column_padding=&#8220;0&#8243; overlay_color=&#8220;color-xsdn&#8220; overlay_alpha=&#8220;10&#8243; shift_x=&#8220;0&#8243; shift_y=&#8220;0&#8243; shift_y_down=&#8220;0&#8243; z_index=&#8220;0&#8243; medium_width=&#8220;0&#8243; mobile_width=&#8220;0&#8243; css_animation=&#8220;bottom-t-top&#8220; radius=&#8220;xl&#8220; width=&#8220;1\/2&#8243; uncode_shortcode_id=&#8220;330915&#8243; css=&#8220;.vc_custom_1680012476792{padding-top: 20px !important;padding-right: 40px !important;padding-bottom: 40px !important;padding-left: 40px !important;}&#8220; overlay_color_type=&#8220;uncode-palette&#8220;][vc_column_text uncode_shortcode_id=&#8220;103149&#8243;]<\/p>\n<table style=\"height: 175px;\" width=\"272\" cellspacing=\"0\" cellpadding=\"0\">\n<tbody>\n<tr>\n<td valign=\"top\">Komplett-Verleih<\/td>\n<td valign=\"top\">90,00 \u20ac<\/td>\n<\/tr>\n<tr>\n<td valign=\"top\">Kite<\/td>\n<td valign=\"top\">60,00 \u20ac<\/td>\n<\/tr>\n<tr>\n<td valign=\"top\">Board<\/td>\n<td valign=\"top\">30,00 \u20ac<\/td>\n<\/tr>\n<tr>\n<td valign=\"top\">Bar<\/td>\n<td valign=\"top\">20,00 \u20ac<\/td>\n<\/tr>\n<tr>\n<td valign=\"top\">Neoprenanzug<\/td>\n<td valign=\"top\">15,00 \u20ac<\/td>\n<\/tr>\n<tr>\n<td valign=\"top\">Trapez<\/td>\n<td valign=\"top\">15,00 \u20ac<\/td>\n<\/tr>\n<tr>\n<td valign=\"top\">Wingfoilen<\/td>\n<td valign=\"top\">95,00 \u20ac<\/td>\n<\/tr>\n<\/tbody>\n<\/table>\n<p>[\/vc_column_text][\/vc_column][\/vc_row][vc_row unlock_row_content=&#8220;yes&#8220; row_height_percent=&#8220;0&#8243; override_padding=&#8220;yes&#8220; h_padding=&#8220;0&#8243; top_padding=&#8220;0&#8243; bottom_padding=&#8220;0&#8243; overlay_alpha=&#8220;50&#8243; equal_height=&#8220;yes&#8220; gutter_size=&#8220;4&#8243; column_width_percent=&#8220;100&#8243; shift_y=&#8220;0&#8243; z_index=&#8220;0&#8243; uncode_shortcode_id=&#8220;187150&#8243;][vc_column column_width_percent=&#8220;100&#8243; position_vertical=&#8220;middle&#8220; align_horizontal=&#8220;align_center&#8220; gutter_size=&#8220;3&#8243; overlay_alpha=&#8220;50&#8243; shift_x=&#8220;0&#8243; shift_y=&#8220;0&#8243; shift_y_down=&#8220;0&#8243; z_index=&#8220;0&#8243; medium_width=&#8220;0&#8243; mobile_width=&#8220;0&#8243; width=&#8220;1\/6&#8243; uncode_shortcode_id=&#8220;142505&#8243;][\/vc_column][vc_column column_width_percent=&#8220;100&#8243; position_vertical=&#8220;middle&#8220; align_horizontal=&#8220;align_center&#8220; gutter_size=&#8220;3&#8243; overlay_alpha=&#8220;50&#8243; shift_x=&#8220;0&#8243; shift_y=&#8220;0&#8243; shift_y_down=&#8220;0&#8243; z_index=&#8220;0&#8243; medium_width=&#8220;0&#8243; mobile_width=&#8220;0&#8243; width=&#8220;1\/6&#8243; uncode_shortcode_id=&#8220;523580&#8243; css=&#8220;.vc_custom_1673258227964{padding-top: 10px !important;}&#8220;][vc_single_image media=&#8220;4920&#8243; media_width_percent=&#8220;100&#8243; uncode_shortcode_id=&#8220;172171&#8243;][\/vc_column][vc_column column_width_percent=&#8220;100&#8243; position_vertical=&#8220;middle&#8220; align_horizontal=&#8220;align_center&#8220; gutter_size=&#8220;3&#8243; overlay_alpha=&#8220;50&#8243; shift_x=&#8220;0&#8243; shift_y=&#8220;0&#8243; shift_y_down=&#8220;0&#8243; z_index=&#8220;0&#8243; medium_width=&#8220;0&#8243; mobile_width=&#8220;0&#8243; width=&#8220;1\/6&#8243; uncode_shortcode_id=&#8220;418942&#8243;][vc_single_image media=&#8220;4916&#8243; media_width_percent=&#8220;100&#8243; uncode_shortcode_id=&#8220;134287&#8243;][\/vc_column][vc_column column_width_percent=&#8220;100&#8243; position_vertical=&#8220;middle&#8220; align_horizontal=&#8220;align_center&#8220; gutter_size=&#8220;3&#8243; overlay_alpha=&#8220;50&#8243; shift_x=&#8220;0&#8243; shift_y=&#8220;0&#8243; shift_y_down=&#8220;0&#8243; z_index=&#8220;0&#8243; medium_width=&#8220;0&#8243; mobile_width=&#8220;0&#8243; width=&#8220;1\/6&#8243; uncode_shortcode_id=&#8220;717487&#8243;][vc_single_image media=&#8220;4918&#8243; media_width_percent=&#8220;100&#8243; uncode_shortcode_id=&#8220;125119&#8243;][\/vc_column][vc_column column_width_percent=&#8220;100&#8243; position_vertical=&#8220;middle&#8220; align_horizontal=&#8220;align_center&#8220; gutter_size=&#8220;3&#8243; overlay_alpha=&#8220;50&#8243; shift_x=&#8220;0&#8243; shift_y=&#8220;0&#8243; shift_y_down=&#8220;0&#8243; z_index=&#8220;0&#8243; medium_width=&#8220;0&#8243; mobile_width=&#8220;0&#8243; width=&#8220;1\/6&#8243; uncode_shortcode_id=&#8220;126340&#8243;][vc_single_image media=&#8220;4928&#8243; media_width_percent=&#8220;100&#8243; uncode_shortcode_id=&#8220;124618&#8243;][\/vc_column][vc_column column_width_percent=&#8220;100&#8243; position_vertical=&#8220;middle&#8220; align_horizontal=&#8220;align_center&#8220; gutter_size=&#8220;3&#8243; overlay_alpha=&#8220;50&#8243; shift_x=&#8220;0&#8243; shift_y=&#8220;0&#8243; shift_y_down=&#8220;0&#8243; z_index=&#8220;0&#8243; medium_width=&#8220;0&#8243; mobile_width=&#8220;0&#8243; width=&#8220;1\/6&#8243; uncode_shortcode_id=&#8220;321052&#8243;][\/vc_column][\/vc_row][vc_row][vc_column width=&#8220;1\/1&#8243;][uncode_block id=&#8220;5304&#8243;][\/vc_column][\/vc_row]<\/p>\n<\/div>","protected":false},"excerpt":{"rendered":"<p>[vc_row row_height_percent=&#8220;100&#8243; override_padding=&#8220;yes&#8220; h_padding=&#8220;2&#8243; top_padding=&#8220;0&#8243; bottom_padding=&#8220;0&#8243; back_image=&#8220;10442&#8243; overlay_color=&#8220;color-343736&#8243; overlay_alpha=&#8220;100&#8243; gutter_size=&#8220;3&#8243; column_width_percent=&#8220;100&#8243; shift_y=&#8220;0&#8243; z_index=&#8220;0&#8243; uncode_shortcode_id=&#8220;787382&#8243; overlay_color_type=&#8220;uncode-palette&#8220; row_height_pixel=&#8220;667px&#8220; shape_dividers=&#8220;&#8220;][vc_column column_width_percent=&#8220;100&#8243; position_vertical=&#8220;bottom&#8220; align_horizontal=&#8220;align_center&#8220; [&hellip;]<\/p>\n","protected":false},"author":5,"featured_media":10443,"parent":6495,"menu_order":0,"comment_status":"closed","ping_status":"closed","template":"","meta":{"footnotes":""},"class_list":["post-6613","page","type-page","status-publish","has-post-thumbnail","hentry","page_category-fehmarn-teaser-de"],"_links":{"self":[{"href":"https:\/\/primesurf.com\/de\/wp-json\/wp\/v2\/pages\/6613","targetHints":{"allow":["GET"]}}],"collection":[{"href":"https:\/\/primesurf.com\/de\/wp-json\/wp\/v2\/pages"}],"about":[{"href":"https:\/\/primesurf.com\/de\/wp-json\/wp\/v2\/types\/page"}],"author":[{"embeddable":true,"href":"https:\/\/primesurf.com\/de\/wp-json\/wp\/v2\/users\/5"}],"replies":[{"embeddable":true,"href":"https:\/\/primesurf.com\/de\/wp-json\/wp\/v2\/comments?post=6613"}],"version-history":[{"count":31,"href":"https:\/\/primesurf.com\/de\/wp-json\/wp\/v2\/pages\/6613\/revisions"}],"predecessor-version":[{"id":10507,"href":"https:\/\/primesurf.com\/de\/wp-json\/wp\/v2\/pages\/6613\/revisions\/10507"}],"up":[{"embeddable":true,"href":"https:\/\/primesurf.com\/de\/wp-json\/wp\/v2\/pages\/6495"}],"wp:featuredmedia":[{"embeddable":true,"href":"https:\/\/primesurf.com\/de\/wp-json\/wp\/v2\/media\/10443"}],"wp:attachment":[{"href":"https:\/\/primesurf.com\/de\/wp-json\/wp\/v2\/media?parent=6613"}],"curies":[{"name":"wp","href":"https:\/\/api.w.org\/{rel}","templated":true}]}}