{"id":6609,"date":"2022-11-30T09:22:52","date_gmt":"2022-11-30T09:22:52","guid":{"rendered":"https:\/\/primesurf-aws-preview.parasol.digital\/locations\/fehmarn\/unterkunft\/"},"modified":"2026-04-02T09:37:54","modified_gmt":"2026-04-02T09:37:54","slug":"unterkunft","status":"publish","type":"page","link":"https:\/\/primesurf.com\/de\/locations\/fehmarn\/unterkunft\/","title":{"rendered":"Unterkunft"},"content":{"rendered":"<div class=\"wpb-content-wrapper\"><p>[vc_row row_height_percent=&#8220;100&#8243; override_padding=&#8220;yes&#8220; h_padding=&#8220;2&#8243; top_padding=&#8220;0&#8243; bottom_padding=&#8220;0&#8243; back_image=&#8220;10434&#8243; overlay_color=&#8220;color-343736&#8243; overlay_alpha=&#8220;100&#8243; gutter_size=&#8220;3&#8243; column_width_percent=&#8220;100&#8243; shift_y=&#8220;0&#8243; z_index=&#8220;0&#8243; uncode_shortcode_id=&#8220;704819&#8243; overlay_color_type=&#8220;uncode-palette&#8220; row_height_pixel=&#8220;667px&#8220;][vc_column column_width_percent=&#8220;100&#8243; position_vertical=&#8220;bottom&#8220; align_horizontal=&#8220;align_center&#8220; gutter_size=&#8220;3&#8243; overlay_alpha=&#8220;50&#8243; shift_x=&#8220;0&#8243; shift_y=&#8220;0&#8243; shift_y_down=&#8220;0&#8243; z_index=&#8220;0&#8243; medium_width=&#8220;0&#8243; mobile_width=&#8220;0&#8243; width=&#8220;1\/1&#8243; uncode_shortcode_id=&#8220;189613&#8243;][vc_row_inner limit_content=&#8220;&#8220;][vc_column_inner column_width_percent=&#8220;100&#8243; position_vertical=&#8220;bottom&#8220; align_horizontal=&#8220;align_center&#8220; gutter_size=&#8220;3&#8243; overlay_alpha=&#8220;50&#8243; shift_x=&#8220;0&#8243; shift_y=&#8220;0&#8243; shift_y_down=&#8220;0&#8243; z_index=&#8220;0&#8243; medium_width=&#8220;0&#8243; align_mobile=&#8220;align_left_mobile&#8220; mobile_width=&#8220;0&#8243; width=&#8220;1\/1&#8243; uncode_shortcode_id=&#8220;200737&#8243;][vc_custom_heading heading_semantic=&#8220;h1&#8243; text_size=&#8220;fontsize-508984&#8243; text_weight=&#8220;800&#8243; uncode_shortcode_id=&#8220;198788&#8243;]Fehmarn[\/vc_custom_heading][\/vc_column_inner][\/vc_row_inner][vc_row_inner row_inner_height_percent=&#8220;0&#8243; overlay_alpha=&#8220;50&#8243; gutter_size=&#8220;3&#8243; shift_y=&#8220;0&#8243; z_index=&#8220;0&#8243; mobile_visibility=&#8220;yes&#8220; uncode_shortcode_id=&#8220;413276&#8243; limit_content=&#8220;&#8220;][vc_column_inner width=&#8220;1\/1&#8243;][vc_wp_custommenu nav_menu=&#8220;51&#8243; nav_menu_horizontal=&#8220;1&#8243; use_widget_style=&#8220;yes&#8220; widget_collapse=&#8220;yes&#8220; widget_style_no_arrows=&#8220;yes&#8220;][\/vc_column_inner][\/vc_row_inner][vc_row_inner row_inner_height_percent=&#8220;0&#8243; overlay_alpha=&#8220;50&#8243; gutter_size=&#8220;3&#8243; shift_y=&#8220;0&#8243; z_index=&#8220;0&#8243; desktop_visibility=&#8220;yes&#8220; medium_visibility=&#8220;yes&#8220; uncode_shortcode_id=&#8220;429810&#8243; limit_content=&#8220;&#8220;][vc_column_inner column_width_percent=&#8220;100&#8243; gutter_size=&#8220;3&#8243; overlay_alpha=&#8220;50&#8243; shift_x=&#8220;0&#8243; shift_y=&#8220;0&#8243; shift_y_down=&#8220;0&#8243; z_index=&#8220;0&#8243; medium_width=&#8220;0&#8243; mobile_width=&#8220;0&#8243; width=&#8220;1\/1&#8243; uncode_shortcode_id=&#8220;869668&#8243;][vc_wp_custommenu nav_menu=&#8220;51&#8243; nav_menu_horizontal=&#8220;1&#8243; use_widget_style=&#8220;yes&#8220; widget_collapse=&#8220;yes&#8220; widget_style_no_arrows=&#8220;yes&#8220; title=&#8220;Unterkunft&#8220;][\/vc_column_inner][\/vc_row_inner][vc_row_inner limit_content=&#8220;&#8220;][vc_column_inner column_width_percent=&#8220;100&#8243; position_vertical=&#8220;bottom&#8220; align_horizontal=&#8220;align_center&#8220; gutter_size=&#8220;3&#8243; overlay_alpha=&#8220;50&#8243; shift_x=&#8220;0&#8243; shift_y=&#8220;0&#8243; shift_y_down=&#8220;0&#8243; z_index=&#8220;0&#8243; medium_width=&#8220;0&#8243; mobile_width=&#8220;0&#8243; width=&#8220;1\/1&#8243; uncode_shortcode_id=&#8220;231739&#8243;][vc_icon position=&#8220;bottom&#8220; icon_image=&#8220;2748&#8243; media_size=&#8220;80&#8243; heading_semantic=&#8220;h4&#8243; uncode_shortcode_id=&#8220;100780&#8243; link=&#8220;url:%23info|&#8220;][\/vc_icon][\/vc_column_inner][\/vc_row_inner][\/vc_column][\/vc_row][vc_row row_height_percent=&#8220;0&#8243; override_padding=&#8220;yes&#8220; h_padding=&#8220;3&#8243; top_padding=&#8220;3&#8243; bottom_padding=&#8220;3&#8243; overlay_alpha=&#8220;50&#8243; gutter_size=&#8220;3&#8243; column_width_percent=&#8220;100&#8243; shift_y=&#8220;0&#8243; z_index=&#8220;0&#8243; uncode_shortcode_id=&#8220;134903&#8243; row_name=&#8220;info&#8220;][vc_column width=&#8220;3\/4&#8243;][vc_custom_heading uncode_shortcode_id=&#8220;147198&#8243;]Prime Surfhaus[\/vc_custom_heading][\/vc_column][vc_column width=&#8220;1\/4&#8243;][\/vc_column][\/vc_row][vc_row row_height_percent=&#8220;0&#8243; override_padding=&#8220;yes&#8220; h_padding=&#8220;3&#8243; top_padding=&#8220;2&#8243; bottom_padding=&#8220;2&#8243; overlay_alpha=&#8220;50&#8243; gutter_size=&#8220;4&#8243; column_width_percent=&#8220;100&#8243; shift_y=&#8220;0&#8243; z_index=&#8220;0&#8243; uncode_shortcode_id=&#8220;128051&#8243; row_name=&#8220;Accommodation&#8220;][vc_column column_width_percent=&#8220;100&#8243; gutter_size=&#8220;2&#8243; style=&#8220;dark&#8220; overlay_alpha=&#8220;50&#8243; shift_x=&#8220;0&#8243; shift_y=&#8220;0&#8243; shift_y_down=&#8220;0&#8243; z_index=&#8220;0&#8243; medium_width=&#8220;0&#8243; mobile_width=&#8220;0&#8243; width=&#8220;1\/2&#8243;][vc_column_text uncode_shortcode_id=&#8220;186773&#8243;]Das <em>Prime Surfhaus<\/em> Fehmarn ist das Herzst\u00fcck unserer Kite-Community. Von hier starten wir gemeinsam zu all unseren Kitekursen und Schulungen. Das Beste: Der Spot befindet sich direkt vor der T\u00fcr! Vom Wohnzimmer aus k\u00f6nnt Ihr direkt auf das Wasser blicken. Gemeinsam werden wir hier viele sch\u00f6ne Stunden, tolle Abende sowie erfolgreiche Kitesessions erleben.<\/p>\n<p>Im Prime Surfhaus gibt es eine gro\u00dfe, voll ausgestattete Wohnk\u00fcche und einen extra Getr\u00e4nkek\u00fchlschrank f\u00fcr die k\u00fchlen Getr\u00e4nke nach Eurer perfekten Session! So seid Ihr immer komplett flexibel und k\u00f6nnt essen, wann Ihr m\u00f6chtet. Der n\u00e4chste Supermarkt ist in Petersdorf, etwa f\u00fcnf Minuten mit dem Auto entfernt.<\/p>\n<p>Die Abende werden wir dennoch, wenn Ihr Lust habt, h\u00e4ufig gemeinsam mit leckeren BBQs oder Kochabenden gestalten.[\/vc_column_text][\/vc_column][vc_column width=&#8220;1\/2&#8243;][vc_row_inner limit_content=&#8220;&#8220;][vc_column_inner width=&#8220;1\/2&#8243;][vc_column_text uncode_shortcode_id=&#8220;143077&#8243;]\u2713 Selbstversorgung<br \/>\n\u2713 Kernsaniert in 2020\/21<br \/>\n\u2713 Ger\u00e4umige, moderne Zimmer<br \/>\n\u2713 Gemeinschaftsk\u00fcche \/ Getr\u00e4nkek\u00fchlschrank<br \/>\n\u2713 Gartenbereich zum Grillen &amp; Entspannen<br \/>\n\u2713 Kostenloses WIFI[\/vc_column_text][\/vc_column_inner][vc_column_inner width=&#8220;1\/2&#8243;][vc_column_text uncode_shortcode_id=&#8220;119083&#8243;]\u2713 Storage f\u00fcr Kitesurfequipment<br \/>\n\u2713 Kostenlose SUP-Nutzung<br \/>\n\u2713 Fahrradverleih<br \/>\n\u2713 Endreinigung inklusive<br \/>\n\u2713 Kostenlose Parkpl\u00e4tze[\/vc_column_text][\/vc_column_inner][\/vc_row_inner][vc_button outline=&#8220;yes&#8220; border_width=&#8220;0&#8243; link=&#8220;url:https%3A%2F%2Ffehmarn.primesurf.com%2Fde|&#8220; uncode_shortcode_id=&#8220;165676&#8243;]Jetzt buchen[\/vc_button][\/vc_column][\/vc_row][vc_row row_height_percent=&#8220;0&#8243; override_padding=&#8220;yes&#8220; h_padding=&#8220;3&#8243; top_padding=&#8220;1&#8243; bottom_padding=&#8220;2&#8243; overlay_alpha=&#8220;50&#8243; gutter_size=&#8220;3&#8243; column_width_percent=&#8220;100&#8243; shift_y=&#8220;0&#8243; z_index=&#8220;0&#8243; uncode_shortcode_id=&#8220;122693&#8243;][vc_column width=&#8220;1\/1&#8243;][vc_gallery el_id=&#8220;gallery-958453445&#8243; type=&#8220;carousel&#8220; medias=&#8220;10614&#8243; explode_albums=&#8220;yes&#8220; carousel_lg=&#8220;3&#8243; carousel_md=&#8220;2&#8243; carousel_sm=&#8220;1&#8243; thumb_size=&#8220;two-one&#8220; gutter_size=&#8220;3&#8243; carousel_interval=&#8220;3000&#8243; carousel_navspeed=&#8220;700&#8243; carousel_loop=&#8220;yes&#8220; carousel_dots=&#8220;yes&#8220; carousel_dots_mobile=&#8220;yes&#8220; carousel_dots_inside=&#8220;yes&#8220; carousel_dot_padding=&#8220;2&#8243; stage_padding=&#8220;0&#8243; single_shape=&#8220;round&#8220; radius=&#8220;lg&#8220; single_overlay_color=&#8220;color-nhtu&#8220; single_overlay_opacity=&#8220;20&#8243; single_text_anim_type=&#8220;btt&#8220; single_h_align=&#8220;center&#8220; single_padding=&#8220;2&#8243; single_icon=&#8220;fa fa-search3&#8243; single_border=&#8220;yes&#8220; single_css_animation=&#8220;bottom-t-top&#8220; single_animation_delay=&#8220;200&#8243; lbox_caption=&#8220;yes&#8220; no_double_tap=&#8220;yes&#8220; carousel_rtl=&#8220;&#8220; single_title_uppercase=&#8220;&#8220; single_title_bold=&#8220;&#8220; single_title_serif=&#8220;&#8220; onclick=&#8220;link_image&#8220; custom_links_target=&#8220;_self&#8220; items=&#8220;eyI4ODY4X2kiOnsic2luZ2xlX3dpZHRoIjoiNCIsInNpbmdsZV9oZWlnaHQiOiI0In0sIjg4NjJfaSI6eyJzaW5nbGVfd2lkdGgiOiI0Iiwic2luZ2xlX2hlaWdodCI6IjQifSwiODg2MF9pIjp7InNpbmdsZV93aWR0aCI6IjQifX0=&#8220; single_half_padding=&#8220;&#8220; single_no_background=&#8220;&#8220; uncode_shortcode_id=&#8220;128812&#8243;][\/vc_column][\/vc_row][vc_row row_height_percent=&#8220;0&#8243; override_padding=&#8220;yes&#8220; h_padding=&#8220;3&#8243; top_padding=&#8220;2&#8243; bottom_padding=&#8220;3&#8243; overlay_alpha=&#8220;50&#8243; gutter_size=&#8220;3&#8243; column_width_percent=&#8220;100&#8243; shift_y=&#8220;0&#8243; z_index=&#8220;0&#8243; enable_top_divider=&#8220;default&#8220; top_divider=&#8220;hills&#8220; shape_top_h_use_pixel=&#8220;&#8220; shape_top_height=&#8220;150&#8243; shape_top_color=&#8220;color-492723&#8243; shape_top_opacity=&#8220;100&#8243; shape_top_index=&#8220;0&#8243; uncode_shortcode_id=&#8220;122333&#8243; shape_top_color_type=&#8220;uncode-palette&#8220;][vc_column column_width_percent=&#8220;100&#8243; gutter_size=&#8220;3&#8243; overlay_alpha=&#8220;50&#8243; shift_x=&#8220;0&#8243; shift_y=&#8220;0&#8243; shift_y_down=&#8220;0&#8243; z_index=&#8220;0&#8243; medium_width=&#8220;0&#8243; mobile_width=&#8220;0&#8243; width=&#8220;1\/1&#8243; uncode_shortcode_id=&#8220;182679&#8243;][vc_accordion active_tab=&#8220;0&#8243;][vc_accordion_tab gutter_size=&#8220;2&#8243; column_padding=&#8220;2&#8243; title=&#8220;Zimmer 1&#8243; tab_id=&#8220;1670930329845-5-1&#8243;][vc_row_inner limit_content=&#8220;&#8220;][vc_column_inner width=&#8220;1\/1&#8243;][vc_custom_heading heading_semantic=&#8220;h4&#8243; text_size=&#8220;h4&#8243; uncode_shortcode_id=&#8220;188977&#8243;]Premium Zimmer[\/vc_custom_heading][vc_column_text uncode_shortcode_id=&#8220;961974&#8243;]Dieses Zimmer ist mit einem eigenen Bad ausgestattet, befindet sich im Erdgeschoss und hat einen separaten Ausgang zum Garten.<\/p>\n<p>\u2713 Geeignet f\u00fcr 1-2 Personen<br \/>\n\u2713 Zimmergr\u00f6\u00dfe 13 m\u00b2<br \/>\n\u2713 Privates Badezimmer<br \/>\n\u2713 TV<br \/>\n\u2713 Gro\u00dfes Doppelbett<br \/>\n\u2713 Bettw\u00e4sche und Handt\u00fccher nicht inklusive (diese k\u00f6nnen f\u00fcr 20\u20ac Aufpreis extra gebucht werden)[\/vc_column_text][vc_gallery el_id=&#8220;gallery-210782&#8243; type=&#8220;css_grid&#8220; medias=&#8220;10555&#8243; explode_albums=&#8220;yes&#8220; screen_lg_items=&#8220;3&#8243; screen_lg_breakpoint=&#8220;1000&#8243; screen_md_items=&#8220;2&#8243; screen_md_breakpoint=&#8220;600&#8243; screen_sm_items=&#8220;1&#8243; screen_sm_breakpoint=&#8220;480&#8243; gutter_size=&#8220;3&#8243; css_grid_images_size=&#8220;two-one&#8220; single_shape=&#8220;round&#8220; radius=&#8220;lg&#8220; single_overlay_opacity=&#8220;50&#8243; single_padding=&#8220;2&#8243; single_border=&#8220;yes&#8220; uncode_shortcode_id=&#8220;845529&#8243;][vc_button outline=&#8220;yes&#8220; border_width=&#8220;0&#8243; uncode_shortcode_id=&#8220;275819&#8243; link=&#8220;url:https%3A%2F%2Ffehmarn.primesurf.com%2Fde|target:_blank|&#8220;]Jetzt buchen[\/vc_button][\/vc_column_inner][\/vc_row_inner][\/vc_accordion_tab][vc_accordion_tab gutter_size=&#8220;2&#8243; column_padding=&#8220;2&#8243; title=&#8220;Zimmer 2 + 3&#8243; tab_id=&#8220;1670930334380-6-9&#8243;][vc_row_inner limit_content=&#8220;&#8220;][vc_column_inner width=&#8220;1\/1&#8243;][vc_custom_heading heading_semantic=&#8220;h4&#8243; text_size=&#8220;h4&#8243; uncode_shortcode_id=&#8220;967798&#8243;]Standard Zimmer[\/vc_custom_heading][vc_column_text uncode_shortcode_id=&#8220;117288&#8243;]Zimmer 2 und 3 sind identisch und teilen sich au\u00dferhalb des Zimmers ein gemeinsames Bad. Es befindet sich im Erdgeschoss und hat einen Blick auf das Wasser.<\/p>\n<p>\u2713 Geeignet f\u00fcr 1-2 Personen<br \/>\n\u2713 Zimmergr\u00f6\u00dfe 10 m\u00b2<br \/>\n\u2713 Geteiltes Badezimmer<br \/>\n\u2713 Zwei Einzelbetten<br \/>\n\u2713 Bettw\u00e4sche und Handt\u00fccher nicht inklusive (diese k\u00f6nnen f\u00fcr 20\u20ac Aufpreis extra gebucht werden)[\/vc_column_text][vc_gallery el_id=&#8220;gallery-738963&#8243; type=&#8220;css_grid&#8220; medias=&#8220;10567&#8243; explode_albums=&#8220;yes&#8220; screen_lg_items=&#8220;3&#8243; screen_lg_breakpoint=&#8220;1000&#8243; screen_md_items=&#8220;2&#8243; screen_md_breakpoint=&#8220;600&#8243; screen_sm_items=&#8220;1&#8243; screen_sm_breakpoint=&#8220;480&#8243; gutter_size=&#8220;3&#8243; css_grid_images_size=&#8220;two-one&#8220; single_shape=&#8220;round&#8220; radius=&#8220;lg&#8220; single_overlay_opacity=&#8220;50&#8243; single_padding=&#8220;2&#8243; single_border=&#8220;yes&#8220; uncode_shortcode_id=&#8220;106265&#8243;][vc_button outline=&#8220;yes&#8220; border_width=&#8220;0&#8243; uncode_shortcode_id=&#8220;979456&#8243; link=&#8220;url:https%3A%2F%2Ffehmarn.primesurf.com%2Fde|target:_blank|&#8220;]Jetzt buchen[\/vc_button][\/vc_column_inner][\/vc_row_inner][\/vc_accordion_tab][vc_accordion_tab gutter_size=&#8220;2&#8243; column_padding=&#8220;2&#8243; title=&#8220;Zimmer 4&#8243; tab_id=&#8220;1670930337864-7-10&#8243;][vc_row_inner limit_content=&#8220;&#8220;][vc_column_inner width=&#8220;1\/1&#8243;][vc_custom_heading heading_semantic=&#8220;h4&#8243; text_size=&#8220;h4&#8243; uncode_shortcode_id=&#8220;845852&#8243;]Premium Zimmer[\/vc_custom_heading][vc_column_text uncode_shortcode_id=&#8220;157554&#8243;]Dieses Zimmer befindet sich im ersten Stock und teilt sich ein ger\u00e4umiges Badezimmer mit Zimmer 5.<\/p>\n<p>\u2713 Geeignet f\u00fcr 1-2 Personen<br \/>\n\u2713 Zimmergr\u00f6\u00dfe 20 m\u00b2<br \/>\n\u2713 Geteiltes Badezimmer<br \/>\n\u2713 Gro\u00dfes Doppelbett<br \/>\n\u2713 Bettw\u00e4sche und Handt\u00fccher nicht inklusive (diese k\u00f6nnen f\u00fcr 20\u20ac Aufpreis extra gebucht werden)[\/vc_column_text][vc_gallery el_id=&#8220;gallery-125766&#8243; type=&#8220;css_grid&#8220; medias=&#8220;10582&#8243; explode_albums=&#8220;yes&#8220; screen_lg_items=&#8220;3&#8243; screen_lg_breakpoint=&#8220;1000&#8243; screen_md_items=&#8220;2&#8243; screen_md_breakpoint=&#8220;600&#8243; screen_sm_items=&#8220;1&#8243; screen_sm_breakpoint=&#8220;480&#8243; gutter_size=&#8220;3&#8243; css_grid_images_size=&#8220;two-one&#8220; single_shape=&#8220;round&#8220; radius=&#8220;lg&#8220; single_overlay_opacity=&#8220;50&#8243; single_padding=&#8220;2&#8243; single_border=&#8220;yes&#8220; uncode_shortcode_id=&#8220;195459&#8243;][vc_button outline=&#8220;yes&#8220; border_width=&#8220;0&#8243; uncode_shortcode_id=&#8220;115448&#8243; link=&#8220;url:https%3A%2F%2Ffehmarn.primesurf.com%2Fde|target:_blank|&#8220;]Jetzt buchen[\/vc_button][\/vc_column_inner][\/vc_row_inner][\/vc_accordion_tab][vc_accordion_tab gutter_size=&#8220;2&#8243; column_padding=&#8220;2&#8243; title=&#8220;Zimmer 5 &#8211; Geteiltes Zimmer&#8220; tab_id=&#8220;1670930350049-8-4&#8243;][vc_row_inner limit_content=&#8220;&#8220;][vc_column_inner width=&#8220;1\/1&#8243;][vc_custom_heading heading_semantic=&#8220;h4&#8243; text_size=&#8220;h4&#8243; uncode_shortcode_id=&#8220;162500&#8243;]Geteiltes Zimmer[\/vc_custom_heading][vc_column_text uncode_shortcode_id=&#8220;789223&#8243;]<\/p>\n<p data-renderer-start-pos=\"6\">Zimmer 5 befindet sich im ersten Stock und teilt sich ein ger\u00e4umiges Badezimmer mit Zimmer 4. Es gibt zwei separate Zimmer und einen Balkon. Der Blick aus dem Fenster ist auf den Kitespot gerichtet. Zimmer 5 kann als ein gemischt-geschlechtliches Mehrbettzimmer gebucht werden und dadurch Schlafraum f\u00fcr bis zu 4 einander vorher fremden Personen sein. Gleichzeitig kann es auch als Privatzimmer gebucht werden.<\/p>\n<p data-renderer-start-pos=\"338\">\u2713 Kategorie gemischt-geschlechtliches Mehrbettzimmer<br \/>\n\u2713 Zwei Zimmer mit je zwei Einzelbetten<br \/>\n\u2713 Plissees an allen Fenstern<br \/>\n\u2713 Zimmergr\u00f6\u00dfe 24m\u00b2 &amp; 18m\u00b2<br \/>\n\u2713 Geteiltes Badezimmer<br \/>\n\u2713 TV in einem der R\u00e4ume<br \/>\n\u2713 Bettw\u00e4sche und Handt\u00fccher nicht inklusive (diese k\u00f6nnen f\u00fcr 20\u20ac Aufpreis extra gebucht werden)<\/p>\n<p>[\/vc_column_text][vc_gallery el_id=&#8220;gallery-596118&#8243; type=&#8220;css_grid&#8220; medias=&#8220;10587&#8243; explode_albums=&#8220;yes&#8220; screen_lg_items=&#8220;3&#8243; screen_lg_breakpoint=&#8220;1000&#8243; screen_md_items=&#8220;2&#8243; screen_md_breakpoint=&#8220;600&#8243; screen_sm_items=&#8220;1&#8243; screen_sm_breakpoint=&#8220;480&#8243; gutter_size=&#8220;3&#8243; css_grid_images_size=&#8220;two-one&#8220; single_shape=&#8220;round&#8220; radius=&#8220;lg&#8220; single_overlay_opacity=&#8220;50&#8243; single_padding=&#8220;2&#8243; single_border=&#8220;yes&#8220; uncode_shortcode_id=&#8220;166743&#8243;][vc_button outline=&#8220;yes&#8220; border_width=&#8220;0&#8243; uncode_shortcode_id=&#8220;569805&#8243; link=&#8220;url:https%3A%2F%2Ffehmarn.primesurf.com%2Fde|target:_blank|&#8220;]Jetzt buchen[\/vc_button][\/vc_column_inner][\/vc_row_inner][\/vc_accordion_tab][vc_accordion_tab gutter_size=&#8220;2&#8243; column_padding=&#8220;2&#8243; title=&#8220;Preisinfos&#8220; tab_id=&#8220;1669137485375-4-016696319241161669804781820&#8243;][vc_custom_heading heading_semantic=&#8220;h4&#8243; text_size=&#8220;h4&#8243; uncode_shortcode_id=&#8220;156770&#8243;]Preisinfos[\/vc_custom_heading][vc_column_text uncode_shortcode_id=&#8220;123493&#8243;]Die Preise werden t\u00e4glich aktualisiert und k\u00f6nnen sich \u00e4ndern. Bitte \u00fcberpr\u00fcft unser Buchungssystem.<\/p>\n<p>[\/vc_column_text][\/vc_accordion_tab][\/vc_accordion][\/vc_column][\/vc_row][vc_row][vc_column width=&#8220;1\/1&#8243;][uncode_block id=&#8220;5304&#8243;][\/vc_column][\/vc_row]<\/p>\n<\/div>","protected":false},"excerpt":{"rendered":"<p>[vc_row row_height_percent=&#8220;100&#8243; override_padding=&#8220;yes&#8220; h_padding=&#8220;2&#8243; top_padding=&#8220;0&#8243; bottom_padding=&#8220;0&#8243; back_image=&#8220;10434&#8243; overlay_color=&#8220;color-343736&#8243; overlay_alpha=&#8220;100&#8243; gutter_size=&#8220;3&#8243; column_width_percent=&#8220;100&#8243; shift_y=&#8220;0&#8243; z_index=&#8220;0&#8243; uncode_shortcode_id=&#8220;704819&#8243; overlay_color_type=&#8220;uncode-palette&#8220; row_height_pixel=&#8220;667px&#8220;][vc_column column_width_percent=&#8220;100&#8243; position_vertical=&#8220;bottom&#8220; align_horizontal=&#8220;align_center&#8220; gutter_size=&#8220;3&#8243; [&hellip;]<\/p>\n","protected":false},"author":1,"featured_media":10435,"parent":6495,"menu_order":0,"comment_status":"closed","ping_status":"closed","template":"","meta":{"footnotes":""},"class_list":["post-6609","page","type-page","status-publish","has-post-thumbnail","hentry","page_category-fehmarn-teaser-de"],"_links":{"self":[{"href":"https:\/\/primesurf.com\/de\/wp-json\/wp\/v2\/pages\/6609","targetHints":{"allow":["GET"]}}],"collection":[{"href":"https:\/\/primesurf.com\/de\/wp-json\/wp\/v2\/pages"}],"about":[{"href":"https:\/\/primesurf.com\/de\/wp-json\/wp\/v2\/types\/page"}],"author":[{"embeddable":true,"href":"https:\/\/primesurf.com\/de\/wp-json\/wp\/v2\/users\/1"}],"replies":[{"embeddable":true,"href":"https:\/\/primesurf.com\/de\/wp-json\/wp\/v2\/comments?post=6609"}],"version-history":[{"count":26,"href":"https:\/\/primesurf.com\/de\/wp-json\/wp\/v2\/pages\/6609\/revisions"}],"predecessor-version":[{"id":15993,"href":"https:\/\/primesurf.com\/de\/wp-json\/wp\/v2\/pages\/6609\/revisions\/15993"}],"up":[{"embeddable":true,"href":"https:\/\/primesurf.com\/de\/wp-json\/wp\/v2\/pages\/6495"}],"wp:featuredmedia":[{"embeddable":true,"href":"https:\/\/primesurf.com\/de\/wp-json\/wp\/v2\/media\/10435"}],"wp:attachment":[{"href":"https:\/\/primesurf.com\/de\/wp-json\/wp\/v2\/media?parent=6609"}],"curies":[{"name":"wp","href":"https:\/\/api.w.org\/{rel}","templated":true}]}}