{"id":6534,"date":"2022-11-30T09:56:22","date_gmt":"2022-11-30T09:56:22","guid":{"rendered":"https:\/\/primesurf-aws-preview.parasol.digital\/locations\/fehmarn\/kite-camps\/"},"modified":"2026-03-16T20:46:21","modified_gmt":"2026-03-16T20:46:21","slug":"kite-camps","status":"publish","type":"page","link":"https:\/\/primesurf.com\/de\/locations\/fehmarn\/kite-camps\/","title":{"rendered":"Kite- &amp; Wingfoilcamps"},"content":{"rendered":"<div class=\"wpb-content-wrapper\"><p>[vc_row row_height_percent=&#8220;100&#8243; override_padding=&#8220;yes&#8220; h_padding=&#8220;2&#8243; top_padding=&#8220;0&#8243; bottom_padding=&#8220;0&#8243; back_image=&#8220;10436&#8243; overlay_color=&#8220;color-343736&#8243; overlay_alpha=&#8220;100&#8243; gutter_size=&#8220;3&#8243; column_width_percent=&#8220;100&#8243; shift_y=&#8220;0&#8243; z_index=&#8220;0&#8243; uncode_shortcode_id=&#8220;114325&#8243; overlay_color_type=&#8220;uncode-palette&#8220; row_height_pixel=&#8220;667px&#8220;][vc_column column_width_percent=&#8220;100&#8243; position_vertical=&#8220;bottom&#8220; align_horizontal=&#8220;align_center&#8220; gutter_size=&#8220;3&#8243; overlay_alpha=&#8220;50&#8243; shift_x=&#8220;0&#8243; shift_y=&#8220;0&#8243; shift_y_down=&#8220;0&#8243; z_index=&#8220;0&#8243; medium_width=&#8220;0&#8243; mobile_width=&#8220;0&#8243; width=&#8220;1\/1&#8243; uncode_shortcode_id=&#8220;189613&#8243;][vc_row_inner row_inner_height_percent=&#8220;0&#8243; overlay_alpha=&#8220;50&#8243; gutter_size=&#8220;3&#8243; shift_y=&#8220;0&#8243; z_index=&#8220;0&#8243; limit_content=&#8220;&#8220; uncode_shortcode_id=&#8220;390700&#8243;][vc_column_inner column_width_percent=&#8220;100&#8243; position_vertical=&#8220;bottom&#8220; align_horizontal=&#8220;align_center&#8220; gutter_size=&#8220;3&#8243; overlay_alpha=&#8220;50&#8243; shift_x=&#8220;0&#8243; shift_y=&#8220;0&#8243; shift_y_down=&#8220;0&#8243; z_index=&#8220;0&#8243; medium_width=&#8220;0&#8243; align_mobile=&#8220;align_left_mobile&#8220; mobile_width=&#8220;0&#8243; width=&#8220;1\/1&#8243; uncode_shortcode_id=&#8220;200737&#8243;][vc_custom_heading heading_semantic=&#8220;h1&#8243; text_size=&#8220;fontsize-508984&#8243; text_weight=&#8220;800&#8243; uncode_shortcode_id=&#8220;418362&#8243;]Fehmarn[\/vc_custom_heading][\/vc_column_inner][\/vc_row_inner][vc_row_inner row_inner_height_percent=&#8220;0&#8243; overlay_alpha=&#8220;50&#8243; gutter_size=&#8220;3&#8243; shift_y=&#8220;0&#8243; z_index=&#8220;0&#8243; mobile_visibility=&#8220;yes&#8220; uncode_shortcode_id=&#8220;413276&#8243; limit_content=&#8220;&#8220;][vc_column_inner width=&#8220;1\/1&#8243;][vc_wp_custommenu nav_menu=&#8220;51&#8243; nav_menu_horizontal=&#8220;1&#8243; use_widget_style=&#8220;yes&#8220; widget_collapse=&#8220;yes&#8220; widget_style_no_arrows=&#8220;yes&#8220;][\/vc_column_inner][\/vc_row_inner][vc_row_inner row_inner_height_percent=&#8220;0&#8243; overlay_alpha=&#8220;50&#8243; gutter_size=&#8220;3&#8243; shift_y=&#8220;0&#8243; z_index=&#8220;0&#8243; desktop_visibility=&#8220;yes&#8220; medium_visibility=&#8220;yes&#8220; uncode_shortcode_id=&#8220;429810&#8243; limit_content=&#8220;&#8220;][vc_column_inner column_width_percent=&#8220;100&#8243; gutter_size=&#8220;3&#8243; overlay_alpha=&#8220;50&#8243; shift_x=&#8220;0&#8243; shift_y=&#8220;0&#8243; shift_y_down=&#8220;0&#8243; z_index=&#8220;0&#8243; medium_width=&#8220;0&#8243; mobile_width=&#8220;0&#8243; width=&#8220;1\/1&#8243; uncode_shortcode_id=&#8220;869668&#8243;][vc_wp_custommenu nav_menu=&#8220;51&#8243; nav_menu_horizontal=&#8220;1&#8243; use_widget_style=&#8220;yes&#8220; widget_collapse=&#8220;yes&#8220; widget_style_no_arrows=&#8220;yes&#8220; title=&#8220;Kite Camps&#8220;][\/vc_column_inner][\/vc_row_inner][vc_row_inner limit_content=&#8220;&#8220;][vc_column_inner column_width_percent=&#8220;100&#8243; position_vertical=&#8220;bottom&#8220; align_horizontal=&#8220;align_center&#8220; gutter_size=&#8220;3&#8243; overlay_alpha=&#8220;50&#8243; shift_x=&#8220;0&#8243; shift_y=&#8220;0&#8243; shift_y_down=&#8220;0&#8243; z_index=&#8220;0&#8243; medium_width=&#8220;0&#8243; mobile_width=&#8220;0&#8243; width=&#8220;1\/1&#8243; uncode_shortcode_id=&#8220;231739&#8243;][vc_icon position=&#8220;bottom&#8220; icon_image=&#8220;2748&#8243; media_size=&#8220;80&#8243; heading_semantic=&#8220;h4&#8243; uncode_shortcode_id=&#8220;100780&#8243; link=&#8220;url:%23info|&#8220;][\/vc_icon][\/vc_column_inner][\/vc_row_inner][\/vc_column][\/vc_row][vc_row][vc_column width=&#8220;1\/1&#8243;][vc_tabs history=&#8220;yes&#8220; tab_switch=&#8220;yes&#8220; uncode_shortcode_id=&#8220;380620&#8243;][vc_tab gutter_size=&#8220;2&#8243; column_padding=&#8220;2&#8243; title=&#8220;Kitecamps&#8220; tab_id=&#8220;1708423871-1-13&#8243; slug=&#8220;kitecamps&#8220;][vc_row_inner limit_content=&#8220;&#8220;][vc_column_inner column_width_percent=&#8220;100&#8243; gutter_size=&#8220;3&#8243; overlay_alpha=&#8220;50&#8243; shift_x=&#8220;0&#8243; shift_y=&#8220;0&#8243; shift_y_down=&#8220;0&#8243; z_index=&#8220;0&#8243; medium_width=&#8220;0&#8243; mobile_width=&#8220;0&#8243; width=&#8220;1\/2&#8243; uncode_shortcode_id=&#8220;916964&#8243; css=&#8220;.vc_custom_1708427701859{padding-top: 20px !important;}&#8220;][vc_custom_heading uncode_shortcode_id=&#8220;374762&#8243;]Kitecamps[\/vc_custom_heading][vc_column_text text_lead=&#8220;yes&#8220; uncode_shortcode_id=&#8220;448708&#8243;]<\/p>\n<p class=\"p1\">Unsere Camps bieten die perfekte Gelegenheit, deutliche Fortschritte beim Kitesurfen zu machen. An sechs aufeinanderfolgenden Tagen trainiert ihr t\u00e4glich 4\u20135 Stunden auf dem Wasser, zusammen mit anderen Kitern verschiedener K\u00f6nnensstufen. Unsere VDWS-lizenzierten Lehrer unterst\u00fctzen euch dabei die ganze Zeit auf dem Wasser.<\/p>\n<p class=\"p1\">Neben dem Kiten erkunden wir gemeinsam die Insel, besuchen Strandbars und nehmen an lokalen Events auf Fehmarn teil, um echtes Surfer-Feeling zu erleben. Wir machen Radtouren, kochen gemeinsam und lassen die Erlebnisse des Tages in entspannter Atmosph\u00e4re Revue passieren.<\/p>\n<p class=\"p1\">An windstillen Tagen besch\u00e4ftigen wir uns mit Themen wie Selbstrettungstechniken, Wartung der Ausr\u00fcstung und geben dir Tipps zur Anschaffung deiner ersten Ausr\u00fcstung oder f\u00fcr Upgrades deines Setups. Zus\u00e4tzlich bieten wir Videoanalysen an, um deinen Lernfortschritt weiter zu verbessern. Nat\u00fcrlich bleibt an diesen Tagen auch Zeit f\u00fcr entspannte Stunden am Strand oder optionale Aktivit\u00e4ten.<\/p>\n<p class=\"p1\">\u2713 Erg\u00e4nzende Yoga-Sessions zur Aktivierung am Morgen oder Entspannung am Abend \u2013 flexibel an die Kite-Sessions angepasst<\/p>\n<p>[\/vc_column_text][\/vc_column_inner][vc_column_inner column_width_percent=&#8220;100&#8243; gutter_size=&#8220;3&#8243; overlay_color=&#8220;color-xsdn&#8220; overlay_alpha=&#8220;10&#8243; radius=&#8220;xl&#8220; shift_x=&#8220;0&#8243; shift_y=&#8220;0&#8243; shift_y_down=&#8220;0&#8243; z_index=&#8220;0&#8243; medium_width=&#8220;0&#8243; mobile_width=&#8220;0&#8243; width=&#8220;1\/2&#8243; uncode_shortcode_id=&#8220;121632&#8243; overlay_color_type=&#8220;uncode-palette&#8220; css=&#8220;.vc_custom_1708425419827{padding-top: 20px !important;padding-right: 40px !important;padding-bottom: 40px !important;padding-left: 40px !important;}&#8220;][vc_custom_heading uncode_shortcode_id=&#8220;408934&#8243;]Details[\/vc_custom_heading][vc_column_text text_lead=&#8220;yes&#8220; uncode_shortcode_id=&#8220;152471&#8243;]\u2713 6 Tage intensiver Gruppenkurs, 4\u20135 Stunden Training pro Tag<br \/>\n\u2713 4 Teilnehmer pro Trainer<br \/>\n\u2713 Geeignet f\u00fcr alle Levels: Beginner, Aufsteiger und Fortgeschrittene \/ VDWS Level 0\u20137<br \/>\n\u2713 Professionelle Betreuung durch VDWS-lizenzierte Trainer<br \/>\n\u2713 Das neuste Equipment von Core Kiteboarding und Duotone<br \/>\n\u2713 Das neueste Equipment von Core Kiteboarding und Duotone<br \/>\n\u2713 Kostenlose Fahrrad- &amp; SUP-Nutzung<br \/>\n\u2713 Organisation von Nebenaktivit\u00e4ten: z. B. Fahrrad- und SUP-Touren (kostenlos), Wakepark (kostenpflichtig)<\/p>\n<p>Preis: 690 \u20ac[\/vc_column_text][vc_button border_animation=&#8220;btn-ripple-out&#8220; outline=&#8220;yes&#8220; border_width=&#8220;0&#8243; link=&#8220;url:https%3A%2F%2Fprimesurf.tideforce.app%2Fbook%3Flocation%3DFehmarn|title:Jetzt%20buchen|target:_blank|&#8220; uncode_shortcode_id=&#8220;144219&#8243;]Jetzt buchen[\/vc_button][\/vc_column_inner][\/vc_row_inner][\/vc_tab][vc_tab gutter_size=&#8220;2&#8243; column_padding=&#8220;2&#8243; title=&#8220;Kite- &amp; Yogacamps&#8220; tab_id=&#8220;1764677719495-2-3&#8243; slug=&#8220;kite-and-yoga-camp&#8220;][vc_row_inner limit_content=&#8220;&#8220;][vc_column_inner column_width_percent=&#8220;100&#8243; gutter_size=&#8220;3&#8243; overlay_alpha=&#8220;50&#8243; shift_x=&#8220;0&#8243; shift_y=&#8220;0&#8243; shift_y_down=&#8220;0&#8243; z_index=&#8220;0&#8243; medium_width=&#8220;0&#8243; mobile_width=&#8220;0&#8243; width=&#8220;1\/2&#8243; uncode_shortcode_id=&#8220;916964&#8243; css=&#8220;.vc_custom_1708427701859{padding-top: 20px !important;}&#8220;][vc_custom_heading uncode_shortcode_id=&#8220;158363&#8243;]Kite- &amp; Yogacamps[\/vc_custom_heading][vc_column_text text_lead=&#8220;yes&#8220; uncode_shortcode_id=&#8220;203597&#8243;]Unsere Camps bieten die perfekte Gelegenheit, deutliche Fortschritte beim Kitesurfen zu machen. An sechs aufeinanderfolgenden Tagen trainiert ihr t\u00e4glich 4\u20135 Stunden auf dem Wasser, zusammen mit anderen Kitern verschiedener K\u00f6nnensstufen. An sechs aufeinanderfolgenden Tagen trainiert ihr t\u00e4glich 4\u20135 Stunden auf dem Wasser, zusammen mit anderen Kitern verschiedener K\u00f6nnensstufen.<\/p>\n<p>Damit K\u00f6rper und Geist im Gleichgewicht bleiben, erg\u00e4nzt Alisa das Camp durch Yoga-Einheiten, die speziell auf die Bed\u00fcrfnisse von Wassersportlern abgestimmt sind. Dabei passen wir uns flexibel den Tagen an und schauen gemeinsam, wie sich die Yoga-Sessions am besten neben den Kite-Einheiten einf\u00fcgen \u2013 mal aktivierend am Morgen, mal entspannend am Abend. So unterst\u00fctzen euch die Einheiten genau da, wo ihr sie brauchst: zur Vorbereitung, Regeneration oder einfach, um den Kopf freizubekommen.<br \/>\nNeben dem Kiten und Yoga erkunden wir gemeinsam die Insel, besuchen Strandbars, und nehmen an Veranstaltungen auf Fehmarn teil, um den Surfer-Vibe zu genie\u00dfen. Wir machen Radtouren, kochen gemeinsam das Abendessen und lassen die Erlebnisse des Tages Revue passieren.<br \/>\nAn windstillen Tagen konzentrieren wir uns neben den Yoga-Einheiten und vielleicht dem ein oder anderen Nachmittag am Strand auf Themen wie Selbstrettungstechniken, Wartung der Ausr\u00fcstung und geben Ratschl\u00e4ge f\u00fcr die Anschaffung der ersten Ausr\u00fcstung oder f\u00fcr Upgrades. Zus\u00e4tzlich bieten wir Videoanalysen an, um deinen Lernfortschritt weiter zu verbessern.<br \/>\nVideoanalyse-Sitzungen werden ebenfalls angeboten, um eure Lernerfahrung zu verbessern.[\/vc_column_text][\/vc_column_inner][vc_column_inner column_width_percent=&#8220;100&#8243; gutter_size=&#8220;3&#8243; overlay_color=&#8220;color-xsdn&#8220; overlay_alpha=&#8220;10&#8243; radius=&#8220;xl&#8220; shift_x=&#8220;0&#8243; shift_y=&#8220;0&#8243; shift_y_down=&#8220;0&#8243; z_index=&#8220;0&#8243; medium_width=&#8220;0&#8243; mobile_width=&#8220;0&#8243; width=&#8220;1\/2&#8243; uncode_shortcode_id=&#8220;121632&#8243; overlay_color_type=&#8220;uncode-palette&#8220; css=&#8220;.vc_custom_1708425419827{padding-top: 20px !important;padding-right: 40px !important;padding-bottom: 40px !important;padding-left: 40px !important;}&#8220;][vc_custom_heading uncode_shortcode_id=&#8220;408934&#8243;]Details[\/vc_custom_heading][vc_column_text text_lead=&#8220;yes&#8220; uncode_shortcode_id=&#8220;105903&#8243;]Details<br \/>\n\u2713 6 Tage intensiver Gruppenkurs, 4-5 Std. Training am Tag<br \/>\n\u2713 4 Teilnehmer pro Trainer<br \/>\n\u2713 Geeignet f\u00fcr alle Level: Beginner, Aufsteiger und Fortgeschrittene \/ VDWS Level 0-7<br \/>\n\u2713 Professionelle Betreuung VDWS-lizensierter Trainer<br \/>\n\u2713 Das neuste Equipment von Core Kiteboarding und Duotone<br \/>\n\u2713 Interessante Theorieeinheiten. Von Sicherheitsregeln, Fahrtechniken bis hin zu Windkonditionen.<br \/>\n\u2713 Kostenlose Fahrrad &amp; SUP-Nutzung<br \/>\n\u2713 Organisation von Nebenaktivit\u00e4ten: Zum Beispiel Fahrrad- und SUP Touren (kostenlos), Wakepark (kostenpflichtig)<br \/>\n\u2713 Erg\u00e4nzende Yoga-Sessions zur Aktivierung am Morgen oder Entspannung am Abend \u2013 flexibel an die Kite-Sessions angepasst<\/p>\n<p>Price: 750 \u20ac[\/vc_column_text][vc_button border_animation=&#8220;btn-ripple-out&#8220; outline=&#8220;yes&#8220; border_width=&#8220;0&#8243; link=&#8220;url:https%3A%2F%2Fprimesurf.tideforce.app%2Fbook%3Flocation%3DFehmarn|title:Jetzt%20buchen|target:_blank|&#8220; uncode_shortcode_id=&#8220;195242&#8243;]Jetzt buchen[\/vc_button][\/vc_column_inner][\/vc_row_inner][\/vc_tab][vc_tab gutter_size=&#8220;2&#8243; column_padding=&#8220;2&#8243; title=&#8220;Wingfoilcamps&#8220; tab_id=&#8220;1708424354880-2-8&#8243; slug=&#8220;wingfoilcamps&#8220;][vc_row_inner limit_content=&#8220;&#8220;][vc_column_inner column_width_percent=&#8220;100&#8243; gutter_size=&#8220;3&#8243; overlay_alpha=&#8220;50&#8243; shift_x=&#8220;0&#8243; shift_y=&#8220;0&#8243; shift_y_down=&#8220;0&#8243; z_index=&#8220;0&#8243; medium_width=&#8220;0&#8243; mobile_width=&#8220;0&#8243; width=&#8220;1\/2&#8243; uncode_shortcode_id=&#8220;850917&#8243; css=&#8220;.vc_custom_1708427737088{padding-top: 20px !important;}&#8220;][vc_custom_heading uncode_shortcode_id=&#8220;991551&#8243;]Wingfoilcamp[\/vc_custom_heading][vc_column_text text_lead=&#8220;yes&#8220; uncode_shortcode_id=&#8220;204461&#8243;]Ihr habt Lust Wingfoilen zu lernen oder Eure F\u00e4higkeiten zu verbessern?<br \/>\nDann kommt in unser Wingfoilcamp f\u00fcr Einsteiger und Fortgeschrittene!<br \/>\nDank unseres Flachwasserspots auf Fehmarn k\u00f6nnen alle K\u00f6nnensstufen intensiv trainiert werden. Egal, ob Ihr Wingfoilen von Grund auf lernen m\u00f6chtet, mit Halsen k\u00e4mpft oder die ersten Spr\u00fcnge meistern m\u00f6chtet &#8211; unsere Wing-Trainer helfen Euch, das n\u00e4chste Level zu erreichen.<br \/>\nAnf\u00e4nger beginnen zun\u00e4chst auf SUP-Boards mit Wing, w\u00e4hrend erfahrene Wingfoiler nach kurzer Vorbereitung direkt auf die Wingfoil-Boards gehen. Aufbau, Abbau, Starten, Kurse fahren und erste Startversuche auf dem Foil stehen in der Camp-Woche auf dem Programm.<\/p>\n<p>Mit hochwertigem Equipment von Duotone ist unser Wingcamp der perfekte Zeitpunkt, um mit dem Wingfoilen zu beginnen oder seine F\u00e4higkeiten zu optimieren![\/vc_column_text][\/vc_column_inner][vc_column_inner column_width_percent=&#8220;100&#8243; gutter_size=&#8220;3&#8243; overlay_color=&#8220;color-xsdn&#8220; overlay_alpha=&#8220;10&#8243; radius=&#8220;xl&#8220; shift_x=&#8220;0&#8243; shift_y=&#8220;0&#8243; shift_y_down=&#8220;0&#8243; z_index=&#8220;0&#8243; medium_width=&#8220;0&#8243; mobile_width=&#8220;0&#8243; width=&#8220;1\/2&#8243; uncode_shortcode_id=&#8220;184569&#8243; overlay_color_type=&#8220;uncode-palette&#8220; css=&#8220;.vc_custom_1708427744569{padding-top: 20px !important;padding-right: 40px !important;padding-bottom: 40px !important;padding-left: 40px !important;}&#8220;][vc_custom_heading uncode_shortcode_id=&#8220;408934&#8243;]Details[\/vc_custom_heading][vc_column_text text_lead=&#8220;yes&#8220; uncode_shortcode_id=&#8220;286176&#8243;]\u2713 Intensiv-Gruppenkurs: 6 Tage Wing-Action mit 4-5 Stunden Training pro Tag<br \/>\n\u2713 Kleine Gruppen: Maximal 4 Sch\u00fcler pro Trainer f\u00fcr pers\u00f6nliches Coaching und schnellen Fortschritt<br \/>\n\u2713 F\u00fcr alle Levels: Passendes Training f\u00fcr Anf\u00e4nger und Fortgeschrittene (VDWS Level 0-7)<br \/>\n\u2713 Professionelles Coaching: VDWS-lizenzierte Trainer mit Erfahrung und Leidenschaft<br \/>\n\u2713 Neueste Ausr\u00fcstung: Top-Equipment von Core Kiteboarding und Duotone<br \/>\n\u2713 Interessantes Theoriewissen: Sicherheitsregeln, Selbstrettung, Fahrtechniken, Materialkunde<br \/>\n\u2713 Kostenfreie Nutzung: Fahrr\u00e4der und SUPs zur Erkundung der Umgebung oder zum Entspannen<br \/>\n\u2713 Nebenaktivit\u00e4ten an windfreien Tagen: Radtouren, Wakeboarden (gegen Aufpreis), Yoga vor Ort (gegen Aufpreis)<\/p>\n<p>Preis: 690\u20ac[\/vc_column_text][vc_button border_animation=&#8220;btn-ripple-out&#8220; outline=&#8220;yes&#8220; border_width=&#8220;0&#8243; link=&#8220;url:https%3A%2F%2Fprimesurf.tideforce.app%2Fbook%3Flocation%3Dfehmarn|title:Jetzt%20buchen|target:_blank|&#8220; uncode_shortcode_id=&#8220;175102&#8243;]Jetzt buchen[\/vc_button][\/vc_column_inner][\/vc_row_inner][\/vc_tab][\/vc_tabs][\/vc_column][\/vc_row][vc_row row_height_percent=&#8220;0&#8243; override_padding=&#8220;yes&#8220; h_padding=&#8220;0&#8243; top_padding=&#8220;2&#8243; bottom_padding=&#8220;2&#8243; overlay_alpha=&#8220;50&#8243; gutter_size=&#8220;3&#8243; column_width_percent=&#8220;100&#8243; shift_y=&#8220;0&#8243; z_index=&#8220;0&#8243; uncode_shortcode_id=&#8220;120246&#8243;][vc_column width=&#8220;1\/1&#8243;][\/vc_column][\/vc_row][vc_row row_height_percent=&#8220;0&#8243; override_padding=&#8220;yes&#8220; h_padding=&#8220;0&#8243; top_padding=&#8220;2&#8243; bottom_padding=&#8220;2&#8243; overlay_alpha=&#8220;50&#8243; gutter_size=&#8220;3&#8243; column_width_percent=&#8220;100&#8243; shift_y=&#8220;0&#8243; z_index=&#8220;0&#8243; uncode_shortcode_id=&#8220;120246&#8243;][vc_column width=&#8220;1\/1&#8243;][vc_column_text uncode_shortcode_id=&#8220;159339&#8243;]Bitte beachte, dass das Camp nur starten kann, wenn sich mindestens zwei Personen anmelden. Wir behalten uns vor, deine Buchung umzuwandeln: Um dir trotzdem coole Sessions und ein tolles Kiteerlebnis zu erm\u00f6glichen bekommst du von uns 10 Privatstunden mit anschlie\u00dfender Materialmiete f\u00fcr die verbleibenden Tage deiner Campbuchung. Das Primesurf Campgoodie erh\u00e4ltst du nat\u00fcrlich trotzdem.<br \/>\nWir halten dich selbstverst\u00e4ndlich \u00fcber eventuelle \u00c4nderungen auf dem Laufenden.[\/vc_column_text][\/vc_column][\/vc_row][vc_row row_height_percent=&#8220;0&#8243; override_padding=&#8220;yes&#8220; h_padding=&#8220;2&#8243; top_padding=&#8220;3&#8243; bottom_padding=&#8220;2&#8243; overlay_alpha=&#8220;50&#8243; gutter_size=&#8220;3&#8243; column_width_percent=&#8220;100&#8243; shift_y=&#8220;0&#8243; z_index=&#8220;0&#8243; top_divider=&#8220;flow-opacity&#8220; uncode_shortcode_id=&#8220;871496&#8243;][vc_column column_width_percent=&#8220;100&#8243; gutter_size=&#8220;3&#8243; overlay_alpha=&#8220;50&#8243; shift_x=&#8220;0&#8243; shift_y=&#8220;0&#8243; shift_y_down=&#8220;0&#8243; z_index=&#8220;0&#8243; medium_width=&#8220;0&#8243; mobile_visibility=&#8220;yes&#8220; mobile_width=&#8220;0&#8243; width=&#8220;1\/6&#8243; uncode_shortcode_id=&#8220;132098&#8243;][\/vc_column][vc_column width=&#8220;2\/3&#8243;][vc_gallery el_id=&#8220;gallery-478160&#8243; type=&#8220;carousel&#8220; random=&#8220;yes&#8220; medias=&#8220;10642&#8243; explode_albums=&#8220;yes&#8220; carousel_lg=&#8220;1&#8243; carousel_md=&#8220;1&#8243; carousel_sm=&#8220;1&#8243; thumb_size=&#8220;three-two&#8220; gutter_size=&#8220;3&#8243; media_items=&#8220;media|lightbox|original&#8220; carousel_interval=&#8220;3000&#8243; carousel_navspeed=&#8220;400&#8243; carousel_loop=&#8220;yes&#8220; carousel_dots=&#8220;yes&#8220; carousel_dots_mobile=&#8220;yes&#8220; stage_padding=&#8220;0&#8243; single_shape=&#8220;round&#8220; radius=&#8220;lg&#8220; single_overlay_opacity=&#8220;50&#8243; single_overlay_anim=&#8220;no&#8220; single_text_anim=&#8220;no&#8220; single_image_anim=&#8220;no&#8220; single_padding=&#8220;2&#8243; single_shadow=&#8220;yes&#8220; shadow_weight=&#8220;sm&#8220; single_border=&#8220;yes&#8220; uncode_shortcode_id=&#8220;261804&#8243;][\/vc_column][vc_column column_width_percent=&#8220;100&#8243; gutter_size=&#8220;3&#8243; overlay_alpha=&#8220;50&#8243; shift_x=&#8220;0&#8243; shift_y=&#8220;0&#8243; shift_y_down=&#8220;0&#8243; z_index=&#8220;0&#8243; medium_width=&#8220;0&#8243; mobile_visibility=&#8220;yes&#8220; mobile_width=&#8220;0&#8243; width=&#8220;1\/6&#8243; uncode_shortcode_id=&#8220;861691&#8243;][\/vc_column][\/vc_row][vc_row][vc_column width=&#8220;1\/1&#8243;][uncode_block id=&#8220;5304&#8243;][\/vc_column][\/vc_row]<\/p>\n<\/div>","protected":false},"excerpt":{"rendered":"<p>[vc_row row_height_percent=&#8220;100&#8243; override_padding=&#8220;yes&#8220; h_padding=&#8220;2&#8243; top_padding=&#8220;0&#8243; bottom_padding=&#8220;0&#8243; back_image=&#8220;10436&#8243; overlay_color=&#8220;color-343736&#8243; overlay_alpha=&#8220;100&#8243; gutter_size=&#8220;3&#8243; column_width_percent=&#8220;100&#8243; shift_y=&#8220;0&#8243; z_index=&#8220;0&#8243; uncode_shortcode_id=&#8220;114325&#8243; overlay_color_type=&#8220;uncode-palette&#8220; row_height_pixel=&#8220;667px&#8220;][vc_column column_width_percent=&#8220;100&#8243; position_vertical=&#8220;bottom&#8220; align_horizontal=&#8220;align_center&#8220; gutter_size=&#8220;3&#8243; [&hellip;]<\/p>\n","protected":false},"author":5,"featured_media":10437,"parent":6495,"menu_order":0,"comment_status":"closed","ping_status":"closed","template":"","meta":{"footnotes":""},"class_list":["post-6534","page","type-page","status-publish","has-post-thumbnail","hentry","page_category-fehmarn-teaser-de"],"_links":{"self":[{"href":"https:\/\/primesurf.com\/de\/wp-json\/wp\/v2\/pages\/6534","targetHints":{"allow":["GET"]}}],"collection":[{"href":"https:\/\/primesurf.com\/de\/wp-json\/wp\/v2\/pages"}],"about":[{"href":"https:\/\/primesurf.com\/de\/wp-json\/wp\/v2\/types\/page"}],"author":[{"embeddable":true,"href":"https:\/\/primesurf.com\/de\/wp-json\/wp\/v2\/users\/5"}],"replies":[{"embeddable":true,"href":"https:\/\/primesurf.com\/de\/wp-json\/wp\/v2\/comments?post=6534"}],"version-history":[{"count":169,"href":"https:\/\/primesurf.com\/de\/wp-json\/wp\/v2\/pages\/6534\/revisions"}],"predecessor-version":[{"id":15801,"href":"https:\/\/primesurf.com\/de\/wp-json\/wp\/v2\/pages\/6534\/revisions\/15801"}],"up":[{"embeddable":true,"href":"https:\/\/primesurf.com\/de\/wp-json\/wp\/v2\/pages\/6495"}],"wp:featuredmedia":[{"embeddable":true,"href":"https:\/\/primesurf.com\/de\/wp-json\/wp\/v2\/media\/10437"}],"wp:attachment":[{"href":"https:\/\/primesurf.com\/de\/wp-json\/wp\/v2\/media?parent=6534"}],"curies":[{"name":"wp","href":"https:\/\/api.w.org\/{rel}","templated":true}]}}