{"id":16005,"date":"2026-04-13T06:35:47","date_gmt":"2026-04-13T06:35:47","guid":{"rendered":"https:\/\/primesurf.com\/?page_id=16005"},"modified":"2026-04-13T07:05:47","modified_gmt":"2026-04-13T07:05:47","slug":"kids-kitesurf-camp-fehmarn","status":"publish","type":"page","link":"https:\/\/primesurf.com\/de\/locations\/fehmarn\/kids-kitesurf-camp-fehmarn\/","title":{"rendered":"Kids Kitesurf Camp Fehmarn"},"content":{"rendered":"<div class=\"wpb-content-wrapper\"><p>[vc_row row_height_percent=&#8220;100&#8243; override_padding=&#8220;yes&#8220; h_padding=&#8220;2&#8243; top_padding=&#8220;0&#8243; bottom_padding=&#8220;0&#8243; back_image=&#8220;10436&#8243; overlay_color=&#8220;color-343736&#8243; overlay_alpha=&#8220;100&#8243; gutter_size=&#8220;3&#8243; column_width_percent=&#8220;100&#8243; shift_y=&#8220;0&#8243; z_index=&#8220;0&#8243; uncode_shortcode_id=&#8220;114325&#8243; overlay_color_type=&#8220;uncode-palette&#8220; row_height_pixel=&#8220;667px&#8220;][vc_column column_width_percent=&#8220;100&#8243; position_vertical=&#8220;bottom&#8220; align_horizontal=&#8220;align_center&#8220; gutter_size=&#8220;3&#8243; overlay_alpha=&#8220;50&#8243; shift_x=&#8220;0&#8243; shift_y=&#8220;0&#8243; shift_y_down=&#8220;0&#8243; z_index=&#8220;0&#8243; medium_width=&#8220;0&#8243; mobile_width=&#8220;0&#8243; width=&#8220;1\/1&#8243; uncode_shortcode_id=&#8220;189613&#8243;][vc_row_inner row_inner_height_percent=&#8220;0&#8243; overlay_alpha=&#8220;50&#8243; gutter_size=&#8220;3&#8243; shift_y=&#8220;0&#8243; z_index=&#8220;0&#8243; limit_content=&#8220;&#8220; uncode_shortcode_id=&#8220;390700&#8243;][vc_column_inner column_width_percent=&#8220;100&#8243; position_vertical=&#8220;bottom&#8220; align_horizontal=&#8220;align_center&#8220; gutter_size=&#8220;3&#8243; overlay_alpha=&#8220;50&#8243; shift_x=&#8220;0&#8243; shift_y=&#8220;0&#8243; shift_y_down=&#8220;0&#8243; z_index=&#8220;0&#8243; medium_width=&#8220;0&#8243; align_mobile=&#8220;align_left_mobile&#8220; mobile_width=&#8220;0&#8243; width=&#8220;1\/1&#8243; uncode_shortcode_id=&#8220;200737&#8243;][vc_custom_heading heading_semantic=&#8220;h1&#8243; text_size=&#8220;fontsize-508984&#8243; text_weight=&#8220;800&#8243; uncode_shortcode_id=&#8220;168694&#8243;]Fehmarn[\/vc_custom_heading][\/vc_column_inner][\/vc_row_inner][vc_row_inner row_inner_height_percent=&#8220;0&#8243; overlay_alpha=&#8220;50&#8243; gutter_size=&#8220;3&#8243; shift_y=&#8220;0&#8243; z_index=&#8220;0&#8243; mobile_visibility=&#8220;yes&#8220; uncode_shortcode_id=&#8220;413276&#8243; limit_content=&#8220;&#8220;][vc_column_inner width=&#8220;1\/1&#8243;][vc_wp_custommenu nav_menu=&#8220;51&#8243; nav_menu_horizontal=&#8220;1&#8243; use_widget_style=&#8220;yes&#8220; widget_collapse=&#8220;yes&#8220; widget_style_no_arrows=&#8220;yes&#8220;][\/vc_column_inner][\/vc_row_inner][vc_row_inner row_inner_height_percent=&#8220;0&#8243; overlay_alpha=&#8220;50&#8243; gutter_size=&#8220;3&#8243; shift_y=&#8220;0&#8243; z_index=&#8220;0&#8243; desktop_visibility=&#8220;yes&#8220; medium_visibility=&#8220;yes&#8220; uncode_shortcode_id=&#8220;429810&#8243; limit_content=&#8220;&#8220;][vc_column_inner column_width_percent=&#8220;100&#8243; gutter_size=&#8220;3&#8243; overlay_alpha=&#8220;50&#8243; shift_x=&#8220;0&#8243; shift_y=&#8220;0&#8243; shift_y_down=&#8220;0&#8243; z_index=&#8220;0&#8243; medium_width=&#8220;0&#8243; mobile_width=&#8220;0&#8243; width=&#8220;1\/1&#8243; uncode_shortcode_id=&#8220;869668&#8243;][vc_wp_custommenu nav_menu=&#8220;51&#8243; nav_menu_horizontal=&#8220;1&#8243; use_widget_style=&#8220;yes&#8220; widget_collapse=&#8220;yes&#8220; widget_style_no_arrows=&#8220;yes&#8220; title=&#8220;Kite Camps&#8220;][\/vc_column_inner][\/vc_row_inner][vc_row_inner limit_content=&#8220;&#8220;][vc_column_inner column_width_percent=&#8220;100&#8243; position_vertical=&#8220;bottom&#8220; align_horizontal=&#8220;align_center&#8220; gutter_size=&#8220;3&#8243; overlay_alpha=&#8220;50&#8243; shift_x=&#8220;0&#8243; shift_y=&#8220;0&#8243; shift_y_down=&#8220;0&#8243; z_index=&#8220;0&#8243; medium_width=&#8220;0&#8243; mobile_width=&#8220;0&#8243; width=&#8220;1\/1&#8243; uncode_shortcode_id=&#8220;231739&#8243;][vc_icon position=&#8220;bottom&#8220; icon_image=&#8220;2748&#8243; media_size=&#8220;80&#8243; heading_semantic=&#8220;h4&#8243; uncode_shortcode_id=&#8220;100780&#8243; link=&#8220;url:%23info|&#8220;][\/vc_icon][\/vc_column_inner][\/vc_row_inner][\/vc_column][\/vc_row][vc_row][vc_column width=&#8220;1\/1&#8243;][vc_row_inner limit_content=&#8220;&#8220;][vc_column_inner column_width_percent=&#8220;100&#8243; gutter_size=&#8220;3&#8243; overlay_alpha=&#8220;50&#8243; shift_x=&#8220;0&#8243; shift_y=&#8220;0&#8243; shift_y_down=&#8220;0&#8243; z_index=&#8220;0&#8243; medium_width=&#8220;0&#8243; mobile_width=&#8220;0&#8243; width=&#8220;1\/2&#8243; uncode_shortcode_id=&#8220;916964&#8243; css=&#8220;.vc_custom_1708427701859{padding-top: 20px !important;}&#8220;][vc_custom_heading heading_semantic=&#8220;h1&#8243; uncode_shortcode_id=&#8220;204084&#8243;]Kids Kitesurf Camp Fehmarn[\/vc_custom_heading][vc_column_text text_lead=&#8220;yes&#8220; uncode_shortcode_id=&#8220;209411&#8243;]<\/p>\n<p class=\"p1\"><b>Sommer, Sonne, Kitesurfen: Dein Kids Camp auf Fehmarn!<\/b><b><\/b><\/p>\n<p class=\"p3\">Du hast Lust auf eine Woche voller Wind, Wasser und guter Laune?<\/p>\n<p class=\"p3\">Dann komm zu uns!<\/p>\n<p class=\"p3\">Gemeinsam mit der \u201eGKA\u201c Global Kitesports Association veranstalten wir diesen Sommer unser Kids Kite-Camp bei uns auf Fehmarn.<\/p>\n<p class=\"p3\">Egal, ob du das Kiten erst lernen willst oder schon sicher auf dem Board stehst und an deinen Tricks feilen m\u00f6chtest, wir begleiten dich bei jedem Schritt.<\/p>\n<p>[\/vc_column_text][\/vc_column_inner][vc_column_inner column_width_percent=&#8220;100&#8243; gutter_size=&#8220;3&#8243; overlay_color=&#8220;color-xsdn&#8220; overlay_alpha=&#8220;10&#8243; radius=&#8220;xl&#8220; shift_x=&#8220;0&#8243; shift_y=&#8220;0&#8243; shift_y_down=&#8220;0&#8243; z_index=&#8220;0&#8243; medium_width=&#8220;0&#8243; mobile_width=&#8220;0&#8243; width=&#8220;1\/2&#8243; uncode_shortcode_id=&#8220;121632&#8243; overlay_color_type=&#8220;uncode-palette&#8220; css=&#8220;.vc_custom_1708425419827{padding-top: 20px !important;padding-right: 40px !important;padding-bottom: 40px !important;padding-left: 40px !important;}&#8220;][vc_custom_heading uncode_shortcode_id=&#8220;408934&#8243;]Details[\/vc_custom_heading][vc_column_text text_lead=&#8220;yes&#8220; uncode_shortcode_id=&#8220;611397&#8243;]<strong>Das ist alles mit dabei:<\/strong><\/p>\n<p><strong>1 Woche Kite-Life:<\/strong><br \/>\nWir gehen aufs Wasser, wann immer es geht, und bringen dich in deiner &#8222;Kite-Karriere&#8220; ein ordentliches St\u00fcck weiter.<\/p>\n<p><strong>Vollpension:<\/strong><br \/>\nDu wohnst bei uns und kriegst das volle Paket \u2013 Fr\u00fchst\u00fcck, Mittag- und Abendessen sowie alle Getr\u00e4nke sind inklusive.<\/p>\n<p><strong>Kein Wind? Trotzdem Spa\u00df: Falls der Wind mal Pause macht, haben wir genug andere coole Sachen am Start, damit garantiert keine Langeweile aufkommt.<\/strong><br \/>\nIf the wind takes a break, we\u2019ve got plenty of other cool activities lined up so you\u2019ll never get bored.<\/p>\n<p><strong>Kurz und knapp: <\/strong><\/p>\n<p>Wo: Primesurf Fehmarn<br \/>\nWann: In den Sommerferien<br \/>\nWann: In den Sommerferien<\/p>\n<p>Preis: 880 \u20ac (All-inclusive) \ud83c\udf0a\u2728[\/vc_column_text][vc_button border_animation=&#8220;btn-ripple-out&#8220; outline=&#8220;yes&#8220; border_width=&#8220;0&#8243; link=&#8220;url:https%3A%2F%2Fprimesurf.tideforce.app%2Fs%2Fevent%2FFehmarn%2FBDqNF9eppKVGIQxEs92Z|title:Jetzt%20buchen|target:_blank|&#8220; uncode_shortcode_id=&#8220;697440&#8243;]Jetzt buchen[\/vc_button][\/vc_column_inner][\/vc_row_inner][\/vc_column][\/vc_row][vc_row row_height_percent=&#8220;0&#8243; override_padding=&#8220;yes&#8220; h_padding=&#8220;0&#8243; top_padding=&#8220;2&#8243; bottom_padding=&#8220;2&#8243; overlay_alpha=&#8220;50&#8243; gutter_size=&#8220;3&#8243; column_width_percent=&#8220;100&#8243; shift_y=&#8220;0&#8243; z_index=&#8220;0&#8243; uncode_shortcode_id=&#8220;120246&#8243;][vc_column width=&#8220;1\/1&#8243;][vc_raw_html]JTVCYm9ybGFicy1jb29raWUlMjBpZCUzRCUyMnRpZGVmb3JjZSUyMiUyMHR5cGUlM0QlMjJjb250ZW50LWJsb2NrZXIlMjIlNUQlMEElM0NpZnJhbWUlMEElMjAlMjBzcmMlM0QlMjJodHRwcyUzQSUyRiUyRnByaW1lc3VyZi50aWRlZm9yY2UuYXBwJTJGd2lkZ2V0cyUyRnNjaGVkdWxlJTNGbG9jYXRpb24lM0RGZWhtYXJuJTI2ZXZlbnQlM0RCRHFORjllcHBLVkdJUXhFczkyWiUyNmxhbmd1YWdlJTNEZW4lMjIlMEElMjAlMjB3aWR0aCUzRCUyMjEwMCUyNSUyMiUwQSUyMCUyMGhlaWdodCUzRCUyMjUwMCUyMiUwQSUyMCUyMGZyYW1lYm9yZGVyJTNEJTIyMCUyMiUwQSUyMCUyMHN0eWxlJTNEJTIyYm9yZGVyJTNBJTIwbm9uZSUzQiUyMGJvcmRlci1yYWRpdXMlM0ElMjAxNnB4JTNCJTIyJTBBJTIwJTIwYWxsb3clM0QlMjJjbGlwYm9hcmQtd3JpdGUlMjIlMEElMjAlMjB0aXRsZSUzRCUyMkdLQSUyMEtpZHMlMjBLaXRlc3VyZiUyMENhbXAlMjBGZWhtYXJuJTIwLSUyMFNjaGVkdWxlJTIyJTNFJTBBJTNDJTJGaWZyYW1lJTNFJTBBJTVCJTJGYm9ybGFicy1jb29raWUlNUQlMEElMEElMEE=[\/vc_raw_html][\/vc_column][\/vc_row][vc_row row_height_percent=&#8220;0&#8243; override_padding=&#8220;yes&#8220; h_padding=&#8220;2&#8243; top_padding=&#8220;3&#8243; bottom_padding=&#8220;2&#8243; overlay_alpha=&#8220;50&#8243; gutter_size=&#8220;3&#8243; column_width_percent=&#8220;100&#8243; shift_y=&#8220;0&#8243; z_index=&#8220;0&#8243; top_divider=&#8220;flow-opacity&#8220; uncode_shortcode_id=&#8220;871496&#8243;][vc_column column_width_percent=&#8220;100&#8243; gutter_size=&#8220;3&#8243; overlay_alpha=&#8220;50&#8243; shift_x=&#8220;0&#8243; shift_y=&#8220;0&#8243; shift_y_down=&#8220;0&#8243; z_index=&#8220;0&#8243; medium_width=&#8220;0&#8243; mobile_visibility=&#8220;yes&#8220; mobile_width=&#8220;0&#8243; width=&#8220;1\/6&#8243; uncode_shortcode_id=&#8220;132098&#8243;][\/vc_column][vc_column width=&#8220;2\/3&#8243;][vc_gallery el_id=&#8220;gallery-478160&#8243; type=&#8220;carousel&#8220; random=&#8220;yes&#8220; medias=&#8220;16009,16011,16013,16015,16017,16019,16021,16023,16025,16027,16029,16031,16033&#8243; explode_albums=&#8220;yes&#8220; carousel_lg=&#8220;1&#8243; carousel_md=&#8220;1&#8243; carousel_sm=&#8220;1&#8243; thumb_size=&#8220;three-two&#8220; gutter_size=&#8220;3&#8243; media_items=&#8220;media|lightbox|original&#8220; carousel_interval=&#8220;3000&#8243; carousel_navspeed=&#8220;400&#8243; carousel_loop=&#8220;yes&#8220; carousel_dots=&#8220;yes&#8220; carousel_dots_mobile=&#8220;yes&#8220; stage_padding=&#8220;0&#8243; single_shape=&#8220;round&#8220; radius=&#8220;lg&#8220; single_overlay_opacity=&#8220;50&#8243; single_overlay_anim=&#8220;no&#8220; single_text_anim=&#8220;no&#8220; single_image_anim=&#8220;no&#8220; single_padding=&#8220;2&#8243; single_shadow=&#8220;yes&#8220; shadow_weight=&#8220;sm&#8220; single_border=&#8220;yes&#8220; uncode_shortcode_id=&#8220;937207&#8243;][\/vc_column][vc_column column_width_percent=&#8220;100&#8243; gutter_size=&#8220;3&#8243; overlay_alpha=&#8220;50&#8243; shift_x=&#8220;0&#8243; shift_y=&#8220;0&#8243; shift_y_down=&#8220;0&#8243; z_index=&#8220;0&#8243; medium_width=&#8220;0&#8243; mobile_visibility=&#8220;yes&#8220; mobile_width=&#8220;0&#8243; width=&#8220;1\/6&#8243; uncode_shortcode_id=&#8220;861691&#8243;][\/vc_column][\/vc_row][vc_row][vc_column width=&#8220;1\/1&#8243;][uncode_block id=&#8220;5304&#8243;][\/vc_column][\/vc_row]<\/p>\n<\/div>","protected":false},"excerpt":{"rendered":"<p>[vc_row row_height_percent=&#8220;100&#8243; override_padding=&#8220;yes&#8220; h_padding=&#8220;2&#8243; top_padding=&#8220;0&#8243; bottom_padding=&#8220;0&#8243; back_image=&#8220;10436&#8243; overlay_color=&#8220;color-343736&#8243; overlay_alpha=&#8220;100&#8243; gutter_size=&#8220;3&#8243; column_width_percent=&#8220;100&#8243; shift_y=&#8220;0&#8243; z_index=&#8220;0&#8243; uncode_shortcode_id=&#8220;114325&#8243; overlay_color_type=&#8220;uncode-palette&#8220; row_height_pixel=&#8220;667px&#8220;][vc_column column_width_percent=&#8220;100&#8243; position_vertical=&#8220;bottom&#8220; align_horizontal=&#8220;align_center&#8220; gutter_size=&#8220;3&#8243; [&hellip;]<\/p>\n","protected":false},"author":5,"featured_media":16009,"parent":6495,"menu_order":0,"comment_status":"closed","ping_status":"closed","template":"","meta":{"footnotes":""},"class_list":["post-16005","page","type-page","status-publish","has-post-thumbnail","hentry","page_category-fehmarn-teaser-de"],"_links":{"self":[{"href":"https:\/\/primesurf.com\/de\/wp-json\/wp\/v2\/pages\/16005","targetHints":{"allow":["GET"]}}],"collection":[{"href":"https:\/\/primesurf.com\/de\/wp-json\/wp\/v2\/pages"}],"about":[{"href":"https:\/\/primesurf.com\/de\/wp-json\/wp\/v2\/types\/page"}],"author":[{"embeddable":true,"href":"https:\/\/primesurf.com\/de\/wp-json\/wp\/v2\/users\/5"}],"replies":[{"embeddable":true,"href":"https:\/\/primesurf.com\/de\/wp-json\/wp\/v2\/comments?post=16005"}],"version-history":[{"count":11,"href":"https:\/\/primesurf.com\/de\/wp-json\/wp\/v2\/pages\/16005\/revisions"}],"predecessor-version":[{"id":16049,"href":"https:\/\/primesurf.com\/de\/wp-json\/wp\/v2\/pages\/16005\/revisions\/16049"}],"up":[{"embeddable":true,"href":"https:\/\/primesurf.com\/de\/wp-json\/wp\/v2\/pages\/6495"}],"wp:featuredmedia":[{"embeddable":true,"href":"https:\/\/primesurf.com\/de\/wp-json\/wp\/v2\/media\/16009"}],"wp:attachment":[{"href":"https:\/\/primesurf.com\/de\/wp-json\/wp\/v2\/media?parent=16005"}],"curies":[{"name":"wp","href":"https:\/\/api.w.org\/{rel}","templated":true}]}}