{"id":15571,"date":"2026-02-16T21:04:20","date_gmt":"2026-02-16T21:04:20","guid":{"rendered":"https:\/\/primesurf.com\/surf-soul-retreats\/surf-soul-retreat-fehmarn\/"},"modified":"2026-03-29T12:33:34","modified_gmt":"2026-03-29T12:33:34","slug":"surf-soul-retreat-fehmarn","status":"publish","type":"page","link":"https:\/\/primesurf.com\/de\/surf-soul-retreats\/surf-soul-retreat-fehmarn\/","title":{"rendered":"Surf &amp; Soul Retreat Fehmarn"},"content":{"rendered":"<div class=\"wpb-content-wrapper\"><p>[vc_row row_height_percent=&#8220;100&#8243; override_padding=&#8220;yes&#8220; h_padding=&#8220;2&#8243; top_padding=&#8220;0&#8243; bottom_padding=&#8220;0&#8243; back_image=&#8220;11125&#8243; overlay_color=&#8220;color-148729&#8243; overlay_alpha=&#8220;100&#8243; gutter_size=&#8220;3&#8243; column_width_percent=&#8220;100&#8243; shift_y=&#8220;0&#8243; z_index=&#8220;0&#8243; content_parallax=&#8220;0&#8243; uncode_shortcode_id=&#8220;195313&#8243; overlay_color_type=&#8220;uncode-palette&#8220; row_height_pixel=&#8220;667px&#8220;][vc_column column_width_percent=&#8220;100&#8243; position_vertical=&#8220;bottom&#8220; align_horizontal=&#8220;align_center&#8220; gutter_size=&#8220;3&#8243; overlay_alpha=&#8220;50&#8243; shift_x=&#8220;0&#8243; shift_y=&#8220;0&#8243; shift_y_down=&#8220;0&#8243; z_index=&#8220;0&#8243; medium_width=&#8220;0&#8243; mobile_width=&#8220;0&#8243; width=&#8220;1\/1&#8243; uncode_shortcode_id=&#8220;189613&#8243;][vc_row_inner row_inner_height_percent=&#8220;0&#8243; overlay_alpha=&#8220;50&#8243; gutter_size=&#8220;3&#8243; shift_y=&#8220;0&#8243; z_index=&#8220;0&#8243; limit_content=&#8220;&#8220; uncode_shortcode_id=&#8220;390700&#8243;][vc_column_inner column_width_percent=&#8220;100&#8243; position_vertical=&#8220;bottom&#8220; align_horizontal=&#8220;align_center&#8220; gutter_size=&#8220;3&#8243; overlay_alpha=&#8220;50&#8243; shift_x=&#8220;0&#8243; shift_y=&#8220;0&#8243; shift_y_down=&#8220;0&#8243; z_index=&#8220;0&#8243; medium_width=&#8220;0&#8243; align_mobile=&#8220;align_left_mobile&#8220; mobile_width=&#8220;0&#8243; width=&#8220;1\/1&#8243; uncode_shortcode_id=&#8220;200737&#8243;][vc_custom_heading heading_semantic=&#8220;h1&#8243; text_size=&#8220;bigtext&#8220; text_weight=&#8220;800&#8243; badge_style=&#8220;yes&#8220; sub_lead=&#8220;yes&#8220; uncode_shortcode_id=&#8220;104264&#8243;]Surf &amp; Soul Retreat[\/vc_custom_heading][\/vc_column_inner][\/vc_row_inner][vc_row_inner row_inner_height_percent=&#8220;0&#8243; overlay_alpha=&#8220;50&#8243; gutter_size=&#8220;3&#8243; shift_y=&#8220;0&#8243; z_index=&#8220;0&#8243; mobile_visibility=&#8220;yes&#8220; uncode_shortcode_id=&#8220;413276&#8243; limit_content=&#8220;&#8220;][vc_column_inner width=&#8220;1\/1&#8243;][vc_wp_custommenu nav_menu=&#8220;171&#8243; nav_menu_horizontal=&#8220;1&#8243; use_widget_style=&#8220;yes&#8220; widget_collapse=&#8220;yes&#8220; widget_style_no_arrows=&#8220;yes&#8220;][\/vc_column_inner][\/vc_row_inner][vc_row_inner row_inner_height_percent=&#8220;0&#8243; overlay_alpha=&#8220;50&#8243; gutter_size=&#8220;3&#8243; shift_y=&#8220;0&#8243; z_index=&#8220;0&#8243; desktop_visibility=&#8220;yes&#8220; medium_visibility=&#8220;yes&#8220; uncode_shortcode_id=&#8220;429810&#8243; limit_content=&#8220;&#8220;][vc_column_inner column_width_percent=&#8220;100&#8243; gutter_size=&#8220;3&#8243; overlay_alpha=&#8220;50&#8243; shift_x=&#8220;0&#8243; shift_y=&#8220;0&#8243; shift_y_down=&#8220;0&#8243; z_index=&#8220;0&#8243; medium_width=&#8220;0&#8243; mobile_width=&#8220;0&#8243; width=&#8220;1\/1&#8243; uncode_shortcode_id=&#8220;869668&#8243;][vc_wp_custommenu nav_menu=&#8220;171&#8243; nav_menu_horizontal=&#8220;1&#8243; use_widget_style=&#8220;yes&#8220; widget_collapse=&#8220;yes&#8220; widget_style_no_arrows=&#8220;yes&#8220; title=&#8220;Kite Camps&#8220;][\/vc_column_inner][\/vc_row_inner][vc_row_inner limit_content=&#8220;&#8220;][vc_column_inner column_width_percent=&#8220;100&#8243; position_vertical=&#8220;bottom&#8220; align_horizontal=&#8220;align_center&#8220; gutter_size=&#8220;3&#8243; overlay_alpha=&#8220;50&#8243; shift_x=&#8220;0&#8243; shift_y=&#8220;0&#8243; shift_y_down=&#8220;0&#8243; z_index=&#8220;0&#8243; medium_width=&#8220;0&#8243; mobile_width=&#8220;0&#8243; width=&#8220;1\/1&#8243; uncode_shortcode_id=&#8220;231739&#8243;][vc_icon position=&#8220;bottom&#8220; icon_image=&#8220;2748&#8243; media_size=&#8220;80&#8243; heading_semantic=&#8220;h4&#8243; uncode_shortcode_id=&#8220;100780&#8243; link=&#8220;url:%23info|&#8220;][\/vc_icon][vc_custom_heading heading_semantic=&#8220;h3&#8243; text_size=&#8220;h3&#8243; uncode_shortcode_id=&#8220;163943&#8243;]05.09. &#8211; 12.09.2026[\/vc_custom_heading][\/vc_column_inner][\/vc_row_inner][\/vc_column][\/vc_row][vc_row][vc_column width=&#8220;1\/1&#8243;][vc_row_inner limit_content=&#8220;&#8220;][vc_column_inner column_width_percent=&#8220;100&#8243; gutter_size=&#8220;3&#8243; overlay_alpha=&#8220;50&#8243; shift_x=&#8220;0&#8243; shift_y=&#8220;0&#8243; shift_y_down=&#8220;0&#8243; z_index=&#8220;0&#8243; medium_width=&#8220;0&#8243; mobile_width=&#8220;0&#8243; width=&#8220;1\/2&#8243; uncode_shortcode_id=&#8220;916964&#8243; css=&#8220;.vc_custom_1708427701859{padding-top: 20px !important;}&#8220;][vc_custom_heading uncode_shortcode_id=&#8220;699034&#8243;]Warum Fehmarn[\/vc_custom_heading][vc_column_text text_lead=&#8220;yes&#8220; uncode_shortcode_id=&#8220;592623&#8243;]Unser Retreat findet auf Fehmarn statt, Deutschlands sonnenreichster Insel in der Ostsee und einer der etabliertesten Kitesurfspots des Landes. Ein Ort, gepraegt von weitem Horizont, verlaesslichen Windbedingungen und einer natuerlichen Ruhe.<br \/>\nFehmarn bietet fuer jede Windrichtung den passenden Spot. Von flachen, einsteigerfreundlichen Bereichen bis hin zu Ostseespots mit leichten Wellen f\u00fcr fortgeschrittene Kitesurfer von ruhigen Flachwasser Sessions bis zu verspielten K\u00fcstenabschnitten.<br \/>\nWas Fehmarn besonders macht, ist seine Einfachheit. Weite Felder, Deiche und die offene Ostsee schaffen Raum, um langsamer zu werden und durchzuatmen. Hier werden Kitesurfen und Yoga mehr als nur Aktivitaeten, sie werden zu Werkzeugen, um wieder bei sich selbst<br \/>anzukommen.[\/vc_column_text][\/vc_column_inner][vc_column_inner column_width_percent=&#8220;100&#8243; gutter_size=&#8220;3&#8243; overlay_alpha=&#8220;10&#8243; radius=&#8220;xl&#8220; shift_x=&#8220;0&#8243; shift_y=&#8220;0&#8243; shift_y_down=&#8220;0&#8243; z_index=&#8220;0&#8243; medium_width=&#8220;0&#8243; mobile_width=&#8220;0&#8243; width=&#8220;1\/2&#8243; uncode_shortcode_id=&#8220;158235&#8243; css=&#8220;.vc_custom_1769514198787{padding-top: 20px !important;padding-right: 40px !important;padding-bottom: 40px !important;padding-left: 40px !important;}&#8220;][vc_custom_heading uncode_shortcode_id=&#8220;194568&#8243;]What\u2019s Included[\/vc_custom_heading][vc_column_text text_lead=&#8220;yes&#8220; uncode_shortcode_id=&#8220;103288&#8243;]\u2714 Soul &amp; Surf Program<br \/>\n\u2714 7 Uebernachtungen im Haus im geteilten Doppelzimmer<br \/>\n\u2714 Fruehstueck (bunte Vielfalt, gemeinsam organisiert)<br \/>\n\u2714 Bettw\u00e4sche &amp; Handt\u00fccher inklusive<\/p>\n<p>Nicht inklusive:<br \/>\nMaterialverleih vor Ort buchbar \u2192 Perfekt, wenn du mit leichtem Gep\u00e4ck reisen m\u00f6chtest<\/p>\n<p>Kitesurf course: Book your extra Kite course or private hours on site.[\/vc_column_text][\/vc_column_inner][\/vc_row_inner][\/vc_column][\/vc_row][vc_row][vc_column width=&#8220;1\/1&#8243;][vc_gallery el_id=&#8220;gallery-164431&#8243; type=&#8220;carousel&#8220; random=&#8220;yes&#8220; medias=&#8220;14735,14737,10183,15603,15601,15599,15581,15583,15585,15587,15589,15591,15577,15579,15605&#8243; carousel_lg=&#8220;3&#8243; carousel_md=&#8220;3&#8243; carousel_sm=&#8220;1&#8243; thumb_size=&#8220;four-three&#8220; gutter_size=&#8220;3&#8243; carousel_interval=&#8220;3000&#8243; carousel_navspeed=&#8220;400&#8243; carousel_loop=&#8220;yes&#8220; carousel_overflow=&#8220;yes&#8220; stage_padding=&#8220;0&#8243; single_overlay_opacity=&#8220;50&#8243; single_padding=&#8220;2&#8243; single_border=&#8220;yes&#8220; uncode_shortcode_id=&#8220;305892&#8243;][\/vc_column][\/vc_row][vc_row][vc_column width=&#8220;1\/1&#8243;][vc_row_inner row_inner_height_percent=&#8220;0&#8243; overlay_alpha=&#8220;10&#8243; equal_height=&#8220;yes&#8220; gutter_size=&#8220;4&#8243; shift_y=&#8220;0&#8243; z_index=&#8220;0&#8243; limit_content=&#8220;&#8220; uncode_shortcode_id=&#8220;122210&#8243;][vc_column_inner column_width_percent=&#8220;100&#8243; gutter_size=&#8220;3&#8243; overlay_alpha=&#8220;50&#8243; shift_x=&#8220;0&#8243; shift_y=&#8220;0&#8243; shift_y_down=&#8220;0&#8243; z_index=&#8220;0&#8243; medium_width=&#8220;0&#8243; mobile_width=&#8220;0&#8243; width=&#8220;1\/2&#8243; uncode_shortcode_id=&#8220;916964&#8243; css=&#8220;.vc_custom_1708427701859{padding-top: 20px !important;}&#8220;][vc_custom_heading heading_semantic=&#8220;h3&#8243; text_size=&#8220;h3&#8243; uncode_shortcode_id=&#8220;175511&#8243;]Unterkunft[\/vc_custom_heading][vc_column_text text_lead=&#8220;yes&#8220; uncode_shortcode_id=&#8220;126897&#8243;]Unser Haus liegt im Nordwesten der Insel im kleinen Dorf D\u00e4nschendorf.<br \/>\nAuf zwei Etagen verteilt bietet es:<br \/>\n\u2714 6 Schlafzimmer mit Doppelbetten<br \/>\n\u2714 4 Badezimmer, zwei davon mit Sauna<br \/>\n\u2714 Garten &amp; gro\u00dfe Terrasse hinter dem Haus<br \/>\n\u2714 K\u00fcche mit Essbereich<br \/>\n\u2714 Wohnzimmer mit Kamin<br \/>\nMit dem Auto erreichst du je nach Spot in etwa 5\u201320 Minuten verschiedene Kitesurfspots.<br \/>\nDer perfekte Sonnenuntergang am Wasser ist nur 10 Autominuten entfernt.<\/p>\n<p>Mit dem Auto erreicht ihr den Kitesurfspot in etwa 15 Minuten.<br \/>\nDer perfekte Sonnenuntergang am Wasser ist nur 20 Gehminuten entfernt.[\/vc_column_text][\/vc_column_inner][vc_column_inner column_width_percent=&#8220;100&#8243; gutter_size=&#8220;3&#8243; overlay_color=&#8220;color-xsdn&#8220; overlay_alpha=&#8220;10&#8243; radius=&#8220;xl&#8220; shift_x=&#8220;0&#8243; shift_y=&#8220;0&#8243; shift_y_down=&#8220;0&#8243; z_index=&#8220;0&#8243; medium_width=&#8220;0&#8243; mobile_width=&#8220;0&#8243; width=&#8220;1\/2&#8243; uncode_shortcode_id=&#8220;658762&#8243; overlay_color_type=&#8220;uncode-palette&#8220; css=&#8220;.vc_custom_1769515030584{padding-top: 40px !important;padding-right: 20px !important;padding-bottom: 20px !important;padding-left: 20px !important;}&#8220;][vc_custom_heading heading_semantic=&#8220;h3&#8243; text_size=&#8220;h3&#8243; uncode_shortcode_id=&#8220;127692&#8243;]Programm[\/vc_custom_heading][vc_column_text text_lead=&#8220;yes&#8220; uncode_shortcode_id=&#8220;113641&#8243;]\u2714 Yoga: mindestens einmal taeglich (aktivierender Morning Flow zum Start in den Tag oder<br \/>entspannender Yin Yoga Flow zum Runterfahren) \u2192 Franzi begleitet dich durch t\u00e4gliche Yoga Einheiten, abgestimmt auf deine k\u00f6rperlichen Bed\u00fcrfnisse, und unterst\u00fctzt dich dabei, deinen K\u00f6rper passend zu den Kitesurfsessions zu aktivieren oder zu entspannen<br \/>\n\u2714 Kitesurfen: 4\u20135 Sessions (je nach Wind, wir holen das Beste aus jeder<br \/>\nBedingung heraus)<br \/>\n\u2192 Kitesurf Einsteiger starten mit einem regul\u00e4ren Kurs an unserer Schule und lernen sicher die Basics und in Ruhe<br \/>\n\u2192 Coaching: Nik begleitet euch durch die Sessions mit Fokus auf Mindset, Technik &amp; Philosophie des Kitesurfens<br \/>\n\u2714 Workshops f\u00fcr alle (3 Themenbloecke):<br \/>\n\u2013 Wetter, Forecast &amp; Materialkunde<br \/>\n\u2013 Mindset &amp; Yoga mit Tools fuer Fokus &amp; Leichtigkeit<br \/>\n\u2013 Ganzheitliche Gesundheit: Ernaehrung, Routinen &amp; Balance<br \/>\nExtras:<br \/>\n\u2714 Insel Ausfl\u00fcge, je nach Tagesverlauf und Wunsch der Gruppe<br \/>\n\u2714 Bewegungs- oder Fitnesseinheiten zur F\u00f6rderung Ihres Wohlbefindens und zur Verbesserung Ihrer Kitesurfskills[\/vc_column_text][\/vc_column_inner][\/vc_row_inner][vc_row_inner row_inner_height_percent=&#8220;0&#8243; overlay_alpha=&#8220;10&#8243; equal_height=&#8220;yes&#8220; gutter_size=&#8220;4&#8243; shift_y=&#8220;0&#8243; z_index=&#8220;0&#8243; limit_content=&#8220;&#8220; uncode_shortcode_id=&#8220;122210&#8243;][vc_column_inner column_width_percent=&#8220;100&#8243; gutter_size=&#8220;3&#8243; overlay_alpha=&#8220;50&#8243; shift_x=&#8220;0&#8243; shift_y=&#8220;0&#8243; shift_y_down=&#8220;0&#8243; z_index=&#8220;0&#8243; medium_width=&#8220;0&#8243; mobile_width=&#8220;0&#8243; width=&#8220;1\/2&#8243; uncode_shortcode_id=&#8220;159257&#8243; css=&#8220;.vc_custom_1769514523093{padding-top: 20px !important;}&#8220;][vc_gallery el_id=&#8220;gallery-4781601&#8243; type=&#8220;carousel&#8220; random=&#8220;yes&#8220; medias=&#8220;15605,15607,15611,15609,15603,15597,15593,15589,15585,15583,15579&#8243; explode_albums=&#8220;yes&#8220; carousel_lg=&#8220;1&#8243; carousel_md=&#8220;1&#8243; carousel_sm=&#8220;1&#8243; thumb_size=&#8220;three-two&#8220; gutter_size=&#8220;3&#8243; media_items=&#8220;media|lightbox|original&#8220; carousel_interval=&#8220;3000&#8243; carousel_navspeed=&#8220;400&#8243; carousel_loop=&#8220;yes&#8220; carousel_dots=&#8220;yes&#8220; carousel_dots_mobile=&#8220;yes&#8220; stage_padding=&#8220;0&#8243; single_shape=&#8220;round&#8220; radius=&#8220;lg&#8220; single_overlay_opacity=&#8220;50&#8243; single_overlay_anim=&#8220;no&#8220; single_text_anim=&#8220;no&#8220; single_image_anim=&#8220;no&#8220; single_padding=&#8220;2&#8243; single_shadow=&#8220;yes&#8220; shadow_weight=&#8220;sm&#8220; single_border=&#8220;yes&#8220; uncode_shortcode_id=&#8220;177284&#8243;][\/vc_column_inner][vc_column_inner column_width_percent=&#8220;100&#8243; gutter_size=&#8220;3&#8243; overlay_color=&#8220;color-xsdn&#8220; overlay_alpha=&#8220;10&#8243; radius=&#8220;xl&#8220; shift_x=&#8220;0&#8243; shift_y=&#8220;0&#8243; shift_y_down=&#8220;0&#8243; z_index=&#8220;0&#8243; medium_width=&#8220;0&#8243; mobile_width=&#8220;0&#8243; width=&#8220;1\/2&#8243; uncode_shortcode_id=&#8220;103634&#8243; overlay_color_type=&#8220;uncode-palette&#8220; css=&#8220;.vc_custom_1769515390266{padding-top: 40px !important;padding-right: 20px !important;padding-bottom: 20px !important;padding-left: 20px !important;}&#8220;][vc_custom_heading heading_semantic=&#8220;h3&#8243; text_size=&#8220;h3&#8243; uncode_shortcode_id=&#8220;816463&#8243;]Preise &amp; Verf\u00fcgbarkeit[\/vc_custom_heading][vc_column_text text_lead=&#8220;yes&#8220; uncode_shortcode_id=&#8220;783199&#8243;]\u2714 Preis ab 1098\u20ac pro Person<\/p>\n<p>\u201cBring ein Freund Special\u201d \u2192 buche das Private Zimmer f\u00fcr zwei<br \/>\nMaximale Teilnehmerzahl: 10 Personen<\/p>\n<p>Einzelzimmer mit Zuschlag m\u00f6glich[\/vc_column_text][vc_button border_animation=&#8220;btn-ripple-out&#8220; outline=&#8220;yes&#8220; border_width=&#8220;0&#8243; link=&#8220;url:https%3A%2F%2Fprimesurf.tideforce.app%2Fbook|title:Jetzt%20buchen|target:_blank|&#8220; uncode_shortcode_id=&#8220;401747&#8243;]Jetzt buchen[\/vc_button][\/vc_column_inner][\/vc_row_inner][\/vc_column][\/vc_row][vc_row][vc_column width=&#8220;1\/1&#8243;][uncode_block id=&#8220;14776&#8243;][\/vc_column][\/vc_row]<\/p>\n<\/div>","protected":false},"excerpt":{"rendered":"<p>[vc_row row_height_percent=&#8220;100&#8243; override_padding=&#8220;yes&#8220; h_padding=&#8220;2&#8243; top_padding=&#8220;0&#8243; bottom_padding=&#8220;0&#8243; back_image=&#8220;11125&#8243; overlay_color=&#8220;color-148729&#8243; overlay_alpha=&#8220;100&#8243; gutter_size=&#8220;3&#8243; column_width_percent=&#8220;100&#8243; shift_y=&#8220;0&#8243; z_index=&#8220;0&#8243; content_parallax=&#8220;0&#8243; uncode_shortcode_id=&#8220;195313&#8243; overlay_color_type=&#8220;uncode-palette&#8220; row_height_pixel=&#8220;667px&#8220;][vc_column column_width_percent=&#8220;100&#8243; position_vertical=&#8220;bottom&#8220; align_horizontal=&#8220;align_center&#8220; [&hellip;]<\/p>\n","protected":false},"author":1,"featured_media":11126,"parent":14643,"menu_order":0,"comment_status":"closed","ping_status":"closed","template":"","meta":{"footnotes":""},"class_list":["post-15571","page","type-page","status-publish","has-post-thumbnail","hentry"],"_links":{"self":[{"href":"https:\/\/primesurf.com\/de\/wp-json\/wp\/v2\/pages\/15571","targetHints":{"allow":["GET"]}}],"collection":[{"href":"https:\/\/primesurf.com\/de\/wp-json\/wp\/v2\/pages"}],"about":[{"href":"https:\/\/primesurf.com\/de\/wp-json\/wp\/v2\/types\/page"}],"author":[{"embeddable":true,"href":"https:\/\/primesurf.com\/de\/wp-json\/wp\/v2\/users\/1"}],"replies":[{"embeddable":true,"href":"https:\/\/primesurf.com\/de\/wp-json\/wp\/v2\/comments?post=15571"}],"version-history":[{"count":22,"href":"https:\/\/primesurf.com\/de\/wp-json\/wp\/v2\/pages\/15571\/revisions"}],"predecessor-version":[{"id":15919,"href":"https:\/\/primesurf.com\/de\/wp-json\/wp\/v2\/pages\/15571\/revisions\/15919"}],"up":[{"embeddable":true,"href":"https:\/\/primesurf.com\/de\/wp-json\/wp\/v2\/pages\/14643"}],"wp:featuredmedia":[{"embeddable":true,"href":"https:\/\/primesurf.com\/de\/wp-json\/wp\/v2\/media\/11126"}],"wp:attachment":[{"href":"https:\/\/primesurf.com\/de\/wp-json\/wp\/v2\/media?parent=15571"}],"curies":[{"name":"wp","href":"https:\/\/api.w.org\/{rel}","templated":true}]}}