{"id":15315,"date":"2026-02-12T23:27:01","date_gmt":"2026-02-12T23:27:01","guid":{"rendered":"https:\/\/primesurf.com\/?page_id=15315"},"modified":"2026-03-07T21:01:25","modified_gmt":"2026-03-07T21:01:25","slug":"wing-safari","status":"publish","type":"page","link":"https:\/\/primesurf.com\/de\/locations\/brasilien\/wing-safari\/","title":{"rendered":"Wing Safari"},"content":{"rendered":"<div class=\"wpb-content-wrapper\"><p>[vc_row row_height_percent=&#8220;100&#8243; override_padding=&#8220;yes&#8220; h_padding=&#8220;2&#8243; top_padding=&#8220;0&#8243; bottom_padding=&#8220;0&#8243; back_image=&#8220;15349&#8243; overlay_color=&#8220;color-148729&#8243; overlay_alpha=&#8220;100&#8243; gutter_size=&#8220;3&#8243; column_width_percent=&#8220;100&#8243; shift_y=&#8220;0&#8243; z_index=&#8220;0&#8243; content_parallax=&#8220;0&#8243; uncode_shortcode_id=&#8220;933951&#8243; overlay_color_type=&#8220;uncode-palette&#8220;][vc_column column_width_percent=&#8220;100&#8243; position_vertical=&#8220;bottom&#8220; align_horizontal=&#8220;align_center&#8220; gutter_size=&#8220;3&#8243; overlay_alpha=&#8220;50&#8243; shift_x=&#8220;0&#8243; shift_y=&#8220;0&#8243; shift_y_down=&#8220;0&#8243; z_index=&#8220;0&#8243; medium_width=&#8220;0&#8243; mobile_width=&#8220;0&#8243; width=&#8220;1\/1&#8243; uncode_shortcode_id=&#8220;189613&#8243;][vc_row_inner limit_content=&#8220;&#8220;][vc_column_inner column_width_percent=&#8220;100&#8243; position_vertical=&#8220;bottom&#8220; align_horizontal=&#8220;align_center&#8220; gutter_size=&#8220;3&#8243; overlay_alpha=&#8220;50&#8243; shift_x=&#8220;0&#8243; shift_y=&#8220;0&#8243; shift_y_down=&#8220;0&#8243; z_index=&#8220;0&#8243; medium_width=&#8220;0&#8243; mobile_width=&#8220;0&#8243; width=&#8220;1\/1&#8243; uncode_shortcode_id=&#8220;150807&#8243;][vc_custom_heading heading_semantic=&#8220;h1&#8243; text_size=&#8220;fontsize-508984&#8243; text_weight=&#8220;800&#8243; uncode_shortcode_id=&#8220;157125&#8243;]Brasilien[\/vc_custom_heading][\/vc_column_inner][\/vc_row_inner][vc_row_inner row_inner_height_percent=&#8220;0&#8243; overlay_alpha=&#8220;50&#8243; gutter_size=&#8220;3&#8243; shift_y=&#8220;0&#8243; z_index=&#8220;0&#8243; mobile_visibility=&#8220;yes&#8220; uncode_shortcode_id=&#8220;145472&#8243; limit_content=&#8220;&#8220;][vc_column_inner width=&#8220;1\/1&#8243;][vc_wp_custommenu nav_menu=&#8220;57&#8243; nav_menu_horizontal=&#8220;1&#8243; use_widget_style=&#8220;yes&#8220; widget_collapse=&#8220;yes&#8220; widget_style_no_arrows=&#8220;yes&#8220;][\/vc_column_inner][\/vc_row_inner][vc_row_inner row_inner_height_percent=&#8220;0&#8243; overlay_alpha=&#8220;50&#8243; gutter_size=&#8220;3&#8243; shift_y=&#8220;0&#8243; z_index=&#8220;0&#8243; desktop_visibility=&#8220;yes&#8220; medium_visibility=&#8220;yes&#8220; uncode_shortcode_id=&#8220;160906&#8243; limit_content=&#8220;&#8220;][vc_column_inner width=&#8220;1\/1&#8243;][vc_wp_custommenu nav_menu=&#8220;57&#8243; nav_menu_horizontal=&#8220;1&#8243; use_widget_style=&#8220;yes&#8220; widget_collapse=&#8220;yes&#8220; widget_style_no_arrows=&#8220;yes&#8220; title=&#8220;Kite Safari&#8220;][\/vc_column_inner][\/vc_row_inner][vc_row_inner limit_content=&#8220;&#8220;][vc_column_inner column_width_percent=&#8220;100&#8243; position_vertical=&#8220;bottom&#8220; align_horizontal=&#8220;align_center&#8220; gutter_size=&#8220;3&#8243; overlay_alpha=&#8220;50&#8243; shift_x=&#8220;0&#8243; shift_y=&#8220;0&#8243; shift_y_down=&#8220;0&#8243; z_index=&#8220;0&#8243; medium_width=&#8220;0&#8243; mobile_width=&#8220;0&#8243; width=&#8220;1\/1&#8243; uncode_shortcode_id=&#8220;231739&#8243;][vc_icon position=&#8220;bottom&#8220; icon_image=&#8220;2748&#8243; media_size=&#8220;80&#8243; heading_semantic=&#8220;h4&#8243; uncode_shortcode_id=&#8220;100780&#8243; link=&#8220;url:%23info|&#8220;][\/vc_icon][\/vc_column_inner][\/vc_row_inner][\/vc_column][\/vc_row][vc_row row_height_percent=&#8220;0&#8243; override_padding=&#8220;yes&#8220; h_padding=&#8220;3&#8243; top_padding=&#8220;3&#8243; bottom_padding=&#8220;3&#8243; overlay_alpha=&#8220;50&#8243; gutter_size=&#8220;4&#8243; column_width_percent=&#8220;100&#8243; shift_y=&#8220;0&#8243; z_index=&#8220;0&#8243; uncode_shortcode_id=&#8220;196103&#8243;][vc_column column_width_percent=&#8220;100&#8243; gutter_size=&#8220;3&#8243; overlay_alpha=&#8220;50&#8243; shift_x=&#8220;0&#8243; shift_y=&#8220;0&#8243; shift_y_down=&#8220;0&#8243; z_index=&#8220;0&#8243; medium_width=&#8220;0&#8243; mobile_width=&#8220;0&#8243; css_animation=&#8220;bottom-t-top&#8220; width=&#8220;1\/2&#8243; uncode_shortcode_id=&#8220;201894&#8243; css=&#8220;.vc_custom_1673858528385{padding-top: 18px !important;}&#8220;][vc_custom_heading uncode_shortcode_id=&#8220;204345&#8243;]Wingfoil Safari[\/vc_custom_heading][vc_column_text text_lead=&#8220;yes&#8220; uncode_shortcode_id=&#8220;132925&#8243;]In diesem Jahr startet das erste Wingfoil Camp in Brasilien.<br \/>\nEs erwarten euch lehrreiche Sessions, eine Menge Spa\u00df und jeden Tag maximale Zeit auf dem Wasser.<\/p>\n<p>Wir bringen professionelles Coaching, echte Downwind-Abenteuer und den authentischen Brasilien-Lifestyle zusammen. Freut euch auf konstante Passatwinde, warmes Wasser, weite Sandstr\u00e4nde und endlose Wellen.<br \/>\nKommt mit zu einem richtigen Abenteuer![\/vc_column_text][vc_column_text text_lead=&#8220;yes&#8220; uncode_shortcode_id=&#8220;977455&#8243;]<\/p>\n<p class=\"p1\">W\u00e4hrend der gesamten Wingfoil Safari organisiert unser Support-Team alle Transfers f\u00fcr Downwinder und Spotwechsel, sodass ihr euch voll und ganz auf eure Fortschritte konzentrieren k\u00f6nnt. Jeder Tag beinhaltet strukturierte Coaching-Elemente, hilfreiche Technik-Inputs, Video-Feedback (wenn es die Bedingungen erlauben) sowie pers\u00f6nliche Betreuung durch erfahrene Trainer.<\/p>\n<p class=\"p1\">Die Wingfoil Safari richtet sich an fortgeschrittene und ambitionierte Wingfoiler, die gezielte Lernerfolge mit echtem Abenteuer verbinden m\u00f6chten.<\/p>\n<p class=\"p1\">\u2713 Verbringt jede freie Minute auf dem Wasser<br \/>\n\u2713 Genie\u00dft die Sessions mit Gleichgesinnten<br \/>\n\u2713 Bringt eure Wingfoil-Skills auf das n\u00e4chste Level<\/p>\n<p>[\/vc_column_text][vc_column_text text_lead=&#8220;yes&#8220; uncode_shortcode_id=&#8220;159188&#8243;]<\/p>\n<h3><b>Teamarbeit<\/b><\/h3>\n<p class=\"p3\">Die Wingfoil Safari ist ein gemeinsames Projekt von Primesurf und FlowSurfing.<\/p>\n<p class=\"p3\">Pierre, Gr\u00fcnder von FlowSurfing, ist ein au\u00dfergew\u00f6hnlicher Wingfoiler aus der Schweiz mit starkem Performance-Background und viel Erfahrung im offenen Ozean. Gemeinsam verbinden wir viel Wasserzeit mit top Coaching-Elementen und echten Safari-Spirit zu einem einzigartigen Erlebnis.<\/p>\n<p>[\/vc_column_text][\/vc_column][vc_column column_width_percent=&#8220;100&#8243; gutter_size=&#8220;3&#8243; overlay_color=&#8220;color-xsdn&#8220; overlay_alpha=&#8220;10&#8243; radius=&#8220;xl&#8220; shift_x=&#8220;0&#8243; shift_y=&#8220;0&#8243; shift_y_down=&#8220;0&#8243; z_index=&#8220;0&#8243; medium_width=&#8220;0&#8243; mobile_width=&#8220;0&#8243; css_animation=&#8220;bottom-t-top&#8220; width=&#8220;1\/2&#8243; uncode_shortcode_id=&#8220;100273&#8243; css=&#8220;.vc_custom_1673858534127{padding-top: 20px !important;padding-right: 40px !important;padding-bottom: 40px !important;padding-left: 40px !important;}&#8220; overlay_color_type=&#8220;uncode-palette&#8220;][vc_custom_heading uncode_shortcode_id=&#8220;408934&#8243;]Details[\/vc_custom_heading][vc_button border_animation=&#8220;btn-ripple-out&#8220; wide=&#8220;yes&#8220; outline=&#8220;yes&#8220; border_width=&#8220;0&#8243; link=&#8220;url:https%3A%2F%2Fprimesurf.tideforce.app%2Fbook%3Flocation%3Dbrazil|title:30.10.%20-%2013.11.2026|rel:nofollow|&#8220; uncode_shortcode_id=&#8220;166326&#8243;]Wingfoil Safari: 30.10. &#8211; 13.11.2026 : Emboaca &#8211; Jeri &#8211; Icaraizinho[\/vc_button][vc_column_text text_lead=&#8220;yes&#8220; uncode_shortcode_id=&#8220;130791&#8243;]Die Wingfoil Safari im \u00dcberblick:<br \/>\n\u2713 Zwei Wochen mit vollem Fokus auf Wingfoilen\/ Parawing<br \/>\n\u2713 T\u00e4gliche Coaching-Sessions und Downwinder<br \/>\n\u2713 Weiterentwicklung eurer Techniken<br \/>\n\u2713 Progressives Downwind-Training<br \/>\n\u2713 Optionale Langstrecken-Downwinder zwischen den Destinationen<br \/>\n\u2713 Drei unterschiedliche Spots mit eigenem Charakter<br \/>\n\u2713 Shuttle Service f\u00fcr alle Spots und Downwinder<br \/>\n\u2713 Im Spirit der legend\u00e4ren PrimeSurf Kite Safari<\/p>\n<p><strong>Pousadas<\/strong><br \/>\n\u2713\u00a0<a class=\"brazil-link\" href=\"https:\/\/primesurf.com\/de\/locations\/brasilien\/unterkunft\/\">Unterk\u00fcnfte<\/a> in premium Pousadas. Mehrere Kategorien, Fr\u00fchst\u00fcck inklusive<\/p>\n<p><strong>Preise<\/strong><br \/>\nSafari Preise ab 2879\u20ac<\/p>\n<p><strong>Nicht inklusive:<\/strong><br \/>\nFl\u00fcge sind nicht inbegriffen[\/vc_column_text][\/vc_column][\/vc_row][vc_row][vc_column width=&#8220;1\/3&#8243;][vc_single_image media=&#8220;15348&#8243; media_width_percent=&#8220;100&#8243; uncode_shortcode_id=&#8220;177890&#8243;][vc_custom_heading heading_semantic=&#8220;h3&#8243; text_size=&#8220;h3&#8243; uncode_shortcode_id=&#8220;757928&#8243;]Emboaca[\/vc_custom_heading][vc_column_text text_lead=&#8220;yes&#8220; uncode_shortcode_id=&#8220;127039&#8243;]Mit konstanten Winden zwischen 18 und 25 Knoten ist Emboaca der perfekte Ort, um eure Wingfoil-Technik gezielt zu verfeinern. Sauberer Swell, breite Str\u00e4nde und gut kontrollierbare Bedingungen schaffen ideale Voraussetzungen f\u00fcr strukturierte Coaching-Sessions.<br \/>\nHier arbeiten wir an den Grundlagen und eurer Weiterentwicklung: Wir optimieren Halsen und Wenden, verbessern eure Pump-Technik, justieren die perfekte Einstellung des Foils und perfektionieren eure Performance in der Welle.<br \/>\nDer ideale Startpunkt, um Kontrolle und Selbstvertrauen aufzubauen, bevor es weiter Richtung Norden geht.<\/p>\n<p>Wir planen hier mehrere Downwinder von Guajiru nach Emboaca und genie\u00dfen Sessions direkt vor der T\u00fcr.[\/vc_column_text][\/vc_column][vc_column width=&#8220;1\/3&#8243;][vc_single_image media=&#8220;15334&#8243; media_width_percent=&#8220;100&#8243; uncode_shortcode_id=&#8220;168268&#8243;][vc_custom_heading heading_semantic=&#8220;h3&#8243; text_size=&#8220;h3&#8243; uncode_shortcode_id=&#8220;146137&#8243;]Jericoacoara[\/vc_custom_heading][vc_column_text text_lead=&#8220;yes&#8220; uncode_shortcode_id=&#8220;116950&#8243;]Je weiter wir nach Norden kommen, desto st\u00e4rker wird der Wind \u2013 rund um Jericoacoara erreicht er h\u00e4ufig 30 Knoten und mehr. Die K\u00fcstenlinie \u00f6ffnet sich, wodurch l\u00e4ngere und dynamischere Downwind-Strecken erm\u00f6glicht werden. Wir fahren lange Downwinder Richtung Pre\u00e1 und Guri\u00fa und arbeiten gezielt daran, die Wellen miteinander zu verbinden, das Meer richtig zu lesen und \u00fcber l\u00e4ngere Distanzen Geschwindigkeit sowie Effizienz zu halten.<br \/>\nHier wird die Safari abenteuerlicher und deutlich performance-orientierter.<\/p>\n<p>Wir wingfoilen am Spot in Jeri und machen Downwinder nach Guri\u00fa.[\/vc_column_text][\/vc_column][vc_column width=&#8220;1\/3&#8243;][vc_single_image media=&#8220;15342&#8243; media_width_percent=&#8220;100&#8243; uncode_shortcode_id=&#8220;950851&#8243;][vc_custom_heading heading_semantic=&#8220;h3&#8243; text_size=&#8220;h3&#8243; uncode_shortcode_id=&#8220;172215&#8243;]Icaraizinho[\/vc_custom_heading][vc_column_text text_lead=&#8220;yes&#8220; uncode_shortcode_id=&#8220;907738&#8243;]Icara\u00ed verbindet konstante Mittelwinde um die 20 Knoten mit langen Sandstr\u00e4nden und \u00a0sauber aufgereihtem Swell.<br \/>\nWir den Tag auf dem Wasser direkt am Spot vor unserer Unterkunft und genie\u00dfen sch\u00f6ne Downwind-Routen in Richtung Caetanos und Baleia. Der Fokus liegt hier auf der Verfestigung eurer Skills, weiterem Training von Techniken und der sauberen Verbindung von Wellen bei unseren Downwindern. Hier findet die Safari ihre perfekte Balance zwischen technischer Weiterentwicklung und purem Fahrspa\u00df.<\/p>\n<p>Wir k\u00f6nnen hier direkt vor der Pousada wingfoilen und machen Downwinder nach Caetanos und Baleia.[\/vc_column_text][\/vc_column][\/vc_row][vc_row row_height_percent=&#8220;0&#8243; overlay_alpha=&#8220;50&#8243; gutter_size=&#8220;3&#8243; column_width_percent=&#8220;100&#8243; shift_y=&#8220;0&#8243; z_index=&#8220;0&#8243; desktop_visibility=&#8220;yes&#8220; medium_visibility=&#8220;yes&#8220; mobile_visibility=&#8220;yes&#8220; content_parallax=&#8220;0&#8243; uncode_shortcode_id=&#8220;975963&#8243;][vc_column column_width_percent=&#8220;100&#8243; gutter_size=&#8220;3&#8243; overlay_alpha=&#8220;50&#8243; shift_x=&#8220;0&#8243; shift_y=&#8220;0&#8243; shift_y_down=&#8220;0&#8243; z_index=&#8220;0&#8243; medium_width=&#8220;0&#8243; mobile_width=&#8220;0&#8243; css_animation=&#8220;bottom-t-top&#8220; width=&#8220;1\/1&#8243; uncode_shortcode_id=&#8220;486197&#8243;][vc_column_text text_lead=&#8220;yes&#8220; uncode_shortcode_id=&#8220;161167&#8243;]<\/p>\n<p class=\"p1\">W\u00e4hrend der gesamten Wingfoil Safari organisiert unser Support-Team alle Transfers f\u00fcr Downwinder und Spotwechsel, sodass ihr euch voll und ganz auf eure Fortschritte konzentrieren k\u00f6nnt. Jeder Tag beinhaltet strukturierte Coaching-Elemente, hilfreiche Technik-Inputs, Video-Feedback (wenn es die Bedingungen erlauben) sowie pers\u00f6nliche Betreuung durch erfahrene Trainer.<\/p>\n<p class=\"p1\">Die Wingfoil Safari richtet sich an fortgeschrittene und ambitionierte Wingfoiler, die gezielte Lernerfolge mit echtem Abenteuer verbinden m\u00f6chten.<\/p>\n<p class=\"p1\">Verbringt jede freie Minute auf dem Wasser<\/p>\n<p class=\"p1\">Genie\u00dft die Sessions mit Gleichgesinnten<\/p>\n<p class=\"p1\">Bringt eure Wingfoil-Skills auf das n\u00e4chste Level<\/p>\n<blockquote>\n<p class=\"p3\"><b><br \/>\nBucht jetzt eure PrimeSurf Wingfoil Safari und erlebt Brasilien aus einer v\u00f6llig neuen Perspektive.<\/b><\/p>\n<\/blockquote>\n<p>[\/vc_column_text][\/vc_column][\/vc_row][vc_row row_height_percent=&#8220;0&#8243; overlay_alpha=&#8220;50&#8243; gutter_size=&#8220;3&#8243; column_width_percent=&#8220;100&#8243; shift_y=&#8220;0&#8243; z_index=&#8220;0&#8243; content_parallax=&#8220;0&#8243; uncode_shortcode_id=&#8220;176609&#8243;][vc_column column_width_percent=&#8220;100&#8243; gutter_size=&#8220;3&#8243; overlay_alpha=&#8220;50&#8243; shift_x=&#8220;0&#8243; shift_y=&#8220;0&#8243; shift_y_down=&#8220;0&#8243; z_index=&#8220;0&#8243; medium_width=&#8220;0&#8243; mobile_width=&#8220;0&#8243; css_animation=&#8220;bottom-t-top&#8220; width=&#8220;1\/1&#8243; uncode_shortcode_id=&#8220;486197&#8243;][vc_column_text uncode_shortcode_id=&#8220;632753&#8243;]<iframe style=\"border: none; border-radius: 16px;\" title=\"Upcoming Events\" src=\"https:\/\/primesurf.tideforce.app\/widgets\/schedule?location=Brazil&amp;language=en&amp;theme=lined-light\" width=\"100%\" height=\"500\" frameborder=\"0\"><br \/>\n<\/iframe>[\/vc_column_text][\/vc_column][\/vc_row][vc_row row_height_percent=&#8220;0&#8243; override_padding=&#8220;yes&#8220; h_padding=&#8220;2&#8243; top_padding=&#8220;3&#8243; bottom_padding=&#8220;2&#8243; overlay_alpha=&#8220;50&#8243; gutter_size=&#8220;3&#8243; column_width_percent=&#8220;100&#8243; shift_y=&#8220;0&#8243; z_index=&#8220;0&#8243; top_divider=&#8220;flow-opacity&#8220; uncode_shortcode_id=&#8220;871496&#8243;][vc_column column_width_percent=&#8220;100&#8243; gutter_size=&#8220;3&#8243; overlay_alpha=&#8220;50&#8243; shift_x=&#8220;0&#8243; shift_y=&#8220;0&#8243; shift_y_down=&#8220;0&#8243; z_index=&#8220;0&#8243; medium_width=&#8220;0&#8243; mobile_visibility=&#8220;yes&#8220; mobile_width=&#8220;0&#8243; width=&#8220;1\/6&#8243; uncode_shortcode_id=&#8220;132098&#8243;][\/vc_column][vc_column column_width_percent=&#8220;100&#8243; gutter_size=&#8220;3&#8243; overlay_alpha=&#8220;50&#8243; shift_x=&#8220;0&#8243; shift_y=&#8220;0&#8243; shift_y_down=&#8220;0&#8243; z_index=&#8220;0&#8243; medium_width=&#8220;0&#8243; mobile_width=&#8220;0&#8243; css_animation=&#8220;bottom-t-top&#8220; width=&#8220;2\/3&#8243; uncode_shortcode_id=&#8220;181427&#8243;][vc_gallery el_id=&#8220;gallery-478160&#8243; type=&#8220;carousel&#8220; random=&#8220;yes&#8220; medias=&#8220;15379&#8243; explode_albums=&#8220;yes&#8220; carousel_lg=&#8220;1&#8243; carousel_md=&#8220;1&#8243; carousel_sm=&#8220;1&#8243; thumb_size=&#8220;three-two&#8220; gutter_size=&#8220;3&#8243; media_items=&#8220;media|lightbox|original&#8220; carousel_interval=&#8220;5000&#8243; carousel_navspeed=&#8220;400&#8243; carousel_loop=&#8220;yes&#8220; carousel_dots=&#8220;yes&#8220; carousel_dots_mobile=&#8220;yes&#8220; stage_padding=&#8220;0&#8243; single_shape=&#8220;round&#8220; radius=&#8220;lg&#8220; single_overlay_opacity=&#8220;1&#8243; single_overlay_anim=&#8220;no&#8220; single_text_anim=&#8220;no&#8220; single_image_anim=&#8220;no&#8220; single_padding=&#8220;2&#8243; single_shadow=&#8220;yes&#8220; shadow_weight=&#8220;sm&#8220; single_border=&#8220;yes&#8220; uncode_shortcode_id=&#8220;460814&#8243;][\/vc_column][vc_column column_width_percent=&#8220;100&#8243; gutter_size=&#8220;3&#8243; overlay_alpha=&#8220;50&#8243; shift_x=&#8220;0&#8243; shift_y=&#8220;0&#8243; shift_y_down=&#8220;0&#8243; z_index=&#8220;0&#8243; medium_width=&#8220;0&#8243; mobile_visibility=&#8220;yes&#8220; mobile_width=&#8220;0&#8243; width=&#8220;1\/6&#8243; uncode_shortcode_id=&#8220;861691&#8243;][\/vc_column][\/vc_row][vc_row][vc_column width=&#8220;1\/1&#8243;][uncode_block id=&#8220;5708&#8243;][\/vc_column][\/vc_row]<\/p>\n<\/div>","protected":false},"excerpt":{"rendered":"<p>[vc_row row_height_percent=&#8220;100&#8243; override_padding=&#8220;yes&#8220; h_padding=&#8220;2&#8243; top_padding=&#8220;0&#8243; bottom_padding=&#8220;0&#8243; back_image=&#8220;15349&#8243; overlay_color=&#8220;color-148729&#8243; overlay_alpha=&#8220;100&#8243; gutter_size=&#8220;3&#8243; column_width_percent=&#8220;100&#8243; shift_y=&#8220;0&#8243; z_index=&#8220;0&#8243; content_parallax=&#8220;0&#8243; uncode_shortcode_id=&#8220;933951&#8243; overlay_color_type=&#8220;uncode-palette&#8220;][vc_column column_width_percent=&#8220;100&#8243; position_vertical=&#8220;bottom&#8220; align_horizontal=&#8220;align_center&#8220; gutter_size=&#8220;3&#8243; [&hellip;]<\/p>\n","protected":false},"author":5,"featured_media":15350,"parent":6777,"menu_order":0,"comment_status":"closed","ping_status":"closed","template":"","meta":{"footnotes":""},"class_list":["post-15315","page","type-page","status-publish","has-post-thumbnail","hentry","page_category-brasil-teaser-de"],"_links":{"self":[{"href":"https:\/\/primesurf.com\/de\/wp-json\/wp\/v2\/pages\/15315","targetHints":{"allow":["GET"]}}],"collection":[{"href":"https:\/\/primesurf.com\/de\/wp-json\/wp\/v2\/pages"}],"about":[{"href":"https:\/\/primesurf.com\/de\/wp-json\/wp\/v2\/types\/page"}],"author":[{"embeddable":true,"href":"https:\/\/primesurf.com\/de\/wp-json\/wp\/v2\/users\/5"}],"replies":[{"embeddable":true,"href":"https:\/\/primesurf.com\/de\/wp-json\/wp\/v2\/comments?post=15315"}],"version-history":[{"count":25,"href":"https:\/\/primesurf.com\/de\/wp-json\/wp\/v2\/pages\/15315\/revisions"}],"predecessor-version":[{"id":15684,"href":"https:\/\/primesurf.com\/de\/wp-json\/wp\/v2\/pages\/15315\/revisions\/15684"}],"up":[{"embeddable":true,"href":"https:\/\/primesurf.com\/de\/wp-json\/wp\/v2\/pages\/6777"}],"wp:featuredmedia":[{"embeddable":true,"href":"https:\/\/primesurf.com\/de\/wp-json\/wp\/v2\/media\/15350"}],"wp:attachment":[{"href":"https:\/\/primesurf.com\/de\/wp-json\/wp\/v2\/media?parent=15315"}],"curies":[{"name":"wp","href":"https:\/\/api.w.org\/{rel}","templated":true}]}}