{"id":14745,"date":"2026-01-27T12:09:33","date_gmt":"2026-01-27T12:09:33","guid":{"rendered":"https:\/\/primesurf.com\/?page_id=14745"},"modified":"2026-03-30T21:30:34","modified_gmt":"2026-03-30T21:30:34","slug":"surf-soul-retreat-sizilien","status":"publish","type":"page","link":"https:\/\/primesurf.com\/de\/surf-soul-retreats\/surf-soul-retreat-sizilien\/","title":{"rendered":"Surf &amp; Soul Retreat Sizilien"},"content":{"rendered":"<div class=\"wpb-content-wrapper\"><p>[vc_row row_height_percent=&#8220;100&#8243; override_padding=&#8220;yes&#8220; h_padding=&#8220;2&#8243; top_padding=&#8220;0&#8243; bottom_padding=&#8220;0&#8243; back_image=&#8220;11125&#8243; overlay_color=&#8220;color-148729&#8243; overlay_alpha=&#8220;100&#8243; gutter_size=&#8220;3&#8243; column_width_percent=&#8220;100&#8243; shift_y=&#8220;0&#8243; z_index=&#8220;0&#8243; content_parallax=&#8220;0&#8243; uncode_shortcode_id=&#8220;195313&#8243; overlay_color_type=&#8220;uncode-palette&#8220; row_height_pixel=&#8220;667px&#8220;][vc_column column_width_percent=&#8220;100&#8243; position_vertical=&#8220;bottom&#8220; align_horizontal=&#8220;align_center&#8220; gutter_size=&#8220;3&#8243; overlay_alpha=&#8220;50&#8243; shift_x=&#8220;0&#8243; shift_y=&#8220;0&#8243; shift_y_down=&#8220;0&#8243; z_index=&#8220;0&#8243; medium_width=&#8220;0&#8243; mobile_width=&#8220;0&#8243; width=&#8220;1\/1&#8243; uncode_shortcode_id=&#8220;189613&#8243;][vc_row_inner row_inner_height_percent=&#8220;0&#8243; overlay_alpha=&#8220;50&#8243; gutter_size=&#8220;3&#8243; shift_y=&#8220;0&#8243; z_index=&#8220;0&#8243; limit_content=&#8220;&#8220; uncode_shortcode_id=&#8220;390700&#8243;][vc_column_inner column_width_percent=&#8220;100&#8243; position_vertical=&#8220;bottom&#8220; align_horizontal=&#8220;align_center&#8220; gutter_size=&#8220;3&#8243; overlay_alpha=&#8220;50&#8243; shift_x=&#8220;0&#8243; shift_y=&#8220;0&#8243; shift_y_down=&#8220;0&#8243; z_index=&#8220;0&#8243; medium_width=&#8220;0&#8243; align_mobile=&#8220;align_left_mobile&#8220; mobile_width=&#8220;0&#8243; width=&#8220;1\/1&#8243; uncode_shortcode_id=&#8220;200737&#8243;][vc_custom_heading heading_semantic=&#8220;h1&#8243; text_size=&#8220;bigtext&#8220; text_weight=&#8220;800&#8243; sub_lead=&#8220;yes&#8220; uncode_shortcode_id=&#8220;198390&#8243;]Surf &amp; Soul Retreat[\/vc_custom_heading][\/vc_column_inner][\/vc_row_inner][vc_row_inner row_inner_height_percent=&#8220;0&#8243; overlay_alpha=&#8220;50&#8243; gutter_size=&#8220;3&#8243; shift_y=&#8220;0&#8243; z_index=&#8220;0&#8243; mobile_visibility=&#8220;yes&#8220; uncode_shortcode_id=&#8220;413276&#8243; limit_content=&#8220;&#8220;][vc_column_inner width=&#8220;1\/1&#8243;][vc_wp_custommenu nav_menu=&#8220;171&#8243; nav_menu_horizontal=&#8220;1&#8243; use_widget_style=&#8220;yes&#8220; widget_collapse=&#8220;yes&#8220; widget_style_no_arrows=&#8220;yes&#8220;][\/vc_column_inner][\/vc_row_inner][vc_row_inner row_inner_height_percent=&#8220;0&#8243; overlay_alpha=&#8220;50&#8243; gutter_size=&#8220;3&#8243; shift_y=&#8220;0&#8243; z_index=&#8220;0&#8243; desktop_visibility=&#8220;yes&#8220; medium_visibility=&#8220;yes&#8220; uncode_shortcode_id=&#8220;429810&#8243; limit_content=&#8220;&#8220;][vc_column_inner column_width_percent=&#8220;100&#8243; gutter_size=&#8220;3&#8243; overlay_alpha=&#8220;50&#8243; shift_x=&#8220;0&#8243; shift_y=&#8220;0&#8243; shift_y_down=&#8220;0&#8243; z_index=&#8220;0&#8243; medium_width=&#8220;0&#8243; mobile_width=&#8220;0&#8243; width=&#8220;1\/1&#8243; uncode_shortcode_id=&#8220;869668&#8243;][vc_wp_custommenu nav_menu=&#8220;171&#8243; nav_menu_horizontal=&#8220;1&#8243; use_widget_style=&#8220;yes&#8220; widget_collapse=&#8220;yes&#8220; widget_style_no_arrows=&#8220;yes&#8220; title=&#8220;Kite Camps&#8220;][\/vc_column_inner][\/vc_row_inner][vc_row_inner limit_content=&#8220;&#8220;][vc_column_inner column_width_percent=&#8220;100&#8243; position_vertical=&#8220;bottom&#8220; align_horizontal=&#8220;align_center&#8220; gutter_size=&#8220;3&#8243; overlay_alpha=&#8220;50&#8243; shift_x=&#8220;0&#8243; shift_y=&#8220;0&#8243; shift_y_down=&#8220;0&#8243; z_index=&#8220;0&#8243; medium_width=&#8220;0&#8243; mobile_width=&#8220;0&#8243; width=&#8220;1\/1&#8243; uncode_shortcode_id=&#8220;231739&#8243;][vc_icon position=&#8220;bottom&#8220; icon_image=&#8220;2748&#8243; media_size=&#8220;80&#8243; heading_semantic=&#8220;h4&#8243; uncode_shortcode_id=&#8220;100780&#8243; link=&#8220;url:%23info|&#8220;][\/vc_icon][\/vc_column_inner][\/vc_row_inner][vc_custom_heading heading_semantic=&#8220;h3&#8243; text_size=&#8220;h3&#8243; uncode_shortcode_id=&#8220;664572&#8243;]01.05. &#8211; 10.05.2026[\/vc_custom_heading][\/vc_column][\/vc_row][vc_row][vc_column width=&#8220;1\/1&#8243;][vc_row_inner limit_content=&#8220;&#8220;][vc_column_inner column_width_percent=&#8220;100&#8243; gutter_size=&#8220;3&#8243; overlay_alpha=&#8220;50&#8243; shift_x=&#8220;0&#8243; shift_y=&#8220;0&#8243; shift_y_down=&#8220;0&#8243; z_index=&#8220;0&#8243; medium_width=&#8220;0&#8243; mobile_width=&#8220;0&#8243; width=&#8220;1\/2&#8243; uncode_shortcode_id=&#8220;916964&#8243; css=&#8220;.vc_custom_1708427701859{padding-top: 20px !important;}&#8220;][vc_custom_heading uncode_shortcode_id=&#8220;157962&#8243;]Warum Sizilien[\/vc_custom_heading][vc_column_text text_lead=&#8220;yes&#8220; uncode_shortcode_id=&#8220;205828&#8243;]Unser Retreat findet in Lo Stagnone statt, zwischen Marsala und Trapani, Europas groe\u00dfter<br \/>Flachwasserlagune. Ein einzigartiger Spot, der perfekte Kitesurf Bedingungen mit weiter, offener Natur, Weinbergen und Salzgaerten verbindet.<br \/>\nDie Lagune bietet ideale Bedingungen f\u00fcr jedes Level: von sicheren \u00dcbungsrevieren f\u00fcr Einsteiger \u00fcber Freestyle- und Tricktraining f\u00fcr Fortgeschrittene bis hin zu langen Downwind Sessions in der Sonne.<br \/>\nDirekt an der Lagune erwartet dich die typische Atmosph\u00e4re mit Kitesurfschulen und Bars.<br \/>\nMarsala und Trapani verspr\u00fchen klassischen italienischen Charme, w\u00e4hrend die Umgebung von Lo Stagnone ruhig, weitl\u00e4ufig und tief mit der Natur verbunden ist.[\/vc_column_text][\/vc_column_inner][vc_column_inner column_width_percent=&#8220;100&#8243; gutter_size=&#8220;3&#8243; overlay_alpha=&#8220;10&#8243; radius=&#8220;xl&#8220; shift_x=&#8220;0&#8243; shift_y=&#8220;0&#8243; shift_y_down=&#8220;0&#8243; z_index=&#8220;0&#8243; medium_width=&#8220;0&#8243; mobile_width=&#8220;0&#8243; width=&#8220;1\/2&#8243; uncode_shortcode_id=&#8220;158235&#8243; css=&#8220;.vc_custom_1769514198787{padding-top: 20px !important;padding-right: 40px !important;padding-bottom: 40px !important;padding-left: 40px !important;}&#8220;][vc_custom_heading uncode_shortcode_id=&#8220;194301&#8243;]What\u2019s Included[\/vc_custom_heading][vc_column_text text_lead=&#8220;yes&#8220; uncode_shortcode_id=&#8220;199036&#8243;]\u2714 Soul &amp; Surf Program<br \/>\n\u2714 9 \u00dcbernachtungen in der Villa im geteilten Doppelzimmer<br \/>\n\u2714 Fruehstueck (bunte Vielfalt, gemeinsam organisiert)<br \/>\n\u2714 Bettw\u00e4sche &amp; Handt\u00fccher inklusive<\/p>\n<p>Was ist nicht inkludiert:<br \/>\nFlughafentransfer \u2192 Wir empfehlen euch eurer eigenes Mietauto zu nehmen<br \/>\nEquipmentverleih f\u00fcr 300\u20ac f\u00fcr die 9 Tage m\u00f6glich \u2192 perfekt wenn du leicht reisen m\u00f6chtest<br \/>\nKitesurf course: Book your extra Kite course or private hours on site.[\/vc_column_text][\/vc_column_inner][\/vc_row_inner][\/vc_column][\/vc_row][vc_row][vc_column width=&#8220;1\/1&#8243;][vc_gallery el_id=&#8220;gallery-164431&#8243; type=&#8220;carousel&#8220; random=&#8220;yes&#8220; medias=&#8220;14735,14737,14733,10183,11126,11124,10134,10132,10130,10126,10062,10187,10171,10167,10122&#8243; carousel_lg=&#8220;3&#8243; carousel_md=&#8220;3&#8243; carousel_sm=&#8220;1&#8243; thumb_size=&#8220;four-three&#8220; gutter_size=&#8220;3&#8243; carousel_interval=&#8220;3000&#8243; carousel_navspeed=&#8220;400&#8243; carousel_loop=&#8220;yes&#8220; carousel_overflow=&#8220;yes&#8220; stage_padding=&#8220;0&#8243; single_overlay_opacity=&#8220;50&#8243; single_padding=&#8220;2&#8243; single_border=&#8220;yes&#8220; uncode_shortcode_id=&#8220;139478&#8243;][\/vc_column][\/vc_row][vc_row][vc_column width=&#8220;1\/1&#8243;][vc_row_inner row_inner_height_percent=&#8220;0&#8243; overlay_alpha=&#8220;10&#8243; equal_height=&#8220;yes&#8220; gutter_size=&#8220;4&#8243; shift_y=&#8220;0&#8243; z_index=&#8220;0&#8243; limit_content=&#8220;&#8220; uncode_shortcode_id=&#8220;122210&#8243;][vc_column_inner column_width_percent=&#8220;100&#8243; gutter_size=&#8220;3&#8243; overlay_alpha=&#8220;50&#8243; shift_x=&#8220;0&#8243; shift_y=&#8220;0&#8243; shift_y_down=&#8220;0&#8243; z_index=&#8220;0&#8243; medium_width=&#8220;0&#8243; mobile_width=&#8220;0&#8243; width=&#8220;1\/2&#8243; uncode_shortcode_id=&#8220;916964&#8243; css=&#8220;.vc_custom_1708427701859{padding-top: 20px !important;}&#8220;][vc_custom_heading heading_semantic=&#8220;h3&#8243; text_size=&#8220;h3&#8243; uncode_shortcode_id=&#8220;189061&#8243;]Unterkunft[\/vc_custom_heading][vc_column_text text_lead=&#8220;yes&#8220; uncode_shortcode_id=&#8220;107530&#8243;]Unsere Villa liegt auf einem privaten Grundst\u00fcck, umgeben von Weinbergen.<br \/>\nAuf zwei Etagen verteilt bietet es:<br \/>\n\u2714 4 Schlafzimmer mit Doppelbetten<br \/>\n\u2714 3 Badezimmer<br \/>\n\u2714 Garten &amp; gro\u00dfe Terrasse entlang des Hauses<br \/>\n\u2714 Dachterrasse mit Ausblick<br \/>\n\u2714 Eigener Yogabereich<br \/>\n\u2714 K\u00fcche mit Essbereich<br \/>\n\u2714 Bar-\/ Kinoraum &amp; Wohnzimmer<\/p>\n<p>Mit dem Auto erreicht ihr den Kitesurfspot in etwa 15 Minuten.<br \/>\nDer perfekte Sonnenuntergang am Wasser ist nur 20 Gehminuten entfernt.[\/vc_column_text][\/vc_column_inner][vc_column_inner column_width_percent=&#8220;100&#8243; gutter_size=&#8220;3&#8243; overlay_color=&#8220;color-xsdn&#8220; overlay_alpha=&#8220;10&#8243; radius=&#8220;xl&#8220; shift_x=&#8220;0&#8243; shift_y=&#8220;0&#8243; shift_y_down=&#8220;0&#8243; z_index=&#8220;0&#8243; medium_width=&#8220;0&#8243; mobile_width=&#8220;0&#8243; width=&#8220;1\/2&#8243; uncode_shortcode_id=&#8220;658762&#8243; overlay_color_type=&#8220;uncode-palette&#8220; css=&#8220;.vc_custom_1769515030584{padding-top: 40px !important;padding-right: 20px !important;padding-bottom: 20px !important;padding-left: 20px !important;}&#8220;][vc_custom_heading heading_semantic=&#8220;h3&#8243; text_size=&#8220;h3&#8243; uncode_shortcode_id=&#8220;127692&#8243;]Programm[\/vc_custom_heading][vc_column_text text_lead=&#8220;yes&#8220; uncode_shortcode_id=&#8220;203142&#8243;]\u2714 Yoga: mindestens einmal taeglich (Morning Flow zum Start in den Tag oder entspannender Yin Yoga Flow zum Runterfahren)<br \/>\n\u2192 Franzi begleitet euch durch t\u00e4gliche Yoga Sessions, abgestimmt auf eure k\u00f6rperlichen Bed\u00fcrfnisse f\u00fcr die Aktivierung oder Entspannung<br \/>\n\u2714 Kitesurfen: 4\u20136 Sessions (je nach Wind holen wir das Beste aus jeder Bedingung heraus)<br \/>\n\u2192 Kitesurf Einsteiger starten mit einem regul\u00e4ren Kurs an unserer Schule und lernen sicher die Basics und in Ruhe<br \/>\n\u2192 Coaching: Nik begleitet euch durch die Sessions mit Fokus auf Mindset, Technik &amp; Philosophie des Kitesurfens<br \/>\n\u2714 Workshops f\u00fcr alle (3 Themenbloecke):<br \/>\n\u2013 Wetter, Forecast &amp; Materialkunde<br \/>\n\u2013 Mindset &amp; Yoga mit Tools fuer Fokus &amp; Leichtigkeit<br \/>\n\u2013 Ganzheitliche Gesundheit: Ernaehrung, Routinen &amp; Balance<br \/>\nExtras:<br \/>\n\u2714 Kleine St\u00e4dtetrips oder Strandausfl\u00fcge, je nach Tag und Wunsch der Gruppe<br \/>\n\u2714 Bewegungs- oder Fitnesseinheiten zur F\u00f6rderung Ihres Wohlbefindens und zur Verbesserung Ihrer Kitesurfskills[\/vc_column_text][\/vc_column_inner][\/vc_row_inner][vc_row_inner row_inner_height_percent=&#8220;0&#8243; overlay_alpha=&#8220;10&#8243; equal_height=&#8220;yes&#8220; gutter_size=&#8220;4&#8243; shift_y=&#8220;0&#8243; z_index=&#8220;0&#8243; limit_content=&#8220;&#8220; uncode_shortcode_id=&#8220;122210&#8243;][vc_column_inner column_width_percent=&#8220;100&#8243; gutter_size=&#8220;3&#8243; overlay_alpha=&#8220;50&#8243; shift_x=&#8220;0&#8243; shift_y=&#8220;0&#8243; shift_y_down=&#8220;0&#8243; z_index=&#8220;0&#8243; medium_width=&#8220;0&#8243; mobile_width=&#8220;0&#8243; width=&#8220;1\/2&#8243; uncode_shortcode_id=&#8220;159257&#8243; css=&#8220;.vc_custom_1769514523093{padding-top: 20px !important;}&#8220;][vc_gallery el_id=&#8220;gallery-4781601&#8243; type=&#8220;carousel&#8220; random=&#8220;yes&#8220; medias=&#8220;10132,10177,10175,10173,10126,10122,11130,11120,10138&#8243; explode_albums=&#8220;yes&#8220; carousel_lg=&#8220;1&#8243; carousel_md=&#8220;1&#8243; carousel_sm=&#8220;1&#8243; thumb_size=&#8220;three-two&#8220; gutter_size=&#8220;3&#8243; media_items=&#8220;media|lightbox|original&#8220; carousel_interval=&#8220;3000&#8243; carousel_navspeed=&#8220;400&#8243; carousel_loop=&#8220;yes&#8220; carousel_dots=&#8220;yes&#8220; carousel_dots_mobile=&#8220;yes&#8220; stage_padding=&#8220;0&#8243; single_shape=&#8220;round&#8220; radius=&#8220;lg&#8220; single_overlay_opacity=&#8220;50&#8243; single_overlay_anim=&#8220;no&#8220; single_text_anim=&#8220;no&#8220; single_image_anim=&#8220;no&#8220; single_padding=&#8220;2&#8243; single_shadow=&#8220;yes&#8220; shadow_weight=&#8220;sm&#8220; single_border=&#8220;yes&#8220; uncode_shortcode_id=&#8220;717259&#8243;][\/vc_column_inner][vc_column_inner column_width_percent=&#8220;100&#8243; gutter_size=&#8220;3&#8243; overlay_color=&#8220;color-xsdn&#8220; overlay_alpha=&#8220;10&#8243; radius=&#8220;xl&#8220; shift_x=&#8220;0&#8243; shift_y=&#8220;0&#8243; shift_y_down=&#8220;0&#8243; z_index=&#8220;0&#8243; medium_width=&#8220;0&#8243; mobile_width=&#8220;0&#8243; width=&#8220;1\/2&#8243; uncode_shortcode_id=&#8220;103634&#8243; overlay_color_type=&#8220;uncode-palette&#8220; css=&#8220;.vc_custom_1769515390266{padding-top: 40px !important;padding-right: 20px !important;padding-bottom: 20px !important;padding-left: 20px !important;}&#8220;][vc_custom_heading heading_semantic=&#8220;h3&#8243; text_size=&#8220;h3&#8243; uncode_shortcode_id=&#8220;816463&#8243;]Preise &amp; Verf\u00fcgbarkeit[\/vc_custom_heading][vc_column_text text_lead=&#8220;yes&#8220; uncode_shortcode_id=&#8220;187515&#8243;]\u2714 Preis ab 1121\u20ac pro Person<\/p>\n<p>\u201cBring ein Freund Special\u201d \u2192 buche ein doppelzimmer f\u00fcr zwei Personen f\u00fcr 2.443\u20ac<\/p>\n<p>Maximale Teilnehmerzahl: 8 Personen<\/p>\n<p>Einzelzimmer mit Zuschlag m\u00f6glich[\/vc_column_text][vc_button border_animation=&#8220;btn-ripple-out&#8220; outline=&#8220;yes&#8220; border_width=&#8220;0&#8243; link=&#8220;url:https%3A%2F%2Fprimesurf.tideforce.app%2Fbook%2Fevent%2F74duYgToqhjpCvX7483x%3Flocation%3DSicily|title:Jetzt%20buchen|target:_blank|&#8220; uncode_shortcode_id=&#8220;645624&#8243;]Jetzt buchen[\/vc_button][\/vc_column_inner][\/vc_row_inner][\/vc_column][\/vc_row][vc_row][vc_column width=&#8220;1\/1&#8243;][uncode_block id=&#8220;14776&#8243;][\/vc_column][\/vc_row][vc_row][vc_column column_width_percent=&#8220;100&#8243; align_horizontal=&#8220;align_center&#8220; gutter_size=&#8220;3&#8243; overlay_alpha=&#8220;50&#8243; shift_x=&#8220;0&#8243; shift_y=&#8220;0&#8243; shift_y_down=&#8220;0&#8243; z_index=&#8220;0&#8243; medium_width=&#8220;0&#8243; mobile_width=&#8220;0&#8243; width=&#8220;1\/1&#8243; uncode_shortcode_id=&#8220;902954&#8243;][vc_button size=&#8220;btn-lg&#8220; radius=&#8220;btn-circle&#8220; outline=&#8220;yes&#8220; border_width=&#8220;0&#8243; link=&#8220;url:https%3A%2F%2Fprimesurf.tideforce.app%2Fbook%2Fevent%2F74duYgToqhjpCvX7483x%3Flocation%3DSicily|&#8220; uncode_shortcode_id=&#8220;522107&#8243;]Jetzt buchen[\/vc_button][\/vc_column][\/vc_row]<\/p>\n<\/div>","protected":false},"excerpt":{"rendered":"<p>[vc_row row_height_percent=&#8220;100&#8243; override_padding=&#8220;yes&#8220; h_padding=&#8220;2&#8243; top_padding=&#8220;0&#8243; bottom_padding=&#8220;0&#8243; back_image=&#8220;11125&#8243; overlay_color=&#8220;color-148729&#8243; overlay_alpha=&#8220;100&#8243; gutter_size=&#8220;3&#8243; column_width_percent=&#8220;100&#8243; shift_y=&#8220;0&#8243; z_index=&#8220;0&#8243; content_parallax=&#8220;0&#8243; uncode_shortcode_id=&#8220;195313&#8243; overlay_color_type=&#8220;uncode-palette&#8220; row_height_pixel=&#8220;667px&#8220;][vc_column column_width_percent=&#8220;100&#8243; position_vertical=&#8220;bottom&#8220; align_horizontal=&#8220;align_center&#8220; [&hellip;]<\/p>\n","protected":false},"author":5,"featured_media":11126,"parent":14643,"menu_order":0,"comment_status":"closed","ping_status":"closed","template":"","meta":{"footnotes":""},"class_list":["post-14745","page","type-page","status-publish","has-post-thumbnail","hentry","page_category-retreats-teaser"],"_links":{"self":[{"href":"https:\/\/primesurf.com\/de\/wp-json\/wp\/v2\/pages\/14745","targetHints":{"allow":["GET"]}}],"collection":[{"href":"https:\/\/primesurf.com\/de\/wp-json\/wp\/v2\/pages"}],"about":[{"href":"https:\/\/primesurf.com\/de\/wp-json\/wp\/v2\/types\/page"}],"author":[{"embeddable":true,"href":"https:\/\/primesurf.com\/de\/wp-json\/wp\/v2\/users\/5"}],"replies":[{"embeddable":true,"href":"https:\/\/primesurf.com\/de\/wp-json\/wp\/v2\/comments?post=14745"}],"version-history":[{"count":17,"href":"https:\/\/primesurf.com\/de\/wp-json\/wp\/v2\/pages\/14745\/revisions"}],"predecessor-version":[{"id":15990,"href":"https:\/\/primesurf.com\/de\/wp-json\/wp\/v2\/pages\/14745\/revisions\/15990"}],"up":[{"embeddable":true,"href":"https:\/\/primesurf.com\/de\/wp-json\/wp\/v2\/pages\/14643"}],"wp:featuredmedia":[{"embeddable":true,"href":"https:\/\/primesurf.com\/de\/wp-json\/wp\/v2\/media\/11126"}],"wp:attachment":[{"href":"https:\/\/primesurf.com\/de\/wp-json\/wp\/v2\/media?parent=14745"}],"curies":[{"name":"wp","href":"https:\/\/api.w.org\/{rel}","templated":true}]}}