{"id":13231,"date":"2024-10-17T11:14:08","date_gmt":"2024-10-17T11:14:08","guid":{"rendered":"https:\/\/primesurf.com\/locations\/griechenland\/faq\/"},"modified":"2024-10-24T10:10:22","modified_gmt":"2024-10-24T10:10:22","slug":"faq","status":"publish","type":"page","link":"https:\/\/primesurf.com\/de\/locations\/griechenland\/faq\/","title":{"rendered":"FAQ"},"content":{"rendered":"<div class=\"wpb-content-wrapper\"><p>[vc_row row_height_percent=&#8220;100&#8243; override_padding=&#8220;yes&#8220; h_padding=&#8220;2&#8243; top_padding=&#8220;0&#8243; bottom_padding=&#8220;0&#8243; back_image=&#8220;13158&#8243; back_position=&#8220;center center&#8220; overlay_color=&#8220;color-414649&#8243; overlay_alpha=&#8220;100&#8243; gutter_size=&#8220;3&#8243; column_width_percent=&#8220;100&#8243; shift_y=&#8220;0&#8243; z_index=&#8220;0&#8243; content_parallax=&#8220;0&#8243; uncode_shortcode_id=&#8220;168960&#8243; overlay_color_type=&#8220;uncode-palette&#8220; shape_dividers=&#8220;&#8220;][vc_column column_width_percent=&#8220;100&#8243; position_vertical=&#8220;bottom&#8220; align_horizontal=&#8220;align_center&#8220; gutter_size=&#8220;3&#8243; overlay_alpha=&#8220;50&#8243; shift_x=&#8220;0&#8243; shift_y=&#8220;0&#8243; shift_y_down=&#8220;0&#8243; z_index=&#8220;0&#8243; medium_width=&#8220;0&#8243; mobile_width=&#8220;0&#8243; width=&#8220;1\/1&#8243; uncode_shortcode_id=&#8220;189613&#8243;][vc_row_inner limit_content=&#8220;&#8220;][vc_column_inner column_width_percent=&#8220;100&#8243; position_vertical=&#8220;bottom&#8220; align_horizontal=&#8220;align_center&#8220; gutter_size=&#8220;3&#8243; overlay_alpha=&#8220;50&#8243; shift_x=&#8220;0&#8243; shift_y=&#8220;0&#8243; shift_y_down=&#8220;0&#8243; z_index=&#8220;0&#8243; medium_width=&#8220;0&#8243; mobile_width=&#8220;0&#8243; width=&#8220;1\/1&#8243; uncode_shortcode_id=&#8220;150807&#8243;][vc_custom_heading heading_semantic=&#8220;h1&#8243; text_size=&#8220;fontsize-508984&#8243; text_weight=&#8220;800&#8243; uncode_shortcode_id=&#8220;210740&#8243;]Griechenland[\/vc_custom_heading][\/vc_column_inner][\/vc_row_inner][vc_row_inner row_inner_height_percent=&#8220;0&#8243; overlay_alpha=&#8220;50&#8243; gutter_size=&#8220;3&#8243; shift_y=&#8220;0&#8243; z_index=&#8220;0&#8243; mobile_visibility=&#8220;yes&#8220; uncode_shortcode_id=&#8220;145472&#8243; limit_content=&#8220;&#8220;][vc_column_inner width=&#8220;1\/1&#8243;][vc_wp_custommenu nav_menu=&#8220;157&#8243; nav_menu_horizontal=&#8220;1&#8243; use_widget_style=&#8220;yes&#8220; widget_collapse=&#8220;yes&#8220; widget_style_no_arrows=&#8220;yes&#8220;][\/vc_column_inner][\/vc_row_inner][vc_row_inner row_inner_height_percent=&#8220;0&#8243; overlay_alpha=&#8220;50&#8243; gutter_size=&#8220;3&#8243; shift_y=&#8220;0&#8243; z_index=&#8220;0&#8243; desktop_visibility=&#8220;yes&#8220; medium_visibility=&#8220;yes&#8220; uncode_shortcode_id=&#8220;160906&#8243; limit_content=&#8220;&#8220;][vc_column_inner width=&#8220;1\/1&#8243;][vc_wp_custommenu nav_menu=&#8220;157&#8243; nav_menu_horizontal=&#8220;1&#8243; use_widget_style=&#8220;yes&#8220; widget_collapse=&#8220;yes&#8220; widget_style_no_arrows=&#8220;yes&#8220; title=&#8220;Kite Camps&#8220;][\/vc_column_inner][\/vc_row_inner][vc_row_inner limit_content=&#8220;&#8220;][vc_column_inner column_width_percent=&#8220;100&#8243; position_vertical=&#8220;bottom&#8220; align_horizontal=&#8220;align_center&#8220; gutter_size=&#8220;3&#8243; overlay_alpha=&#8220;50&#8243; shift_x=&#8220;0&#8243; shift_y=&#8220;0&#8243; shift_y_down=&#8220;0&#8243; z_index=&#8220;0&#8243; medium_width=&#8220;0&#8243; mobile_width=&#8220;0&#8243; width=&#8220;1\/1&#8243; uncode_shortcode_id=&#8220;231739&#8243;][vc_icon position=&#8220;bottom&#8220; icon_image=&#8220;2748&#8243; media_size=&#8220;80&#8243; heading_semantic=&#8220;h4&#8243; uncode_shortcode_id=&#8220;100780&#8243; link=&#8220;url:%23info|&#8220;][\/vc_icon][\/vc_column_inner][\/vc_row_inner][\/vc_column][\/vc_row][vc_row][vc_column width=&#8220;1\/1&#8243;][vc_custom_heading heading_semantic=&#8220;h3&#8243; text_size=&#8220;h3&#8243; uncode_shortcode_id=&#8220;632136&#8243;]<strong>H\u00e4ufig gestellte Fragen<\/strong>[\/vc_custom_heading][vc_column_text uncode_shortcode_id=&#8220;123245&#8243;]Schaut Euch hier die h\u00e4ufig gestellten Fragen an. Falls Ihr noch weitere Fragen haben solltet, k\u00f6nnt Ihr uns gern eine E-Mail schicken und wir werden Euch so schnell wie m\u00f6glich antworten.[\/vc_column_text][vc_custom_heading heading_semantic=&#8220;h3&#8243; text_size=&#8220;h4&#8243; uncode_shortcode_id=&#8220;114364&#8243;]Kite- und Wingfoilcamp[\/vc_custom_heading][vc_accordion history=&#8220;yes&#8220; typography=&#8220;yes&#8220; active_tab=&#8220;0&#8243;][vc_accordion_tab gutter_size=&#8220;2&#8243; column_padding=&#8220;2&#8243; title=&#8220;F\u00fcr wen werden die Kite- und Wingfoilcamps empfohlen?&#8220; tab_id=&#8220;1672883620-2-43&#8243; slug=&#8220;1&#8243;][vc_column_text uncode_shortcode_id=&#8220;617164&#8243;]Das Camp empfehlen wir f\u00fcr fortgeschrittene Fahrer, die sicher H\u00f6he fahren k\u00f6nnen. Wir werden nicht nur von Land aus starten, sondern bei passenden Bedingungen auch direkt vom Boot. Griechenland bietet perfekte Spots zum Wingen, zum Kiten mit dem Twintip oder um das Waveboard auszuprobieren.[\/vc_column_text][\/vc_accordion_tab][vc_accordion_tab gutter_size=&#8220;2&#8243; column_padding=&#8220;2&#8243; title=&#8220;Wie viel Zeit verbringen wir mit dem Kiten?&#8220; tab_id=&#8220;1672883620-1-99&#8243; slug=&#8220;2&#8243;][vc_column_text uncode_shortcode_id=&#8220;314696&#8243;]Je nach Wind planen wir die Tage individuell. Wir werden je nach Route 3-4 Stunden pro Tag segeln und den Rest des Tages Kiten. [\/vc_column_text][\/vc_accordion_tab][vc_accordion_tab gutter_size=&#8220;2&#8243; column_padding=&#8220;2&#8243; title=&#8220;Was ist das besondere an dem Kite &amp; Sail Camp?&#8220; tab_id=&#8220;1673044812952-3-3&#8243; slug=&#8220;3&#8243;][vc_column_text uncode_shortcode_id=&#8220;674323&#8243;]Das Besondere am Kite &amp; Sail Camp ist die perfekte Kombination aus Kitesurfen, Wingfoilen und Segeln in einer der sch\u00f6nsten Regionen Griechenlands. Ihr lebt f\u00fcr eine Woche auf einem modernen Katamaran, der euch von Spot zu Spot durch die traumhafte Inselwelt der Kykladen bringt. Dabei erlebt ihr nicht nur perfekte Bedingungen f\u00fcr Kitesurfen und Wingfoilen, sondern auch das einzigartige Gef\u00fchl, direkt vom Boot ins Wasser zu springen oder bei den richtigen Bedingungen sogar vom Boot aus zu kiten.<\/p>\n<p>Anders als bei vielen Camps seid ihr nicht an einen festen Spot gebunden \u2013 wir segeln flexibel dorthin, wo der Wind am besten ist. Das schafft Abwechslung und ein echtes Segelabenteuer. Und keine Sorge, Segelerfahrung ist nicht notwendig. Die famili\u00e4re Atmosph\u00e4re mit nur 8 Teilnehmern, das junge und erfahrene Team sowie die Balance zwischen Action und Entspannung machen dieses Camp zu einer unvergesslichen Erfahrung \u2013 auf dem Wasser, an Land und an Bord. [\/vc_column_text][\/vc_accordion_tab][vc_accordion_tab gutter_size=&#8220;2&#8243; column_padding=&#8220;2&#8243; title=&#8220;Welches Material kann man w\u00e4hrend des Camps nutzen und testen?&#8220; tab_id=&#8220;1672883895295-2-2&#8243; slug=&#8220;4&#8243;][vc_column_text uncode_shortcode_id=&#8220;460970&#8243;]Es gibt die M\u00f6glichkeit Material von Duotone oder Core zu testen. Im Vergleich zu unseren anderen Camps ist auf dem Katamaran jedoch nur begrenzt Platz zum Lagern von Material. Teilt uns gerne bei der Buchung bereits mit, welche Marke (Modell) ihr fliegen m\u00f6chtet und ob ihr lieber Surfboard oder Twintip fahren m\u00f6chtet.[\/vc_column_text][\/vc_accordion_tab][vc_accordion_tab gutter_size=&#8220;2&#8243; column_padding=&#8220;2&#8243; title=&#8220;Kann man auch sein eigenes Kite- und Wingfoil Material mitbringen?&#8220; tab_id=&#8220;1673045135666-4-10&#8243; slug=&#8220;5&#8243;][vc_column_text uncode_shortcode_id=&#8220;449187&#8243;]<br \/>Ja. Ihr k\u00f6nnt das Event auch ohne unser Leihmaterial Buchen und euer Eigenes mitbringen.[\/vc_column_text][\/vc_accordion_tab][\/vc_accordion][\/vc_column][\/vc_row][vc_row][vc_column width=&#8220;1\/1&#8243;][vc_custom_heading text_size=&#8220;h4&#8243; uncode_shortcode_id=&#8220;946133&#8243;]Mehr \u00fcbers Kitesurfen und Wingfoilen [\/vc_custom_heading][vc_accordion history=&#8220;yes&#8220; typography=&#8220;yes&#8220; active_tab=&#8220;0&#8243;][vc_accordion_tab gutter_size=&#8220;2&#8243; column_padding=&#8220;2&#8243; title=&#8220;Welche Dinge werden sonst noch ben\u00f6tigt?&#8220; tab_id=&#8220;1672883620-1-99&#8243; slug=&#8220;6&#8243;][vc_column_text uncode_shortcode_id=&#8220;148392&#8243;]Packt leicht! Badebekleidung, Sonnenschutz, leichte Kleidung, eventuell eine d\u00fcnne Windjacke f\u00fcr\u2018s Segeln. <\/p>\n<p> Handt\u00fccher und Bettw\u00e4sche werden an Board bereitgestellt.[\/vc_column_text][\/vc_accordion_tab][vc_accordion_tab gutter_size=&#8220;2&#8243; column_padding=&#8220;2&#8243; title=&#8220;Soll ein Neoprenanzug mitgebracht werden?&#8220; tab_id=&#8220;1672883620-2-43&#8243; slug=&#8220;7&#8243;][vc_column_text uncode_shortcode_id=&#8220;116841&#8243;]Die Wassertemperatur im August wird nicht unter 22 Grad Celsius fallen. Wer K\u00e4lte empfindlich ist, kann einen d\u00fcnnen Neopren oder ein Shorty mitbringen.[\/vc_column_text][\/vc_accordion_tab][vc_accordion_tab gutter_size=&#8220;2&#8243; column_padding=&#8220;2&#8243; title=&#8220;Sind Neoprenschuhe n\u00f6tig?&#8220; tab_id=&#8220;1672883895295-2-2&#8243; slug=&#8220;8&#8243;][vc_column_text uncode_shortcode_id=&#8220;178102&#8243;]Von Bucht zu Bucht k\u00f6nnen die Str\u00e4nde unterschiedlich sein. Teilweise liegen dort spitze Steine und d\u00fcnne Neoprenschuhe sind zu empfehlen.[\/vc_column_text][\/vc_accordion_tab][vc_accordion_tab gutter_size=&#8220;2&#8243; column_padding=&#8220;2&#8243; title=&#8220;Welche Kite und Wing Gr\u00f6\u00dfen werden am meisten genutzt?&#8220; tab_id=&#8220;1673042784812-3-5&#8243; slug=&#8220;9&#8243;][vc_column_text uncode_shortcode_id=&#8220;190421&#8243;]Der Meltemi weht im Durchschnitt zwischen 20-30 Knoten. Am meisten werden leichte Kiter 5-8 qm Kites fliegen und schwerere 7-10 qm. Die ben\u00f6tigten Wing Gr\u00f6\u00dfen sind zwischen 3-5 qm.[\/vc_column_text][\/vc_accordion_tab][vc_accordion_tab gutter_size=&#8220;2&#8243; column_padding=&#8220;2&#8243; title=&#8220;Wo gehen wir Kiten- und Wingfoilen?&#8220; tab_id=&#8220;1673781022410-5-9&#8243;][vc_column_text uncode_shortcode_id=&#8220;142635&#8243;]Bei den richtigen Bedingungen k\u00f6nnen wir direkt vom Boot aus starten. Das ist eine einzige besondere Erfahrung, die das Camp besonders macht. <\/p>\n<p>An manchen Spots werden wir mit dem Beiboot an Land fahren und vom Strand aus ins Wasser gehen.[\/vc_column_text][\/vc_accordion_tab][\/vc_accordion][\/vc_column][\/vc_row][vc_row][vc_column width=&#8220;1\/1&#8243;][vc_custom_heading text_size=&#8220;h4&#8243; uncode_shortcode_id=&#8220;118116&#8243;]Die Reise und Weiteres[\/vc_custom_heading][vc_accordion history=&#8220;yes&#8220; typography=&#8220;yes&#8220; gutter_simple=&#8220;0&#8243; active_tab=&#8220;0&#8243; uncode_shortcode_id=&#8220;325902&#8243;][vc_accordion_tab gutter_size=&#8220;2&#8243; column_padding=&#8220;2&#8243; title=&#8220;Wo kann man am besten Fl\u00fcge buchen und welcher Flughafen ist der beste?&#8220; tab_id=&#8220;1672883620-2-43&#8243; slug=&#8220;11&#8243;][vc_column_text uncode_shortcode_id=&#8220;190664&#8243;]Es gibt verschiedene M\u00f6glichkeiten nach Paros zu kommen:<\/p>\n<ul>\n<li>Flug nach Mykonos und von Mykonos mit der F\u00e4hre nach Parikia (Paros).<\/li>\n<li>Flug nach Athen und von Athen mit der F\u00e4hre nach Parikia (Paros).<\/li>\n<li>Flug mit Zwischenstopp nach Paros PAS<\/li>\n<\/ul>\n<p>[\/vc_column_text][\/vc_accordion_tab][vc_accordion_tab gutter_size=&#8220;2&#8243; column_padding=&#8220;2&#8243; title=&#8220;Gibt es einen Flughafentransfer?&#8220; tab_id=&#8220;1672883620-1-99&#8243; slug=&#8220;12&#8243;][vc_column_text uncode_shortcode_id=&#8220;789640&#8243;]Wir organisieren einen Flughafentransfer zum Hafen. Bitte gebt uns bescheid wie und wann ihr nach Paros fliegt damit alles organisieren k\u00f6nnen.[\/vc_column_text][\/vc_accordion_tab][vc_accordion_tab gutter_size=&#8220;2&#8243; column_padding=&#8220;2&#8243; title=&#8220;Wie sieht es mit der Verpflegung aus?&#8220; tab_id=&#8220;1672883895295-2-2&#8243; slug=&#8220;13&#8243;][vc_column_text uncode_shortcode_id=&#8220;106163&#8243;]Wir gehen zu Beginn an Land gro\u00df einkaufen und bereiten dann an Board gemeinsam frische und leckere Mahlzeiten, mit lokalen Zutaten zu. Meist wird es Fr\u00fchst\u00fcck und Abendessen sein. W\u00e4hrend unserer Reise werden wir alle weiterben\u00f6tigten Zutaten einkaufen gehen. An manchen Tagen werden wir auch an Land gehen und im Restaurant essen und die traditionelle K\u00fcche des Landes zu genie\u00dfen.[\/vc_column_text][\/vc_accordion_tab][vc_accordion_tab gutter_size=&#8220;2&#8243; column_padding=&#8220;2&#8243; title=&#8220;Brauche ich Segelerfahrung, um am Camp teilzunehmen?&#8220; tab_id=&#8220;1673779229899-3-10&#8243;][vc_column_text uncode_shortcode_id=&#8220;520377&#8243;]Nein, Segelerfahrung ist nicht erforderlich. Unser Skipper Felix freut sich \u00fcber helfende H\u00e4nde und zeigt euch alles, was ihr wissen m\u00fcsst.[\/vc_column_text][\/vc_accordion_tab][vc_accordion_tab gutter_size=&#8220;2&#8243; column_padding=&#8220;2&#8243; title=&#8220;Wie viele Teilnehmer sind im Camp?&#8220; tab_id=&#8220;1673779233978-4-9&#8243;][vc_column_text uncode_shortcode_id=&#8220;949572&#8243;]Das Camp ist auf 8 Teilnehmer begrenzt. So habt ihr genug Platz an Board und an den Spots k\u00f6nnen die Trainer sich voll und ganz auf Euch konzentrieren. So schaffen wir auch eine entspannte und famili\u00e4re Atmosph\u00e4re.[\/vc_column_text][\/vc_accordion_tab][vc_accordion_tab gutter_size=&#8220;2&#8243; column_padding=&#8220;2&#8243; title=&#8220;Was machen wir, wenn es keinen Wind gibt?&#8220; tab_id=&#8220;1673779327554-5-8&#8243;][vc_column_text uncode_shortcode_id=&#8220;416636&#8243;]An No-Wind-Tagen haben wir ein abwechslungsreiches Alternativprogramm: von Schnorcheln, Klippenspringen und Wandern, bis hin zur Erkundung malerischer Fischerd\u00f6rfer und antiken St\u00e4tten. Bei den richtigen Bedingungen ist auch Foilen hinterm Boot m\u00f6glich.[\/vc_column_text][\/vc_accordion_tab][vc_accordion_tab gutter_size=&#8220;2&#8243; column_padding=&#8220;2&#8243; title=&#8220;Was erwartet euch auf dem Boot?&#8220; tab_id=&#8220;1673779335664-6-9&#8243;][vc_column_text uncode_shortcode_id=&#8220;973356&#8243;]Unser Katamaran ist f\u00fcr eine Woche euer schwimmendes Zuhause. Ihr schlaft in gem\u00fctlichen Doppelkabinen mit eigenem Bad und einem herrlichen Blick auf das Meer. Es gibt ein gem\u00fctliches Deck mit Sitz und Liegem\u00f6glichkeiten und einem Gemeinschaftsinnenraum. Unser Beiboot wird uns an Land bringen, sei es zum Kiten, einkaufen oder um die Insel zu erkunden.[\/vc_column_text][\/vc_accordion_tab][vc_accordion_tab gutter_size=&#8220;2&#8243; column_padding=&#8220;2&#8243; title=&#8220;Wie flexibel sind die Tagespl\u00e4ne?&#8220; tab_id=&#8220;1729163614213-7-4&#8243;][vc_column_text uncode_shortcode_id=&#8220;142152&#8243;]Unsere Tagespl\u00e4ne richten sich nach den Wind- und Wetterbedingungen. Wir segeln zu den besten Spots, um die idealen Bedingungen f\u00fcr Kitesurfen und Wingfoilen zu nutzen. Dadurch bleibt jeder Tag ein wenig anders und immer spannend. Die Planung f\u00fcr den n\u00e4chsten Tag wir meist am Abend vorher besprochen.[\/vc_column_text][\/vc_accordion_tab][\/vc_accordion][\/vc_column][\/vc_row][vc_row row_height_percent=&#8220;0&#8243; override_padding=&#8220;yes&#8220; h_padding=&#8220;2&#8243; top_padding=&#8220;2&#8243; bottom_padding=&#8220;3&#8243; overlay_alpha=&#8220;50&#8243; gutter_size=&#8220;3&#8243; column_width_percent=&#8220;100&#8243; shift_y=&#8220;0&#8243; z_index=&#8220;0&#8243; uncode_shortcode_id=&#8220;456480&#8243;][vc_column column_width_percent=&#8220;100&#8243; gutter_size=&#8220;3&#8243; overlay_alpha=&#8220;50&#8243; shift_x=&#8220;0&#8243; shift_y=&#8220;0&#8243; shift_y_down=&#8220;0&#8243; z_index=&#8220;0&#8243; medium_width=&#8220;0&#8243; mobile_width=&#8220;0&#8243; css_animation=&#8220;bottom-t-top&#8220; width=&#8220;1\/1&#8243; uncode_shortcode_id=&#8220;972501&#8243;][vc_custom_heading css_animation=&#8220;bottom-t-top&#8220; uncode_shortcode_id=&#8220;464406&#8243;]Entdecke Griechenland[\/vc_custom_heading][uncode_index el_id=&#8220;index-760670&#8243; isotope_mode=&#8220;fitRows&#8220; loop=&#8220;size:10|order_by:date|post_type:page|tax_query:158|taxonomy_count:10&#8243; screen_lg=&#8220;1000&#8243; screen_md=&#8220;600&#8243; screen_sm=&#8220;480&#8243; gutter_size=&#8220;3&#8243; post_items=&#8220;media|featured|onpost|original,title,sep-one|full&#8220; footer_style=&#8220;dark&#8220; single_text=&#8220;overlay&#8220; images_size=&#8220;three-two&#8220; single_shape=&#8220;round&#8220; radius=&#8220;lg&#8220; single_overlay_color=&#8220;color-nhtu&#8220; single_overlay_opacity=&#8220;30&#8243; single_overlay_visible=&#8220;yes&#8220; single_text_visible=&#8220;yes&#8220; single_text_anim=&#8220;no&#8220; single_h_align=&#8220;center&#8220; single_padding=&#8220;2&#8243; single_title_dimension=&#8220;h4&#8243; single_title_scale_mobile=&#8220;no&#8220; single_shadow=&#8220;yes&#8220; shadow_weight=&#8220;std&#8220; single_border=&#8220;yes&#8220; custom_order=&#8220;yes&#8220; no_double_tap=&#8220;yes&#8220; uncode_shortcode_id=&#8220;108510&#8243; order_ids=&#8220;2673,2671,5081&#8243; items=&#8220;eyIyNDY5X2kiOnsic2luZ2xlX2xpbmsiOiJ1cmw6aHR0cHMlM0ElMkYlMkZib29raW5ncy5raXRlaG91c2UtZmVobWFybi5kZSUyRmVufHRhcmdldDpfYmxhbmsiLCJzaW5nbGVfd2lkdGgiOiI2Iiwic2luZ2xlX3RpdGxlX2RpbWVuc2lvbiI6ImgyIn0sIjI2ODFfaSI6eyJzaW5nbGVfd2lkdGgiOiI2In0sIjI2NzhfaSI6eyJzaW5nbGVfd2lkdGgiOiI2In0sIjI2NjNfaSI6eyJpbWFnZXNfc2l6ZSI6InRocmVlLXR3byIsInNpbmdsZV93aWR0aCI6IjMifSwiMjY2MF9pIjp7ImltYWdlc19zaXplIjoidGhyZWUtdHdvIiwic2luZ2xlX3dpZHRoIjoiMyJ9LCIyNjU2X2kiOnsic2luZ2xlX3dpZHRoIjoiMyIsInNpbmdsZV90aXRsZV9kaW1lbnNpb24iOiJoNCIsInNpbmdsZV90aXRsZV9zY2FsZV9tb2JpbGUiOiJubyJ9LCIyNjY1X2kiOnsic2luZ2xlX3dpZHRoIjoiMyJ9LCI1MDgxX2kiOnsic2luZ2xlX3dpZHRoIjoiNCJ9LCIyMTExX2kiOnsic2luZ2xlX3dpZHRoIjoiMyJ9LCIyMTEzX2kiOnsic2luZ2xlX3RpdGxlX2RpbWVuc2lvbiI6Img0In19&#8243;][\/vc_column][\/vc_row][vc_row][vc_column column_width_percent=&#8220;100&#8243; align_horizontal=&#8220;align_center&#8220; gutter_size=&#8220;3&#8243; overlay_alpha=&#8220;50&#8243; shift_x=&#8220;0&#8243; shift_y=&#8220;0&#8243; shift_y_down=&#8220;0&#8243; z_index=&#8220;0&#8243; medium_width=&#8220;0&#8243; mobile_width=&#8220;0&#8243; width=&#8220;1\/1&#8243; uncode_shortcode_id=&#8220;886954&#8243;][vc_button size=&#8220;btn-lg&#8220; border_animation=&#8220;btn-ripple-out&#8220; outline=&#8220;yes&#8220; border_width=&#8220;0&#8243; uncode_shortcode_id=&#8220;138557&#8243; link=&#8220;url:https%3A%2F%2Fbooking.primesurf.com%2Fde%2Fproduct%2Fkite-and-sail-greece|title:Jetzt%20buchen|target:_blank|&#8220;]Jetzt buchen[\/vc_button][\/vc_column][\/vc_row]<\/p>\n<\/div>","protected":false},"excerpt":{"rendered":"<p>[vc_row row_height_percent=&#8220;100&#8243; override_padding=&#8220;yes&#8220; h_padding=&#8220;2&#8243; top_padding=&#8220;0&#8243; bottom_padding=&#8220;0&#8243; back_image=&#8220;13158&#8243; back_position=&#8220;center center&#8220; overlay_color=&#8220;color-414649&#8243; overlay_alpha=&#8220;100&#8243; gutter_size=&#8220;3&#8243; column_width_percent=&#8220;100&#8243; shift_y=&#8220;0&#8243; z_index=&#8220;0&#8243; content_parallax=&#8220;0&#8243; uncode_shortcode_id=&#8220;168960&#8243; overlay_color_type=&#8220;uncode-palette&#8220; shape_dividers=&#8220;&#8220;][vc_column column_width_percent=&#8220;100&#8243; [&hellip;]<\/p>\n","protected":false},"author":5,"featured_media":13159,"parent":13201,"menu_order":0,"comment_status":"closed","ping_status":"closed","template":"","meta":{"footnotes":""},"class_list":["post-13231","page","type-page","status-publish","has-post-thumbnail","hentry","page_category-greece-teaser-de"],"_links":{"self":[{"href":"https:\/\/primesurf.com\/de\/wp-json\/wp\/v2\/pages\/13231","targetHints":{"allow":["GET"]}}],"collection":[{"href":"https:\/\/primesurf.com\/de\/wp-json\/wp\/v2\/pages"}],"about":[{"href":"https:\/\/primesurf.com\/de\/wp-json\/wp\/v2\/types\/page"}],"author":[{"embeddable":true,"href":"https:\/\/primesurf.com\/de\/wp-json\/wp\/v2\/users\/5"}],"replies":[{"embeddable":true,"href":"https:\/\/primesurf.com\/de\/wp-json\/wp\/v2\/comments?post=13231"}],"version-history":[{"count":13,"href":"https:\/\/primesurf.com\/de\/wp-json\/wp\/v2\/pages\/13231\/revisions"}],"predecessor-version":[{"id":13271,"href":"https:\/\/primesurf.com\/de\/wp-json\/wp\/v2\/pages\/13231\/revisions\/13271"}],"up":[{"embeddable":true,"href":"https:\/\/primesurf.com\/de\/wp-json\/wp\/v2\/pages\/13201"}],"wp:featuredmedia":[{"embeddable":true,"href":"https:\/\/primesurf.com\/de\/wp-json\/wp\/v2\/media\/13159"}],"wp:attachment":[{"href":"https:\/\/primesurf.com\/de\/wp-json\/wp\/v2\/media?parent=13231"}],"curies":[{"name":"wp","href":"https:\/\/api.w.org\/{rel}","templated":true}]}}