{"id":13212,"date":"2024-10-17T10:34:01","date_gmt":"2024-10-17T10:34:01","guid":{"rendered":"https:\/\/primesurf.com\/locations\/griechenland\/kite-und-segeln\/"},"modified":"2025-06-25T05:17:15","modified_gmt":"2025-06-25T05:17:15","slug":"kite-und-segeln","status":"publish","type":"page","link":"https:\/\/primesurf.com\/de\/locations\/griechenland\/kite-und-segeln\/","title":{"rendered":"Kite und Segeln"},"content":{"rendered":"<div class=\"wpb-content-wrapper\"><p>[vc_row row_height_percent=&#8220;100&#8243; override_padding=&#8220;yes&#8220; h_padding=&#8220;2&#8243; top_padding=&#8220;0&#8243; bottom_padding=&#8220;0&#8243; back_image=&#8220;13156&#8243; overlay_color=&#8220;color-414649&#8243; overlay_alpha=&#8220;100&#8243; gutter_size=&#8220;3&#8243; column_width_percent=&#8220;100&#8243; shift_y=&#8220;0&#8243; z_index=&#8220;0&#8243; content_parallax=&#8220;0&#8243; uncode_shortcode_id=&#8220;489945&#8243; overlay_color_type=&#8220;uncode-palette&#8220;][vc_column column_width_percent=&#8220;100&#8243; position_vertical=&#8220;bottom&#8220; align_horizontal=&#8220;align_center&#8220; gutter_size=&#8220;3&#8243; overlay_alpha=&#8220;50&#8243; shift_x=&#8220;0&#8243; shift_y=&#8220;0&#8243; shift_y_down=&#8220;0&#8243; z_index=&#8220;0&#8243; medium_width=&#8220;0&#8243; mobile_width=&#8220;0&#8243; width=&#8220;1\/1&#8243; uncode_shortcode_id=&#8220;189613&#8243;][vc_row_inner limit_content=&#8220;&#8220;][vc_column_inner column_width_percent=&#8220;100&#8243; position_vertical=&#8220;bottom&#8220; align_horizontal=&#8220;align_center&#8220; gutter_size=&#8220;3&#8243; overlay_alpha=&#8220;50&#8243; shift_x=&#8220;0&#8243; shift_y=&#8220;0&#8243; shift_y_down=&#8220;0&#8243; z_index=&#8220;0&#8243; medium_width=&#8220;0&#8243; mobile_width=&#8220;0&#8243; width=&#8220;1\/1&#8243; uncode_shortcode_id=&#8220;150807&#8243;][vc_custom_heading heading_semantic=&#8220;h1&#8243; text_size=&#8220;fontsize-508984&#8243; text_weight=&#8220;800&#8243; uncode_shortcode_id=&#8220;121225&#8243;]Griechenland[\/vc_custom_heading][\/vc_column_inner][\/vc_row_inner][vc_row_inner row_inner_height_percent=&#8220;0&#8243; overlay_alpha=&#8220;50&#8243; gutter_size=&#8220;3&#8243; shift_y=&#8220;0&#8243; z_index=&#8220;0&#8243; mobile_visibility=&#8220;yes&#8220; uncode_shortcode_id=&#8220;145472&#8243; limit_content=&#8220;&#8220;][vc_column_inner width=&#8220;1\/1&#8243;][vc_wp_custommenu nav_menu=&#8220;157&#8243; nav_menu_horizontal=&#8220;1&#8243; use_widget_style=&#8220;yes&#8220; widget_collapse=&#8220;yes&#8220; widget_style_no_arrows=&#8220;yes&#8220;][\/vc_column_inner][\/vc_row_inner][vc_row_inner row_inner_height_percent=&#8220;0&#8243; overlay_alpha=&#8220;50&#8243; gutter_size=&#8220;3&#8243; shift_y=&#8220;0&#8243; z_index=&#8220;0&#8243; desktop_visibility=&#8220;yes&#8220; medium_visibility=&#8220;yes&#8220; uncode_shortcode_id=&#8220;160906&#8243; limit_content=&#8220;&#8220;][vc_column_inner width=&#8220;1\/1&#8243;][vc_wp_custommenu nav_menu=&#8220;157&#8243; nav_menu_horizontal=&#8220;1&#8243; use_widget_style=&#8220;yes&#8220; widget_collapse=&#8220;yes&#8220; widget_style_no_arrows=&#8220;yes&#8220; title=&#8220;Kite &amp; Sail&#8220;][\/vc_column_inner][\/vc_row_inner][vc_row_inner limit_content=&#8220;&#8220;][vc_column_inner column_width_percent=&#8220;100&#8243; position_vertical=&#8220;bottom&#8220; align_horizontal=&#8220;align_center&#8220; gutter_size=&#8220;3&#8243; overlay_alpha=&#8220;50&#8243; shift_x=&#8220;0&#8243; shift_y=&#8220;0&#8243; shift_y_down=&#8220;0&#8243; z_index=&#8220;0&#8243; medium_width=&#8220;0&#8243; mobile_width=&#8220;0&#8243; width=&#8220;1\/1&#8243; uncode_shortcode_id=&#8220;231739&#8243;][vc_icon position=&#8220;bottom&#8220; icon_image=&#8220;2748&#8243; media_size=&#8220;80&#8243; heading_semantic=&#8220;h4&#8243; uncode_shortcode_id=&#8220;100780&#8243; link=&#8220;url:%23info|&#8220;][\/vc_icon][\/vc_column_inner][\/vc_row_inner][\/vc_column][\/vc_row][vc_row row_height_percent=&#8220;0&#8243; override_padding=&#8220;yes&#8220; h_padding=&#8220;3&#8243; top_padding=&#8220;3&#8243; bottom_padding=&#8220;3&#8243; overlay_alpha=&#8220;50&#8243; gutter_size=&#8220;4&#8243; column_width_percent=&#8220;100&#8243; shift_y=&#8220;0&#8243; z_index=&#8220;0&#8243; uncode_shortcode_id=&#8220;196103&#8243;][vc_column column_width_percent=&#8220;100&#8243; gutter_size=&#8220;3&#8243; overlay_alpha=&#8220;50&#8243; shift_x=&#8220;0&#8243; shift_y=&#8220;0&#8243; shift_y_down=&#8220;0&#8243; z_index=&#8220;0&#8243; medium_width=&#8220;0&#8243; mobile_width=&#8220;0&#8243; css_animation=&#8220;bottom-t-top&#8220; width=&#8220;1\/2&#8243; uncode_shortcode_id=&#8220;201894&#8243; css=&#8220;.vc_custom_1673858528385{padding-top: 18px !important;}&#8220;][vc_custom_heading uncode_shortcode_id=&#8220;283154&#8243;]Kite &#8211; &amp; Wingfoilcamp[\/vc_custom_heading][vc_column_text text_lead=&#8220;yes&#8220; uncode_shortcode_id=&#8220;186924&#8243;]Im August machen wir uns auf die Reise zu den Kykladen, einem der besten Kitesurf- und Wingfoil Reviere Griechenlands. Euch erwartet ein einw\u00f6chiges Kite- und Wingfoilcamp mit professioneller Betreuung, bei dem der Wind und die Sonne Eure treuen Begleiter sind. Ihr reist mit leichtem Gep\u00e4ck, denn vor Ort stellen wir euch das neueste Kitesurf-Material von Duotone, Core und Boards von Cube zur Verf\u00fcgung. Abh\u00e4ngig von den Windbedingungen steuern wir verschiedene Spots an, um m\u00f6glichst viel Zeit auf dem Wasser zu verbringen. Der Meltemi, der bekannte Sommerwind der \u00c4g\u00e4is, sorgt f\u00fcr ideale Bedingungen. Durch den konstanten und kr\u00e4ftigen Wind, bieten die Kykladen fortgeschrittenen Fahrern perfekte Voraussetzungen f\u00fcr actionreiche Sessions und Fahrspa\u00df in t\u00fcrkisfarbenen Buchten.[\/vc_column_text][\/vc_column][vc_column column_width_percent=&#8220;100&#8243; gutter_size=&#8220;3&#8243; overlay_color=&#8220;color-xsdn&#8220; overlay_alpha=&#8220;10&#8243; radius=&#8220;xl&#8220; shift_x=&#8220;0&#8243; shift_y=&#8220;0&#8243; shift_y_down=&#8220;0&#8243; z_index=&#8220;0&#8243; medium_width=&#8220;0&#8243; mobile_width=&#8220;0&#8243; css_animation=&#8220;bottom-t-top&#8220; width=&#8220;1\/2&#8243; uncode_shortcode_id=&#8220;100273&#8243; css=&#8220;.vc_custom_1673858534127{padding-top: 20px !important;padding-right: 40px !important;padding-bottom: 40px !important;padding-left: 40px !important;}&#8220; overlay_color_type=&#8220;uncode-palette&#8220;][vc_custom_heading uncode_shortcode_id=&#8220;408934&#8243;]Details[\/vc_custom_heading][vc_button border_animation=&#8220;btn-ripple-out&#8220; outline=&#8220;yes&#8220; border_width=&#8220;0&#8243; link=&#8220;title:09.08.%20-%2016.08.2025%20%20|rel:nofollow|&#8220; uncode_shortcode_id=&#8220;638221&#8243;]Tour 1: 09.08. &#8211; 16.08.2025 [\/vc_button][vc_button border_animation=&#8220;btn-ripple-out&#8220; outline=&#8220;yes&#8220; border_width=&#8220;0&#8243; link=&#8220;url:%23nolink|title:16.08.%20-%2023.08.2025|rel:nofollow|&#8220; uncode_shortcode_id=&#8220;182212&#8243;]Tour 2: 16.08. &#8211; 23.08.2025[\/vc_button][vc_button border_animation=&#8220;btn-ripple-out&#8220; outline=&#8220;yes&#8220; border_width=&#8220;0&#8243; link=&#8220;title:09.11.%20-%2023.11.2024|rel:nofollow|&#8220; uncode_shortcode_id=&#8220;124108&#8243;]Tour 3: 23.08. &#8211; 30.08.2025[\/vc_button][vc_column_text text_lead=&#8220;yes&#8220; uncode_shortcode_id=&#8220;132028&#8243;]<strong>Kite Aktivit\u00e4ten<\/strong><br \/>\n\u2713 6 Tage betreutes Kiten Individuelles Coaching<br \/>\n\u2713 Geeignet f\u00fcr Aufsteiger und Fortgeschrittene \/ VDWS Level 4-7<br \/>\n\u2713 Professionelle Betreuung VDWS-lizensierter Trainer<br \/>\n\u2713 Premium Equipment von Duotone, Core und Cube Boards<br \/>\n\u2713 Kite &amp; Sail Goodie<\/p>\n<p>Optional: Kite Equipment (+250\u20ac pro Woche)<\/p>\n<p><strong>Boot <\/strong><br \/>\n\u2713 Unterbringung im Premium Katamaran Lagoon 42.<br \/>\n\u2713 Skipper &amp; Kitesurf Instruktor<br \/>\n\u2713 Dinghi mit Au\u00dfenbordmotor<br \/>\n\u2713 Yachtversicherung<br \/>\n\u2713 Touristische und lokale Steuern<br \/>\n\u2713 Bettw\u00e4sche und Handt\u00fccher<\/p>\n<p><strong>Prices<br \/>\n<\/strong>2150\u20ac in Doppelkabine<\/p>\n<p><strong>Nicht inklusive:<\/strong><br \/>\nFl\u00fcge sind nicht inkludiert<br \/>\nEssen und Getr\u00e4nke sind nicht inkludiert Diese werden gemeinsam gekauft und am Ende der Reise geteilt.<\/p>\n<p><strong>Mindestanzahl an Teilnehmern,<\/strong> damit die Reise m\u00f6glich ist: 4 Personen pro Woche.[\/vc_column_text][vc_button border_animation=&#8220;btn-ripple-out&#8220; outline=&#8220;yes&#8220; border_width=&#8220;0&#8243; link=&#8220;url:https%3A%2F%2Fbooking.primesurf.com%2Fde%2Fproduct%2Fkite-and-sail-greece|title:Jetzt%20buchen|target:_blank|&#8220; uncode_shortcode_id=&#8220;196735&#8243;]Jetzt buchen[\/vc_button][\/vc_column][\/vc_row][vc_row row_height_percent=&#8220;0&#8243; overlay_alpha=&#8220;50&#8243; gutter_size=&#8220;3&#8243; column_width_percent=&#8220;100&#8243; shift_y=&#8220;0&#8243; z_index=&#8220;0&#8243; mobile_visibility=&#8220;yes&#8220; uncode_shortcode_id=&#8220;182595&#8243;][vc_column column_width_percent=&#8220;100&#8243; gutter_size=&#8220;3&#8243; overlay_alpha=&#8220;50&#8243; shift_x=&#8220;0&#8243; shift_y=&#8220;0&#8243; shift_y_down=&#8220;0&#8243; z_index=&#8220;0&#8243; medium_width=&#8220;0&#8243; mobile_width=&#8220;0&#8243; css_animation=&#8220;bottom-t-top&#8220; width=&#8220;1\/1&#8243; uncode_shortcode_id=&#8220;486197&#8243;][vc_raw_html el_class=&#8220;iframerow&#8220;]PGlmcmFtZSBzdHlsZT0iYm9yZGVyOiBub25lOyIgc3JjPSJodHRwczovL2Jvb2tpbmcucHJpbWVzdXJmLmNvbS93aWRnZXRzL3ByaW1lc3VyZi8\/ZG9tYWluPWJvb2tpbmcucHJpbWVzdXJmLmNvbSZhbXA7bGFuZ3VhZ2U9ZW4mYW1wO2xvY2F0aW9uPTIwOTEiIHdpZHRoPSIxMDAlIiBoZWlnaHQ9IjYwMHZoIj48L2lmcmFtZT4KCg==[\/vc_raw_html][\/vc_column][\/vc_row][vc_row unlock_row_content=&#8220;yes&#8220; row_height_percent=&#8220;100&#8243; override_padding=&#8220;yes&#8220; h_padding=&#8220;0&#8243; top_padding=&#8220;2&#8243; bottom_padding=&#8220;2&#8243; overlay_alpha=&#8220;0&#8243; gutter_size=&#8220;0&#8243; column_width_percent=&#8220;100&#8243; shift_y=&#8220;0&#8243; z_index=&#8220;0&#8243; desktop_visibility=&#8220;yes&#8220; medium_visibility=&#8220;yes&#8220; uncode_shortcode_id=&#8220;104309&#8243; css=&#8220;.vc_custom_1673260732964{border-right-width: 0px !important;border-left-width: 0px !important;padding-right: 0px !important;padding-left: 0px !important;}&#8220;][vc_column column_width_percent=&#8220;100&#8243; gutter_size=&#8220;3&#8243; overlay_color=&#8220;color-xsdn&#8220; overlay_alpha=&#8220;0&#8243; radius=&#8220;lg&#8220; shift_x=&#8220;0&#8243; shift_y=&#8220;0&#8243; shift_y_down=&#8220;0&#8243; z_index=&#8220;0&#8243; medium_width=&#8220;0&#8243; mobile_width=&#8220;0&#8243; css_animation=&#8220;bottom-t-top&#8220; width=&#8220;1\/1&#8243; uncode_shortcode_id=&#8220;159119&#8243; overlay_color_type=&#8220;uncode-palette&#8220;][vc_raw_html el_class=&#8220;iframerow&#8220;]PGlmcmFtZSBzdHlsZT0iYm9yZGVyOiBub25lOyIgc3JjPSJodHRwczovL2Jvb2tpbmcucHJpbWVzdXJmLmNvbS93aWRnZXRzL3ByaW1lc3VyZi8\/ZG9tYWluPWJvb2tpbmcucHJpbWVzdXJmLmNvbSZhbXA7bGFuZ3VhZ2U9ZW4mYW1wO2xvY2F0aW9uPTIwOTEiIHdpZHRoPSIxMDAlIiBoZWlnaHQ9IjYwMHZoIj48L2lmcmFtZT4KCg==[\/vc_raw_html][\/vc_column][\/vc_row][vc_row row_height_percent=&#8220;0&#8243; override_padding=&#8220;yes&#8220; h_padding=&#8220;2&#8243; top_padding=&#8220;3&#8243; bottom_padding=&#8220;2&#8243; overlay_alpha=&#8220;50&#8243; gutter_size=&#8220;3&#8243; column_width_percent=&#8220;100&#8243; shift_y=&#8220;0&#8243; z_index=&#8220;0&#8243; top_divider=&#8220;flow-opacity&#8220; uncode_shortcode_id=&#8220;871496&#8243;][vc_column column_width_percent=&#8220;100&#8243; gutter_size=&#8220;3&#8243; overlay_alpha=&#8220;50&#8243; shift_x=&#8220;0&#8243; shift_y=&#8220;0&#8243; shift_y_down=&#8220;0&#8243; z_index=&#8220;0&#8243; medium_width=&#8220;0&#8243; mobile_visibility=&#8220;yes&#8220; mobile_width=&#8220;0&#8243; width=&#8220;1\/6&#8243; uncode_shortcode_id=&#8220;132098&#8243;][\/vc_column][vc_column column_width_percent=&#8220;100&#8243; gutter_size=&#8220;3&#8243; overlay_alpha=&#8220;50&#8243; shift_x=&#8220;0&#8243; shift_y=&#8220;0&#8243; shift_y_down=&#8220;0&#8243; z_index=&#8220;0&#8243; medium_width=&#8220;0&#8243; mobile_width=&#8220;0&#8243; css_animation=&#8220;bottom-t-top&#8220; width=&#8220;2\/3&#8243; uncode_shortcode_id=&#8220;181427&#8243;][vc_gallery el_id=&#8220;gallery-478160&#8243; type=&#8220;carousel&#8220; random=&#8220;yes&#8220; medias=&#8220;13189&#8243; explode_albums=&#8220;yes&#8220; carousel_lg=&#8220;1&#8243; carousel_md=&#8220;1&#8243; carousel_sm=&#8220;1&#8243; thumb_size=&#8220;three-two&#8220; gutter_size=&#8220;3&#8243; media_items=&#8220;media|lightbox|original&#8220; carousel_interval=&#8220;5000&#8243; carousel_navspeed=&#8220;400&#8243; carousel_loop=&#8220;yes&#8220; carousel_dots=&#8220;yes&#8220; carousel_dots_mobile=&#8220;yes&#8220; stage_padding=&#8220;0&#8243; single_shape=&#8220;round&#8220; radius=&#8220;lg&#8220; single_overlay_opacity=&#8220;1&#8243; single_overlay_anim=&#8220;no&#8220; single_text_anim=&#8220;no&#8220; single_image_anim=&#8220;no&#8220; single_padding=&#8220;2&#8243; single_shadow=&#8220;yes&#8220; shadow_weight=&#8220;sm&#8220; single_border=&#8220;yes&#8220; uncode_shortcode_id=&#8220;133134&#8243;][\/vc_column][vc_column column_width_percent=&#8220;100&#8243; gutter_size=&#8220;3&#8243; overlay_alpha=&#8220;50&#8243; shift_x=&#8220;0&#8243; shift_y=&#8220;0&#8243; shift_y_down=&#8220;0&#8243; z_index=&#8220;0&#8243; medium_width=&#8220;0&#8243; mobile_visibility=&#8220;yes&#8220; mobile_width=&#8220;0&#8243; width=&#8220;1\/6&#8243; uncode_shortcode_id=&#8220;861691&#8243;][\/vc_column][\/vc_row][vc_row row_height_percent=&#8220;0&#8243; override_padding=&#8220;yes&#8220; h_padding=&#8220;3&#8243; top_padding=&#8220;3&#8243; bottom_padding=&#8220;3&#8243; overlay_alpha=&#8220;50&#8243; gutter_size=&#8220;4&#8243; column_width_percent=&#8220;100&#8243; shift_y=&#8220;0&#8243; z_index=&#8220;0&#8243; uncode_shortcode_id=&#8220;196103&#8243;][vc_column column_width_percent=&#8220;100&#8243; gutter_size=&#8220;3&#8243; overlay_alpha=&#8220;50&#8243; shift_x=&#8220;0&#8243; shift_y=&#8220;0&#8243; shift_y_down=&#8220;0&#8243; z_index=&#8220;0&#8243; medium_width=&#8220;0&#8243; mobile_width=&#8220;0&#8243; css_animation=&#8220;bottom-t-top&#8220; width=&#8220;1\/2&#8243; uncode_shortcode_id=&#8220;201894&#8243; css=&#8220;.vc_custom_1673858528385{padding-top: 18px !important;}&#8220;][vc_custom_heading uncode_shortcode_id=&#8220;604948&#8243;]Unser 12 Meter Katamaran[\/vc_custom_heading][vc_column_text text_lead=&#8220;yes&#8220; uncode_shortcode_id=&#8220;443079&#8243;]Unser moderner Katamaran wird f\u00fcr eine Woche euer schwimmendes Zuhause und bietet den perfekten Rahmen f\u00fcr ein entspanntes Leben auf dem Wasser.Auf dem Boot erwarten euch gem\u00fctliche Doppelkabinen mit eigenem Bad und ein gro\u00dfz\u00fcgiger Gemeinschaftsbereich. Jeden Morgen wacht ihr mit einem traumhaften Blick aufs Meer auf und beginnt den Tag direkt mit einem Sprung ins t\u00fcrkisblaue Wasser.<\/p>\n<p>Gemeinsam bereiten wir frische Mahlzeiten aus lokalen Zutaten an Bord zu, die wir an Deck genie\u00dfen, oder wir lassen uns in traditionellen griechischen Tavernen verw\u00f6hnen. Abh\u00e4ngig von Wind und Wetter werden wir direkt vom Boot aus kiten oder mit unserem Dingi zum Strand fahren. Nach einem aktiven Tag laden entspannte Abende an Deck dazu ein, den Sonnenuntergang zu genie\u00dfen und mit etwas Gl\u00fcck schwimmen Delfine in der N\u00e4he vorbei.<\/p>\n<p>F\u00fcr das Segelabenteuer ist keine Erfahrung erforderlich \u2013 unser Skipper Felix freut sich \u00fcber jede helfende Hand und erkl\u00e4rt euch alles, was ihr wissen m\u00fcsst. Dank der Flexibilit\u00e4t unseres Katamarans k\u00f6nnen wir die Route spontan an die besten Windbedingungen anpassen und die sch\u00f6nsten Spots der Kykladen erkunden.<\/p>\n<p>Mit nur 8 Teilnehmern genie\u00dft ihr eine famili\u00e4re und ungezwungene Atmosph\u00e4re, in der unser junges und erfahrenes Team sicherstellt, dass ihr das Leben auf dem Wasser in vollen Z\u00fcgen auskosten k\u00f6nnt.<\/p>\n<p>Mindestanzahl an Teilnehmern, damit die Reise m\u00f6glich ist: 4 Personen pro Woche.[\/vc_column_text][\/vc_column][vc_column column_width_percent=&#8220;100&#8243; gutter_size=&#8220;3&#8243; overlay_color=&#8220;color-xsdn&#8220; overlay_alpha=&#8220;10&#8243; radius=&#8220;xl&#8220; shift_x=&#8220;0&#8243; shift_y=&#8220;0&#8243; shift_y_down=&#8220;0&#8243; z_index=&#8220;0&#8243; medium_width=&#8220;0&#8243; mobile_width=&#8220;0&#8243; css_animation=&#8220;bottom-t-top&#8220; width=&#8220;1\/2&#8243; uncode_shortcode_id=&#8220;100273&#8243; css=&#8220;.vc_custom_1673858534127{padding-top: 20px !important;padding-right: 40px !important;padding-bottom: 40px !important;padding-left: 40px !important;}&#8220; overlay_color_type=&#8220;uncode-palette&#8220;][vc_column_text text_lead=&#8220;yes&#8220; uncode_shortcode_id=&#8220;140570&#8243;]<strong>Dein Zuhause f\u00fcr eine Woche:<\/strong><\/p>\n<ul>\n<li>Wir segeln auf einem modernen Katamaran, ausgestattet mit gem\u00fctlichen Doppelkabinen, jede mit einem eigenen Bad.<\/li>\n<li>Abends bereiten wir unsere Mahlzeiten direkt an Bord oder wir genie\u00dfen die authentische griechische Kulinarik an Land<\/li>\n<li>Mit nur 8 Teilnehmern herrscht eine entspannte, famili\u00e4re Atmosph\u00e4re, in der ihr das Leben auf dem Wasser in vollen Z\u00fcgen genie\u00dfen k\u00f6nnt.<\/li>\n<\/ul>\n<p>[\/vc_column_text][vc_column_text text_lead=&#8220;yes&#8220; uncode_shortcode_id=&#8220;211383&#8243;]<b>Beispiel Route<\/b><\/p>\n<p>Piso Livadi &#8212;- Mikri Viglia &#8212;- Naoussa &#8212;- Antiparos &#8212;- Secretspots &#8212;- Piso Livadi<\/p>\n<p>Es gibt sehr viele Alternativen und Individuelle M\u00f6glichkeiten die Route zu Planen. Die route besprechen wir jeweils am ersten Abend.[\/vc_column_text][\/vc_column][\/vc_row][vc_row][vc_column width=&#8220;1\/1&#8243;][uncode_block id=&#8220;13110&#8243;][\/vc_column][\/vc_row]<\/p>\n<\/div>","protected":false},"excerpt":{"rendered":"<p>[vc_row row_height_percent=&#8220;100&#8243; override_padding=&#8220;yes&#8220; h_padding=&#8220;2&#8243; top_padding=&#8220;0&#8243; bottom_padding=&#8220;0&#8243; back_image=&#8220;13156&#8243; overlay_color=&#8220;color-414649&#8243; overlay_alpha=&#8220;100&#8243; gutter_size=&#8220;3&#8243; column_width_percent=&#8220;100&#8243; shift_y=&#8220;0&#8243; z_index=&#8220;0&#8243; content_parallax=&#8220;0&#8243; uncode_shortcode_id=&#8220;489945&#8243; overlay_color_type=&#8220;uncode-palette&#8220;][vc_column column_width_percent=&#8220;100&#8243; position_vertical=&#8220;bottom&#8220; align_horizontal=&#8220;align_center&#8220; gutter_size=&#8220;3&#8243; [&hellip;]<\/p>\n","protected":false},"author":5,"featured_media":13157,"parent":13201,"menu_order":0,"comment_status":"closed","ping_status":"closed","template":"","meta":{"footnotes":""},"class_list":["post-13212","page","type-page","status-publish","has-post-thumbnail","hentry","page_category-greece-teaser-de"],"_links":{"self":[{"href":"https:\/\/primesurf.com\/de\/wp-json\/wp\/v2\/pages\/13212","targetHints":{"allow":["GET"]}}],"collection":[{"href":"https:\/\/primesurf.com\/de\/wp-json\/wp\/v2\/pages"}],"about":[{"href":"https:\/\/primesurf.com\/de\/wp-json\/wp\/v2\/types\/page"}],"author":[{"embeddable":true,"href":"https:\/\/primesurf.com\/de\/wp-json\/wp\/v2\/users\/5"}],"replies":[{"embeddable":true,"href":"https:\/\/primesurf.com\/de\/wp-json\/wp\/v2\/comments?post=13212"}],"version-history":[{"count":17,"href":"https:\/\/primesurf.com\/de\/wp-json\/wp\/v2\/pages\/13212\/revisions"}],"predecessor-version":[{"id":14276,"href":"https:\/\/primesurf.com\/de\/wp-json\/wp\/v2\/pages\/13212\/revisions\/14276"}],"up":[{"embeddable":true,"href":"https:\/\/primesurf.com\/de\/wp-json\/wp\/v2\/pages\/13201"}],"wp:featuredmedia":[{"embeddable":true,"href":"https:\/\/primesurf.com\/de\/wp-json\/wp\/v2\/media\/13157"}],"wp:attachment":[{"href":"https:\/\/primesurf.com\/de\/wp-json\/wp\/v2\/media?parent=13212"}],"curies":[{"name":"wp","href":"https:\/\/api.w.org\/{rel}","templated":true}]}}