{"id":13021,"date":"2024-10-16T15:43:55","date_gmt":"2024-10-16T15:43:55","guid":{"rendered":"https:\/\/primesurf.com\/?page_id=13021"},"modified":"2025-11-21T10:17:33","modified_gmt":"2025-11-21T10:17:33","slug":"jobs","status":"publish","type":"page","link":"https:\/\/primesurf.com\/de\/about\/jobs\/","title":{"rendered":"Jobs"},"content":{"rendered":"<div class=\"wpb-content-wrapper\"><p>[vc_row row_height_percent=&#8220;0&#8243; override_padding=&#8220;yes&#8220; h_padding=&#8220;2&#8243; top_padding=&#8220;2&#8243; bottom_padding=&#8220;3&#8243; back_image=&#8220;8717&#8243; overlay_alpha=&#8220;50&#8243; gutter_size=&#8220;3&#8243; column_width_percent=&#8220;100&#8243; shift_y=&#8220;0&#8243; z_index=&#8220;0&#8243; enable_bottom_divider=&#8220;default&#8220; bottom_divider=&#8220;gradient&#8220; shape_bottom_h_use_pixel=&#8220;&#8220; shape_bottom_height=&#8220;150&#8243; shape_bottom_color=&#8220;color-440853&#8243; shape_bottom_opacity=&#8220;100&#8243; shape_bottom_index=&#8220;0&#8243; content_parallax=&#8220;0&#8243; uncode_shortcode_id=&#8220;193089&#8243; row_name=&#8220;info&#8220; shape_bottom_color_type=&#8220;uncode-palette&#8220;][vc_column width=&#8220;1\/1&#8243;][vc_empty_space empty_h=&#8220;5&#8243;][vc_custom_heading heading_semantic=&#8220;h1&#8243; text_size=&#8220;fontsize-508984&#8243; text_weight=&#8220;800&#8243; uncode_shortcode_id=&#8220;139381&#8243;]BEWIRB DICH JETZT![\/vc_custom_heading][\/vc_column][\/vc_row][vc_row row_height_percent=&#8220;0&#8243; override_padding=&#8220;yes&#8220; h_padding=&#8220;2&#8243; top_padding=&#8220;2&#8243; bottom_padding=&#8220;3&#8243; overlay_alpha=&#8220;50&#8243; gutter_size=&#8220;3&#8243; column_width_percent=&#8220;100&#8243; shift_y=&#8220;0&#8243; z_index=&#8220;0&#8243; bottom_divider=&#8220;hills-opacity&#8220; content_parallax=&#8220;0&#8243; uncode_shortcode_id=&#8220;197646&#8243; row_name=&#8220;info&#8220;][vc_column width=&#8220;1\/1&#8243;][vc_custom_heading heading_semantic=&#8220;h3&#8243; text_size=&#8220;h3&#8243; uncode_shortcode_id=&#8220;438593&#8243;]Werde Teil unseres Teams und unterst\u00fctze uns an unseren Standorten mit Herz und Leidenschaft![\/vc_custom_heading][vc_column_text text_lead=&#8220;yes&#8220; uncode_shortcode_id=&#8220;338100&#8243;]Unsere Zusammenarbeit ist gepr\u00e4gt von einer gemeinsamen Leidenschaft: dem Kitesurfen. An unseren Standorten bieten wir nicht nur Kitekurse und Schulungen, sondern auch ein entspanntes, famili\u00e4res Umfeld, das von der Passion f\u00fcr Wind, Wasser, Wellen und Gemeinschaft gepr\u00e4gt ist.<\/p>\n<p>Jeder bei Primesurf brennt f\u00fcr das, was er tut. Gemeinsam schaffen wir eine Atmosph\u00e4re, in der unsere G\u00e4ste sich willkommen und unsere Mitarbeitenden sich wertgesch\u00e4tzt f\u00fchlen. Ob im Caf\u00e9 direkt am Spot, oder auf dem Wasser \u2013 bei uns bist du Teil eines einzigartigen Teams, das die Leichtigkeit des Surfens mit einem professionellen Anspruch vereint.[\/vc_column_text][vc_gallery el_id=&#8220;gallery-190568&#8243; type=&#8220;carousel&#8220; random=&#8220;yes&#8220; medias=&#8220;13056&#8243; explode_albums=&#8220;yes&#8220; carousel_lg=&#8220;2&#8243; carousel_md=&#8220;2&#8243; carousel_sm=&#8220;1&#8243; thumb_size=&#8220;four-three&#8220; gutter_size=&#8220;3&#8243; carousel_interval=&#8220;3000&#8243; carousel_navspeed=&#8220;400&#8243; carousel_loop=&#8220;yes&#8220; carousel_overflow=&#8220;yes&#8220; stage_padding=&#8220;0&#8243; single_style=&#8220;dark&#8220; single_overlay_opacity=&#8220;50&#8243; single_padding=&#8220;2&#8243; single_border=&#8220;yes&#8220; uncode_shortcode_id=&#8220;116280&#8243;][\/vc_column][\/vc_row][vc_row row_height_percent=&#8220;0&#8243; overlay_alpha=&#8220;50&#8243; gutter_size=&#8220;3&#8243; column_width_percent=&#8220;100&#8243; shift_y=&#8220;0&#8243; z_index=&#8220;0&#8243; content_parallax=&#8220;0&#8243; uncode_shortcode_id=&#8220;114388&#8243; css=&#8220;.vc_custom_1729097426767{padding-top: 20px !important;padding-right: 40px !important;padding-bottom: 40px !important;padding-left: 40px !important;}&#8220;][vc_column width=&#8220;1\/1&#8243;][vc_custom_heading heading_semantic=&#8220;h4&#8243; text_size=&#8220;h4&#8243; uncode_shortcode_id=&#8220;179495&#8243;]Folgende Qualifikationen solltest du mitbringen:[\/vc_custom_heading][vc_column_text text_lead=&#8220;yes&#8220; uncode_shortcode_id=&#8220;804623&#8243;]<\/p>\n<ul>\n<li>Du bist kommunikativ, offen und hast Freude daran, unseren G\u00e4sten ein L\u00e4cheln ins Gesicht zu zaubern<\/li>\n<li>Zuverl\u00e4ssigkeit, Teamgeist und die F\u00e4higkeit, auch in turbulenten Momenten den \u00dcberblick zu behalten<\/li>\n<li>Du arbeitest selbst\u00e4ndig und gewissenhaft<\/li>\n<li>Flexibilit\u00e4t und Ideenreichtum<\/li>\n<li>Verl\u00e4sslichkeit und der Wille, in einem dynamischen Umfeld mit anzupacken<\/li>\n<\/ul>\n<p>Wir suchen dich![\/vc_column_text][\/vc_column][\/vc_row][vc_row row_height_percent=&#8220;0&#8243; overlay_alpha=&#8220;50&#8243; gutter_size=&#8220;3&#8243; column_width_percent=&#8220;100&#8243; shift_y=&#8220;0&#8243; z_index=&#8220;0&#8243; top_divider=&#8220;hills-opacity&#8220; content_parallax=&#8220;0&#8243; uncode_shortcode_id=&#8220;428676&#8243;][vc_column width=&#8220;1\/1&#8243;][vc_custom_heading uncode_shortcode_id=&#8220;208509&#8243;]Aktuelle Offene Stellen[\/vc_custom_heading][vc_row_inner][vc_column_inner width=&#8220;1\/2&#8243;][vc_button size=&#8220;btn-lg&#8220; radius=&#8220;btn-round&#8220; wide=&#8220;yes&#8220; outline=&#8220;yes&#8220; border_width=&#8220;0&#8243; link=&#8220;url:%23fehmarn&#8220; uncode_shortcode_id=&#8220;702137&#8243; el_id=&#8220;fehmarn&#8220;]Fehmarn[\/vc_button][\/vc_column_inner][vc_column_inner width=&#8220;1\/2&#8243;][vc_button size=&#8220;btn-lg&#8220; radius=&#8220;btn-round&#8220; wide=&#8220;yes&#8220; outline=&#8220;yes&#8220; border_width=&#8220;0&#8243; link=&#8220;url:%23sizilien|title:%23fehmarn&#8220; uncode_shortcode_id=&#8220;180954&#8243;]Sizilien[\/vc_button][\/vc_column_inner][\/vc_row_inner][\/vc_column][\/vc_row][vc_row row_height_percent=&#8220;0&#8243; back_color=&#8220;color-345269&#8243; overlay_alpha=&#8220;50&#8243; gutter_size=&#8220;3&#8243; column_width_percent=&#8220;100&#8243; shift_y=&#8220;0&#8243; z_index=&#8220;0&#8243; enable_top_divider=&#8220;default&#8220; top_divider=&#8220;flow-opacity&#8220; shape_top_h_use_pixel=&#8220;&#8220; shape_top_height=&#8220;150&#8243; shape_top_color=&#8220;color-440853&#8243; shape_top_opacity=&#8220;100&#8243; shape_top_index=&#8220;0&#8243; enable_bottom_divider=&#8220;default&#8220; bottom_divider=&#8220;flow-opacity&#8220; shape_bottom_h_use_pixel=&#8220;&#8220; shape_bottom_height=&#8220;150&#8243; shape_bottom_color=&#8220;color-345269&#8243; shape_bottom_opacity=&#8220;100&#8243; shape_bottom_index=&#8220;0&#8243; desktop_visibility=&#8220;yes&#8220; medium_visibility=&#8220;yes&#8220; mobile_visibility=&#8220;yes&#8220; content_parallax=&#8220;0&#8243; uncode_shortcode_id=&#8220;116621&#8243; shape_top_color_type=&#8220;uncode-palette&#8220; back_color_type=&#8220;uncode-palette&#8220; shape_bottom_color_type=&#8220;uncode-palette&#8220;][vc_column width=&#8220;1\/1&#8243;][vc_empty_space empty_h=&#8220;3&#8243;][vc_custom_heading uncode_shortcode_id=&#8220;870477&#8243; el_id=&#8220;fehmarn&#8220;]Fehmarn: Saison 2026[\/vc_custom_heading][vc_accordion gutter_simple=&#8220;0&#8243; uncode_shortcode_id=&#8220;165932&#8243;][vc_accordion_tab gutter_size=&#8220;2&#8243; column_padding=&#8220;2&#8243; title=&#8220;Kitesurflehrer (m\/w\/d)&#8220; tab_id=&#8220;1729093860638-2-2&#8243;][vc_column_text text_lead=&#8220;yes&#8220; uncode_shortcode_id=&#8220;166450&#8243;]Du liebst es Zeit auf dem Wasser zu verbringen, mit Gleichgesinnten Erfahrungswerte auszutauschen und deine Begeisterung f\u00fcr das Kitesurfen mit anderen zu teilen? Unterst\u00fctze unser Team in Voll- oder Teilzeit als Kite Instructor (m\/w\/d) und stecke unsere G\u00e4ste mit deiner Leidenschaft an.<\/p>\n<p>Deine Aufgaben:<\/p>\n<ul>\n<li>Durchf\u00fchrung von Kitesurfkursen f\u00fcr Anf\u00e4nger und Fortgeschrittene (Einzel- und Gruppenkurse) unter Ber\u00fccksichtigung der individuellen Lernkurven unserer Kursteilnehmer<\/li>\n<li>Durchf\u00fchrung und Organisation unserer Kitecamps<\/li>\n<li>Vermittlung theoretischer und praktischer Kitersurfkenntnisse mit Fokus auf Sicherheit, Technik und Spa\u00df<\/li>\n<li>Auf- und Abbau des Kitematerials, sowie Pflege und Wartung der Ausr\u00fcstung<\/li>\n<li>Aktive Unterst\u00fctzung bei der Organisation des Tagesablaufs (z.B. Terminabstimmung und Kursplanung)<\/li>\n<li>Sicherstellung der Einhaltung von Sicherheitsregeln und -standards auf dem Wasser<\/li>\n<li>F\u00f6rderung der Gemeinschaft und des Teamspirits, sowohl innerhalb des Teams, als auch mit unseren G\u00e4sten (zum Beispiel im Rahmen unserer Kitecamps)<\/li>\n<li>Mit deiner leidenschaftlichen Kitesurfmentalit\u00e4t stellst du sicher, dass unsere G\u00e4ste sich auf dem Wasser wohl f\u00fchlen und zu begeisterten Kitesurfern werden<\/li>\n<\/ul>\n<p>Kontaktiere uns per E-Mail an fehmarn@primesurf.com<br \/>\nWir freuen uns auf deine Bewerbung![\/vc_column_text][\/vc_accordion_tab][vc_accordion_tab title=&#8220;Section&#8220; tab_id=&#8220;1763720071460-1-2&#8243;][vc_column_text text_lead=&#8220;yes&#8220; uncode_shortcode_id=&#8220;137366&#8243;]Du liebst das Meer, hast Freude am Kontakt mit Menschen und suchst nach einem Arbeitsplatz, der Strandfeeling und Gemeinschaft vereint?<br \/>\nUnterst\u00fctze unser Team in Voll- oder Teilzeit als Kommunikationstalent an der Rezeption (m\/w\/d) und erm\u00f6gliche unseren G\u00e4sten unvergessliche Momente auf und am Wasser.<\/p>\n<p>Deine Aufgaben:<\/p>\n<ul>\n<li>Du bist der erste Ansprechpartner f\u00fcr unsere G\u00e4ste \u2013 sowohl pers\u00f6nlich als auch am Telefon und per E-Mail<\/li>\n<li>Du bearbeitest Anfragen und Buchungen f\u00fcr unsere Kitesurfkurse und sorgst f\u00fcr eine reibungslose Kursorganisation<\/li>\n<li>Die Abwicklung des Tagesgesch\u00e4fts und administrativer Aufgaben organisierst durch gewissenhafte Pflege unseres Buchungssystems<\/li>\n<li>F\u00f6rderung der Gemeinschaft und des Teamspirits, sowohl innerhalb des Teams, als auch mit unseren G\u00e4sten<\/li>\n<li>Mit deiner positiven Ausstrahlung stellst du sicher, dass sich unsere G\u00e4ste von der ersten Sekunde an wohlf\u00fchlen<\/li>\n<\/ul>\n<p>Kontaktiere uns per E-Mail an fehmarn@primesurf.com<br \/>\nWir freuen uns auf deine Bewerbung![\/vc_column_text][\/vc_accordion_tab][\/vc_accordion][\/vc_column][\/vc_row][vc_row row_height_percent=&#8220;0&#8243; back_color=&#8220;color-345269&#8243; overlay_alpha=&#8220;50&#8243; gutter_size=&#8220;3&#8243; column_width_percent=&#8220;100&#8243; shift_y=&#8220;0&#8243; z_index=&#8220;0&#8243; enable_top_divider=&#8220;default&#8220; top_divider=&#8220;flow-opacity&#8220; shape_top_h_use_pixel=&#8220;&#8220; shape_top_height=&#8220;150&#8243; shape_top_color=&#8220;color-440853&#8243; shape_top_opacity=&#8220;100&#8243; shape_top_index=&#8220;0&#8243; enable_bottom_divider=&#8220;default&#8220; bottom_divider=&#8220;flow-opacity&#8220; shape_bottom_h_use_pixel=&#8220;&#8220; shape_bottom_height=&#8220;150&#8243; shape_bottom_color=&#8220;color-345269&#8243; shape_bottom_opacity=&#8220;100&#8243; shape_bottom_index=&#8220;0&#8243; content_parallax=&#8220;0&#8243; uncode_shortcode_id=&#8220;205036&#8243; shape_top_color_type=&#8220;uncode-palette&#8220; back_color_type=&#8220;uncode-palette&#8220; shape_bottom_color_type=&#8220;uncode-palette&#8220;][vc_column width=&#8220;1\/1&#8243;][vc_empty_space empty_h=&#8220;3&#8243;][vc_custom_heading uncode_shortcode_id=&#8220;665252&#8243; el_id=&#8220;fehmarn&#8220;]Fehmarn: Saison 2026[\/vc_custom_heading][vc_accordion][vc_accordion_tab gutter_size=&#8220;2&#8243; column_padding=&#8220;2&#8243; title=&#8220;Kite Instructor (m\/w\/d)&#8220; tab_id=&#8220;1729093438-1-419&#8243;][vc_column_text text_lead=&#8220;yes&#8220; uncode_shortcode_id=&#8220;433427&#8243;]Du liebst es Zeit auf dem Wasser zu verbringen, mit Gleichgesinnten Erfahrungswerte auszutauschen und deine Begeisterung f\u00fcr das Kitesurfen mit anderen zu teilen? Unterst\u00fctze unser Team in Voll- oder Teilzeit als Kite Instructor (m\/w\/d) und stecke unsere G\u00e4ste mit deiner Leidenschaft an.<\/p>\n<p>Deine Aufgaben:<\/p>\n<ul>\n<li>Durchf\u00fchrung von Kitesurfkursen f\u00fcr Anf\u00e4nger und Fortgeschrittene (Einzel- und Gruppenkurse) unter Ber\u00fccksichtigung der individuellen Lernkurven unserer Kursteilnehmer<\/li>\n<li>Durchf\u00fchrung und Organisation unserer Kitecamps<\/li>\n<li>Vermittlung theoretischer und praktischer Kitersurfkenntnisse mit Fokus auf Sicherheit, Technik und Spa\u00df<\/li>\n<li>Auf- und Abbau des Kitematerials, sowie Pflege und Wartung der Ausr\u00fcstung<\/li>\n<li>Aktive Unterst\u00fctzung bei der Organisation des Tagesablaufs (z.B. Terminabstimmung und Kursplanung)<\/li>\n<li>Sicherstellung der Einhaltung von Sicherheitsregeln und -standards auf dem Wasser<\/li>\n<li>F\u00f6rderung der Gemeinschaft und des Teamspirits, sowohl innerhalb des Teams, als auch mit unseren G\u00e4sten (zum Beispiel im Rahmen unserer Kitecamps)<\/li>\n<li>Mit deiner leidenschaftlichen Kitesurfmentalit\u00e4t stellst du sicher, dass unsere G\u00e4ste sich auf dem Wasser wohl f\u00fchlen und zu begeisterten Kitesurfern werden<\/li>\n<\/ul>\n<p>Kontaktiere uns per E-Mail an fehmarn@primesurf.com<br \/>\nWir freuen uns auf deine Bewerbung![\/vc_column_text][\/vc_accordion_tab][vc_accordion_tab gutter_size=&#8220;2&#8243; column_padding=&#8220;2&#8243; title=&#8220;Caf\u00e9 Bistro Crewmitglied (m\/w\/d)&#8220; tab_id=&#8220;1729093860638-2-20&#8243;][vc_column_text text_lead=&#8220;yes&#8220; uncode_shortcode_id=&#8220;197338&#8243;]Du liebst die entspannte Strandatmosph\u00e4re, kannst gut mit Menschen und bei dir isst das Auge mit?<br \/>\nUnterst\u00fctze unser Team in Voll- oder Teilzeit als Strandcaf\u00e9 Crewmitglied (m\/w\/d) und sorge daf\u00fcr, dass unsere G\u00e4ste ihren Kaffee und frische Snacks mit dem perfekten Beach-Vibe genie\u00dfen k\u00f6nnen.<\/p>\n<p>Deine Aufgaben:<\/p>\n<ul>\n<li>Du bereitest mit Leidenschaft Kaffeespezialit\u00e4ten, Snacks und kleine Gerichte f\u00fcr unsere G\u00e4ste zu<\/li>\n<li>Du sorgst daf\u00fcr, dass sich unsere G\u00e4ste wohlf\u00fchlen und immer freundlich und schnell bedient werden<\/li>\n<li>Unterst\u00fctzung im t\u00e4glichen Caf\u00e9-Betrieb: von der Bestellannahme \u00fcber die Zubereitung bis hin zum Servieren<\/li>\n<li>Die Kassenabrechnung und das Sauberhalten des Arbeitsbereichs unter der Einhaltung von Hygiene- und Sauberkeitsstandards erledigst du gewissenhaft<\/li>\n<li>F\u00f6rderung der Gemeinschaft und des Teamspirits, sowohl innerhalb des Teams, als auch mit unseren G\u00e4sten<\/li>\n<li>Mit deiner herzlichen Ausstrahlung stellst du sicher, dass in unserem Caf\u00e9 eine einladende Stimmung herrscht, die unsere G\u00e4ste zum Verweilen einl\u00e4dt<\/li>\n<\/ul>\n<p>Kontaktiere uns per E-Mail an fehmarn@primesurf.com<br \/>\nWir freuen uns auf deine Bewerbung![\/vc_column_text][\/vc_accordion_tab][vc_accordion_tab gutter_size=&#8220;2&#8243; column_padding=&#8220;2&#8243; title=&#8220;Caf\u00e9 Bistro Schichtleitung (m\/w\/d)&#8220; tab_id=&#8220;1729093875563-3-83&#8243;][vc_column_text text_lead=&#8220;yes&#8220; uncode_shortcode_id=&#8220;135207&#8243;]Du liebst die entspannte Strandatmosph\u00e4re, kannst gut mit Menschen und hast Erfahrung im Bereich Gastronomie?<br \/>\nUnterst\u00fctze unser Team in Voll- oder Teilzeit als Strandcaf\u00e9 Sichtleitung (m\/w\/d) und sorge daf\u00fcr, dass unsere G\u00e4ste ihren Kaffee und frische Snacks mit dem perfekten Beach-Vibe genie\u00dfen k\u00f6nnen.<\/p>\n<p>Deine Aufgaben:<\/p>\n<ul>\n<li>Du bereitest mit Leidenschaft Kaffeespezialit\u00e4ten, Snacks und kleine Gerichte f\u00fcr unsere G\u00e4ste zu<\/li>\n<li>Du sorgst daf\u00fcr, dass sich unsere G\u00e4ste wohlf\u00fchlen und immer freundlich und schnell bedient werden<\/li>\n<li>Unterst\u00fctzung im t\u00e4glichen Caf\u00e9-Betrieb: von der Bestellannahme \u00fcber die Zubereitung bis hin zum Servieren<\/li>\n<li>Die Kassenabrechnung und das Sauberhalten des Arbeitsbereichs unter der Einhaltung von Hygiene- und Sauberkeitsstandards erledigst du gewissenhaft<\/li>\n<li>Sicherstellung eines fl\u00fcssigen Betriebsablaufs w\u00e4hrend der Schicht, inklusive Koordination der Mitarbeiter im Service, an der Theke und in der K\u00fcche.<\/li>\n<li>Abrechnung und Kassenabschluss am Ende der Schicht.<\/li>\n<li>\u00dcberpr\u00fcfung des Vorrats an Getr\u00e4nken und Lebensmitteln w\u00e4hrend der Schicht, um sicherzustellen, dass keine Engp\u00e4sse entstehen, sowie ggf. Nachbestellungen vorbereiten<\/li>\n<li>Unterst\u00fctzung bei der Einarbeitung und Schulung neuer Teammitglieder<\/li>\n<li>F\u00f6rderung der Gemeinschaft und des Teamspirits, sowohl innerhalb des Teams, als auch mit unseren G\u00e4sten<\/li>\n<li>Mit deiner herzlichen Ausstrahlung stellst du sicher, dass in unserem Caf\u00e9 eine einladende Stimmung herrscht, die unsere G\u00e4ste zum Verweilen einl\u00e4dt<\/li>\n<\/ul>\n<p>Kontaktiere uns per E-Mail an fehmarn@primesurf.com<br \/>\nWir freuen uns auf deine Bewerbung![\/vc_column_text][\/vc_accordion_tab][vc_accordion_tab gutter_size=&#8220;2&#8243; column_padding=&#8220;2&#8243; title=&#8220;Sauberkeitsheld (m\/w\/d) f\u00fcr unser Team gesucht&#8220; tab_id=&#8220;1729093894471-4-73&#8243;][vc_column_text text_lead=&#8220;yes&#8220; uncode_shortcode_id=&#8220;652202&#8243;]Du legst gro\u00dfen Wert auf Sauberkeit und Ordnung und suchst eine verantwortungsvolle T\u00e4tigkeit in einem angenehmen Umfeld? Dann unterst\u00fctze unser Team in Teilzeit oder auf Minijob-Basis als Sauberkeitsheld (m\/w\/d) und trage dazu bei, dass unsere R\u00e4umlichkeiten im G\u00e4stehaus immer blitzblank und einladend sind.<\/p>\n<p>Deine Aufgaben:<br \/>\n\u2022 Du sorgst gewissenhaft daf\u00fcr, dass unsere R\u00e4umlichkeiten (B\u00fcros, Sanit\u00e4rr\u00e4ume, Gemeinschaftsbereiche) sauber und ordentlich sind<br \/>\n\u2022 Reinigung von B\u00f6den, Fenstern, M\u00f6beln, K\u00fcche und Sanit\u00e4ranlagen unter Einhaltung der Hygiene- und Sauberkeitsstandards<br \/>\n\u2022 Abfallentsorgung und Auff\u00fcllen von Verbrauchsmaterialien (z.B. Seife, Papierhandt\u00fccher)<br \/>\n\u2022 Verantwortung f\u00fcr die ordnungsgem\u00e4\u00dfe Pflege und Aufbewahrung der Reinigungsutensilien<br \/>\n\u2022 Du meldest uns rechtzeitig, wenn Reinigungsmittel oder Materialien nachbestellt werden m\u00fcssen<br \/>\n\u2022 Unterst\u00fctzung bei der Einhaltung der Hygienerichtlinien und Sicherstellung eines einladenden Ambientes<\/p>\n<p>Kontaktiere uns per E-Mail an fehmarn@primesurf.com<br \/>\nWir freuen uns auf deine Bewerbung![\/vc_column_text][\/vc_accordion_tab][\/vc_accordion][\/vc_column][\/vc_row][vc_row row_height_percent=&#8220;0&#8243; overlay_alpha=&#8220;50&#8243; gutter_size=&#8220;3&#8243; column_width_percent=&#8220;100&#8243; shift_y=&#8220;0&#8243; z_index=&#8220;0&#8243; enable_top_divider=&#8220;default&#8220; top_divider=&#8220;flow-opacity&#8220; shape_top_h_use_pixel=&#8220;&#8220; shape_top_height=&#8220;150&#8243; shape_top_color=&#8220;color-345269&#8243; shape_top_opacity=&#8220;100&#8243; shape_top_index=&#8220;0&#8243; content_parallax=&#8220;0&#8243; uncode_shortcode_id=&#8220;719108&#8243; shape_top_color_type=&#8220;uncode-palette&#8220; shape_dividers=&#8220;&#8220;][vc_column width=&#8220;1\/1&#8243;][vc_empty_space empty_h=&#8220;3&#8243;][vc_custom_heading uncode_shortcode_id=&#8220;131259&#8243; el_id=&#8220;sizilien&#8220;]Sizilien: Saison 2026[\/vc_custom_heading][vc_accordion][vc_accordion_tab gutter_size=&#8220;2&#8243; column_padding=&#8220;2&#8243; title=&#8220;Kite Instructor (m\/w\/d)&#8220; tab_id=&#8220;1729093438-1-418&#8243;][vc_column_text text_lead=&#8220;yes&#8220; uncode_shortcode_id=&#8220;161601&#8243;]Du liebst es Zeit auf dem Wasser zu verbringen, mit Gleichgesinnten Erfahrungswerte auszutauschen und deine Begeisterung f\u00fcr das Kitesurfen mit anderen zu teilen? Unterst\u00fctze unser Team in Voll- oder Teilzeit als Kite Instructor (m\/w\/d) und stecke unsere G\u00e4ste mit deiner Leidenschaft an.<\/p>\n<p>Deine Aufgaben:<\/p>\n<ul>\n<li>Durchf\u00fchrung von Kitesurfkursen f\u00fcr Anf\u00e4nger und Fortgeschrittene (Einzel- und Gruppenkurse) unter Ber\u00fccksichtigung der individuellen Lernkurven unserer Kursteilnehmer<\/li>\n<li>Durchf\u00fchrung und Organisation unserer Kitecamps<\/li>\n<li>Vermittlung theoretischer und praktischer Kitersurfkenntnisse mit Fokus auf Sicherheit, Technik und Spa\u00df<\/li>\n<li>Auf- und Abbau des Kitematerials, sowie Pflege und Wartung der Ausr\u00fcstung<\/li>\n<li>Aktive Unterst\u00fctzung bei der Organisation des Tagesablaufs (z.B. Terminabstimmung und Kursplanung)<\/li>\n<li>Sicherstellung der Einhaltung von Sicherheitsregeln und -standards auf dem Wasser<\/li>\n<li>F\u00f6rderung der Gemeinschaft und des Teamspirits, sowohl innerhalb des Teams, als auch mit unseren G\u00e4sten (zum Beispiel im Rahmen unserer Kitecamps)<\/li>\n<li>Mit deiner leidenschaftlichen Kitesurfmentalit\u00e4t stellst du sicher, dass unsere G\u00e4ste sich auf dem Wasser wohl f\u00fchlen und zu begeisterten Kitesurfern werden<\/li>\n<\/ul>\n<p>Kontaktiere uns per E-Mail an sicily@primesurf.com<br \/>\nWir freuen uns auf deine Bewerbung![\/vc_column_text][\/vc_accordion_tab][\/vc_accordion][\/vc_column][\/vc_row]<\/p>\n<\/div>","protected":false},"excerpt":{"rendered":"<p>[vc_row row_height_percent=&#8220;0&#8243; override_padding=&#8220;yes&#8220; h_padding=&#8220;2&#8243; top_padding=&#8220;2&#8243; bottom_padding=&#8220;3&#8243; back_image=&#8220;8717&#8243; overlay_alpha=&#8220;50&#8243; gutter_size=&#8220;3&#8243; column_width_percent=&#8220;100&#8243; shift_y=&#8220;0&#8243; z_index=&#8220;0&#8243; enable_bottom_divider=&#8220;default&#8220; bottom_divider=&#8220;gradient&#8220; shape_bottom_h_use_pixel=&#8220;&#8220; shape_bottom_height=&#8220;150&#8243; shape_bottom_color=&#8220;color-440853&#8243; shape_bottom_opacity=&#8220;100&#8243; shape_bottom_index=&#8220;0&#8243; content_parallax=&#8220;0&#8243; [&hellip;]<\/p>\n","protected":false},"author":5,"featured_media":10798,"parent":10028,"menu_order":0,"comment_status":"closed","ping_status":"closed","template":"","meta":{"footnotes":""},"class_list":["post-13021","page","type-page","status-publish","has-post-thumbnail","hentry","page_category-about-teaser-de"],"_links":{"self":[{"href":"https:\/\/primesurf.com\/de\/wp-json\/wp\/v2\/pages\/13021","targetHints":{"allow":["GET"]}}],"collection":[{"href":"https:\/\/primesurf.com\/de\/wp-json\/wp\/v2\/pages"}],"about":[{"href":"https:\/\/primesurf.com\/de\/wp-json\/wp\/v2\/types\/page"}],"author":[{"embeddable":true,"href":"https:\/\/primesurf.com\/de\/wp-json\/wp\/v2\/users\/5"}],"replies":[{"embeddable":true,"href":"https:\/\/primesurf.com\/de\/wp-json\/wp\/v2\/comments?post=13021"}],"version-history":[{"count":55,"href":"https:\/\/primesurf.com\/de\/wp-json\/wp\/v2\/pages\/13021\/revisions"}],"predecessor-version":[{"id":14549,"href":"https:\/\/primesurf.com\/de\/wp-json\/wp\/v2\/pages\/13021\/revisions\/14549"}],"up":[{"embeddable":true,"href":"https:\/\/primesurf.com\/de\/wp-json\/wp\/v2\/pages\/10028"}],"wp:featuredmedia":[{"embeddable":true,"href":"https:\/\/primesurf.com\/de\/wp-json\/wp\/v2\/media\/10798"}],"wp:attachment":[{"href":"https:\/\/primesurf.com\/de\/wp-json\/wp\/v2\/media?parent=13021"}],"curies":[{"name":"wp","href":"https:\/\/api.w.org\/{rel}","templated":true}]}}