{"id":10012,"date":"2023-10-21T10:12:20","date_gmt":"2023-10-21T10:12:20","guid":{"rendered":"https:\/\/primesurf.com\/?page_id=10012"},"modified":"2024-09-17T08:34:16","modified_gmt":"2024-09-17T08:34:16","slug":"vdws-instructor-training","status":"publish","type":"page","link":"https:\/\/primesurf.com\/de\/about\/vdws-instructor-training\/","title":{"rendered":"VDWS Instructor Training"},"content":{"rendered":"<div class=\"wpb-content-wrapper\"><p>[vc_row row_height_percent=&#8220;70&#8243; override_padding=&#8220;yes&#8220; h_padding=&#8220;2&#8243; top_padding=&#8220;5&#8243; bottom_padding=&#8220;5&#8243; back_image=&#8220;10033&#8243; overlay_alpha=&#8220;80&#8243; gutter_size=&#8220;3&#8243; column_width_percent=&#8220;100&#8243; shift_y=&#8220;0&#8243; z_index=&#8220;0&#8243; enable_bottom_divider=&#8220;default&#8220; bottom_divider=&#8220;gradient&#8220; shape_bottom_flip=&#8220;yes&#8220; shape_bottom_h_use_pixel=&#8220;&#8220; shape_bottom_height=&#8220;150&#8243; shape_bottom_color=&#8220;color-440853&#8243; shape_bottom_opacity=&#8220;100&#8243; shape_bottom_index=&#8220;0&#8243; medium_visibility=&#8220;yes&#8220; uncode_shortcode_id=&#8220;206604&#8243; shape_bottom_color_type=&#8220;uncode-palette&#8220; row_name=&#8220;About Menu&#8220;][vc_column column_width_percent=&#8220;100&#8243; position_vertical=&#8220;middle&#8220; align_horizontal=&#8220;align_center&#8220; gutter_size=&#8220;2&#8243; style=&#8220;dark&#8220; overlay_alpha=&#8220;50&#8243; shift_x=&#8220;0&#8243; shift_y=&#8220;0&#8243; shift_y_down=&#8220;0&#8243; z_index=&#8220;0&#8243; medium_width=&#8220;0&#8243; mobile_width=&#8220;0&#8243; width=&#8220;1\/1&#8243; uncode_shortcode_id=&#8220;170868&#8243;][vc_custom_heading heading_semantic=&#8220;h1&#8243; text_size=&#8220;fontsize-822782&#8243; uncode_shortcode_id=&#8220;203086&#8243;]VDWS Instructor Training[\/vc_custom_heading][\/vc_column][\/vc_row][vc_row row_height_percent=&#8220;100&#8243; override_padding=&#8220;yes&#8220; h_padding=&#8220;2&#8243; top_padding=&#8220;0&#8243; bottom_padding=&#8220;0&#8243; back_image=&#8220;10033&#8243; overlay_color=&#8220;color-568525&#8243; overlay_alpha=&#8220;100&#8243; gutter_size=&#8220;3&#8243; column_width_percent=&#8220;100&#8243; shift_y=&#8220;0&#8243; z_index=&#8220;0&#8243; enable_bottom_divider=&#8220;default&#8220; bottom_divider=&#8220;gradient&#8220; shape_bottom_h_use_pixel=&#8220;&#8220; shape_bottom_height=&#8220;150&#8243; shape_bottom_color=&#8220;color-440853&#8243; shape_bottom_opacity=&#8220;100&#8243; shape_bottom_index=&#8220;0&#8243; desktop_visibility=&#8220;yes&#8220; mobile_visibility=&#8220;yes&#8220; uncode_shortcode_id=&#8220;121524&#8243; overlay_color_type=&#8220;uncode-palette&#8220; shape_bottom_color_type=&#8220;uncode-palette&#8220; row_height_pixel=&#8220;600&#8243;][vc_column column_width_percent=&#8220;100&#8243; position_vertical=&#8220;bottom&#8220; align_horizontal=&#8220;align_center&#8220; gutter_size=&#8220;3&#8243; overlay_alpha=&#8220;50&#8243; shift_x=&#8220;0&#8243; shift_y=&#8220;0&#8243; shift_y_down=&#8220;0&#8243; z_index=&#8220;0&#8243; medium_width=&#8220;0&#8243; mobile_width=&#8220;0&#8243; width=&#8220;1\/1&#8243; uncode_shortcode_id=&#8220;580239&#8243;][vc_custom_heading heading_semantic=&#8220;h1&#8243; text_size=&#8220;fontsize-508984&#8243; text_weight=&#8220;800&#8243; uncode_shortcode_id=&#8220;208952&#8243;]VDWS Instructor Training[\/vc_custom_heading][\/vc_column][\/vc_row][vc_row row_height_percent=&#8220;0&#8243; override_padding=&#8220;yes&#8220; h_padding=&#8220;2&#8243; top_padding=&#8220;3&#8243; bottom_padding=&#8220;3&#8243; back_color=&#8220;color-440853&#8243; overlay_alpha=&#8220;50&#8243; gutter_size=&#8220;3&#8243; column_width_percent=&#8220;100&#8243; shift_y=&#8220;0&#8243; z_index=&#8220;0&#8243; bottom_divider=&#8220;hills-opacity&#8220; uncode_shortcode_id=&#8220;587158&#8243; back_color_type=&#8220;uncode-palette&#8220;][vc_column width=&#8220;3\/4&#8243;][vc_column_text text_lead=&#8220;yes&#8220; uncode_shortcode_id=&#8220;127299&#8243;]Bist du ein begeisterter Kitesurfer und hast Lust, dein Wissen mit anderen Kitefans zu teilen? Verbringst du gerne Zeit im Freien?<br \/>\nMache gemeinsam mit uns und dem VDWS (Verband Deutscher Wassersport Schulen e.V.) dein Hobby zum Beruf![\/vc_column_text][vc_column_text text_lead=&#8220;yes&#8220; uncode_shortcode_id=&#8220;165151&#8243;]Der VDWS repr\u00e4sentiert ein gro\u00dfes Wassersportnetzwerk. Der Verband konzentriert sich auf verschiedene Aktivit\u00e4ten, darunter die Ausbildung von Wassersportlehrern, die Unterst\u00fctzung von Wassersportschulen, die Gew\u00e4hrleistung hoher Qualit\u00e4tsstandards in der Ausbildung, die kontinuierliche Pflege und Verbesserung des Basislizenzsystems, die Bereitstellung von Dienstleistungen und Produkten, sowie die Vertretung der Interessen von Wassersportlehrern und Wassersportschulen.<\/p>\n<p>Das vielseitige VDWS-Ausbildungssystem f\u00fcr Wassersportlehrer bietet die M\u00f6glichkeit, ein ma\u00dfgeschneidertes Berufsprofil zu entwickeln und kontinuierlich auszubauen. So kannst du als VDWS-Instructor w\u00e4hrend deiner Ausbildung spezifische Kenntnisse aufbauen, die du in deiner Unterrichtst\u00e4tigkeit f\u00fcr Anf\u00e4nger und Fortgeschrittene weitergibst. Die VDWS-Instruktorenausbildung wird durch verschiedene M\u00f6glichkeiten der beruflichen Weiterbildung erg\u00e4nzt.<\/p>\n<p>Untenstehende \u00dcbersicht zeigt die verschiedenen Teile einer Kiteboarding-Instructor-Ausbildung mit dem VDWS, die wir als VDWS-Partner an unseren Spots in Sizilien und El Gouna unterst\u00fctzen.<\/p>\n<p>Kiteboarding-Lehrer tragen die entscheidende Verantwortung f\u00fcr die Sicherheit und den Fortschritt ihrer Sch\u00fcler auf dem Wasser. Sie m\u00fcssen in der Lage sein, schnelle und fundierte Entscheidungen zu treffen, ihre Sch\u00fcler st\u00e4ndig im Auge zu behalten und stets aufmerksam sein.<\/p>\n<p>Wenn du die Ausbildungsstufen durchl\u00e4ufst und damit die offizielle Instruktorenzertifizierung erh\u00e4ltst, bist du qualifiziert, in jeder VDWS-Partnerschule Sch\u00fcler im Kitesurfen zu unterrichten.<\/p>\n<p>Diese allgemeinen Voraussetzungen sollten f\u00fcr die Ausbilderschulung bei uns erf\u00fcllt sein:<\/p>\n<blockquote><p>Starke Leidenschaft f\u00fcr das Kitesurfen<\/p>\n<p>Gute k\u00f6rperliche Fitness und Kite-Kenntnisse<\/p>\n<p>Flie\u00dfende Beherrschung der deutschen und englischen Sprache<\/p>\n<p>Pflichtbewusstsein und Zuverl\u00e4ssigkeit<\/p><\/blockquote>\n<p>Starte deine VDWS-Instructor-Ausbildung an unseren Standorten in Sizilien (Italien) oder in El Gouna (\u00c4gypten), weitere Informationen zu den Ausbildungen und Ausbildungsterminen vor Ort findest du auf der VDWS-Website:<\/p>\n<p><a href=\"https:\/\/www.vdws.de\/instructorenausbildung\" target=\"_blank\" rel=\"noopener\">https:\/\/www.vdws.de\/instructorenausbildung<\/a>[\/vc_column_text][\/vc_column][\/vc_row][vc_row row_height_percent=&#8220;0&#8243; override_padding=&#8220;yes&#8220; h_padding=&#8220;2&#8243; top_padding=&#8220;3&#8243; bottom_padding=&#8220;3&#8243; back_color=&#8220;color-440853&#8243; overlay_alpha=&#8220;50&#8243; gutter_size=&#8220;3&#8243; column_width_percent=&#8220;100&#8243; shift_y=&#8220;0&#8243; z_index=&#8220;0&#8243; bottom_divider=&#8220;hills-opacity&#8220; uncode_shortcode_id=&#8220;587158&#8243; back_color_type=&#8220;uncode-palette&#8220;][vc_column width=&#8220;1\/1&#8243;][\/vc_column][\/vc_row][vc_row row_height_percent=&#8220;0&#8243; override_padding=&#8220;yes&#8220; h_padding=&#8220;2&#8243; top_padding=&#8220;2&#8243; bottom_padding=&#8220;0&#8243; back_color=&#8220;color-345269&#8243; overlay_color=&#8220;color-345269&#8243; overlay_alpha=&#8220;100&#8243; gutter_size=&#8220;3&#8243; column_width_percent=&#8220;100&#8243; shift_y=&#8220;0&#8243; z_index=&#8220;0&#8243; enable_top_divider=&#8220;default&#8220; top_divider=&#8220;hills-opacity&#8220; shape_top_h_use_pixel=&#8220;&#8220; shape_top_height=&#8220;150&#8243; shape_top_color=&#8220;color-440853&#8243; shape_top_opacity=&#8220;100&#8243; shape_top_index=&#8220;0&#8243; bottom_divider=&#8220;hills-opacity&#8220; uncode_shortcode_id=&#8220;173008&#8243; row_name=&#8220;Team&#8220; overlay_color_type=&#8220;uncode-palette&#8220; shape_top_color_type=&#8220;uncode-palette&#8220; back_color_type=&#8220;uncode-palette&#8220;][vc_column width=&#8220;3\/4&#8243;][vc_empty_space empty_h=&#8220;5&#8243;][\/vc_column][vc_column column_width_percent=&#8220;100&#8243; position_vertical=&#8220;middle&#8220; gutter_size=&#8220;3&#8243; overlay_alpha=&#8220;50&#8243; shift_x=&#8220;0&#8243; shift_y=&#8220;0&#8243; shift_y_down=&#8220;0&#8243; z_index=&#8220;0&#8243; medium_width=&#8220;0&#8243; mobile_width=&#8220;0&#8243; width=&#8220;1\/4&#8243; uncode_shortcode_id=&#8220;134615&#8243;][vc_single_image media=&#8220;11890&#8243; media_width_percent=&#8220;100&#8243; uncode_shortcode_id=&#8220;124308&#8243; media_link=&#8220;url:https%3A%2F%2Fwww.vdws.de%2Fwassersportcenter%2Fprimesurf-fehmarn&#8220;][\/vc_column][\/vc_row][vc_row row_height_percent=&#8220;0&#8243; override_padding=&#8220;yes&#8220; h_padding=&#8220;2&#8243; top_padding=&#8220;3&#8243; bottom_padding=&#8220;5&#8243; back_color=&#8220;color-345269&#8243; overlay_alpha=&#8220;100&#8243; gutter_size=&#8220;100&#8243; column_width_percent=&#8220;100&#8243; shift_y=&#8220;0&#8243; z_index=&#8220;0&#8243; top_divider=&#8220;hills-opacity&#8220; bottom_divider=&#8220;hills-opacity&#8220; style=&#8220;inherited&#8220; uncode_shortcode_id=&#8220;205859&#8243; back_color_type=&#8220;uncode-palette&#8220;][vc_column column_width_percent=&#8220;100&#8243; align_horizontal=&#8220;align_center&#8220; gutter_size=&#8220;3&#8243; overlay_alpha=&#8220;50&#8243; shift_x=&#8220;0&#8243; shift_y=&#8220;0&#8243; shift_y_down=&#8220;0&#8243; z_index=&#8220;0&#8243; medium_width=&#8220;0&#8243; mobile_width=&#8220;0&#8243; css_animation=&#8220;bottom-t-top&#8220; animation_speed=&#8220;400&#8243; animation_delay=&#8220;200&#8243; width=&#8220;1\/2&#8243; uncode_shortcode_id=&#8220;519122&#8243;][vc_single_image media=&#8220;10841&#8243; caption=&#8220;yes&#8220; media_width_percent=&#8220;100&#8243; media_ratio=&#8220;four-three&#8220; alignment=&#8220;center&#8220; shape=&#8220;img-round&#8220; radius=&#8220;lg&#8220; lbox_social=&#8220;yes&#8220; uncode_shortcode_id=&#8220;311710&#8243; media_link=&#8220;target:_blank&#8220;][\/vc_column][vc_column width=&#8220;1\/2&#8243;][vc_custom_heading text_size=&#8220;h3&#8243; text_weight=&#8220;800&#8243; sub_lead=&#8220;yes&#8220; sub_reduced=&#8220;yes&#8220; uncode_shortcode_id=&#8220;652358&#8243;]<b>Bevor wir in die Details unserer Instruktorenausbildung eintauchen, m\u00f6chten wir Ihnen das VDWS SafetyTool vorstellen \u2013 Ihren ultimativen Schutz auf dem Wasser<\/b>[\/vc_custom_heading][vc_column_text uncode_shortcode_id=&#8220;141583&#8243;]Die richtige Versicherung ist entscheidend, wenn man Wassersportarten aus\u00fcbt. Unf\u00e4lle k\u00f6nnen passieren, und eine angemessene Versicherung sch\u00fctzt dich vor m\u00f6glichen finanziellen Verlusten. Eine Versicherung ist unerl\u00e4sslich, da sie sowohl Personensch\u00e4den als auch Sachsch\u00e4den abdeckt, was dich im Falle eines Vorfalls vor erheblichen Kosten bewahren kann.<\/p>\n<ul>\n<li>Gemietetes Sportequipment \/ Boote: Versicherungsschutz f\u00fcr gemietetes Sportequipment und Boote<\/li>\n<li>Umfassender Schutz f\u00fcr gemietetes Equipment: Sch\u00fctzt vor Sch\u00e4den an gegen Geb\u00fchr gemietetem Sportequipment<\/li>\n<li>Haftpflichtschutz f\u00fcr eigenes Equipment: Deckt die Haftung bei der Nutzung eigener Sportger\u00e4te ab<\/li>\n<li>Haftpflichtschutz f\u00fcr gemietetes Equipment: Deckt die Haftung bei der Nutzung gemieteten Sportequipments ab<\/li>\n<li>Unfallversicherung: Bietet Schutz im Falle einer pers\u00f6nlichen Verletzung w\u00e4hrend sportlicher Aktivit\u00e4ten<\/li>\n<li>Erschwinglich: Die VDWS Safetytool-Versicherung beginnt bereits ab 39,00 EUR pro Jahr<\/li>\n<\/ul>\n<p>[\/vc_column_text][vc_button outline=&#8220;yes&#8220; border_width=&#8220;0&#8243; link=&#8220;url:https%3A%2F%2Fcp.vdws.de%2Fsafetytool%2Findex%2FVS16029|target:_blank|&#8220; uncode_shortcode_id=&#8220;169145&#8243;]VDWS Safetytool[\/vc_button][\/vc_column][\/vc_row][vc_row row_height_percent=&#8220;0&#8243; override_padding=&#8220;yes&#8220; h_padding=&#8220;2&#8243; top_padding=&#8220;3&#8243; bottom_padding=&#8220;5&#8243; back_color=&#8220;color-345269&#8243; overlay_alpha=&#8220;100&#8243; gutter_size=&#8220;100&#8243; column_width_percent=&#8220;100&#8243; shift_y=&#8220;0&#8243; z_index=&#8220;0&#8243; top_divider=&#8220;hills-opacity&#8220; bottom_divider=&#8220;hills-opacity&#8220; style=&#8220;inherited&#8220; uncode_shortcode_id=&#8220;107797&#8243; back_color_type=&#8220;uncode-palette&#8220;][vc_column column_width_percent=&#8220;100&#8243; align_horizontal=&#8220;align_center&#8220; gutter_size=&#8220;3&#8243; overlay_alpha=&#8220;50&#8243; shift_x=&#8220;0&#8243; shift_y=&#8220;0&#8243; shift_y_down=&#8220;0&#8243; z_index=&#8220;0&#8243; medium_width=&#8220;0&#8243; mobile_width=&#8220;0&#8243; css_animation=&#8220;bottom-t-top&#8220; animation_speed=&#8220;400&#8243; animation_delay=&#8220;200&#8243; width=&#8220;1\/2&#8243; uncode_shortcode_id=&#8220;519122&#8243;][vc_single_image media=&#8220;10063&#8243; caption=&#8220;yes&#8220; media_width_percent=&#8220;100&#8243; media_ratio=&#8220;four-three&#8220; alignment=&#8220;center&#8220; shape=&#8220;img-round&#8220; radius=&#8220;lg&#8220; lbox_social=&#8220;yes&#8220; uncode_shortcode_id=&#8220;110375&#8243; media_link=&#8220;target:_blank&#8220;][\/vc_column][vc_column width=&#8220;1\/2&#8243;][vc_custom_heading text_size=&#8220;h3&#8243; text_weight=&#8220;800&#8243; sub_lead=&#8220;yes&#8220; sub_reduced=&#8220;yes&#8220; uncode_shortcode_id=&#8220;173728&#8243;]<b>Watersport<\/b> <b>Assistant<\/b>[\/vc_custom_heading][vc_column_text text_lead=&#8220;yes&#8220; uncode_shortcode_id=&#8220;102721&#8243;]<\/p>\n<ul>\n<li>Ausbildungszeit: 2-8 Wochen<\/li>\n<li>Voraussetzung: Mindestalter 16 Jahre, Bestehen des theoretischen und praktischen Teils des VDWS-Grundscheins<\/li>\n<li>Sei eine helfende Hand in einer unserer Kiteschulen, lerne die internen Abl\u00e4ufe und die t\u00e4gliche Lehrerarbeit kennen, wie z.B.: Schulorganisation und -verleih, Sicherheitskonzepte, Kundenkontakt, Material und Service, Wartung und Reparatur, Einsteigerkurse<\/li>\n<li>Melde dich \u00fcber die Kiteschule an, die deine Leistungen dokumentiert und mit dem VDWS f\u00fcr dich abspricht<\/li>\n<li>Vorteile: Du erh\u00e4ltst eine Vollmitgliedschaft im VDWS f\u00fcr die folgenden zwei Jahre und sicherst dir Rabatte f\u00fcr die darauf folgenden Ausbildungsstufen<\/li>\n<\/ul>\n<p>[\/vc_column_text][vc_button outline=&#8220;yes&#8220; border_width=&#8220;0&#8243; link=&#8220;url:https%3A%2F%2Fwww.vdws.de%2Finstructorenausbildung|target:_blank|&#8220; uncode_shortcode_id=&#8220;260634&#8243;]Watersport Assistant[\/vc_button][\/vc_column][\/vc_row][vc_row row_height_percent=&#8220;0&#8243; override_padding=&#8220;yes&#8220; h_padding=&#8220;2&#8243; top_padding=&#8220;3&#8243; bottom_padding=&#8220;5&#8243; back_color=&#8220;color-345269&#8243; overlay_alpha=&#8220;100&#8243; gutter_size=&#8220;100&#8243; column_width_percent=&#8220;100&#8243; shift_y=&#8220;0&#8243; z_index=&#8220;0&#8243; top_divider=&#8220;hills-opacity&#8220; bottom_divider=&#8220;hills-opacity&#8220; style=&#8220;inherited&#8220; uncode_shortcode_id=&#8220;107797&#8243; back_color_type=&#8220;uncode-palette&#8220;][vc_column column_width_percent=&#8220;100&#8243; align_horizontal=&#8220;align_center&#8220; gutter_size=&#8220;3&#8243; overlay_alpha=&#8220;50&#8243; shift_x=&#8220;0&#8243; shift_y=&#8220;0&#8243; shift_y_down=&#8220;0&#8243; z_index=&#8220;0&#8243; medium_width=&#8220;0&#8243; mobile_width=&#8220;0&#8243; css_animation=&#8220;bottom-t-top&#8220; animation_speed=&#8220;400&#8243; animation_delay=&#8220;200&#8243; width=&#8220;1\/2&#8243; uncode_shortcode_id=&#8220;519122&#8243;][vc_single_image media=&#8220;10061&#8243; caption=&#8220;yes&#8220; media_width_percent=&#8220;100&#8243; media_ratio=&#8220;four-three&#8220; alignment=&#8220;center&#8220; shape=&#8220;img-round&#8220; radius=&#8220;lg&#8220; lbox_social=&#8220;yes&#8220; uncode_shortcode_id=&#8220;574608&#8243; media_link=&#8220;target:_blank&#8220;][\/vc_column][vc_column width=&#8220;1\/2&#8243;][vc_custom_heading text_size=&#8220;h3&#8243; text_weight=&#8220;800&#8243; sub_lead=&#8220;yes&#8220; sub_reduced=&#8220;yes&#8220; uncode_shortcode_id=&#8220;602848&#8243;]<b>Level 1 <\/b><b>Kiteboarding<\/b> <b>Instructor<\/b>[\/vc_custom_heading][vc_column_text uncode_shortcode_id=&#8220;764219&#8243;]<\/p>\n<ul>\n<li>Ausbildungszeit: 8 Tage<\/li>\n<li>Voraussetzung: Mindestalter 18 Jahre, VDWS-Grundlizenz Stufe 6, VDWS-Mitgliedschaft<\/li>\n<li>Bestehen der praktischen und theoretischen Pr\u00fcfung sowie der Lehrprobe am Ende des VDWS-Ausbilderkurses.<\/li>\n<li>Melde dich f\u00fcr einen der Ausbilderkurse auf der VDWS-Website an<\/li>\n<\/ul>\n<p>[\/vc_column_text][vc_button outline=&#8220;yes&#8220; border_width=&#8220;0&#8243; link=&#8220;url:https%3A%2F%2Fwww.vdws.de%2Finstructorenausbildung%2Fkite-instructor%2Flevel-1-kitesurfen|target:_blank|&#8220; uncode_shortcode_id=&#8220;942635&#8243;]Level 1 Kiteboarding Instructor Seminar[\/vc_button][\/vc_column][\/vc_row][vc_row row_height_percent=&#8220;0&#8243; override_padding=&#8220;yes&#8220; h_padding=&#8220;2&#8243; top_padding=&#8220;3&#8243; bottom_padding=&#8220;5&#8243; back_color=&#8220;color-345269&#8243; overlay_alpha=&#8220;100&#8243; gutter_size=&#8220;100&#8243; column_width_percent=&#8220;100&#8243; shift_y=&#8220;0&#8243; z_index=&#8220;0&#8243; top_divider=&#8220;hills-opacity&#8220; bottom_divider=&#8220;hills-opacity&#8220; style=&#8220;inherited&#8220; uncode_shortcode_id=&#8220;107797&#8243; back_color_type=&#8220;uncode-palette&#8220;][vc_column column_width_percent=&#8220;100&#8243; align_horizontal=&#8220;align_center&#8220; gutter_size=&#8220;3&#8243; overlay_alpha=&#8220;50&#8243; shift_x=&#8220;0&#8243; shift_y=&#8220;0&#8243; shift_y_down=&#8220;0&#8243; z_index=&#8220;0&#8243; medium_width=&#8220;0&#8243; mobile_width=&#8220;0&#8243; css_animation=&#8220;bottom-t-top&#8220; animation_speed=&#8220;400&#8243; animation_delay=&#8220;200&#8243; width=&#8220;1\/2&#8243; uncode_shortcode_id=&#8220;519122&#8243;][vc_single_image media=&#8220;10057&#8243; caption=&#8220;yes&#8220; media_width_percent=&#8220;100&#8243; media_ratio=&#8220;four-three&#8220; alignment=&#8220;center&#8220; shape=&#8220;img-round&#8220; radius=&#8220;lg&#8220; lbox_social=&#8220;yes&#8220; uncode_shortcode_id=&#8220;128424&#8243; media_link=&#8220;target:_blank&#8220;][\/vc_column][vc_column width=&#8220;1\/2&#8243;][vc_custom_heading heading_semantic=&#8220;h1&#8243; text_size=&#8220;h3&#8243; text_weight=&#8220;800&#8243; sub_lead=&#8220;yes&#8220; sub_reduced=&#8220;yes&#8220; uncode_shortcode_id=&#8220;162127&#8243;]<b>Level 2 <\/b><b>Kiteboarding<\/b> <b>Instructor<\/b>[\/vc_custom_heading][vc_column_text text_lead=&#8220;yes&#8220; uncode_shortcode_id=&#8220;153882&#8243;]<\/p>\n<ul>\n<li>Ausbildungszeit: 50-100 Stunden (je nachdem, ob du bereits Wassersportassistent bist)<\/li>\n<li>Voraussetzungen: Erfolgreich bestandene Level 1 Kiteboarding Instructor Pr\u00fcfung, Erste Hilfe und Rettungszertifikate<\/li>\n<li>Arbeite mit unseren erfahrenen Ausbildern zusammen, die ihre Erfahrungen an dich weitergeben, z.B. Analyse des Unterrichts und seiner Besonderheiten, Planung, Durchf\u00fchrung und Reflexion des eigenen Unterrichts, B\u00fcrounterst\u00fctzung, Reparaturen, Rettungsaktionen, Verleih, Kundenkontakt, Umgang mit VDWS-Lizenzen<\/li>\n<li>Absolviere die Abschlusspr\u00fcfung mit deinem Praktikumsbetreuer<\/li>\n<li>Stimme dich mit der Praktikumsstelle deiner Wahl ab und lege die Vertragsdetails fest<\/li>\n<\/ul>\n<p>[\/vc_column_text][vc_button outline=&#8220;yes&#8220; border_width=&#8220;0&#8243; link=&#8220;url:https%3A%2F%2Fwww.vdws.de%2Finstructorenausbildung%2Fkite-instructor%2Flevel-2-kitesurfen|target:_blank|&#8220; uncode_shortcode_id=&#8220;439652&#8243;]Level 2 Kiteboarding Instructor Training[\/vc_button][\/vc_column][\/vc_row][vc_row row_height_percent=&#8220;0&#8243; override_padding=&#8220;yes&#8220; h_padding=&#8220;2&#8243; top_padding=&#8220;3&#8243; bottom_padding=&#8220;5&#8243; back_color=&#8220;color-345269&#8243; overlay_alpha=&#8220;100&#8243; gutter_size=&#8220;100&#8243; column_width_percent=&#8220;100&#8243; shift_y=&#8220;0&#8243; z_index=&#8220;0&#8243; top_divider=&#8220;hills-opacity&#8220; enable_bottom_divider=&#8220;default&#8220; bottom_divider=&#8220;hills-opacity&#8220; shape_bottom_flip=&#8220;yes&#8220; shape_bottom_h_use_pixel=&#8220;&#8220; shape_bottom_height=&#8220;150&#8243; shape_bottom_color=&#8220;color-440853&#8243; shape_bottom_opacity=&#8220;100&#8243; shape_bottom_index=&#8220;0&#8243; style=&#8220;inherited&#8220; uncode_shortcode_id=&#8220;652875&#8243; back_color_type=&#8220;uncode-palette&#8220; shape_bottom_color_type=&#8220;uncode-palette&#8220;][vc_column column_width_percent=&#8220;100&#8243; align_horizontal=&#8220;align_center&#8220; gutter_size=&#8220;3&#8243; overlay_alpha=&#8220;50&#8243; shift_x=&#8220;0&#8243; shift_y=&#8220;0&#8243; shift_y_down=&#8220;0&#8243; z_index=&#8220;0&#8243; medium_width=&#8220;0&#8243; mobile_width=&#8220;0&#8243; css_animation=&#8220;bottom-t-top&#8220; animation_speed=&#8220;400&#8243; animation_delay=&#8220;200&#8243; width=&#8220;1\/2&#8243; uncode_shortcode_id=&#8220;519122&#8243;][vc_single_image media=&#8220;10119&#8243; media_width_percent=&#8220;100&#8243; media_ratio=&#8220;four-three&#8220; alignment=&#8220;center&#8220; shape=&#8220;img-round&#8220; radius=&#8220;lg&#8220; uncode_shortcode_id=&#8220;602030&#8243;][\/vc_column][vc_column width=&#8220;1\/2&#8243;][vc_custom_heading text_size=&#8220;h3&#8243; text_weight=&#8220;800&#8243; sub_lead=&#8220;yes&#8220; sub_reduced=&#8220;yes&#8220; uncode_shortcode_id=&#8220;129871&#8243;]<b>Level 3 <\/b><b>Kiteboarding<\/b> <b>Instructor<\/b>[\/vc_custom_heading][vc_column_text text_lead=&#8220;yes&#8220; uncode_shortcode_id=&#8220;921997&#8243;]<\/p>\n<ul>\n<li>Ausbildungszeit: 2 Tage<\/li>\n<li>Voraussetzung: G\u00fcltiger Level 2 Kiteboarding Instructor, VDWS-Mitgliedschaft, fortgeschrittene Kitesurfkenntnisse und Unterrichtserfahrung<\/li>\n<li>Fokussierung auf die Techniken des Intermediate- und Advanced-Kiteboardens und Erlernen der effizienten Vermittlung dieses Wissens, wie z.B. konkretes Training einzelner Man\u00f6ver oder Techniken, Vertiefung von Materialkenntnissen und physikalischen Grundlagen, Einsatz von Methoden und digitalen Medien in der Ausbildung und Erweiterung des didaktischen Wissens<\/li>\n<li>Absolviere die praktische Abschlusspr\u00fcfung<\/li>\n<li>Melde dich f\u00fcr einen der Ausbilderkurse auf der VDWS-Website an<\/li>\n<\/ul>\n<p>[\/vc_column_text][vc_button outline=&#8220;yes&#8220; border_width=&#8220;0&#8243; link=&#8220;url:https%3A%2F%2Fwww.vdws.de%2Finstructorenausbildung%2Fkite-instructor%2Flevel-3-kitesurfen|target:_blank|&#8220; uncode_shortcode_id=&#8220;210398&#8243;]Level 3 Kiteboarding Instruktor[\/vc_button][\/vc_column][\/vc_row][vc_row row_height_percent=&#8220;0&#8243; override_padding=&#8220;yes&#8220; h_padding=&#8220;2&#8243; top_padding=&#8220;1&#8243; bottom_padding=&#8220;0&#8243; back_color=&#8220;color-440853&#8243; overlay_alpha=&#8220;50&#8243; gutter_size=&#8220;3&#8243; column_width_percent=&#8220;100&#8243; shift_y=&#8220;0&#8243; z_index=&#8220;0&#8243; top_divider=&#8220;hills-opacity&#8220; bottom_divider=&#8220;hills&#8220; uncode_shortcode_id=&#8220;166558&#8243; row_name=&#8220;Locations&#8220; back_color_type=&#8220;uncode-palette&#8220;][vc_column width=&#8220;3\/4&#8243;][vc_custom_heading uncode_shortcode_id=&#8220;274738&#8243;]Finde deine Destination[\/vc_custom_heading][\/vc_column][vc_column column_width_percent=&#8220;100&#8243; position_vertical=&#8220;middle&#8220; gutter_size=&#8220;3&#8243; overlay_alpha=&#8220;50&#8243; shift_x=&#8220;0&#8243; shift_y=&#8220;0&#8243; shift_y_down=&#8220;0&#8243; z_index=&#8220;0&#8243; medium_width=&#8220;0&#8243; mobile_width=&#8220;0&#8243; width=&#8220;1\/4&#8243; uncode_shortcode_id=&#8220;336341&#8243;][\/vc_column][\/vc_row][vc_row unlock_row_content=&#8220;yes&#8220; row_height_percent=&#8220;0&#8243; override_padding=&#8220;yes&#8220; h_padding=&#8220;0&#8243; top_padding=&#8220;3&#8243; bottom_padding=&#8220;2&#8243; back_color=&#8220;color-440853&#8243; overlay_alpha=&#8220;100&#8243; gutter_size=&#8220;3&#8243; column_width_percent=&#8220;100&#8243; shift_y=&#8220;0&#8243; z_index=&#8220;0&#8243; uncode_shortcode_id=&#8220;126363&#8243; back_color_type=&#8220;uncode-palette&#8220;][vc_column width=&#8220;1\/1&#8243;][uncode_block id=&#8220;1140&#8243; inside_column=&#8220;yes&#8220;][\/vc_column][\/vc_row]<\/p>\n<\/div>","protected":false},"excerpt":{"rendered":"<p>[vc_row row_height_percent=&#8220;70&#8243; override_padding=&#8220;yes&#8220; h_padding=&#8220;2&#8243; top_padding=&#8220;5&#8243; bottom_padding=&#8220;5&#8243; back_image=&#8220;10033&#8243; overlay_alpha=&#8220;80&#8243; gutter_size=&#8220;3&#8243; column_width_percent=&#8220;100&#8243; shift_y=&#8220;0&#8243; z_index=&#8220;0&#8243; enable_bottom_divider=&#8220;default&#8220; bottom_divider=&#8220;gradient&#8220; shape_bottom_flip=&#8220;yes&#8220; shape_bottom_h_use_pixel=&#8220;&#8220; shape_bottom_height=&#8220;150&#8243; shape_bottom_color=&#8220;color-440853&#8243; shape_bottom_opacity=&#8220;100&#8243; shape_bottom_index=&#8220;0&#8243; [&hellip;]<\/p>\n","protected":false},"author":5,"featured_media":10034,"parent":10028,"menu_order":0,"comment_status":"closed","ping_status":"closed","template":"","meta":{"footnotes":""},"class_list":["post-10012","page","type-page","status-publish","has-post-thumbnail","hentry","page_category-about-teaser-de"],"_links":{"self":[{"href":"https:\/\/primesurf.com\/de\/wp-json\/wp\/v2\/pages\/10012","targetHints":{"allow":["GET"]}}],"collection":[{"href":"https:\/\/primesurf.com\/de\/wp-json\/wp\/v2\/pages"}],"about":[{"href":"https:\/\/primesurf.com\/de\/wp-json\/wp\/v2\/types\/page"}],"author":[{"embeddable":true,"href":"https:\/\/primesurf.com\/de\/wp-json\/wp\/v2\/users\/5"}],"replies":[{"embeddable":true,"href":"https:\/\/primesurf.com\/de\/wp-json\/wp\/v2\/comments?post=10012"}],"version-history":[{"count":15,"href":"https:\/\/primesurf.com\/de\/wp-json\/wp\/v2\/pages\/10012\/revisions"}],"predecessor-version":[{"id":13297,"href":"https:\/\/primesurf.com\/de\/wp-json\/wp\/v2\/pages\/10012\/revisions\/13297"}],"up":[{"embeddable":true,"href":"https:\/\/primesurf.com\/de\/wp-json\/wp\/v2\/pages\/10028"}],"wp:featuredmedia":[{"embeddable":true,"href":"https:\/\/primesurf.com\/de\/wp-json\/wp\/v2\/media\/10034"}],"wp:attachment":[{"href":"https:\/\/primesurf.com\/de\/wp-json\/wp\/v2\/media?parent=10012"}],"curies":[{"name":"wp","href":"https:\/\/api.w.org\/{rel}","templated":true}]}}